{"id":29444,"date":"2026-04-04T23:50:45","date_gmt":"2026-04-04T20:50:45","guid":{"rendered":"https:\/\/anilcanbay.com\/hanedan\/?page_id=29444"},"modified":"2026-04-04T23:53:02","modified_gmt":"2026-04-04T20:53:02","slug":"hakkimizda","status":"publish","type":"page","link":"https:\/\/anilcanbay.com\/hanedan\/hakkimizda\/","title":{"rendered":"Hakk\u0131m\u0131zda"},"content":{"rendered":"\t\t<div data-elementor-type=\"wp-page\" data-elementor-id=\"29444\" class=\"elementor elementor-29444\">\n\t\t\t\t<div class=\"wd-negative-gap elementor-element elementor-element-bb4e8f6 e-flex e-con-boxed e-con e-parent\" data-id=\"bb4e8f6\" data-element_type=\"container\" data-e-type=\"container\">\n\t\t\t\t\t<div class=\"e-con-inner\">\n\t\t\t\t<div class=\"elementor-element elementor-element-023f712 elementor-widget elementor-widget-image\" data-id=\"023f712\" data-element_type=\"widget\" data-e-type=\"widget\" data-widget_type=\"image.default\">\n\t\t\t\t\t\t\t\t\t\t\t\t\t\t\t<img loading=\"lazy\" decoding=\"async\" width=\"1300\" height=\"519\" src=\"https:\/\/anilcanbay.com\/hanedan\/wp-content\/uploads\/2026\/04\/bannerlar-1-2-3-04-1300x519.jpg\" class=\"attachment-large size-large wp-image-29446\" alt=\"\" srcset=\"https:\/\/anilcanbay.com\/hanedan\/wp-content\/uploads\/2026\/04\/bannerlar-1-2-3-04-1300x519.jpg 1300w, https:\/\/anilcanbay.com\/hanedan\/wp-content\/uploads\/2026\/04\/bannerlar-1-2-3-04-400x160.jpg 400w, https:\/\/anilcanbay.com\/hanedan\/wp-content\/uploads\/2026\/04\/bannerlar-1-2-3-04-768x307.jpg 768w, https:\/\/anilcanbay.com\/hanedan\/wp-content\/uploads\/2026\/04\/bannerlar-1-2-3-04-430x172.jpg 430w, https:\/\/anilcanbay.com\/hanedan\/wp-content\/uploads\/2026\/04\/bannerlar-1-2-3-04-700x280.jpg 700w, https:\/\/anilcanbay.com\/hanedan\/wp-content\/uploads\/2026\/04\/bannerlar-1-2-3-04-150x60.jpg 150w, https:\/\/anilcanbay.com\/hanedan\/wp-content\/uploads\/2026\/04\/bannerlar-1-2-3-04.jpg 1440w\" sizes=\"auto, (max-width: 1300px) 100vw, 1300px\" \/>\t\t\t\t\t\t\t\t\t\t\t\t\t\t\t<\/div>\n\t\t\t\t<div class=\"elementor-element elementor-element-0478761 elementor-widget elementor-widget-spacer\" data-id=\"0478761\" data-element_type=\"widget\" data-e-type=\"widget\" data-widget_type=\"spacer.default\">\n\t\t\t\t\t\t\t<div class=\"elementor-spacer\">\n\t\t\t<div class=\"elementor-spacer-inner\"><\/div>\n\t\t<\/div>\n\t\t\t\t\t\t<\/div>\n\t\t\t\t\t<\/div>\n\t\t\t\t<\/div>\n\t\t<div class=\"wd-negative-gap elementor-element elementor-element-417b7ea e-flex e-con-boxed e-con e-parent\" data-id=\"417b7ea\" data-element_type=\"container\" data-e-type=\"container\">\n\t\t\t\t\t<div class=\"e-con-inner\">\n\t\t\t\t<div class=\"elementor-element elementor-element-c456488 color-scheme-inherit text-left elementor-widget elementor-widget-text-editor\" data-id=\"c456488\" data-element_type=\"widget\" data-e-type=\"widget\" data-widget_type=\"text-editor.default\">\n\t\t\t\t\t\t\t\t\t<div id=\"divIcerik\" class=\"ticiContainer pageContainer\"><div id=\"mainHolder_divBlocks\"><div id=\"divCenterBlock\" class=\"centerCount Middle\"><div><p>2013 y\u0131l\u0131nda, su ar\u0131tma sekt\u00f6r\u00fcne ilk ad\u0131m\u0131 atarak m\u00fchendislik b\u00fcrosunda faaliyetlerimize ba\u015flad\u0131k. Bu s\u00fcre\u00e7te at\u0131k su ve i\u00e7me suyu alanlar\u0131nda \u00e7al\u0131\u015fmalar ger\u00e7ekle\u015ftirerek, \u0130zmir&#8217;in Konak il\u00e7esinde 13 metrekarelik bir ofis a\u00e7arak G\u00fcven Al Su Ar\u0131tma markam\u0131zla sekt\u00f6re giri\u015f yapt\u0131k.<\/p><p>Ofisimizde, b\u00f6lgesel olarak \u015febeke ve damacana suyu hakk\u0131nda m\u00fc\u015fterilerimizi bilgilendirerek sat\u0131\u015flar\u0131m\u0131za ba\u015flad\u0131k; kullanm\u0131\u015f oldu\u011fumuz \u00fcr\u00fcnler ise %100 ithal Tayvan \u00fcr\u00fcnlerdi.<\/p><p>Bir sene sonras\u0131nda, Gaziemir il\u00e7esinde yeni bir d\u00fckkan a\u00e7arak ma\u011fazac\u0131l\u0131k ve aktif pazarlama faaliyetlerimize geni\u015f bir perspektif kazand\u0131rd\u0131k. Artan talep do\u011frultusunda k\u0131sa s\u00fcre i\u00e7inde 100 metrekarelik bir d\u00fckkan daha a\u00e7arak, aktif pazarlama i\u00e7in deneyimli bir ekip kurduk.<\/p><p>\u0130\u015flerimizin b\u00fcy\u00fcmesi ve yerli \u00fcretim ihtiyac\u0131yla birlikte, \u0130zmir Torbal\u0131&#8217;da 30 metrekarelik bir d\u00fckkan a\u00e7arak OEM \u00fcr\u00fcn birle\u015ftiricili\u011fi yapmaya ba\u015flad\u0131k. Ayr\u0131ca, e-ticaret platformlar\u0131nda da varl\u0131k g\u00f6stermeye ba\u015flayarak, Facebook ve letgo gibi platformlarda reklama dayal\u0131 sat\u0131\u015flar ger\u00e7ekle\u015ftirerek N11 ve Hepsiburada gibi b\u00fcy\u00fck platformlarda da yer edindik.<\/p><p>Sekt\u00f6rdeki talebin artmas\u0131 ve stratejik planlar\u0131m\u0131z do\u011frultusunda, 1300 metrekarelik bir \u00fcretim tesisi kurarak \u00fcr\u00fcnlerimizi daha etkin ve verimli bir \u015fekilde \u00fcretmeye ba\u015flad\u0131k. Bu s\u00fcre\u00e7te, Ahmet Ayd\u0131n&#8217;\u0131n liderli\u011finde a\u00e7\u0131lan 3000 metrekarelik bir \u00fcretim tesisiyle yerli \u00fcretim oran\u0131m\u0131z\u0131 %95&#8217;e y\u00fckselterek sekt\u00f6re \u00f6nemli bir katk\u0131 sa\u011flad\u0131k.<\/p><p>Ayr\u0131ca, marka de\u011feri ve kalite standartlar\u0131m\u0131z\u0131 y\u00fckseltmek ad\u0131na Hmax Reverse Osmosis, S\u00fcper Water, Noaka, Pluskit gibi markalar\u0131n patentlerini alarak sekt\u00f6rde markala\u015fma yolunda \u00f6nemli ad\u0131mlar att\u0131k. Bu ba\u015far\u0131ya paralel olarak, AR-GE \u00e7al\u0131\u015fmalar\u0131m\u0131z\u0131 s\u00fcrd\u00fcrerek sekt\u00f6rdeki yeniliklere a\u00e7\u0131k bir yakla\u015f\u0131m sergilemeye devam ediyoruz.<\/p><p>Gelecek hedeflerimiz do\u011frultusunda, su ar\u0131tma sekt\u00f6r\u00fcnde yenilik\u00e7i ve \u00f6nc\u00fc bir rol \u00fcstlenerek m\u00fc\u015fterilerimizin beklentilerini en \u00fcst d\u00fczeyde kar\u015f\u0131layacak bir kurulu\u015f olma yolunda ilerliyoruz.<\/p><p>\u00a0<\/p><p>\u00a0<\/p><div id=\"mainHolder_SayfaIcerik_pnlIlgiliUrunler\">\u00a0<\/div><\/div><div class=\"middleBottomBlock\">\u00a0<\/div><\/div><\/div><\/div><div class=\"clear\">\u00a0<\/div><div class=\"ticiBottomBlockContent\">\u00a0<\/div><div class=\"clear\">\u00a0<\/div><footer id=\"customFooterContent\" class=\"footerTemp\"><section class=\"elementor-section     \" data-id=\"61kwg7a\" data-element_type=\"section\" data-d-left=\"false\" data-d-center=\"false\" data-d-right=\"false\" data-t-left=\"false\" data-t-center=\"false\" data-t-right=\"false\" data-m-left=\"false\" data-m-center=\"false\" data-m-right=\"false\"><div class=\"footerTempContainer elementor-container\"><div class=\"footerTempRow\"><div class=\"footerTempColumnDiv elementor-column    \" data-id=\"z2m2i28\" data-col=\"100\" data-element_type=\"elementor-column\" data-d-left=\"false\" data-d-center=\"false\" data-d-right=\"false\" data-t-left=\"false\" data-t-center=\"false\" data-t-right=\"false\" data-m-left=\"false\" data-m-center=\"false\" data-m-right=\"false\"><div class=\"footerTempWidgetRepeat elementor-element    \" data-widget-id=\"dq3de4d\" data-element_type=\"widget\" data-d-left=\"false\" data-d-center=\"false\" data-d-right=\"false\" data-t-left=\"false\" data-t-center=\"false\" data-t-right=\"false\" data-m-left=\"false\" data-m-center=\"false\" data-m-right=\"false\"><ul class=\"footerText\"><li><div class=\"footericonlist\">\u00a0<\/div><\/li><\/ul><\/div><\/div><\/div><\/div><\/section><\/footer>\t\t\t\t\t\t\t\t<\/div>\n\t\t\t\t\t<\/div>\n\t\t\t\t<\/div>\n\t\t\t\t<\/div>\n\t\t","protected":false},"excerpt":{"rendered":"<p>2013 y\u0131l\u0131nda, su ar\u0131tma sekt\u00f6r\u00fcne ilk ad\u0131m\u0131 atarak m\u00fchendislik b\u00fcrosunda faaliyetlerimize ba\u015flad\u0131k. Bu s\u00fcre\u00e7te at\u0131k su ve i\u00e7me suyu alanlar\u0131nda<\/p>\n","protected":false},"author":1,"featured_media":0,"parent":0,"menu_order":0,"comment_status":"closed","ping_status":"closed","template":"","meta":{"inline_featured_image":false,"footnotes":""},"class_list":["post-29444","page","type-page","status-publish","hentry"],"_links":{"self":[{"href":"https:\/\/anilcanbay.com\/hanedan\/wp-json\/wp\/v2\/pages\/29444","targetHints":{"allow":["GET"]}}],"collection":[{"href":"https:\/\/anilcanbay.com\/hanedan\/wp-json\/wp\/v2\/pages"}],"about":[{"href":"https:\/\/anilcanbay.com\/hanedan\/wp-json\/wp\/v2\/types\/page"}],"author":[{"embeddable":true,"href":"https:\/\/anilcanbay.com\/hanedan\/wp-json\/wp\/v2\/users\/1"}],"replies":[{"embeddable":true,"href":"https:\/\/anilcanbay.com\/hanedan\/wp-json\/wp\/v2\/comments?post=29444"}],"version-history":[{"count":7,"href":"https:\/\/anilcanbay.com\/hanedan\/wp-json\/wp\/v2\/pages\/29444\/revisions"}],"predecessor-version":[{"id":29454,"href":"https:\/\/anilcanbay.com\/hanedan\/wp-json\/wp\/v2\/pages\/29444\/revisions\/29454"}],"wp:attachment":[{"href":"https:\/\/anilcanbay.com\/hanedan\/wp-json\/wp\/v2\/media?parent=29444"}],"curies":[{"name":"wp","href":"https:\/\/api.w.org\/{rel}","templated":true}]}}