{"id":29737,"date":"2026-04-05T13:58:08","date_gmt":"2026-04-05T10:58:08","guid":{"rendered":"https:\/\/anilcanbay.com\/hanedan\/?page_id=29737"},"modified":"2026-04-05T13:59:36","modified_gmt":"2026-04-05T10:59:36","slug":"gizlilik-sozlesmesi","status":"publish","type":"page","link":"https:\/\/anilcanbay.com\/hanedan\/gizlilik-sozlesmesi\/","title":{"rendered":"Gizlilik S\u00f6zle\u015fmesi"},"content":{"rendered":"\t\t<div data-elementor-type=\"wp-page\" data-elementor-id=\"29737\" class=\"elementor elementor-29737\">\n\t\t\t\t<div class=\"wd-negative-gap elementor-element elementor-element-09d7ce5 e-flex e-con-boxed e-con e-parent\" data-id=\"09d7ce5\" data-element_type=\"container\" data-e-type=\"container\">\n\t\t\t\t\t<div class=\"e-con-inner\">\n\t\t\t\t<div class=\"elementor-element elementor-element-6698775 elementor-widget elementor-widget-image\" data-id=\"6698775\" data-element_type=\"widget\" data-e-type=\"widget\" data-widget_type=\"image.default\">\n\t\t\t\t\t\t\t\t\t\t\t\t\t\t\t<img loading=\"lazy\" decoding=\"async\" width=\"1300\" height=\"274\" src=\"https:\/\/anilcanbay.com\/hanedan\/wp-content\/uploads\/2026\/04\/banner1-02-min-1300x274.jpg\" class=\"attachment-large size-large wp-image-29739\" alt=\"\" srcset=\"https:\/\/anilcanbay.com\/hanedan\/wp-content\/uploads\/2026\/04\/banner1-02-min-1300x274.jpg 1300w, https:\/\/anilcanbay.com\/hanedan\/wp-content\/uploads\/2026\/04\/banner1-02-min-400x84.jpg 400w, https:\/\/anilcanbay.com\/hanedan\/wp-content\/uploads\/2026\/04\/banner1-02-min-768x162.jpg 768w, https:\/\/anilcanbay.com\/hanedan\/wp-content\/uploads\/2026\/04\/banner1-02-min-430x91.jpg 430w, https:\/\/anilcanbay.com\/hanedan\/wp-content\/uploads\/2026\/04\/banner1-02-min-700x148.jpg 700w, https:\/\/anilcanbay.com\/hanedan\/wp-content\/uploads\/2026\/04\/banner1-02-min-150x32.jpg 150w, https:\/\/anilcanbay.com\/hanedan\/wp-content\/uploads\/2026\/04\/banner1-02-min.jpg 1440w\" sizes=\"auto, (max-width: 1300px) 100vw, 1300px\" \/>\t\t\t\t\t\t\t\t\t\t\t\t\t\t\t<\/div>\n\t\t\t\t<div class=\"elementor-element elementor-element-1d309e2 elementor-widget elementor-widget-spacer\" data-id=\"1d309e2\" data-element_type=\"widget\" data-e-type=\"widget\" data-widget_type=\"spacer.default\">\n\t\t\t\t\t\t\t<div class=\"elementor-spacer\">\n\t\t\t<div class=\"elementor-spacer-inner\"><\/div>\n\t\t<\/div>\n\t\t\t\t\t\t<\/div>\n\t\t\t\t<div class=\"elementor-element elementor-element-0a49873 color-scheme-inherit text-left elementor-widget elementor-widget-text-editor\" data-id=\"0a49873\" data-element_type=\"widget\" data-e-type=\"widget\" data-widget_type=\"text-editor.default\">\n\t\t\t\t\t\t\t\t\t<p><strong>Gizlilik ve G\u00fcvenlik<\/strong><\/p><p>Hanedan Plus web sitesinin gizlilik poli\u00e7esi ve ziyaret\u00e7ilerin g\u00fcvenli\u011fi konular\u0131 hakk\u0131nda bilgi sahibi olun.<\/p><p>hanedanplus.com T\u00fcrkiye web sitesi HANEDAN SU ARITMA C\u0130HAZLARI F\u0130LTRE VE KALIP \u0130THALAT \u0130HRACAT SANAY\u0130 T\u0130CARET L\u0130M\u0130TED \u015e\u0130RKET\u0130 &#8216;ne aittir ve bu siteyi ziyaret eden m\u00fc\u015fterilerimizin bilgi g\u00fcvenli\u011fi Hanedan i\u00e7in \u00f6nem ta\u015f\u0131maktad\u0131r. Bu metin, bilgi g\u00fcvenli\u011fi ile ilgili sizi bilgilendirmek \u00fczere haz\u0131rlanm\u0131\u015ft\u0131r.<\/p><p>Site sayfalar\u0131n\u0131 ki\u015fisel herhangi bir bilgi vermeden diledi\u011finiz s\u0131kl\u0131kta ziyaret edebilir, \u00fcr\u00fcn ve kampanyalar\u0131m\u0131z hakk\u0131nda bilgi alabilirsiniz. Web sitemizi ziyaretinizde ki\u015fisel bilgileriniz, sadece sizin bilginiz dahilinde sizden temin edilebilmektedir. Sizin bilginiz ile bizim taraf\u0131m\u0131zdan kay\u0131t alt\u0131na al\u0131nan ki\u015fisel bilgileriniz Hanedan Plus taraf\u0131ndan korunmaktad\u0131r. Bu nedenle, s\u00f6z konusu ki\u015fisel bilgiler sizin haberiniz veya onay\u0131n\u0131z olmadan ya da hukuksal y\u00fck\u00fcml\u00fcl\u00fck alt\u0131nda bulunulmad\u0131\u011f\u0131 s\u00fcrece taraf\u0131m\u0131zdan di\u011fer ki\u015filere verilmeyecektir.<\/p><p>Kay\u0131t i\u00e7in kulland\u0131\u011f\u0131n\u0131z e-posta adresiniz sadece aktivasyon ve \u00fcyeli\u011finizle ilgili bilgilendirme iletileri g\u00f6ndermek i\u00e7in kullan\u0131lacak ve yasal zorunluluklar veya izniniz haricinde kesinlikle 3. \u015fah\u0131s ve kurumlarla payla\u015f\u0131lmayacakt\u0131r. Bilgi g\u00fcvenli\u011finizi sa\u011flamak amac\u0131 ile sizlerin de \u015fifrelerinizi kimse ile payla\u015fmaman\u0131z\u0131n gereklili\u011fini vurgulamak isteriz.<\/p><p>Elektronik posta ileti\u015fiminde s\u00f6z konusu mesaj \u015fifrelenmedi\u011fi takdirde mesaj\u0131n g\u00fcvenli\u011finin garanti alt\u0131na al\u0131namad\u0131\u011f\u0131n\u0131 ve g\u00f6nderece\u011finiz elektronik postalar\u0131n g\u00fcvenli\u011finden sizlerin sorumlu oldu\u011funu hat\u0131rlatmak isteriz.<\/p><p>Web sitemizde Hanedan Plus taraf\u0131ndan i\u015fletilmeyen di\u011fer web sitelerine ba\u011flant\u0131lar verebiliriz. Bu web sitelerinden herhangi birini ziyaret ederseniz o sitenin gizlilik ve di\u011fer politikalar\u0131n\u0131 g\u00f6zden ge\u00e7irmelisiniz. Di\u011fer \u015firketlerin politika ve uygulamalar\u0131ndan sorumlu olmad\u0131\u011f\u0131m\u0131z\u0131 belirtmek isteriz.<\/p><p>Hanedan Plus, bu internet sitesinde yer alan b\u00fct\u00fcn \u00fcr\u00fcn ve hizmetleri, sayfalar\u0131, bilgileri, g\u00f6rsel unsurlar\u0131 \u00f6nceden bildirimde bulunmadan de\u011fi\u015ftirme hakk\u0131n\u0131 sakl\u0131 tutar.<\/p><p>Hanedan Plus, \u00fcr\u00fcnleriyle ile ilgili detayl\u0131 bilgi almak, \u00fcyelik i\u015flemlerini ger\u00e7ekle\u015ftirmek veya \u00fcyelikten ayr\u0131lmak i\u00e7in a\u015fa\u011f\u0131daki eri\u015fim bilgilerinden bize ula\u015fabilirsiniz:<\/p><p>Posta Adresi: Mahalle\/Semt:TORBALI MAH. Cadde\/Sokak:METROPOL\u0130S BLV. No:87 B Torbal\u0131 \/ \u0130zmir<\/p><p><strong>E-posta Adresi: destek@hanedanplus.com<\/strong><\/p><p>M\u00fc\u015fteri Hizmetleri: 05526414494<\/p>\t\t\t\t\t\t\t\t<\/div>\n\t\t\t\t\t<\/div>\n\t\t\t\t<\/div>\n\t\t\t\t<\/div>\n\t\t","protected":false},"excerpt":{"rendered":"<p>Gizlilik ve G\u00fcvenlik Hanedan Plus web sitesinin gizlilik poli\u00e7esi ve ziyaret\u00e7ilerin g\u00fcvenli\u011fi konular\u0131 hakk\u0131nda bilgi sahibi olun. hanedanplus.com T\u00fcrkiye web<\/p>\n","protected":false},"author":1,"featured_media":0,"parent":0,"menu_order":0,"comment_status":"closed","ping_status":"closed","template":"","meta":{"inline_featured_image":false,"footnotes":""},"class_list":["post-29737","page","type-page","status-publish","hentry"],"_links":{"self":[{"href":"https:\/\/anilcanbay.com\/hanedan\/wp-json\/wp\/v2\/pages\/29737","targetHints":{"allow":["GET"]}}],"collection":[{"href":"https:\/\/anilcanbay.com\/hanedan\/wp-json\/wp\/v2\/pages"}],"about":[{"href":"https:\/\/anilcanbay.com\/hanedan\/wp-json\/wp\/v2\/types\/page"}],"author":[{"embeddable":true,"href":"https:\/\/anilcanbay.com\/hanedan\/wp-json\/wp\/v2\/users\/1"}],"replies":[{"embeddable":true,"href":"https:\/\/anilcanbay.com\/hanedan\/wp-json\/wp\/v2\/comments?post=29737"}],"version-history":[{"count":4,"href":"https:\/\/anilcanbay.com\/hanedan\/wp-json\/wp\/v2\/pages\/29737\/revisions"}],"predecessor-version":[{"id":29742,"href":"https:\/\/anilcanbay.com\/hanedan\/wp-json\/wp\/v2\/pages\/29737\/revisions\/29742"}],"wp:attachment":[{"href":"https:\/\/anilcanbay.com\/hanedan\/wp-json\/wp\/v2\/media?parent=29737"}],"curies":[{"name":"wp","href":"https:\/\/api.w.org\/{rel}","templated":true}]}}