{"id":29749,"date":"2026-04-05T14:02:04","date_gmt":"2026-04-05T11:02:04","guid":{"rendered":"https:\/\/anilcanbay.com\/hanedan\/?page_id=29749"},"modified":"2026-04-05T14:03:02","modified_gmt":"2026-04-05T11:03:02","slug":"teslimat-politikasi","status":"publish","type":"page","link":"https:\/\/anilcanbay.com\/hanedan\/teslimat-politikasi\/","title":{"rendered":"Teslimat Politikas\u0131"},"content":{"rendered":"\t\t<div data-elementor-type=\"wp-page\" data-elementor-id=\"29749\" class=\"elementor elementor-29749\">\n\t\t\t\t<div class=\"wd-negative-gap elementor-element elementor-element-3736128 e-flex e-con-boxed e-con e-parent\" data-id=\"3736128\" data-element_type=\"container\" data-e-type=\"container\">\n\t\t\t\t\t<div class=\"e-con-inner\">\n\t\t\t\t<div class=\"elementor-element elementor-element-bfbc7ca elementor-widget elementor-widget-image\" data-id=\"bfbc7ca\" data-element_type=\"widget\" data-e-type=\"widget\" data-widget_type=\"image.default\">\n\t\t\t\t\t\t\t\t\t\t\t\t\t\t\t<img loading=\"lazy\" decoding=\"async\" width=\"1300\" height=\"274\" src=\"https:\/\/anilcanbay.com\/hanedan\/wp-content\/uploads\/2026\/04\/banner1-01-min-1300x274.jpg\" class=\"attachment-large size-large wp-image-29751\" alt=\"\" srcset=\"https:\/\/anilcanbay.com\/hanedan\/wp-content\/uploads\/2026\/04\/banner1-01-min-1300x274.jpg 1300w, https:\/\/anilcanbay.com\/hanedan\/wp-content\/uploads\/2026\/04\/banner1-01-min-400x84.jpg 400w, https:\/\/anilcanbay.com\/hanedan\/wp-content\/uploads\/2026\/04\/banner1-01-min-768x162.jpg 768w, https:\/\/anilcanbay.com\/hanedan\/wp-content\/uploads\/2026\/04\/banner1-01-min-430x91.jpg 430w, https:\/\/anilcanbay.com\/hanedan\/wp-content\/uploads\/2026\/04\/banner1-01-min-700x148.jpg 700w, https:\/\/anilcanbay.com\/hanedan\/wp-content\/uploads\/2026\/04\/banner1-01-min-150x32.jpg 150w, https:\/\/anilcanbay.com\/hanedan\/wp-content\/uploads\/2026\/04\/banner1-01-min.jpg 1440w\" sizes=\"auto, (max-width: 1300px) 100vw, 1300px\" \/>\t\t\t\t\t\t\t\t\t\t\t\t\t\t\t<\/div>\n\t\t\t\t<div class=\"elementor-element elementor-element-7037777 elementor-widget elementor-widget-spacer\" data-id=\"7037777\" data-element_type=\"widget\" data-e-type=\"widget\" data-widget_type=\"spacer.default\">\n\t\t\t\t\t\t\t<div class=\"elementor-spacer\">\n\t\t\t<div class=\"elementor-spacer-inner\"><\/div>\n\t\t<\/div>\n\t\t\t\t\t\t<\/div>\n\t\t\t\t<div class=\"elementor-element elementor-element-86d1056 color-scheme-inherit text-left elementor-widget elementor-widget-text-editor\" data-id=\"86d1056\" data-element_type=\"widget\" data-e-type=\"widget\" data-widget_type=\"text-editor.default\">\n\t\t\t\t\t\t\t\t\t<h5>Teslimat ve Sipari\u015f<\/h5><h5>Sipari\u015f Takibi<\/h5><h5>Sipari\u015finizin durumuna Sipari\u015flerim b\u00f6l\u00fcm\u00fcndeki Sipari\u015f Detay\u0131 butonundan ula\u015fabilirsiniz. Sipari\u015finizdeki t\u00fcm \u00fcr\u00fcnlerin durumu ilgili sat\u0131rlarda ayr\u0131 ayr\u0131 belirtilmektedir. Sipari\u015finizin tedarik s\u00fcrecinde, Sevk edilmi\u015f veya \u0130ptal edilmi\u015f olup olmad\u0131\u011f\u0131n\u0131 bu alandan takip edebilirsiniz.<\/h5><h5>\u00a0<\/h5><h5>Sipari\u015fleriniz anla\u015fmal\u0131 kargo \u015firketleri (S\u00fcrat Kargo , MNG Kargo) ile ile sevk edilmektedir. Sipari\u015f Takip numaras\u0131n\u0131 Sipari\u015f Detay\u0131 sayfas\u0131nda bulabilir ve \u00fczerine t\u0131klayarak ta\u015f\u0131ma i\u015flemini ger\u00e7ekle\u015ftiren kargo \u015firketinin sisteminden sipari\u015finize ait g\u00fcncel bilgilere ula\u015fabilirsiniz.<\/h5><h5>\u00a0<\/h5><h5>\u00c7ok say\u0131da \u00fcr\u00fcn\u00fc ayn\u0131 sipari\u015f i\u00e7inde alm\u0131\u015f olabilirsiniz. Tedarik s\u00fcrecindeki farkl\u0131l\u0131klara g\u00f6re \u00fcr\u00fcnler adresinize farkl\u0131 tarihlerde ayr\u0131 kargolar \u015feklinde g\u00f6nderilebilir. Bununla ilgili g\u00fcncel bilgiler e-posta adresinize ve Sipari\u015f Detay\u0131 sayfas\u0131na yans\u0131t\u0131lacakt\u0131r.<\/h5><h5>\u00a0<\/h5><h5>Teslim Alma ve Kontrol A\u015famalar\u0131<\/h5><h5>\u00a0<\/h5><h5>Anla\u015fmal\u0131 kargo \u015firketleri ile adresinize kadar g\u00f6nderilen \u00fcr\u00fcnleri kontrol etmeden teslim almay\u0131n\u0131z. Ta\u015f\u0131ma esnas\u0131nda k\u0131r\u0131lma ihtimali olan bir \u00fcr\u00fcn sipari\u015f ettiyseniz mutlaka koli i\u00e7eri\u011fini kontrol ediniz. Gelen \u00fcr\u00fcn adetlerini ve fatura \u00fczerinde yazan rakamlar\u0131 da kontrol ederek teslimat evrak\u0131n\u0131 imzalay\u0131n\u0131z.<\/h5><h5>\u00a0<\/h5><h5>Teslimat i\u00e7in belirtti\u011finiz adreste bulunmaman\u0131z durumunda anla\u015fmal\u0131 kargo \u015firketinin teslimat yetkilisi, sipari\u015f konusu \u00fcr\u00fcnlerinizi kargo \u015firketinin da\u011f\u0131t\u0131m \u015fubesine g\u00f6t\u00fcrecektir. 3 \u0130\u015f g\u00fcn\u00fc i\u00e7erisinde \u015fubeye giderek \u00fcr\u00fcn\u00fc teslim almaman\u0131z durumunda paketiniz kargo \u015firketi taraf\u0131ndan bize iade edilir.<\/h5><h5>Teslim ald\u0131\u011f\u0131n\u0131z \u00fcr\u00fcnde hasar, eksiklik veya yanl\u0131\u015fl\u0131k olmas\u0131 durumunda Kargo personelinden hasar tutana\u011f\u0131 haz\u0131rlamas\u0131n\u0131 isteyiniz. Bu \u00fcr\u00fcnleri teslim almay\u0131n\u0131z ve bize geri iade ediniz.<\/h5><h5>\u00a0<\/h5><h5>Teslimat B\u00f6lgeleri ve Teslimat Zaman\u0131<\/h5><h5>\u00a0<\/h5><h5>Anla\u015fmal\u0131 kargo \u015firketleri taraf\u0131ndan t\u00fcm T\u00fcrkiye genelinde teslimat yap\u0131lmaktad\u0131r. \u00dcr\u00fcnlerin depomuzdan \u00e7\u0131k\u0131\u015f an\u0131ndan itibaren ne kadar s\u00fcrede teslim edilece\u011fi bulundu\u011funuz ilin depolar\u0131m\u0131za olan uzakl\u0131\u011f\u0131n, teslimat t\u00fcr\u00fc, kargo \u015firketinin i\u015f s\u00fcre\u00e7leri, m\u00fccbir veya zorlay\u0131c\u0131 sebeplerin varl\u0131\u011f\u0131 gibi nedenlere ba\u011fl\u0131 olarak\u00a0 de\u011fi\u015fiklik g\u00f6sterebilir.<\/h5><h5>\u00a0<\/h5>\t\t\t\t\t\t\t\t<\/div>\n\t\t\t\t\t<\/div>\n\t\t\t\t<\/div>\n\t\t\t\t<\/div>\n\t\t","protected":false},"excerpt":{"rendered":"<p>Teslimat ve Sipari\u015f Sipari\u015f Takibi Sipari\u015finizin durumuna Sipari\u015flerim b\u00f6l\u00fcm\u00fcndeki Sipari\u015f Detay\u0131 butonundan ula\u015fabilirsiniz. Sipari\u015finizdeki t\u00fcm \u00fcr\u00fcnlerin durumu ilgili sat\u0131rlarda ayr\u0131<\/p>\n","protected":false},"author":1,"featured_media":0,"parent":0,"menu_order":0,"comment_status":"closed","ping_status":"closed","template":"","meta":{"inline_featured_image":false,"footnotes":""},"class_list":["post-29749","page","type-page","status-publish","hentry"],"_links":{"self":[{"href":"https:\/\/anilcanbay.com\/hanedan\/wp-json\/wp\/v2\/pages\/29749","targetHints":{"allow":["GET"]}}],"collection":[{"href":"https:\/\/anilcanbay.com\/hanedan\/wp-json\/wp\/v2\/pages"}],"about":[{"href":"https:\/\/anilcanbay.com\/hanedan\/wp-json\/wp\/v2\/types\/page"}],"author":[{"embeddable":true,"href":"https:\/\/anilcanbay.com\/hanedan\/wp-json\/wp\/v2\/users\/1"}],"replies":[{"embeddable":true,"href":"https:\/\/anilcanbay.com\/hanedan\/wp-json\/wp\/v2\/comments?post=29749"}],"version-history":[{"count":4,"href":"https:\/\/anilcanbay.com\/hanedan\/wp-json\/wp\/v2\/pages\/29749\/revisions"}],"predecessor-version":[{"id":29754,"href":"https:\/\/anilcanbay.com\/hanedan\/wp-json\/wp\/v2\/pages\/29749\/revisions\/29754"}],"wp:attachment":[{"href":"https:\/\/anilcanbay.com\/hanedan\/wp-json\/wp\/v2\/media?parent=29749"}],"curies":[{"name":"wp","href":"https:\/\/api.w.org\/{rel}","templated":true}]}}