{"id":29755,"date":"2026-04-05T14:04:57","date_gmt":"2026-04-05T11:04:57","guid":{"rendered":"https:\/\/anilcanbay.com\/hanedan\/?page_id=29755"},"modified":"2026-04-05T14:06:49","modified_gmt":"2026-04-05T11:06:49","slug":"uyelik-sozlesmesi","status":"publish","type":"page","link":"https:\/\/anilcanbay.com\/hanedan\/uyelik-sozlesmesi\/","title":{"rendered":"\u00dcyelik S\u00f6zle\u015fmesi"},"content":{"rendered":"\t\t<div data-elementor-type=\"wp-page\" data-elementor-id=\"29755\" class=\"elementor elementor-29755\">\n\t\t\t\t<div class=\"wd-negative-gap elementor-element elementor-element-f5baa66 e-flex e-con-boxed e-con e-parent\" data-id=\"f5baa66\" data-element_type=\"container\" data-e-type=\"container\">\n\t\t\t\t\t<div class=\"e-con-inner\">\n\t\t\t\t<div class=\"elementor-element elementor-element-0aae415 elementor-widget elementor-widget-image\" data-id=\"0aae415\" data-element_type=\"widget\" data-e-type=\"widget\" data-widget_type=\"image.default\">\n\t\t\t\t\t\t\t\t\t\t\t\t\t\t\t<img loading=\"lazy\" decoding=\"async\" width=\"1300\" height=\"274\" src=\"https:\/\/anilcanbay.com\/hanedan\/wp-content\/uploads\/2026\/04\/banner1-04-min-1300x274.jpg\" class=\"attachment-large size-large wp-image-29757\" alt=\"\" srcset=\"https:\/\/anilcanbay.com\/hanedan\/wp-content\/uploads\/2026\/04\/banner1-04-min-1300x274.jpg 1300w, https:\/\/anilcanbay.com\/hanedan\/wp-content\/uploads\/2026\/04\/banner1-04-min-400x84.jpg 400w, https:\/\/anilcanbay.com\/hanedan\/wp-content\/uploads\/2026\/04\/banner1-04-min-768x162.jpg 768w, https:\/\/anilcanbay.com\/hanedan\/wp-content\/uploads\/2026\/04\/banner1-04-min-430x91.jpg 430w, https:\/\/anilcanbay.com\/hanedan\/wp-content\/uploads\/2026\/04\/banner1-04-min-700x148.jpg 700w, https:\/\/anilcanbay.com\/hanedan\/wp-content\/uploads\/2026\/04\/banner1-04-min-150x32.jpg 150w, https:\/\/anilcanbay.com\/hanedan\/wp-content\/uploads\/2026\/04\/banner1-04-min.jpg 1440w\" sizes=\"auto, (max-width: 1300px) 100vw, 1300px\" \/>\t\t\t\t\t\t\t\t\t\t\t\t\t\t\t<\/div>\n\t\t\t\t<div class=\"elementor-element elementor-element-f0e7f76 elementor-widget elementor-widget-spacer\" data-id=\"f0e7f76\" data-element_type=\"widget\" data-e-type=\"widget\" data-widget_type=\"spacer.default\">\n\t\t\t\t\t\t\t<div class=\"elementor-spacer\">\n\t\t\t<div class=\"elementor-spacer-inner\"><\/div>\n\t\t<\/div>\n\t\t\t\t\t\t<\/div>\n\t\t\t\t<div class=\"elementor-element elementor-element-5073dc2 color-scheme-inherit text-left elementor-widget elementor-widget-text-editor\" data-id=\"5073dc2\" data-element_type=\"widget\" data-e-type=\"widget\" data-widget_type=\"text-editor.default\">\n\t\t\t\t\t\t\t\t\t<h5>Say\u0131n Kullan\u0131c\u0131m\u0131z,<\/h5><h5>\u00d6ncelikle belirtmek isteriz ki i\u015fbu \u00fcyelik s\u00f6zle\u015fmesi ile ad\u0131n\u0131za a\u00e7\u0131lacak g\u00fcvenli bir kullan\u0131c\u0131 hesab\u0131 ile sizlere daha verimli hizmet vermeyi ama\u00e7lamaktay\u0131z. Onay kutucu\u011funu i\u015faretleyerek \u201c\u00dcye Ol\u201d i\u015faretine basman\u0131z neticesinde i\u015fbu S\u00f6zle\u015fme y\u00fcr\u00fcrl\u00fc\u011fe girecektir.\u00a0 S\u00f6zle\u015fmenin y\u00fcr\u00fcrl\u00fc\u011fe girmesiyle birlikte ise yapaca\u011f\u0131n\u0131z her t\u00fcrl\u00fc i\u015flemlerden kullan\u0131c\u0131 s\u0131fat\u0131yla sorumlulu\u011funuz do\u011facakt\u0131r. \u00dcyelik s\u00fcrecine ili\u015fkin ayr\u0131nt\u0131l\u0131 pek \u00e7ok bilgiye internet sitemizin s\u0131k\u00e7a sorulan sorular b\u00f6l\u00fcm\u00fcnden ula\u015fabilirsiniz.<\/h5><h5>Taraflar<\/h5><h5>www.hanedansuaritma.com\/ \/ www.hanedanplus.com\/ internet sitesinin faaliyetlerini y\u00fcr\u00fcten: HANEDAN SU ARITMA C\u0130HAZLARI F\u0130LTRE VE KALIP \u0130THALAT \u0130HRACAT SANAY\u0130 T\u0130CARET L\u0130M\u0130TED \u015e\u0130RKET\u0130 (Bundan b\u00f6yle \u201c\u015eirket\u201d olarak an\u0131lacakt\u0131r).<\/h5><h5>www.hanedansuaritma.com \/ \/ www.hanedanplus.com\/ internet sitesine \u00fcye olan internet kullan\u0131c\u0131s\u0131 (Bundan b\u00f6yle &#8220;\u00dcye&#8221; olarak an\u0131lacakt\u0131r).<\/h5><h5>S\u00f6zle\u015fmenin Konusu<\/h5><h5>\u0130\u015fbu s\u00f6zle\u015fmenin konusu \u015eirket\u2019in sahip oldu\u011fu internet sitesinde yer alan e-ticaret faaliyetinden www.hanedansuaritma.com\/ \/ www.hanedanplus.com\/ (bundan b\u00f6yle Site olarak an\u0131lacakt\u0131r) \u00dcye\u2019nin faydalanma \u015fartlar\u0131n\u0131n belirlenmesidir.<\/h5><h5>Taraflar\u0131n Hak ve Y\u00fck\u00fcml\u00fcl\u00fckleri<\/h5><h5>3.1. \u00dcye\u2019nin Hak ve Y\u00fck\u00fcml\u00fcl\u00fckleri<\/h5><h5>3.1.1.\u00a0 \u00dcye, hizmetlerden faydalanmaya ba\u015flad\u0131\u011f\u0131 andan itibaren S\u00f6zle\u015fme\u2019nin t\u00fcm \u015fartlar\u0131n\u0131 kabul etmi\u015f say\u0131laca\u011f\u0131n\u0131 ve bu \u015fartlar\u0131n kendisi i\u00e7in ba\u011flay\u0131c\u0131 olaca\u011f\u0131n\u0131 kabul eder.<\/h5><h5>3.1.2.\u00a0 \u00dcye, Site\u2019de kay\u0131t i\u015flemlerini tamamlad\u0131ktan sonra i\u015fbu S\u00f6zle\u015fme\u2019de belirtilen \u015fartlara uymak ko\u015fulu ile e-posta adresini ve \u015fifresini girerek Site\u2019yi kullanmaya ba\u015flayacakt\u0131r.<\/h5><h5>3.1.3.\u00a0 \u00dcye,\u00a0 \u015eirket internet sitesine \u00fcye olurken verdi\u011fi ki\u015fisel ve di\u011fer sair bilgilerin kanunlar \u00f6n\u00fcnde do\u011fru oldu\u011funu, \u015eirket&#8217;in bu bilgilerin ger\u00e7e\u011fe ayk\u0131r\u0131l\u0131\u011f\u0131 nedeniyle u\u011frayaca\u011f\u0131 t\u00fcm zararlar\u0131 aynen ve derhal tazmin edece\u011fini ve i\u015fbu ger\u00e7e\u011fe ayk\u0131r\u0131 bilgiler nedeniyle \u015eirket\u2019n\u0131n i\u015fbu s\u00f6zle\u015fmeden kaynaklanan y\u00fck\u00fcml\u00fcl\u00fcklerini gere\u011fi gibi ya da hi\u00e7 ifa edememesi nedeniyle \u015eirket\u2019n\u0131n hi\u00e7bir sorumlulu\u011funun bulunmad\u0131\u011f\u0131n\u0131 beyan ve taahh\u00fct eder.<\/h5><h5>3.1.4.\u00a0 S\u00f6zle\u015fme&#8217;nin, bir t\u00fczel ki\u015fi ad\u0131na akdedilmesi halinde, S\u00f6zle\u015fme\u2019yi akdeden ki\u015fi, s\u00f6z konusu t\u00fczel ki\u015fi ad\u0131na bu t\u00fcr bir i\u015flem ger\u00e7ekle\u015ftirmek i\u00e7in yetkili oldu\u011funu, aksi halde (yetkisiz i\u015flem yapmas\u0131 durumunda), bundan sonra yapt\u0131\u011f\u0131\/yapaca\u011f\u0131 sonu\u00e7 do\u011furucu t\u00fcm i\u015flemlerden \u00f6t\u00fcr\u00fc \u015fahsen sorumlu oldu\u011funu kabul, beyan ve taahh\u00fct etmi\u015f olmaktad\u0131r.<\/h5><h5>3.1.5.\u00a0 \u00dcye, Site\u2019de sunulan hizmetlerden yararlan\u0131rken, T\u00fcrk Bor\u00e7lar Kanunu, T\u00fcrk Ceza Kanunu, T\u00fcrk Ticaret Kanunu, Fikir ve Sanat Eserleri Kanunu, S\u0131nai M\u00fclkiyet Kanunu, Ki\u015fisel Verilerin Korunmas\u0131 Kanunu ile bunlarla ilgili Y\u00f6netmelik, Tebli\u011f, Kanun H\u00fckm\u00fcnde Kararnameler ve di\u011fer ilgili mevzuat h\u00fck\u00fcmleri ile \u015eirket\u2019in hizmetlerine ili\u015fkin olarak yay\u0131mlayaca\u011f\u0131 her t\u00fcrl\u00fc duyuru ve bildirime uymay\u0131 kabul eder. Bu bildirimlere ve kanunlara ayk\u0131r\u0131 kullan\u0131m sebebiyle do\u011fabilecek hukuki, cezai ve mali her t\u00fcrl\u00fc sorumluluk \u00dcye\u2019ye aittir.<\/h5><h5>3.1.6.\u00a0 \u00dcye, \u015eirket taraf\u0131ndan kendisine verilmi\u015f olan \u015fifreyi ba\u015fka ki\u015fi ya da kurulu\u015flara veremez ve \u00fcyenin s\u00f6z konusu \u015fifreyi kullanma hakk\u0131 bizzat kendisine aittir. \u015eifrenin aksi \u015fekilde kullan\u0131m\u0131 sebebiyle do\u011fabilecek t\u00fcm sorumluluk ile \u00fc\u00e7\u00fcnc\u00fc ki\u015filer veya yetkili merciler taraf\u0131ndan \u015eirket\u2019e kar\u015f\u0131 ileri s\u00fcr\u00fclebilecek t\u00fcm iddia ve taleplere kar\u015f\u0131, \u015eirket&#8217;in s\u00f6z konusu izinsiz kullan\u0131mdan kaynaklanan her t\u00fcrl\u00fc tazminat ve sair talep hakk\u0131 sakl\u0131d\u0131r.<\/h5><h5>\u00a0<\/h5><h5>3.1.7.\u00a0 \u00dcye, \u015eirket internet sitesini kullan\u0131rken yasal mevzuat h\u00fck\u00fcmlerine riayet etmeyi ve bunlar\u0131 ihlal etmemeyi pe\u015finen kabul ve taahh\u00fct eder. Aksi takdirde, do\u011facak t\u00fcm hukuki ve cezai y\u00fck\u00fcml\u00fcl\u00fckler tamamen ve m\u00fcnhas\u0131ran \u00fcyeyi ba\u011flayacakt\u0131r. \u015eirket\u2019in \u00dcye\u2019nin i\u015fbu maddeye ayk\u0131r\u0131 eylemleri nedeniyle resmi mercilere ya da 3. Ki\u015filere kar\u015f\u0131 \u00f6deme yapmak zorunda kalmas\u0131 yahut herhangi bir taleple kar\u015f\u0131 kar\u015f\u0131ya kalmas\u0131 halinde \u015eirket\u2019in \u00dcye\u2019ye r\u00fccu hakk\u0131 bulunmaktad\u0131r.<\/h5><h5>\u00a0<\/h5><h5>3.1.8.\u00a0 \u00dcye, \u015eirket internet sitesini hi\u00e7bir \u015fekilde kamu d\u00fczenini bozucu, genel ahlaka ayk\u0131r\u0131, ba\u015fkalar\u0131n\u0131 rahats\u0131z ve taciz edici \u015fekilde, yasalara ayk\u0131r\u0131 bir ama\u00e7 i\u00e7in, ba\u015fkalar\u0131n\u0131n fikri ve telif haklar\u0131na tecav\u00fcz edecek \u015fekilde kullanamaz. Ayr\u0131ca, \u00dcye ba\u015fkalar\u0131n\u0131n hizmetleri kullanmas\u0131n\u0131 \u00f6nleyici veya zorla\u015ft\u0131r\u0131c\u0131 faaliyet (spam, virus, truva at\u0131, vb.) ve i\u015flemlerde bulunamaz. \u015eirket\u2019in \u00dcye\u2019nin i\u015fbu maddeye ayk\u0131r\u0131 eylemleri nedeniyle resmi mercilere ya da 3. Ki\u015filere kar\u015f\u0131 \u00f6deme yapmak zorunda kalmas\u0131 yahut herhangi bir taleple kar\u015f\u0131 kar\u015f\u0131ya kalmas\u0131 halinde \u015eirket\u2019n\u0131n \u00dcye\u2019ye r\u00fccu hakk\u0131 bulunmaktad\u0131r.<\/h5><h5>\u00a0<\/h5><h5>3.1.9.\u00a0 \u00dcye, di\u011fer internet kullan\u0131c\u0131lar\u0131n\u0131n yaz\u0131l\u0131mlar\u0131na ve verilerine izinsiz olarak ula\u015fmamay\u0131 veya bunlar\u0131 kullanmamay\u0131 kabul etmi\u015ftir. Aksi takdirde, bundan do\u011facak hukuki ve cezai sorumluluklar tamamen \u00dcye\u2019ye aittir. \u00dcye\u2019nin yapaca\u011f\u0131 t\u00fcm i\u015flemlerde kullanaca\u011f\u0131 kredi kart\u0131, sanal kart, banka kart\u0131 (debit kart\u0131), e-\u00f6deme sistemleri ve sair \u00f6deme y\u00f6ntemlerine ait hesaplar\u0131n\u0131n kendisine ait oldu\u011funu ve kullanmaya ehil oldu\u011funu, aksi taktirde do\u011fabilecek t\u00fcm zararlardan do\u011frudan kendisinin sorumlu olaca\u011f\u0131n\u0131 kabul, beyan ve taahh\u00fct eder.<\/h5><h5>\u00a0<\/h5><h5>3.1.10. \u0130\u015fbu \u00fcyelik s\u00f6zle\u015fmesi i\u00e7erisinde say\u0131lan maddelerden bir ya da birka\u00e7\u0131n\u0131 ihlal eden \u00dcye, i\u015fbu ihlal nedeniyle cezai ve hukuki olarak \u015fahsen sorumlu olup, \u015eirket\u2019i bu ihlallerin hukuki ve cezai sonu\u00e7lar\u0131ndan ari tutacakt\u0131r. Ayr\u0131ca; i\u015fbu ihlal nedeniyle, \u015eirket\u2019in i\u015fbu ihlal nedeniyle do\u011fmu\u015f ve do\u011facak do\u011frudan ve dolayl\u0131 bilc\u00fcmle zararlar\u0131n\u0131n tazmini ile birlikte i\u015fbu \u00fcyelik s\u00f6zle\u015fmesini feshetme hakk\u0131 mevcuttur.<\/h5><h5>\u00a0<\/h5><h5>3.1.11. \u015eirket\u2019in her zaman tek tarafl\u0131 olarak gerekti\u011finde \u00fcyenin \u00fcyeli\u011fini silme, iptal etme \u00dcye\u2019ye ait dosya, belge ve bilgileri silme hakk\u0131 vard\u0131r. \u00dcye, i\u015fbu tasarrufu \u00f6nceden kabul eder. Bu durumda, \u015eirket\u2019n\u0131n hi\u00e7bir sorumlulu\u011fu yoktur.<\/h5><h5>\u00a0<\/h5><h5>3.1.12. \u015eirket internet sitesinin yaz\u0131l\u0131m ve tasar\u0131m\u0131 \u015eirket m\u00fclkiyetinde olup, bunlara ili\u015fkin telif hakk\u0131 ve\/veya di\u011fer fikri m\u00fclkiyet haklar\u0131 ilgili kanunlarca korunmaktad\u0131r. Bu yaz\u0131l\u0131m ve tasar\u0131mlar \u00dcye taraf\u0131ndan izinsiz kullan\u0131lamaz, iktisap edilemez ve de\u011fi\u015ftirilemez. Bu web sitesinde ad\u0131 ge\u00e7en ba\u015fkaca \u015firketler ve \u00fcr\u00fcnler sahiplerinin ticari markalar\u0131d\u0131r ve ayr\u0131ca fikri m\u00fclkiyet haklar\u0131 kapsam\u0131nda korunmaktad\u0131r. Site\u2019de yer alan bilgiler hi\u00e7bir \u015fekilde \u00e7o\u011falt\u0131lamaz, yay\u0131nlanamaz, kopyalanamaz, sunulamaz ve\/veya aktar\u0131lamaz. Site\u2019nin b\u00fct\u00fcn\u00fc veya bir k\u0131sm\u0131 di\u011fer bir internet sitesinde izinsiz olarak kullan\u0131lamaz.<\/h5><h5>\u00a0<\/h5><h5>3.1.13. \u0130\u015fbu Site\u2019de yer alan \u00fcnvan, i\u015fletme ad\u0131, marka, patent, logo, tasar\u0131m, bilgi ve y\u00f6ntem gibi tescilli veya tescilsiz t\u00fcm fikri m\u00fclkiyet haklar\u0131 site i\u015fleteni ve sahibi firmaya veya belirtilen ilgilisine ait olup, ulusal ve uluslararas\u0131 hukukun korumas\u0131 alt\u0131ndad\u0131r. \u0130\u015fbu Site\u2019nin ziyaret edilmesi veya bu Site\u2019deki hizmetlerden yararlan\u0131lmas\u0131 s\u00f6z konusu fikri m\u00fclkiyet haklar\u0131 konusunda hi\u00e7bir hak vermez.<\/h5><h5>\u00a0<\/h5><h5>3.1.14. \u015eirket taraf\u0131ndan\u015eirket internet sitesinin analiz edilmesi, iyile\u015ftirilmesi ve geli\u015ftirilmesine y\u00f6nelik olarak ve\/veya yasal mevzuat \u00e7er\u00e7evesinde siteye eri\u015fmek i\u00e7in baz\u0131 bilgiler toplanabilir. Bu bilgiler; kullan\u0131lan \u0130nternet servis sa\u011flay\u0131c\u0131s\u0131n\u0131n ad\u0131 ve Internet Protokol (IP) adresi, internet sitesine eri\u015filen tarih ve saat, internet sitesinde bulunulan s\u0131rada eri\u015filen sayfalar ve internet sitesine do\u011frudan ba\u011flan\u0131lmas\u0131n\u0131 sa\u011flayan Web sitesinin Internet adresi gibi veya benzeri birtak\u0131m bilgiler \u015feklinde olabilir.<\/h5><h5>\u00a0<\/h5><h5>3.1.15. \u015eirket, \u00dcye\u2019nin ki\u015fisel bilgilerini, yasal bir zorunluluk olarak istendi\u011finde, resmi ve idari merciiler taraf\u0131ndan talep edilmesi halinde i\u015fbu merciiler ile payla\u015fma hakk\u0131na sahiptir.<\/h5><h5>\u00a0<\/h5><h5>3.1.16. \u015eirket internet sitesinin virus ve benzeri ama\u00e7l\u0131 yaz\u0131l\u0131mlardan ar\u0131nd\u0131r\u0131lm\u0131\u015f olmas\u0131 i\u00e7in mevcut imk\u00e2nlar d\u00e2hilinde tedbir al\u0131nm\u0131\u015ft\u0131r. Bunun yan\u0131nda nihai g\u00fcvenli\u011fin sa\u011flanmas\u0131 i\u00e7in kullan\u0131c\u0131n\u0131n\/\u00dcye\u2019nin, kendi virus koruma sistemini tedarik etmesi ve gerekli korunmay\u0131 sa\u011flamas\u0131 gerekmektedir. Bu ba\u011flamda \u00dcye \u015eirket internet sitesine girmesiyle, kendi yaz\u0131l\u0131m ve i\u015fletim sistemlerinde olu\u015fabilecek t\u00fcm hata ve bunlar\u0131n do\u011frudan ya da dolayl\u0131 sonu\u00e7lar\u0131ndan kendisinin sorumlu oldu\u011funu kabul etmi\u015f say\u0131l\u0131r.<\/h5><h5>\u00a0<\/h5><h5>3.1.17. \u015eirket, sitenin i\u00e7eri\u011fini diledi\u011fi zaman de\u011fi\u015ftirme, kullan\u0131c\u0131lara\/\u00dcye\u2019lere sa\u011flanan herhangi bir hizmeti de\u011fi\u015ftirme ya da sona erdirme veya \u015eirket internet sitesinde kay\u0131tl\u0131 kullan\u0131c\u0131\/\u00dcye bilgi ve verilerini mevzuat h\u00fck\u00fcmleri gere\u011fi saklanmas\u0131 zorunlu olanlar d\u0131\u015f\u0131nda silme ve\/veya iptal etme hakk\u0131n\u0131 sakl\u0131 tutar.<\/h5><h5>\u00a0<\/h5><h5>3.1.18. \u015eirket, fiyatlar ve sunulan \u00fcr\u00fcn ve hizmetler \u00fczerinde de\u011fi\u015fiklik yapma hakk\u0131n\u0131 her zaman sakl\u0131 tutar.<\/h5><h5>\u00a0<\/h5><h5>3.1.19. Garanti vermeme: i\u015fbu s\u00f6zle\u015fme maddesi uygulanabilir kanunun izin verdi\u011fi azami \u00f6l\u00e7\u00fcde ge\u00e7erli olacakt\u0131r. \u015eirket taraf\u0131ndan sunulan hizmetler &#8220;oldu\u011fu gibi\u201d ve &#8220;m\u00fcmk\u00fcn oldu\u011fu\u201d temelde sunulmakta ve pazarlanabilirlik, belirli bir amaca uygunluk veya ihlal etmeme konusunda t\u00fcm z\u0131mni garantiler de d\u00e2hil olmak \u00fczere hizmetler veya uygulama ile ilgili olarak (bunlarda yer alan t\u00fcm bilgiler d\u00e2hil) sarih veya z\u0131mni, kanuni veya ba\u015fka bir nitelikte hi\u00e7bir garantide bulunmamaktad\u0131r.<\/h5><h5>\u00a0<\/h5><h5>3.1.20. M\u00fccbir Sebep; Taraflar\u0131n kontrol\u00fcnde olmayan; tabii afetler, yang\u0131n, patlamalar, i\u00e7 sava\u015flar, sava\u015flar, ayaklanmalar, halk hareketleri, seferberlik ilan\u0131, grev, lokavt ve salg\u0131n hastal\u0131klar, altyap\u0131 ve internet ar\u0131zalar\u0131, elektrik kesintisi gibi sebeplerden dolay\u0131 s\u00f6zle\u015fmeden do\u011fan y\u00fck\u00fcml\u00fcl\u00fckler taraflarca ifa edilemez hale gelirse, taraflar bundan sorumlu de\u011fildir. Bu s\u00fcrede Taraflar\u2019\u0131n i\u015fbu S\u00f6zle\u015fme\u2019den do\u011fan hak ve y\u00fck\u00fcml\u00fcl\u00fckleri ask\u0131ya al\u0131n\u0131r.<\/h5><h5>\u00a0<\/h5><h5>3.1.21. \u00dcye, i\u015fbu S\u00f6zle\u015fme\u2019ye taraf olarak ad, soy ad, e-posta, cep telefonu numaras\u0131, adres, ikamet edilen il ve il\u00e7e bilgisi olmak \u00fczere al\u0131m-sat\u0131m ili\u015fki kapsam\u0131nda temin edilen ki\u015fisel verilerinin \u00fcyelik s\u00f6zle\u015fmesinden do\u011fan t\u00fcketici s\u0131fat\u0131 uyar\u0131nca \u015eirket i\u00e7erisinde kullan\u0131lmas\u0131, i\u015f ortaklar\u0131 ile resmi kurum ve kurulu\u015flara aktar\u0131lmas\u0131 m\u00fcmk\u00fcnd\u00fcr.<\/h5><h5>\u00a0<\/h5><h5>\u00a0<\/h5><h5>\u00a0<\/h5><h5>S\u00f6zle\u015fmenin Feshi<\/h5><h5>\u00a0<\/h5><h5>\u0130\u015fbu s\u00f6zle\u015fme herhangi bir nedenle \u00dcye\u2019nin \u00fcyeli\u011fini iptal etmesi veya \u015eirket taraf\u0131ndan \u00fcyeli\u011finin iptal edilmesine kadar y\u00fcr\u00fcrl\u00fckte kalacakt\u0131r. \u015eirket, \u00dcye\u2019nin \u00fcyelik s\u00f6zle\u015fmesinin herhangi bir h\u00fckm\u00fcn\u00fc ihlal etmesi durumunda \u00dcye\u2019nin \u00fcyeli\u011fini iptal ederek s\u00f6zle\u015fmeyi tek tarafl\u0131 olarak feshedebilecektir. \u0130\u015fbu s\u00f6zle\u015fme fesih edilmi\u015f olsa bile \u00dcye, \u00fcyelik s\u00fcresi boyunca ger\u00e7ekle\u015ftirilen t\u00fcm i\u015flemlerden ilgili taraf sorumlu olacakt\u0131r. Taraflar, i\u015fbu S\u00f6zle\u015fme kapsam\u0131nda kurulan \u00fcyelik ili\u015fkisini hakl\u0131 sebebin varl\u0131\u011f\u0131 halinde yaz\u0131l\u0131 bildirimde bulunmak kayd\u0131 ile feshedebilir.<\/h5><h5>\u00a0<\/h5><h5>\u00a0<\/h5><h5>\u00a0<\/h5><h5>Tebligat<\/h5><h5>\u00a0<\/h5><h5>\u0130\u015fbu s\u00f6zle\u015fmede yer alan taraflara ait adresler tebligat adresleri olup, i\u015fbu adreslerde herhangi bir de\u011fi\u015fiklik olmas\u0131 halinde i\u015fbu de\u011fi\u015fiklik yaz\u0131l\u0131 olarak derhal kar\u015f\u0131 tarafa iletilmedik\u00e7e i\u015fbu s\u00f6zle\u015fmede yer alan adreslere yap\u0131lan tebligatlar iade olsa bile ge\u00e7erli bir tebligat\u0131n h\u00fck\u00fcm ve sonu\u00e7lar\u0131n\u0131 do\u011furacakt\u0131r.<\/h5><h5>\u00a0<\/h5><h5>\u00a0<\/h5><h5>\u00a0<\/h5><h5>Y\u00fcr\u00fcrl\u00fck<\/h5><h5>\u00a0<\/h5><h5>\u00dcye\u2019nin, \u00fcyelik kayd\u0131 yapmas\u0131 \u00dcye\u2019nin \u00fcyelik s\u00f6zle\u015fmesinde yer alan t\u00fcm maddeleri okudu\u011fu ve \u00fcyelik s\u00f6zle\u015fmesinde yer alan maddeleri kabul etti\u011fi anlam\u0131na gelir. \u0130\u015fbu S\u00f6zle\u015fme, \u00dcye\u2019nin \u00fcye olmas\u0131 an\u0131nda akdedilmi\u015f ve kar\u015f\u0131l\u0131kl\u0131 olarak y\u00fcr\u00fcrl\u00fc\u011fe girmi\u015ftir.<\/h5><h5>\u00a0<\/h5><h5>\u00a0<\/h5><h5>\u00a0<\/h5><h5>\u00a0<\/h5><h5>\u00a0<\/h5><h5>HANEDAN SU ARITMA C\u0130HAZLARI F\u0130LTRE VE KALIP \u0130THALAT \u0130HRACAT SANAY\u0130 T\u0130CARET L\u0130M\u0130TED \u015e\u0130RKET\u0130<\/h5><h5>Adres : Mahalle\/Semt:TORBALI MAH. Cadde\/Sokak:METROPOL\u0130S BLV. No:87 B<\/h5><h5>Telefon : 05530664144<\/h5><h5>\u00a0<\/h5><h5>M\u00fc\u015fteri Hizmetleri : 05526414494<\/h5>\t\t\t\t\t\t\t\t<\/div>\n\t\t\t\t\t<\/div>\n\t\t\t\t<\/div>\n\t\t\t\t<\/div>\n\t\t","protected":false},"excerpt":{"rendered":"<p>Say\u0131n Kullan\u0131c\u0131m\u0131z, \u00d6ncelikle belirtmek isteriz ki i\u015fbu \u00fcyelik s\u00f6zle\u015fmesi ile ad\u0131n\u0131za a\u00e7\u0131lacak g\u00fcvenli bir kullan\u0131c\u0131 hesab\u0131 ile sizlere daha verimli<\/p>\n","protected":false},"author":1,"featured_media":0,"parent":0,"menu_order":0,"comment_status":"closed","ping_status":"closed","template":"","meta":{"inline_featured_image":false,"footnotes":""},"class_list":["post-29755","page","type-page","status-publish","hentry"],"_links":{"self":[{"href":"https:\/\/anilcanbay.com\/hanedan\/wp-json\/wp\/v2\/pages\/29755","targetHints":{"allow":["GET"]}}],"collection":[{"href":"https:\/\/anilcanbay.com\/hanedan\/wp-json\/wp\/v2\/pages"}],"about":[{"href":"https:\/\/anilcanbay.com\/hanedan\/wp-json\/wp\/v2\/types\/page"}],"author":[{"embeddable":true,"href":"https:\/\/anilcanbay.com\/hanedan\/wp-json\/wp\/v2\/users\/1"}],"replies":[{"embeddable":true,"href":"https:\/\/anilcanbay.com\/hanedan\/wp-json\/wp\/v2\/comments?post=29755"}],"version-history":[{"count":4,"href":"https:\/\/anilcanbay.com\/hanedan\/wp-json\/wp\/v2\/pages\/29755\/revisions"}],"predecessor-version":[{"id":29760,"href":"https:\/\/anilcanbay.com\/hanedan\/wp-json\/wp\/v2\/pages\/29755\/revisions\/29760"}],"wp:attachment":[{"href":"https:\/\/anilcanbay.com\/hanedan\/wp-json\/wp\/v2\/media?parent=29755"}],"curies":[{"name":"wp","href":"https:\/\/api.w.org\/{rel}","templated":true}]}}