{"id":29017,"date":"2026-04-01T19:57:43","date_gmt":"2026-04-01T16:57:43","guid":{"rendered":"https:\/\/anilcanbay.com\/hanedan\/?post_type=product&#038;p=29017"},"modified":"2026-04-07T11:02:54","modified_gmt":"2026-04-07T08:02:54","slug":"h-max-inline-kapali-kasa-su-aritma-cihazi-ilk-3-filtre-0052","status":"publish","type":"product","link":"https:\/\/anilcanbay.com\/hanedan\/product\/h-max-inline-kapali-kasa-su-aritma-cihazi-ilk-3-filtre-0052\/","title":{"rendered":"H-max Inline Kapal\u0131 Kasa Su Ar\u0131tma Cihaz\u0131 Ilk 3 Filtre &#8211; 0052"},"content":{"rendered":"<p>\u00d6nemli Uyar\u0131! \u00dcr\u00fcn\u00fcn montaj\u0131 s\u0131ras\u0131nda en \u00f6nemli nokta filtre y\u0131kama a\u015famas\u0131d\u0131r. 2. filtrede bulunan carbonlar\u0131n di\u011fer filtrelere gitmemesi ve filtre ve di\u011fer aksanlar\u0131 t\u0131kamamas\u0131 i\u00e7in yap\u0131lmas\u0131 gereken en \u00f6nemli i\u015flem ilk 3 filtrenin y\u0131kamas\u0131d\u0131r. \u0130lk 3 filtrenin y\u0131kamas\u0131n\u0131 do\u011fru bir \u015fekilde yapt\u0131ktan sonra cihaz doldur bo\u015falt yap\u0131lmal\u0131d\u0131r. D\u00fczg\u00fcn bir \u015fekilde montaj\u0131 yap\u0131lmayan \u00fcr\u00fcn cihaz\u0131n\u0131z\u0131 bozacakt\u0131r. Daha Kaliteli bir su t\u00fcketimi i\u00e7in s\u00fcper membran\u0131 \u00f6neriyoruz! \u00dcr\u00fcn \u0130\u00e7eri\u011fi 1 Adet H-MAX 1 Micron Sediment Filtre ; 1 Adet H-MAX 5 Micron Sediment Filtre ; 1 Adet H-MAX GAC Karbon Filtre ; 6 Adet L dirsek ; Kutu i\u00e7erisinde bulunmaktad\u0131r. \u0130nline Filtrelerimiz 12 inc dir. 27 cm y\u00fcksekli\u011fi, 6,5 cm \u00e7ap\u0131 bulunmaktad\u0131r. Mineral, tatland\u0131r\u0131c\u0131 ve alkali filtrelerimiz 26 cm y\u00fcksekli\u011fe ve 5 cm \u00e7apa sahiptir. \u00dcretim ve da\u011f\u0131t\u0131mlar\u0131 Hanedan Su Ar\u0131tma ve Hmax Ar\u0131t\u0131m taraf\u0131ndan yap\u0131lmaktad\u0131r. \u00fcr\u00fcnler taraf\u0131m\u0131zca sa\u011flanmaktad\u0131r.<\/p>\n","protected":false},"excerpt":{"rendered":"<p>H-MAX \u0130nline filtre setini olu\u015fturan 3 adet filtre ve gerekli t\u00fcm ba\u011flant\u0131 par\u00e7alar\u0131n\u0131 i\u00e7erir.<\/p>\n","protected":false},"featured_media":29722,"comment_status":"open","ping_status":"closed","template":"","meta":{"inline_featured_image":false},"product_brand":[2850],"product_cat":[2841,2840],"product_tag":[79,81,78,89,90,91,92,93,94,95,124,112,117,118,119,113,114,115,116,120,121,122,123,96,109,110,111,97,102,103,104,98,99,100,101,105,106,107,108,85,84,88,77,75,83,86,87,76,82,80],"class_list":{"0":"post-29017","1":"product","2":"type-product","3":"status-publish","4":"has-post-thumbnail","6":"product_brand-h-max-reverse-osmosis-system","7":"product_cat-kapali-kasa-su-aritma-filtreleri","8":"product_cat-su-aritma-filtreleri","9":"product_tag-3lu-inline-filtre","10":"product_tag-3lu-inline-set","11":"product_tag-3lu-set","12":"product_tag-h-max","13":"product_tag-h-max-inline","14":"product_tag-h-max-inline-kapali","15":"product_tag-h-max-inline-kapali-kasa","16":"product_tag-h-max-inline-kapali-kasa-su","17":"product_tag-h-max-inline-kapali-kasa-su-aritma","18":"product_tag-h-max-inline-kapali-kasa-su-aritma-cihazi","19":"product_tag-h-max-inline-kapali-kasa-su-aritma-cihazi-2","20":"product_tag-h-max-inline-kapali-kasa-su-aritma-cihazi-3","21":"product_tag-h-max-inline-kapali-kasa-su-aritma-cihazi-3-2","22":"product_tag-h-max-inline-kapali-kasa-su-aritma-cihazi-3-0052","23":"product_tag-h-max-inline-kapali-kasa-su-aritma-cihazi-3-0052-2","24":"product_tag-h-max-inline-kapali-kasa-su-aritma-cihazi-3-filtre","25":"product_tag-h-max-inline-kapali-kasa-su-aritma-cihazi-3-filtre-2","26":"product_tag-h-max-inline-kapali-kasa-su-aritma-cihazi-3-filtre-0052","27":"product_tag-h-max-inline-kapali-kasa-su-aritma-cihazi-3-filtre-0052-2","28":"product_tag-h-max-inline-kapali-kasa-su-aritma-cihazi-filtre","29":"product_tag-h-max-inline-kapali-kasa-su-aritma-cihazi-filtre-2","30":"product_tag-h-max-inline-kapali-kasa-su-aritma-cihazi-filtre-0052","31":"product_tag-h-max-inline-kapali-kasa-su-aritma-cihazi-filtre-0052-2","32":"product_tag-h-max-inline-kapali-kasa-su-aritma-cihazi-ilk","33":"product_tag-h-max-inline-kapali-kasa-su-aritma-cihazi-ilk-2","34":"product_tag-h-max-inline-kapali-kasa-su-aritma-cihazi-ilk-0052","35":"product_tag-h-max-inline-kapali-kasa-su-aritma-cihazi-ilk-0052-2","36":"product_tag-h-max-inline-kapali-kasa-su-aritma-cihazi-ilk-3","37":"product_tag-h-max-inline-kapali-kasa-su-aritma-cihazi-ilk-3-2","38":"product_tag-h-max-inline-kapali-kasa-su-aritma-cihazi-ilk-3-0052","39":"product_tag-h-max-inline-kapali-kasa-su-aritma-cihazi-ilk-3-0052-2","40":"product_tag-h-max-inline-kapali-kasa-su-aritma-cihazi-ilk-3-filtre","41":"product_tag-h-max-inline-kapali-kasa-su-aritma-cihazi-ilk-3-filtre-2","42":"product_tag-h-max-inline-kapali-kasa-su-aritma-cihazi-ilk-3-filtre-0052","43":"product_tag-h-max-inline-kapali-kasa-su-aritma-cihazi-ilk-3-filtre-0052-2","44":"product_tag-h-max-inline-kapali-kasa-su-aritma-cihazi-ilk-filtre","45":"product_tag-h-max-inline-kapali-kasa-su-aritma-cihazi-ilk-filtre-2","46":"product_tag-h-max-inline-kapali-kasa-su-aritma-cihazi-ilk-filtre-0052","47":"product_tag-h-max-inline-kapali-kasa-su-aritma-cihazi-ilk-filtre-0052-2","48":"product_tag-inline-set","49":"product_tag-kapali-kasa-3-lu-inline-set","50":"product_tag-kapali-kasa-cihaz-3lu-filtre","51":"product_tag-kapali-kasa-filtre","52":"product_tag-kapali-kasa-su-aritma-3-lu-filtre-seti","53":"product_tag-on-filtre","54":"product_tag-su-aritma","55":"product_tag-su-aritma-3-lu-set","56":"product_tag-su-aritma-3lu","57":"product_tag-su-aritma-3lu-set","58":"product_tag-su-aritma-kapali-kasa-filtre-seti","60":"first","61":"instock","62":"sale","63":"shipping-taxable","64":"purchasable","65":"product-type-simple"},"_links":{"self":[{"href":"https:\/\/anilcanbay.com\/hanedan\/wp-json\/wp\/v2\/product\/29017","targetHints":{"allow":["GET"]}}],"collection":[{"href":"https:\/\/anilcanbay.com\/hanedan\/wp-json\/wp\/v2\/product"}],"about":[{"href":"https:\/\/anilcanbay.com\/hanedan\/wp-json\/wp\/v2\/types\/product"}],"replies":[{"embeddable":true,"href":"https:\/\/anilcanbay.com\/hanedan\/wp-json\/wp\/v2\/comments?post=29017"}],"version-history":[{"count":1,"href":"https:\/\/anilcanbay.com\/hanedan\/wp-json\/wp\/v2\/product\/29017\/revisions"}],"predecessor-version":[{"id":29047,"href":"https:\/\/anilcanbay.com\/hanedan\/wp-json\/wp\/v2\/product\/29017\/revisions\/29047"}],"wp:featuredmedia":[{"embeddable":true,"href":"https:\/\/anilcanbay.com\/hanedan\/wp-json\/wp\/v2\/media\/29722"}],"wp:attachment":[{"href":"https:\/\/anilcanbay.com\/hanedan\/wp-json\/wp\/v2\/media?parent=29017"}],"wp:term":[{"taxonomy":"product_brand","embeddable":true,"href":"https:\/\/anilcanbay.com\/hanedan\/wp-json\/wp\/v2\/product_brand?post=29017"},{"taxonomy":"product_cat","embeddable":true,"href":"https:\/\/anilcanbay.com\/hanedan\/wp-json\/wp\/v2\/product_cat?post=29017"},{"taxonomy":"product_tag","embeddable":true,"href":"https:\/\/anilcanbay.com\/hanedan\/wp-json\/wp\/v2\/product_tag?post=29017"}],"curies":[{"name":"wp","href":"https:\/\/api.w.org\/{rel}","templated":true}]}}