{"id":29018,"date":"2026-04-01T19:57:44","date_gmt":"2026-04-01T16:57:44","guid":{"rendered":"https:\/\/anilcanbay.com\/hanedan\/?post_type=product&#038;p=29018"},"modified":"2026-04-07T10:56:21","modified_gmt":"2026-04-07T07:56:21","slug":"h-max-kapali-kasa-su-aritma-cihazi-4lu-filtre-seti-0053","status":"publish","type":"product","link":"https:\/\/anilcanbay.com\/hanedan\/product\/h-max-kapali-kasa-su-aritma-cihazi-4lu-filtre-seti-0053\/","title":{"rendered":"H-Max Kapal\u0131 Kasa Su Ar\u0131tma Cihaz\u0131 4&#8217;l\u00fc Filtre Seti &#8211; 0053"},"content":{"rendered":"<p><strong>\u00d6nemli Uyar\u0131!<\/strong><\/p>\n<p>\u00dcr\u00fcn\u00fcn montaj\u0131 s\u0131ras\u0131nda en \u00f6nemli nokta filtre y\u0131kama a\u015famas\u0131d\u0131r. 2. filtrede bulunan carbonlar\u0131n di\u011fer filtrelere gitmemesi ve filtre ve di\u011fer aksanlar\u0131 t\u0131kamamas\u0131 i\u00e7in yap\u0131lmas\u0131 gereken en \u00f6nemli i\u015flem ilk 3 filtrenin y\u0131kamas\u0131d\u0131r.<\/p>\n<p>\u0130lk 3 filtrenin y\u0131kamas\u0131n\u0131 do\u011fru bir \u015fekilde yapt\u0131ktan sonra cihaz doldur bo\u015falt yap\u0131lmal\u0131d\u0131r. D\u00fczg\u00fcn bir \u015fekilde montaj\u0131 yap\u0131lmayan \u00fcr\u00fcn cihaz\u0131n\u0131z\u0131 bozacakt\u0131r.<\/p>\n<p>Daha Kaliteli bir su t\u00fcketimi i\u00e7in s\u00fcper membran\u0131 \u00f6neriyoruz!<\/p>\n<p>\u00dcr\u00fcn \u0130\u00e7eri\u011fi 1 Adet H-MAX 1 Micron Sediment Filtre<\/p>\n<p>1 Adet H-MAX 5 Micron Sediment Filtre<\/p>\n<p>1 Adet H-MAX GAC Karbon Filtre<\/p>\n<p>1 Adet H-MAX Tatland\u0131r\u0131c\u0131 Filtre<\/p>\n<p>7 Adet L , 1 Adet T Dirsek ; Kutu i\u00e7erisinde bulunmaktad\u0131r.<\/p>\n<p>\u0130nline Filtrelerimiz 12 inc dir. 27 cm y\u00fcksekli\u011fi, 6,5 cm \u00e7ap\u0131 bulunmaktad\u0131r. Mineral, tatland\u0131r\u0131c\u0131 ve alkali filtrelerimiz 26 cm y\u00fcksekli\u011fe ve 5 cm \u00e7apa sahiptir. \u00dcretim ve da\u011f\u0131t\u0131mlar\u0131 Hanedan Su Ar\u0131tma ve Hmax Ar\u0131t\u0131m taraf\u0131ndan yap\u0131lmaktad\u0131r. \u00fcr\u00fcnler taraf\u0131m\u0131zca sa\u011flanmaktad\u0131r.<\/p>\n","protected":false},"excerpt":{"rendered":"<h2>H-MAX 4&#8217;l\u00fc setini olu\u015fturan 3 adet inline filtre, post carbon tatland\u0131r\u0131c\u0131 filtre ve gerekli t\u00fcm ba\u011flant\u0131 par\u00e7alar\u0131n\u0131 i\u00e7erir.<\/h2>\n","protected":false},"featured_media":29712,"comment_status":"open","ping_status":"closed","template":"","meta":{"inline_featured_image":false},"product_brand":[2850],"product_cat":[2841,2840],"product_tag":[89,129,130,131,132,165,166,171,172,173,167,168,169,170,174,175,176,177,133,162,163,164,134,147,148,149,135,140,141,142,136,137,138,139,143,144,145,146,150,155,156,157,151,152,153,154,158,159,160,161],"class_list":{"0":"post-29018","1":"product","2":"type-product","3":"status-publish","4":"has-post-thumbnail","6":"product_brand-h-max-reverse-osmosis-system","7":"product_cat-kapali-kasa-su-aritma-filtreleri","8":"product_cat-su-aritma-filtreleri","9":"product_tag-h-max","10":"product_tag-h-max-kapali","11":"product_tag-h-max-kapali-kasa","12":"product_tag-h-max-kapali-kasa-su","13":"product_tag-h-max-kapali-kasa-su-aritma","14":"product_tag-h-max-kapali-kasa-su-aritma-4lu","15":"product_tag-h-max-kapali-kasa-su-aritma-4lu-filtre","16":"product_tag-h-max-kapali-kasa-su-aritma-4lu-filtre-2","17":"product_tag-h-max-kapali-kasa-su-aritma-4lu-filtre-0053","18":"product_tag-h-max-kapali-kasa-su-aritma-4lu-filtre-0053-2","19":"product_tag-h-max-kapali-kasa-su-aritma-4lu-filtre-seti","20":"product_tag-h-max-kapali-kasa-su-aritma-4lu-filtre-seti-2","21":"product_tag-h-max-kapali-kasa-su-aritma-4lu-filtre-seti-0053","22":"product_tag-h-max-kapali-kasa-su-aritma-4lu-filtre-seti-0053-2","23":"product_tag-h-max-kapali-kasa-su-aritma-4lu-seti","24":"product_tag-h-max-kapali-kasa-su-aritma-4lu-seti-2","25":"product_tag-h-max-kapali-kasa-su-aritma-4lu-seti-0053","26":"product_tag-h-max-kapali-kasa-su-aritma-4lu-seti-0053-2","27":"product_tag-h-max-kapali-kasa-su-aritma-cihazi","28":"product_tag-h-max-kapali-kasa-su-aritma-cihazi-2","29":"product_tag-h-max-kapali-kasa-su-aritma-cihazi-0053","30":"product_tag-h-max-kapali-kasa-su-aritma-cihazi-0053-2","31":"product_tag-h-max-kapali-kasa-su-aritma-cihazi-4lu","32":"product_tag-h-max-kapali-kasa-su-aritma-cihazi-4lu-2","33":"product_tag-h-max-kapali-kasa-su-aritma-cihazi-4lu-0053","34":"product_tag-h-max-kapali-kasa-su-aritma-cihazi-4lu-0053-2","35":"product_tag-h-max-kapali-kasa-su-aritma-cihazi-4lu-filtre","36":"product_tag-h-max-kapali-kasa-su-aritma-cihazi-4lu-filtre-2","37":"product_tag-h-max-kapali-kasa-su-aritma-cihazi-4lu-filtre-0053","38":"product_tag-h-max-kapali-kasa-su-aritma-cihazi-4lu-filtre-0053-2","39":"product_tag-h-max-kapali-kasa-su-aritma-cihazi-4lu-filtre-seti","40":"product_tag-h-max-kapali-kasa-su-aritma-cihazi-4lu-filtre-seti-2","41":"product_tag-h-max-kapali-kasa-su-aritma-cihazi-4lu-filtre-seti-0053","42":"product_tag-h-max-kapali-kasa-su-aritma-cihazi-4lu-filtre-seti-0053-2","43":"product_tag-h-max-kapali-kasa-su-aritma-cihazi-4lu-seti","44":"product_tag-h-max-kapali-kasa-su-aritma-cihazi-4lu-seti-2","45":"product_tag-h-max-kapali-kasa-su-aritma-cihazi-4lu-seti-0053","46":"product_tag-h-max-kapali-kasa-su-aritma-cihazi-4lu-seti-0053-2","47":"product_tag-h-max-kapali-kasa-su-aritma-cihazi-filtre","48":"product_tag-h-max-kapali-kasa-su-aritma-cihazi-filtre-2","49":"product_tag-h-max-kapali-kasa-su-aritma-cihazi-filtre-0053","50":"product_tag-h-max-kapali-kasa-su-aritma-cihazi-filtre-0053-2","51":"product_tag-h-max-kapali-kasa-su-aritma-cihazi-filtre-seti","52":"product_tag-h-max-kapali-kasa-su-aritma-cihazi-filtre-seti-2","53":"product_tag-h-max-kapali-kasa-su-aritma-cihazi-filtre-seti-0053","54":"product_tag-h-max-kapali-kasa-su-aritma-cihazi-filtre-seti-0053-2","55":"product_tag-h-max-kapali-kasa-su-aritma-cihazi-seti","56":"product_tag-h-max-kapali-kasa-su-aritma-cihazi-seti-2","57":"product_tag-h-max-kapali-kasa-su-aritma-cihazi-seti-0053","58":"product_tag-h-max-kapali-kasa-su-aritma-cihazi-seti-0053-2","60":"first","61":"instock","62":"sale","63":"shipping-taxable","64":"purchasable","65":"product-type-simple"},"_links":{"self":[{"href":"https:\/\/anilcanbay.com\/hanedan\/wp-json\/wp\/v2\/product\/29018","targetHints":{"allow":["GET"]}}],"collection":[{"href":"https:\/\/anilcanbay.com\/hanedan\/wp-json\/wp\/v2\/product"}],"about":[{"href":"https:\/\/anilcanbay.com\/hanedan\/wp-json\/wp\/v2\/types\/product"}],"replies":[{"embeddable":true,"href":"https:\/\/anilcanbay.com\/hanedan\/wp-json\/wp\/v2\/comments?post=29018"}],"version-history":[{"count":1,"href":"https:\/\/anilcanbay.com\/hanedan\/wp-json\/wp\/v2\/product\/29018\/revisions"}],"predecessor-version":[{"id":29048,"href":"https:\/\/anilcanbay.com\/hanedan\/wp-json\/wp\/v2\/product\/29018\/revisions\/29048"}],"wp:featuredmedia":[{"embeddable":true,"href":"https:\/\/anilcanbay.com\/hanedan\/wp-json\/wp\/v2\/media\/29712"}],"wp:attachment":[{"href":"https:\/\/anilcanbay.com\/hanedan\/wp-json\/wp\/v2\/media?parent=29018"}],"wp:term":[{"taxonomy":"product_brand","embeddable":true,"href":"https:\/\/anilcanbay.com\/hanedan\/wp-json\/wp\/v2\/product_brand?post=29018"},{"taxonomy":"product_cat","embeddable":true,"href":"https:\/\/anilcanbay.com\/hanedan\/wp-json\/wp\/v2\/product_cat?post=29018"},{"taxonomy":"product_tag","embeddable":true,"href":"https:\/\/anilcanbay.com\/hanedan\/wp-json\/wp\/v2\/product_tag?post=29018"}],"curies":[{"name":"wp","href":"https:\/\/api.w.org\/{rel}","templated":true}]}}