{"id":29019,"date":"2026-04-01T19:57:44","date_gmt":"2026-04-01T16:57:44","guid":{"rendered":"https:\/\/anilcanbay.com\/hanedan\/?post_type=product&#038;p=29019"},"modified":"2026-04-07T10:59:52","modified_gmt":"2026-04-07T07:59:52","slug":"h-max-75-gpd-membranli-kapali-kasa-su-aritma-cihazi-5li-filtre-seti-0054","status":"publish","type":"product","link":"https:\/\/anilcanbay.com\/hanedan\/product\/h-max-75-gpd-membranli-kapali-kasa-su-aritma-cihazi-5li-filtre-seti-0054\/","title":{"rendered":"H-max 75 Gpd Membranl\u0131 Kapal\u0131 Kasa Su Ar\u0131tma Cihaz\u0131 5&#8217;li Filtre Seti &#8211; 0054"},"content":{"rendered":"<p><b><i>\u00d6nemli Uyar\u0131! \u00dcr\u00fcn\u00fcn montaj\u0131 s\u0131ras\u0131nda en \u00f6nemli nokta filtre y\u0131kama a\u015famas\u0131d\u0131r. 2. filtrede bulunan carbonlar\u0131n di\u011fer filtrelere gitmemesi ve filtre ve di\u011fer aksanlar\u0131 t\u0131kamamas\u0131 i\u00e7in yap\u0131lmas\u0131 gereken en \u00f6nemli i\u015flem ilk 3 filtrenin y\u0131kamas\u0131d\u0131r.<\/i><\/b><\/p>\n<p><b><i>\u0130lk 3 filtrenin y\u0131kamas\u0131n\u0131 do\u011fru bir \u015fekilde yapt\u0131ktan sonra cihaz doldur bo\u015falt yap\u0131lmal\u0131d\u0131r.&nbsp;D\u00fczg\u00fcn bir \u015fekilde montaj\u0131 yap\u0131lmayan \u00fcr\u00fcn cihaz\u0131n\u0131z\u0131 bozacakt\u0131r.<\/i><\/b><\/p>\n<p>\u00dcr\u00fcn \u0130\u00e7eri\u011fi<\/p>\n<ul>\n<li>&nbsp;1 Adet H-MAX 1 Micron Sediment Filtre<\/li>\n<li>&nbsp;1 Adet H-MAX 5 Micron Sediment Filtre<\/li>\n<li>&nbsp;1 Adet H-MAX GAC Karbon Filtre<\/li>\n<li>&nbsp;1 Adet H-MAX Tatland\u0131r\u0131c\u0131 Filtre<\/li>\n<li>&nbsp;1 Adet Hmax Membran Filtre<\/li>\n<li>&nbsp;<u>&nbsp;7&nbsp;<\/u>&nbsp;<u>Adet L , 1 Adet T Dirsek<\/u>&nbsp;Kutu i\u00e7erisinde bulunmaktad\u0131r.<\/li>\n<\/ul>\n<p>&nbsp;<\/p>\n<p><b>\u0130nline Filtrelerimiz 12 inc dir. 27 cm y\u00fcksekli\u011fi, 6,5 cm \u00e7ap\u0131 bulunmaktad\u0131r.<\/b><\/p>\n<p>&nbsp;<\/p>\n<p><b>Mineral, tatland\u0131r\u0131c\u0131 ve alkali filtrelerimiz 26 cm y\u00fcksekli\u011fe ve 5 cm \u00e7apa sahiptir.<\/b><\/p>\n<p>&nbsp;<\/p>\n<p><b><i><u>\u00dcretim ve da\u011f\u0131t\u0131mlar\u0131 Hanedan Su Ar\u0131tma ve Hmax Ar\u0131t\u0131m taraf\u0131ndan yap\u0131lmaktad\u0131r. Orijinal \u00fcr\u00fcnler taraf\u0131m\u0131zca sa\u011flanmaktad\u0131r.<\/u><\/i><\/b><\/p>\n<p>&nbsp;<\/p>\n<p>&nbsp;<\/p>\n<p>&nbsp;<\/p>\n","protected":false},"excerpt":{"rendered":"<h2>H-MAX \u0130nline 3&#8217;l\u00fc filtre, H-MAX Post Carbon, H-MAX 75 GPD Membran ve gerekli t\u00fcm ba\u011flant\u0131 par\u00e7alar\u0131n\u0131 i\u00e7erir.<\/h2>\n","protected":false},"featured_media":29717,"comment_status":"open","ping_status":"closed","template":"","meta":{"inline_featured_image":false},"product_brand":[2850],"product_cat":[2841,2840],"product_tag":[186,185,183,187,89,191,192,193,194,195,196,197,198,199,212,213,214,200,205,206,207,201,202,203,204,208,209,210,211,215,220,221,222,216,217,218,219,223,224,225,226,179,180,181,182,178,184,188,189,190],"class_list":{"0":"post-29019","1":"product","2":"type-product","3":"status-publish","4":"has-post-thumbnail","6":"product_brand-h-max-reverse-osmosis-system","7":"product_cat-kapali-kasa-su-aritma-filtreleri","8":"product_cat-su-aritma-filtreleri","9":"product_tag-5-filtre","10":"product_tag-5li-filtre-seti","11":"product_tag-cebelion-silver-uyumlu-filtre-seti","12":"product_tag-filtre-setleri","13":"product_tag-h-max","14":"product_tag-h-max-75","15":"product_tag-h-max-75-gpd","16":"product_tag-h-max-75-gpd-membranli","17":"product_tag-h-max-75-gpd-membranli-kapali","18":"product_tag-h-max-75-gpd-membranli-kapali-kasa","19":"product_tag-h-max-75-gpd-membranli-kapali-kasa-su","20":"product_tag-h-max-75-gpd-membranli-kapali-kasa-su-aritma","21":"product_tag-h-max-75-gpd-membranli-kapali-kasa-su-aritma-cihazi","22":"product_tag-h-max-75-gpd-membranli-kapali-kasa-su-aritma-cihazi-5li","23":"product_tag-h-max-75-gpd-membranli-kapali-kasa-su-aritma-cihazi-5li-2","24":"product_tag-h-max-75-gpd-membranli-kapali-kasa-su-aritma-cihazi-5li-0054","25":"product_tag-h-max-75-gpd-membranli-kapali-kasa-su-aritma-cihazi-5li-0054-2","26":"product_tag-h-max-75-gpd-membranli-kapali-kasa-su-aritma-cihazi-5li-filtre","27":"product_tag-h-max-75-gpd-membranli-kapali-kasa-su-aritma-cihazi-5li-filtre-2","28":"product_tag-h-max-75-gpd-membranli-kapali-kasa-su-aritma-cihazi-5li-filtre-0054","29":"product_tag-h-max-75-gpd-membranli-kapali-kasa-su-aritma-cihazi-5li-filtre-0054-2","30":"product_tag-h-max-75-gpd-membranli-kapali-kasa-su-aritma-cihazi-5li-filtre-seti","31":"product_tag-h-max-75-gpd-membranli-kapali-kasa-su-aritma-cihazi-5li-filtre-seti-2","32":"product_tag-h-max-75-gpd-membranli-kapali-kasa-su-aritma-cihazi-5li-filtre-seti-0054","33":"product_tag-h-max-75-gpd-membranli-kapali-kasa-su-aritma-cihazi-5li-filtre-seti-0054-2","34":"product_tag-h-max-75-gpd-membranli-kapali-kasa-su-aritma-cihazi-5li-seti","35":"product_tag-h-max-75-gpd-membranli-kapali-kasa-su-aritma-cihazi-5li-seti-2","36":"product_tag-h-max-75-gpd-membranli-kapali-kasa-su-aritma-cihazi-5li-seti-0054","37":"product_tag-h-max-75-gpd-membranli-kapali-kasa-su-aritma-cihazi-5li-seti-0054-2","38":"product_tag-h-max-75-gpd-membranli-kapali-kasa-su-aritma-cihazi-filtre","39":"product_tag-h-max-75-gpd-membranli-kapali-kasa-su-aritma-cihazi-filtre-2","40":"product_tag-h-max-75-gpd-membranli-kapali-kasa-su-aritma-cihazi-filtre-0054","41":"product_tag-h-max-75-gpd-membranli-kapali-kasa-su-aritma-cihazi-filtre-0054-2","42":"product_tag-h-max-75-gpd-membranli-kapali-kasa-su-aritma-cihazi-filtre-seti","43":"product_tag-h-max-75-gpd-membranli-kapali-kasa-su-aritma-cihazi-filtre-seti-2","44":"product_tag-h-max-75-gpd-membranli-kapali-kasa-su-aritma-cihazi-filtre-seti-0054","45":"product_tag-h-max-75-gpd-membranli-kapali-kasa-su-aritma-cihazi-filtre-seti-0054-2","46":"product_tag-h-max-75-gpd-membranli-kapali-kasa-su-aritma-cihazi-seti","47":"product_tag-h-max-75-gpd-membranli-kapali-kasa-su-aritma-cihazi-seti-2","48":"product_tag-h-max-75-gpd-membranli-kapali-kasa-su-aritma-cihazi-seti-0054","49":"product_tag-h-max-75-gpd-membranli-kapali-kasa-su-aritma-cihazi-seti-0054-2","50":"product_tag-hanedan-5li-filtre-seti","51":"product_tag-hmax-5li-filtre-seti","52":"product_tag-hmax-5li-set","53":"product_tag-hmax-filtre","54":"product_tag-ihlas-auro-cebelion-plus-uyumlu","55":"product_tag-ihlas-uyumlu-filtre-seti","56":"product_tag-su-aritma-cihazi-5li-filtre-seti","57":"product_tag-su-aritma-cihazi-filtresi","58":"product_tag-su-aritma-filtresi","60":"first","61":"instock","62":"sale","63":"shipping-taxable","64":"purchasable","65":"product-type-simple"},"_links":{"self":[{"href":"https:\/\/anilcanbay.com\/hanedan\/wp-json\/wp\/v2\/product\/29019","targetHints":{"allow":["GET"]}}],"collection":[{"href":"https:\/\/anilcanbay.com\/hanedan\/wp-json\/wp\/v2\/product"}],"about":[{"href":"https:\/\/anilcanbay.com\/hanedan\/wp-json\/wp\/v2\/types\/product"}],"replies":[{"embeddable":true,"href":"https:\/\/anilcanbay.com\/hanedan\/wp-json\/wp\/v2\/comments?post=29019"}],"version-history":[{"count":1,"href":"https:\/\/anilcanbay.com\/hanedan\/wp-json\/wp\/v2\/product\/29019\/revisions"}],"predecessor-version":[{"id":29049,"href":"https:\/\/anilcanbay.com\/hanedan\/wp-json\/wp\/v2\/product\/29019\/revisions\/29049"}],"wp:featuredmedia":[{"embeddable":true,"href":"https:\/\/anilcanbay.com\/hanedan\/wp-json\/wp\/v2\/media\/29717"}],"wp:attachment":[{"href":"https:\/\/anilcanbay.com\/hanedan\/wp-json\/wp\/v2\/media?parent=29019"}],"wp:term":[{"taxonomy":"product_brand","embeddable":true,"href":"https:\/\/anilcanbay.com\/hanedan\/wp-json\/wp\/v2\/product_brand?post=29019"},{"taxonomy":"product_cat","embeddable":true,"href":"https:\/\/anilcanbay.com\/hanedan\/wp-json\/wp\/v2\/product_cat?post=29019"},{"taxonomy":"product_tag","embeddable":true,"href":"https:\/\/anilcanbay.com\/hanedan\/wp-json\/wp\/v2\/product_tag?post=29019"}],"curies":[{"name":"wp","href":"https:\/\/api.w.org\/{rel}","templated":true}]}}