{"id":29021,"date":"2026-04-01T19:57:45","date_gmt":"2026-04-01T16:57:45","guid":{"rendered":"https:\/\/anilcanbay.com\/hanedan\/?post_type=product&#038;p=29021"},"modified":"2026-04-07T10:48:06","modified_gmt":"2026-04-07T07:48:06","slug":"h-max-75-gpd-membranli-kapali-kasa-su-aritma-cihazi-6li-filtre-seti-0057","status":"publish","type":"product","link":"https:\/\/anilcanbay.com\/hanedan\/product\/h-max-75-gpd-membranli-kapali-kasa-su-aritma-cihazi-6li-filtre-seti-0057\/","title":{"rendered":"H-max 75 Gpd Membranl\u0131 Kapal\u0131 Kasa Su Ar\u0131tma Cihaz\u0131 6&#8217;l\u0131 Filtre Seti &#8211; 0057"},"content":{"rendered":"<ul>\n<li>\n<h4>\u0130lk 3 filtrenin y\u0131kamas\u0131n\u0131 do\u011fru bir \u015fekilde yapt\u0131ktan sonra cihaz doldur bo\u015falt yap\u0131lmal\u0131d\u0131r. D\u00fczg\u00fcn bir \u015fekilde montaj\u0131 yap\u0131lmayan \u00fcr\u00fcn cihaz\u0131n\u0131z\u0131 bozacakt\u0131r. Daha Kaliteli bir su t\u00fcketimi i\u00e7in s\u00fcper membran\u0131 \u00f6neriyoruz!<\/h4>\n<\/li>\n<li>&nbsp;<\/li>\n<li>\n<h3><strong>\u00dcr\u00fcn \u0130\u00e7eri\u011fi<\/strong><\/h3>\n<\/li>\n<li>1 Adet H-MAX 1 Micron Sediment Filtre<\/li>\n<li>1 Adet H-MAX 5 Micron Sediment Filtre<\/li>\n<li>1 Adet H-MAX GAC Karbon Filtre<\/li>\n<li>1 Adet H-MAX Tatland\u0131r\u0131c\u0131 Filtre<\/li>\n<li>1 Adet Multimineral Filtre<\/li>\n<li>1 Adet 75 GPD H-MAX Membran&nbsp;Filtre<\/li>\n<li>9 Adet L , 1 Adet T Dirsek<\/li>\n<li>Kutu i\u00e7erisinde bulunmaktad\u0131r. \u0130nline Filtrelerimiz 12 inc dir. 27 cm y\u00fcksekli\u011fi, 6,5 cm \u00e7ap\u0131 bulunmaktad\u0131r. Mineral, tatland\u0131r\u0131c\u0131 ve alkali filtrelerimiz 26 cm y\u00fcksekli\u011fe ve 5 cm \u00e7apa sahiptir. \u00dcretim ve da\u011f\u0131t\u0131mlar\u0131 Hanedan Su Ar\u0131tma ve Hmax Ar\u0131t\u0131m taraf\u0131ndan yap\u0131lmaktad\u0131r. \u00fcr\u00fcnler taraf\u0131m\u0131zca sa\u011flanmaktad\u0131r<\/li>\n<\/ul>\n","protected":false},"excerpt":{"rendered":"<h2>H-MAX \u0130nline 3&#8217;l\u00fc filtre, H-MAX Post Carbon, Multimineral Filtre,&nbsp;H-MAX 75 GPD Membran ve gerekli t\u00fcm ba\u011flant\u0131 par\u00e7alar\u0131n\u0131 i\u00e7erir.<\/h2>\n","protected":false},"featured_media":29698,"comment_status":"open","ping_status":"closed","template":"","meta":{"inline_featured_image":false},"product_brand":[2850],"product_cat":[2841,2840],"product_tag":[271,270,269,89,191,192,193,194,195,196,197,198,298,299,300,276,289,290,291,277,282,283,284,278,279,280,281,285,286,287,288,215,220,294,295,216,217,292,293,223,224,296,297,273,274,268,275,272,189,190],"class_list":{"0":"post-29021","1":"product","2":"type-product","3":"status-publish","4":"has-post-thumbnail","6":"product_brand-h-max-reverse-osmosis-system","7":"product_cat-kapali-kasa-su-aritma-filtreleri","8":"product_cat-su-aritma-filtreleri","9":"product_tag-6-filtre","10":"product_tag-6li-filtre-seti-2","11":"product_tag-6li-filtre-seti","12":"product_tag-h-max","13":"product_tag-h-max-75","14":"product_tag-h-max-75-gpd","15":"product_tag-h-max-75-gpd-membranli","16":"product_tag-h-max-75-gpd-membranli-kapali","17":"product_tag-h-max-75-gpd-membranli-kapali-kasa","18":"product_tag-h-max-75-gpd-membranli-kapali-kasa-su","19":"product_tag-h-max-75-gpd-membranli-kapali-kasa-su-aritma","20":"product_tag-h-max-75-gpd-membranli-kapali-kasa-su-aritma-cihazi","21":"product_tag-h-max-75-gpd-membranli-kapali-kasa-su-aritma-cihazi-2","22":"product_tag-h-max-75-gpd-membranli-kapali-kasa-su-aritma-cihazi-0057","23":"product_tag-h-max-75-gpd-membranli-kapali-kasa-su-aritma-cihazi-0057-2","24":"product_tag-h-max-75-gpd-membranli-kapali-kasa-su-aritma-cihazi-6li","25":"product_tag-h-max-75-gpd-membranli-kapali-kasa-su-aritma-cihazi-6li-2","26":"product_tag-h-max-75-gpd-membranli-kapali-kasa-su-aritma-cihazi-6li-0057","27":"product_tag-h-max-75-gpd-membranli-kapali-kasa-su-aritma-cihazi-6li-0057-2","28":"product_tag-h-max-75-gpd-membranli-kapali-kasa-su-aritma-cihazi-6li-filtre","29":"product_tag-h-max-75-gpd-membranli-kapali-kasa-su-aritma-cihazi-6li-filtre-2","30":"product_tag-h-max-75-gpd-membranli-kapali-kasa-su-aritma-cihazi-6li-filtre-0057","31":"product_tag-h-max-75-gpd-membranli-kapali-kasa-su-aritma-cihazi-6li-filtre-0057-2","32":"product_tag-h-max-75-gpd-membranli-kapali-kasa-su-aritma-cihazi-6li-filtre-seti","33":"product_tag-h-max-75-gpd-membranli-kapali-kasa-su-aritma-cihazi-6li-filtre-seti-2","34":"product_tag-h-max-75-gpd-membranli-kapali-kasa-su-aritma-cihazi-6li-filtre-seti-0057","35":"product_tag-h-max-75-gpd-membranli-kapali-kasa-su-aritma-cihazi-6li-filtre-seti-0057-2","36":"product_tag-h-max-75-gpd-membranli-kapali-kasa-su-aritma-cihazi-6li-seti","37":"product_tag-h-max-75-gpd-membranli-kapali-kasa-su-aritma-cihazi-6li-seti-2","38":"product_tag-h-max-75-gpd-membranli-kapali-kasa-su-aritma-cihazi-6li-seti-0057","39":"product_tag-h-max-75-gpd-membranli-kapali-kasa-su-aritma-cihazi-6li-seti-0057-2","40":"product_tag-h-max-75-gpd-membranli-kapali-kasa-su-aritma-cihazi-filtre","41":"product_tag-h-max-75-gpd-membranli-kapali-kasa-su-aritma-cihazi-filtre-2","42":"product_tag-h-max-75-gpd-membranli-kapali-kasa-su-aritma-cihazi-filtre-0057","43":"product_tag-h-max-75-gpd-membranli-kapali-kasa-su-aritma-cihazi-filtre-0057-2","44":"product_tag-h-max-75-gpd-membranli-kapali-kasa-su-aritma-cihazi-filtre-seti","45":"product_tag-h-max-75-gpd-membranli-kapali-kasa-su-aritma-cihazi-filtre-seti-2","46":"product_tag-h-max-75-gpd-membranli-kapali-kasa-su-aritma-cihazi-filtre-seti-0057","47":"product_tag-h-max-75-gpd-membranli-kapali-kasa-su-aritma-cihazi-filtre-seti-0057-2","48":"product_tag-h-max-75-gpd-membranli-kapali-kasa-su-aritma-cihazi-seti","49":"product_tag-h-max-75-gpd-membranli-kapali-kasa-su-aritma-cihazi-seti-2","50":"product_tag-h-max-75-gpd-membranli-kapali-kasa-su-aritma-cihazi-seti-0057","51":"product_tag-h-max-75-gpd-membranli-kapali-kasa-su-aritma-cihazi-seti-0057-2","52":"product_tag-ihlas-cebelion-uyumlu-set","53":"product_tag-ihlas-uyumlu","54":"product_tag-mineralli-su-aritma-filtre-seti","55":"product_tag-silver-uyumlu","56":"product_tag-su-aritma-cihazi-filtre-seti-6li","57":"product_tag-su-aritma-cihazi-filtresi","58":"product_tag-su-aritma-filtresi","60":"first","61":"instock","62":"sale","63":"shipping-taxable","64":"purchasable","65":"product-type-simple"},"_links":{"self":[{"href":"https:\/\/anilcanbay.com\/hanedan\/wp-json\/wp\/v2\/product\/29021","targetHints":{"allow":["GET"]}}],"collection":[{"href":"https:\/\/anilcanbay.com\/hanedan\/wp-json\/wp\/v2\/product"}],"about":[{"href":"https:\/\/anilcanbay.com\/hanedan\/wp-json\/wp\/v2\/types\/product"}],"replies":[{"embeddable":true,"href":"https:\/\/anilcanbay.com\/hanedan\/wp-json\/wp\/v2\/comments?post=29021"}],"version-history":[{"count":1,"href":"https:\/\/anilcanbay.com\/hanedan\/wp-json\/wp\/v2\/product\/29021\/revisions"}],"predecessor-version":[{"id":29051,"href":"https:\/\/anilcanbay.com\/hanedan\/wp-json\/wp\/v2\/product\/29021\/revisions\/29051"}],"wp:featuredmedia":[{"embeddable":true,"href":"https:\/\/anilcanbay.com\/hanedan\/wp-json\/wp\/v2\/media\/29698"}],"wp:attachment":[{"href":"https:\/\/anilcanbay.com\/hanedan\/wp-json\/wp\/v2\/media?parent=29021"}],"wp:term":[{"taxonomy":"product_brand","embeddable":true,"href":"https:\/\/anilcanbay.com\/hanedan\/wp-json\/wp\/v2\/product_brand?post=29021"},{"taxonomy":"product_cat","embeddable":true,"href":"https:\/\/anilcanbay.com\/hanedan\/wp-json\/wp\/v2\/product_cat?post=29021"},{"taxonomy":"product_tag","embeddable":true,"href":"https:\/\/anilcanbay.com\/hanedan\/wp-json\/wp\/v2\/product_tag?post=29021"}],"curies":[{"name":"wp","href":"https:\/\/api.w.org\/{rel}","templated":true}]}}