{"id":29022,"date":"2026-04-01T19:57:45","date_gmt":"2026-04-01T16:57:45","guid":{"rendered":"https:\/\/anilcanbay.com\/hanedan\/?post_type=product&#038;p=29022"},"modified":"2026-04-07T10:50:33","modified_gmt":"2026-04-07T07:50:33","slug":"h-max-80-gpd-hmax-membranli-kapali-kasa-su-aritma-cihazi-6li-filtre-seti-0058","status":"publish","type":"product","link":"https:\/\/anilcanbay.com\/hanedan\/product\/h-max-80-gpd-hmax-membranli-kapali-kasa-su-aritma-cihazi-6li-filtre-seti-0058\/","title":{"rendered":"H-max 80 GPD HMAX Membranl\u0131 Kapal\u0131 Kasa Su Ar\u0131tma Cihaz\u0131 6&#8217;l\u0131 Filtre Seti &#8211; 0058"},"content":{"rendered":"<ul>\n<li>\n<h4>\u0130lk 3 filtrenin y\u0131kamas\u0131n\u0131 do\u011fru bir \u015fekilde yapt\u0131ktan sonra cihaz doldur bo\u015falt yap\u0131lmal\u0131d\u0131r. D\u00fczg\u00fcn bir \u015fekilde montaj\u0131 yap\u0131lmayan \u00fcr\u00fcn cihaz\u0131n\u0131z\u0131 bozacakt\u0131r. Daha Kaliteli bir su t\u00fcketimi i\u00e7in s\u00fcper membran\u0131 \u00f6neriyoruz!<\/h4>\n<\/li>\n<li>&nbsp;<\/li>\n<li>\n<h3><strong>\u00dcr\u00fcn \u0130\u00e7eri\u011fi<\/strong><\/h3>\n<\/li>\n<li>1 Adet H-MAX 1 Micron Sediment Filtre<\/li>\n<li>1 Adet H-MAX 5 Micron Sediment Filtre<\/li>\n<li>1 Adet H-MAX GAC Karbon Filtre<\/li>\n<li>1 Adet H-MAX Tatland\u0131r\u0131c\u0131 Filtre<\/li>\n<li>1 Adet Multimineral Filtre<\/li>\n<li>1 Adet 80 GPD H-MAX Membran&nbsp;Filtre<\/li>\n<li>9 Adet L , 1 Adet T Dirsek<\/li>\n<li>Kutu i\u00e7erisinde bulunmaktad\u0131r. \u0130nline Filtrelerimiz 12 inc dir. 27 cm y\u00fcksekli\u011fi, 6,5 cm \u00e7ap\u0131 bulunmaktad\u0131r. Mineral, tatland\u0131r\u0131c\u0131 ve alkali filtrelerimiz 26 cm y\u00fcksekli\u011fe ve 5 cm \u00e7apa sahiptir. \u00dcretim ve da\u011f\u0131t\u0131mlar\u0131 Hanedan Su Ar\u0131tma ve Hmax Ar\u0131t\u0131m taraf\u0131ndan yap\u0131lmaktad\u0131r. \u00fcr\u00fcnler taraf\u0131m\u0131zca sa\u011flanmaktad\u0131r<\/li>\n<\/ul>\n","protected":false},"excerpt":{"rendered":"<p>H-MAX \u0130nline 3&#8217;l\u00fc filtre, H-MAX Post Carbon, Multimineral Filtre,&nbsp;H-MAX 80 GPD Membran ve gerekli t\u00fcm ba\u011flant\u0131 par\u00e7alar\u0131n\u0131 i\u00e7erir.<\/p>\n","protected":false},"featured_media":29706,"comment_status":"open","ping_status":"closed","template":"","meta":{"inline_featured_image":false},"product_brand":[2850],"product_cat":[2841,2840],"product_tag":[270,309,269,303,89,313,314,315,316,317,318,319,320,333,334,335,321,326,327,328,322,323,324,325,329,330,331,332,336,341,342,343,337,338,339,340,344,308,310,304,302,230,312,311,301,305,275,306,307,190],"class_list":{"0":"post-29022","1":"product","2":"type-product","3":"status-publish","4":"has-post-thumbnail","6":"product_brand-h-max-reverse-osmosis-system","7":"product_cat-kapali-kasa-su-aritma-filtreleri","8":"product_cat-su-aritma-filtreleri","9":"product_tag-6li-filtre-seti-2","10":"product_tag-6li","11":"product_tag-6li-filtre-seti","12":"product_tag-cebelion-uyumlu-filtre","13":"product_tag-h-max","14":"product_tag-h-max-lg","15":"product_tag-h-max-lg-membranli","16":"product_tag-h-max-lg-membranli-kapali","17":"product_tag-h-max-lg-membranli-kapali-kasa","18":"product_tag-h-max-lg-membranli-kapali-kasa-su","19":"product_tag-h-max-lg-membranli-kapali-kasa-su-aritma","20":"product_tag-h-max-lg-membranli-kapali-kasa-su-aritma-cihazi","21":"product_tag-h-max-lg-membranli-kapali-kasa-su-aritma-cihazi-6li","22":"product_tag-h-max-lg-membranli-kapali-kasa-su-aritma-cihazi-6li-2","23":"product_tag-h-max-lg-membranli-kapali-kasa-su-aritma-cihazi-6li-0058","24":"product_tag-h-max-lg-membranli-kapali-kasa-su-aritma-cihazi-6li-0058-2","25":"product_tag-h-max-lg-membranli-kapali-kasa-su-aritma-cihazi-6li-filtre","26":"product_tag-h-max-lg-membranli-kapali-kasa-su-aritma-cihazi-6li-filtre-2","27":"product_tag-h-max-lg-membranli-kapali-kasa-su-aritma-cihazi-6li-filtre-0058","28":"product_tag-h-max-lg-membranli-kapali-kasa-su-aritma-cihazi-6li-filtre-0058-2","29":"product_tag-h-max-lg-membranli-kapali-kasa-su-aritma-cihazi-6li-filtre-seti","30":"product_tag-h-max-lg-membranli-kapali-kasa-su-aritma-cihazi-6li-filtre-seti-2","31":"product_tag-h-max-lg-membranli-kapali-kasa-su-aritma-cihazi-6li-filtre-seti-0058","32":"product_tag-h-max-lg-membranli-kapali-kasa-su-aritma-cihazi-6li-filtre-seti-0058-2","33":"product_tag-h-max-lg-membranli-kapali-kasa-su-aritma-cihazi-6li-seti","34":"product_tag-h-max-lg-membranli-kapali-kasa-su-aritma-cihazi-6li-seti-2","35":"product_tag-h-max-lg-membranli-kapali-kasa-su-aritma-cihazi-6li-seti-0058","36":"product_tag-h-max-lg-membranli-kapali-kasa-su-aritma-cihazi-6li-seti-0058-2","37":"product_tag-h-max-lg-membranli-kapali-kasa-su-aritma-cihazi-filtre","38":"product_tag-h-max-lg-membranli-kapali-kasa-su-aritma-cihazi-filtre-2","39":"product_tag-h-max-lg-membranli-kapali-kasa-su-aritma-cihazi-filtre-0058","40":"product_tag-h-max-lg-membranli-kapali-kasa-su-aritma-cihazi-filtre-0058-2","41":"product_tag-h-max-lg-membranli-kapali-kasa-su-aritma-cihazi-filtre-seti","42":"product_tag-h-max-lg-membranli-kapali-kasa-su-aritma-cihazi-filtre-seti-2","43":"product_tag-h-max-lg-membranli-kapali-kasa-su-aritma-cihazi-filtre-seti-0058","44":"product_tag-h-max-lg-membranli-kapali-kasa-su-aritma-cihazi-filtre-seti-0058-2","45":"product_tag-h-max-lg-membranli-kapali-kasa-su-aritma-cihazi-seti","46":"product_tag-hanedan-6li","47":"product_tag-hmax-membranli","48":"product_tag-ihlas-uyumlu-6-li-filtre-seti","49":"product_tag-ihlas-uyumlu-filtre","50":"product_tag-kapali-kasa","51":"product_tag-kapali-kasa-6li-filtre-seti","52":"product_tag-kapali-kasa-6li-set","53":"product_tag-mineralli-filtre-seti","54":"product_tag-plus-uyumlu","55":"product_tag-silver-uyumlu","56":"product_tag-su-aritma-cihazi-6li-filtre-seti","57":"product_tag-su-aritma-filtre-6li-set","58":"product_tag-su-aritma-filtresi","60":"first","61":"instock","62":"sale","63":"shipping-taxable","64":"purchasable","65":"product-type-simple"},"_links":{"self":[{"href":"https:\/\/anilcanbay.com\/hanedan\/wp-json\/wp\/v2\/product\/29022","targetHints":{"allow":["GET"]}}],"collection":[{"href":"https:\/\/anilcanbay.com\/hanedan\/wp-json\/wp\/v2\/product"}],"about":[{"href":"https:\/\/anilcanbay.com\/hanedan\/wp-json\/wp\/v2\/types\/product"}],"replies":[{"embeddable":true,"href":"https:\/\/anilcanbay.com\/hanedan\/wp-json\/wp\/v2\/comments?post=29022"}],"version-history":[{"count":1,"href":"https:\/\/anilcanbay.com\/hanedan\/wp-json\/wp\/v2\/product\/29022\/revisions"}],"predecessor-version":[{"id":29052,"href":"https:\/\/anilcanbay.com\/hanedan\/wp-json\/wp\/v2\/product\/29022\/revisions\/29052"}],"wp:featuredmedia":[{"embeddable":true,"href":"https:\/\/anilcanbay.com\/hanedan\/wp-json\/wp\/v2\/media\/29706"}],"wp:attachment":[{"href":"https:\/\/anilcanbay.com\/hanedan\/wp-json\/wp\/v2\/media?parent=29022"}],"wp:term":[{"taxonomy":"product_brand","embeddable":true,"href":"https:\/\/anilcanbay.com\/hanedan\/wp-json\/wp\/v2\/product_brand?post=29022"},{"taxonomy":"product_cat","embeddable":true,"href":"https:\/\/anilcanbay.com\/hanedan\/wp-json\/wp\/v2\/product_cat?post=29022"},{"taxonomy":"product_tag","embeddable":true,"href":"https:\/\/anilcanbay.com\/hanedan\/wp-json\/wp\/v2\/product_tag?post=29022"}],"curies":[{"name":"wp","href":"https:\/\/api.w.org\/{rel}","templated":true}]}}