{"id":29023,"date":"2026-04-01T19:57:46","date_gmt":"2026-04-01T16:57:46","guid":{"rendered":"https:\/\/anilcanbay.com\/hanedan\/?post_type=product&#038;p=29023"},"modified":"2026-04-07T10:35:24","modified_gmt":"2026-04-07T07:35:24","slug":"h-max-75-gpd-membranli-kapali-kasa-su-aritma-cihazi-7li-filtre-seti-0060","status":"publish","type":"product","link":"https:\/\/anilcanbay.com\/hanedan\/product\/h-max-75-gpd-membranli-kapali-kasa-su-aritma-cihazi-7li-filtre-seti-0060\/","title":{"rendered":"H-max 75 Gpd Membranl\u0131 Kapal\u0131 Kasa Su Ar\u0131tma Cihaz\u0131 7&#8217;li Filtre Seti &#8211; 0060"},"content":{"rendered":"<ul>\n<li>\n<h4>\u0130lk 3 filtrenin y\u0131kamas\u0131n\u0131 do\u011fru bir \u015fekilde yapt\u0131ktan sonra cihaz doldur bo\u015falt yap\u0131lmal\u0131d\u0131r. D\u00fczg\u00fcn bir \u015fekilde montaj\u0131 yap\u0131lmayan \u00fcr\u00fcn cihaz\u0131n\u0131z\u0131 bozacakt\u0131r. Daha Kaliteli bir su t\u00fcketimi i\u00e7in s\u00fcper membran\u0131 \u00f6neriyoruz!<\/h4>\n<\/li>\n<li>&nbsp;<\/li>\n<li>\n<h3><b>\u00dcr\u00fcn \u0130\u00e7eri\u011fi<\/b><\/h3>\n<\/li>\n<li>1 Adet H-MAX 1 Micron Sediment Filtre<\/li>\n<li>1 Adet H-MAX 5 Micron Sediment Filtre<\/li>\n<li>1 Adet H-MAX GAC Karbon Filtre<\/li>\n<li>1 Adet H-MAX Tatland\u0131r\u0131c\u0131 Filtre<\/li>\n<li>1 Adet Multimineral Filtre<\/li>\n<li>1 Adet Alkali Filtre<\/li>\n<li>1 Adet 75 GPD H-Max Membran&nbsp;Filtre<\/li>\n<li>11 Adet L , 1 Adet T Dirsek<\/li>\n<li>Kutu i\u00e7erisinde bulunmaktad\u0131r. \u0130nline Filtrelerimiz 12 inc dir. 27 cm y\u00fcksekli\u011fi, 6,5 cm \u00e7ap\u0131 bulunmaktad\u0131r. Mineral, tatland\u0131r\u0131c\u0131 ve alkali filtrelerimiz 26 cm y\u00fcksekli\u011fe ve 5 cm \u00e7apa sahiptir. \u00dcretim ve da\u011f\u0131t\u0131mlar\u0131 Hanedan Su Ar\u0131tma ve Hmax Ar\u0131t\u0131m taraf\u0131ndan yap\u0131lmaktad\u0131r. \u00fcr\u00fcnler taraf\u0131m\u0131zca sa\u011flanmaktad\u0131r<\/li>\n<li>\n<h4>&nbsp;<\/h4>\n<\/li>\n<\/ul>\n","protected":false},"excerpt":{"rendered":"<p>H-MAX \u0130nline 3&#8217;l\u00fc filtre, H-MAX Post Carbon, Multimineral Filtre, Alkali Filtre, HMAX 75 GPD Membran ve gerekli t\u00fcm ba\u011flant\u0131 par\u00e7alar\u0131n\u0131 i\u00e7erir.<\/p>\n","protected":false},"featured_media":29679,"comment_status":"open","ping_status":"closed","template":"","meta":{"inline_featured_image":false},"product_brand":[2850],"product_cat":[2841,2840],"product_tag":[350,349,346,89,191,192,193,194,195,196,197,198,298,375,353,366,367,368,354,359,360,361,355,356,357,358,362,363,364,365,215,220,371,372,216,217,369,370,223,224,373,374,351,274,230,347,275,348,190,352],"class_list":{"0":"post-29023","1":"product","2":"type-product","3":"status-publish","4":"has-post-thumbnail","6":"product_brand-h-max-reverse-osmosis-system","7":"product_cat-kapali-kasa-su-aritma-filtreleri","8":"product_cat-su-aritma-filtreleri","9":"product_tag-7li-filtre-seti","10":"product_tag-7li-su-aritma-cihazi-filtre-seti","11":"product_tag-cebelion-uyumlu","12":"product_tag-h-max","13":"product_tag-h-max-75","14":"product_tag-h-max-75-gpd","15":"product_tag-h-max-75-gpd-membranli","16":"product_tag-h-max-75-gpd-membranli-kapali","17":"product_tag-h-max-75-gpd-membranli-kapali-kasa","18":"product_tag-h-max-75-gpd-membranli-kapali-kasa-su","19":"product_tag-h-max-75-gpd-membranli-kapali-kasa-su-aritma","20":"product_tag-h-max-75-gpd-membranli-kapali-kasa-su-aritma-cihazi","21":"product_tag-h-max-75-gpd-membranli-kapali-kasa-su-aritma-cihazi-2","22":"product_tag-h-max-75-gpd-membranli-kapali-kasa-su-aritma-cihazi-0060","23":"product_tag-h-max-75-gpd-membranli-kapali-kasa-su-aritma-cihazi-7li","24":"product_tag-h-max-75-gpd-membranli-kapali-kasa-su-aritma-cihazi-7li-2","25":"product_tag-h-max-75-gpd-membranli-kapali-kasa-su-aritma-cihazi-7li-0060","26":"product_tag-h-max-75-gpd-membranli-kapali-kasa-su-aritma-cihazi-7li-0060-2","27":"product_tag-h-max-75-gpd-membranli-kapali-kasa-su-aritma-cihazi-7li-filtre","28":"product_tag-h-max-75-gpd-membranli-kapali-kasa-su-aritma-cihazi-7li-filtre-2","29":"product_tag-h-max-75-gpd-membranli-kapali-kasa-su-aritma-cihazi-7li-filtre-0060","30":"product_tag-h-max-75-gpd-membranli-kapali-kasa-su-aritma-cihazi-7li-filtre-0060-2","31":"product_tag-h-max-75-gpd-membranli-kapali-kasa-su-aritma-cihazi-7li-filtre-seti","32":"product_tag-h-max-75-gpd-membranli-kapali-kasa-su-aritma-cihazi-7li-filtre-seti-2","33":"product_tag-h-max-75-gpd-membranli-kapali-kasa-su-aritma-cihazi-7li-filtre-seti-0060","34":"product_tag-h-max-75-gpd-membranli-kapali-kasa-su-aritma-cihazi-7li-filtre-seti-0060-2","35":"product_tag-h-max-75-gpd-membranli-kapali-kasa-su-aritma-cihazi-7li-seti","36":"product_tag-h-max-75-gpd-membranli-kapali-kasa-su-aritma-cihazi-7li-seti-2","37":"product_tag-h-max-75-gpd-membranli-kapali-kasa-su-aritma-cihazi-7li-seti-0060","38":"product_tag-h-max-75-gpd-membranli-kapali-kasa-su-aritma-cihazi-7li-seti-0060-2","39":"product_tag-h-max-75-gpd-membranli-kapali-kasa-su-aritma-cihazi-filtre","40":"product_tag-h-max-75-gpd-membranli-kapali-kasa-su-aritma-cihazi-filtre-2","41":"product_tag-h-max-75-gpd-membranli-kapali-kasa-su-aritma-cihazi-filtre-0060","42":"product_tag-h-max-75-gpd-membranli-kapali-kasa-su-aritma-cihazi-filtre-0060-2","43":"product_tag-h-max-75-gpd-membranli-kapali-kasa-su-aritma-cihazi-filtre-seti","44":"product_tag-h-max-75-gpd-membranli-kapali-kasa-su-aritma-cihazi-filtre-seti-2","45":"product_tag-h-max-75-gpd-membranli-kapali-kasa-su-aritma-cihazi-filtre-seti-0060","46":"product_tag-h-max-75-gpd-membranli-kapali-kasa-su-aritma-cihazi-filtre-seti-0060-2","47":"product_tag-h-max-75-gpd-membranli-kapali-kasa-su-aritma-cihazi-seti","48":"product_tag-h-max-75-gpd-membranli-kapali-kasa-su-aritma-cihazi-seti-2","49":"product_tag-h-max-75-gpd-membranli-kapali-kasa-su-aritma-cihazi-seti-0060","50":"product_tag-h-max-75-gpd-membranli-kapali-kasa-su-aritma-cihazi-seti-0060-2","51":"product_tag-ihlas-auro-plus-uyumlu-6li-filtre-seti","52":"product_tag-ihlas-uyumlu","53":"product_tag-kapali-kasa","54":"product_tag-kapali-kasa-su-aritma-cihazi-filtre-seti","55":"product_tag-silver-uyumlu","56":"product_tag-su-aritma-cihazi-filtre-seti","57":"product_tag-su-aritma-filtresi","58":"product_tag-su-aritma-filtresi-6li","60":"first","61":"instock","62":"sale","63":"shipping-taxable","64":"purchasable","65":"product-type-simple"},"_links":{"self":[{"href":"https:\/\/anilcanbay.com\/hanedan\/wp-json\/wp\/v2\/product\/29023","targetHints":{"allow":["GET"]}}],"collection":[{"href":"https:\/\/anilcanbay.com\/hanedan\/wp-json\/wp\/v2\/product"}],"about":[{"href":"https:\/\/anilcanbay.com\/hanedan\/wp-json\/wp\/v2\/types\/product"}],"replies":[{"embeddable":true,"href":"https:\/\/anilcanbay.com\/hanedan\/wp-json\/wp\/v2\/comments?post=29023"}],"version-history":[{"count":1,"href":"https:\/\/anilcanbay.com\/hanedan\/wp-json\/wp\/v2\/product\/29023\/revisions"}],"predecessor-version":[{"id":29053,"href":"https:\/\/anilcanbay.com\/hanedan\/wp-json\/wp\/v2\/product\/29023\/revisions\/29053"}],"wp:featuredmedia":[{"embeddable":true,"href":"https:\/\/anilcanbay.com\/hanedan\/wp-json\/wp\/v2\/media\/29679"}],"wp:attachment":[{"href":"https:\/\/anilcanbay.com\/hanedan\/wp-json\/wp\/v2\/media?parent=29023"}],"wp:term":[{"taxonomy":"product_brand","embeddable":true,"href":"https:\/\/anilcanbay.com\/hanedan\/wp-json\/wp\/v2\/product_brand?post=29023"},{"taxonomy":"product_cat","embeddable":true,"href":"https:\/\/anilcanbay.com\/hanedan\/wp-json\/wp\/v2\/product_cat?post=29023"},{"taxonomy":"product_tag","embeddable":true,"href":"https:\/\/anilcanbay.com\/hanedan\/wp-json\/wp\/v2\/product_tag?post=29023"}],"curies":[{"name":"wp","href":"https:\/\/api.w.org\/{rel}","templated":true}]}}