{"id":29024,"date":"2026-04-01T19:57:46","date_gmt":"2026-04-01T16:57:46","guid":{"rendered":"https:\/\/anilcanbay.com\/hanedan\/?post_type=product&#038;p=29024"},"modified":"2026-04-07T10:38:26","modified_gmt":"2026-04-07T07:38:26","slug":"h-max-80-gpd-hmax-membranli-kapali-kasa-su-aritma-cihazi-7li-filtre-seti-0061","status":"publish","type":"product","link":"https:\/\/anilcanbay.com\/hanedan\/product\/h-max-80-gpd-hmax-membranli-kapali-kasa-su-aritma-cihazi-7li-filtre-seti-0061\/","title":{"rendered":"H-max 80 GPD HMAX Membranl\u0131 Kapal\u0131 Kasa Su Ar\u0131tma Cihaz\u0131 7&#8217;li Filtre Seti &#8211; 0061"},"content":{"rendered":"<ul>\n<li>\n<h4>\u0130lk 3 filtrenin y\u0131kamas\u0131n\u0131 do\u011fru bir \u015fekilde yapt\u0131ktan sonra cihaz doldur bo\u015falt yap\u0131lmal\u0131d\u0131r. D\u00fczg\u00fcn bir \u015fekilde montaj\u0131 yap\u0131lmayan \u00fcr\u00fcn cihaz\u0131n\u0131z\u0131 bozacakt\u0131r. Daha Kaliteli bir su t\u00fcketimi i\u00e7in s\u00fcper membran\u0131 \u00f6neriyoruz!<\/h4>\n<\/li>\n<li>&nbsp;<\/li>\n<li>\n<h3><b>\u00dcr\u00fcn \u0130\u00e7eri\u011fi<\/b><\/h3>\n<\/li>\n<li>1 Adet H-MAX 1 Micron Sediment Filtre<\/li>\n<li>1 Adet H-MAX 5 Micron Sediment Filtre<\/li>\n<li>1 Adet H-MAX GAC Karbon Filtre<\/li>\n<li>1 Adet H-MAX Tatland\u0131r\u0131c\u0131 Filtre<\/li>\n<li>1 Adet Multimineral Filtre<\/li>\n<li>1 Adet Alkali Filtre<\/li>\n<li>1 Adet 80&nbsp;GPD H-Max Membran&nbsp;Filtre<\/li>\n<li>11 Adet L , 1 Adet T Dirsek<\/li>\n<li>Kutu i\u00e7erisinde bulunmaktad\u0131r. \u0130nline Filtrelerimiz 12 inc dir. 27 cm y\u00fcksekli\u011fi, 6,5 cm \u00e7ap\u0131 bulunmaktad\u0131r. Mineral, tatland\u0131r\u0131c\u0131 ve alkali filtrelerimiz 26 cm y\u00fcksekli\u011fe ve 5 cm \u00e7apa sahiptir. \u00dcretim ve da\u011f\u0131t\u0131mlar\u0131 Hanedan Su Ar\u0131tma ve Hmax Ar\u0131t\u0131m taraf\u0131ndan yap\u0131lmaktad\u0131r. \u00fcr\u00fcnler taraf\u0131m\u0131zca sa\u011flanmaktad\u0131r<\/li>\n<\/ul>\n","protected":false},"excerpt":{"rendered":"<p>H-MAX \u0130nline 3&#8217;l\u00fc filtre, H-MAX Post Carbon, Multimineral Filtre, Alkali Filtre, HMAX 80 GPD Membran ve gerekli t\u00fcm ba\u011flant\u0131 par\u00e7alar\u0131n\u0131 i\u00e7erir.<\/p>\n","protected":false},"featured_media":29685,"comment_status":"open","ping_status":"closed","template":"","meta":{"inline_featured_image":false},"product_brand":[2850],"product_cat":[2841,2840],"product_tag":[384,385,377,381,382,346,378,383,89,387,388,389,390,391,392,393,394,395,396,409,410,411,397,402,403,404,398,399,400,401,405,406,407,408,412,417,418,413,414,415,416,376,274,230,379,305,275,86,386,380],"class_list":{"0":"post-29024","1":"product","2":"type-product","3":"status-publish","4":"has-post-thumbnail","6":"product_brand-h-max-reverse-osmosis-system","7":"product_cat-kapali-kasa-su-aritma-filtreleri","8":"product_cat-su-aritma-filtreleri","9":"product_tag-7-li","10":"product_tag-7li","11":"product_tag-7li-filtre","12":"product_tag-7li-kapali-kasa-filtre-seti","13":"product_tag-7li-su-aritma-filtre-seti","14":"product_tag-cebelion-uyumlu","15":"product_tag-filtre-seti","16":"product_tag-filtre-seti-7","17":"product_tag-h-max","18":"product_tag-h-max-80","19":"product_tag-h-max-80-gpd","20":"product_tag-h-max-80-gpd-hmax","21":"product_tag-h-max-80-gpd-hmax-membranli","22":"product_tag-h-max-80-gpd-hmax-membranli-kapali","23":"product_tag-h-max-80-gpd-hmax-membranli-kapali-kasa","24":"product_tag-h-max-80-gpd-hmax-membranli-kapali-kasa-su","25":"product_tag-h-max-80-gpd-hmax-membranli-kapali-kasa-su-aritma","26":"product_tag-h-max-80-gpd-hmax-membranli-kapali-kasa-su-aritma-cihazi","27":"product_tag-h-max-80-gpd-hmax-membranli-kapali-kasa-su-aritma-cihazi-7li","28":"product_tag-h-max-80-gpd-hmax-membranli-kapali-kasa-su-aritma-cihazi-7li-2","29":"product_tag-h-max-80-gpd-hmax-membranli-kapali-kasa-su-aritma-cihazi-7li-0061","30":"product_tag-h-max-80-gpd-hmax-membranli-kapali-kasa-su-aritma-cihazi-7li-0061-2","31":"product_tag-h-max-80-gpd-hmax-membranli-kapali-kasa-su-aritma-cihazi-7li-filtre","32":"product_tag-h-max-80-gpd-hmax-membranli-kapali-kasa-su-aritma-cihazi-7li-filtre-2","33":"product_tag-h-max-80-gpd-hmax-membranli-kapali-kasa-su-aritma-cihazi-7li-filtre-0061","34":"product_tag-h-max-80-gpd-hmax-membranli-kapali-kasa-su-aritma-cihazi-7li-filtre-0061-2","35":"product_tag-h-max-80-gpd-hmax-membranli-kapali-kasa-su-aritma-cihazi-7li-filtre-seti","36":"product_tag-h-max-80-gpd-hmax-membranli-kapali-kasa-su-aritma-cihazi-7li-filtre-seti-2","37":"product_tag-h-max-80-gpd-hmax-membranli-kapali-kasa-su-aritma-cihazi-7li-filtre-seti-0061","38":"product_tag-h-max-80-gpd-hmax-membranli-kapali-kasa-su-aritma-cihazi-7li-filtre-seti-0061-2","39":"product_tag-h-max-80-gpd-hmax-membranli-kapali-kasa-su-aritma-cihazi-7li-seti","40":"product_tag-h-max-80-gpd-hmax-membranli-kapali-kasa-su-aritma-cihazi-7li-seti-2","41":"product_tag-h-max-80-gpd-hmax-membranli-kapali-kasa-su-aritma-cihazi-7li-seti-0061","42":"product_tag-h-max-80-gpd-hmax-membranli-kapali-kasa-su-aritma-cihazi-7li-seti-0061-2","43":"product_tag-h-max-80-gpd-hmax-membranli-kapali-kasa-su-aritma-cihazi-filtre","44":"product_tag-h-max-80-gpd-hmax-membranli-kapali-kasa-su-aritma-cihazi-filtre-2","45":"product_tag-h-max-80-gpd-hmax-membranli-kapali-kasa-su-aritma-cihazi-filtre-0061","46":"product_tag-h-max-80-gpd-hmax-membranli-kapali-kasa-su-aritma-cihazi-filtre-seti","47":"product_tag-h-max-80-gpd-hmax-membranli-kapali-kasa-su-aritma-cihazi-filtre-seti-2","48":"product_tag-h-max-80-gpd-hmax-membranli-kapali-kasa-su-aritma-cihazi-filtre-seti-0061","49":"product_tag-h-max-80-gpd-hmax-membranli-kapali-kasa-su-aritma-cihazi-filtre-seti-0061-2","50":"product_tag-hanedan-filtre","51":"product_tag-ihlas-uyumlu","52":"product_tag-kapali-kasa","53":"product_tag-kapali-kasa-filtre-seti","54":"product_tag-plus-uyumlu","55":"product_tag-silver-uyumlu","56":"product_tag-su-aritma","57":"product_tag-su-aritma-cihazi","58":"product_tag-su-aritma-cihazi-kapali-kasa-filtre-seti-7li","60":"first","61":"instock","62":"sale","63":"shipping-taxable","64":"purchasable","65":"product-type-simple"},"_links":{"self":[{"href":"https:\/\/anilcanbay.com\/hanedan\/wp-json\/wp\/v2\/product\/29024","targetHints":{"allow":["GET"]}}],"collection":[{"href":"https:\/\/anilcanbay.com\/hanedan\/wp-json\/wp\/v2\/product"}],"about":[{"href":"https:\/\/anilcanbay.com\/hanedan\/wp-json\/wp\/v2\/types\/product"}],"replies":[{"embeddable":true,"href":"https:\/\/anilcanbay.com\/hanedan\/wp-json\/wp\/v2\/comments?post=29024"}],"version-history":[{"count":1,"href":"https:\/\/anilcanbay.com\/hanedan\/wp-json\/wp\/v2\/product\/29024\/revisions"}],"predecessor-version":[{"id":29054,"href":"https:\/\/anilcanbay.com\/hanedan\/wp-json\/wp\/v2\/product\/29024\/revisions\/29054"}],"wp:featuredmedia":[{"embeddable":true,"href":"https:\/\/anilcanbay.com\/hanedan\/wp-json\/wp\/v2\/media\/29685"}],"wp:attachment":[{"href":"https:\/\/anilcanbay.com\/hanedan\/wp-json\/wp\/v2\/media?parent=29024"}],"wp:term":[{"taxonomy":"product_brand","embeddable":true,"href":"https:\/\/anilcanbay.com\/hanedan\/wp-json\/wp\/v2\/product_brand?post=29024"},{"taxonomy":"product_cat","embeddable":true,"href":"https:\/\/anilcanbay.com\/hanedan\/wp-json\/wp\/v2\/product_cat?post=29024"},{"taxonomy":"product_tag","embeddable":true,"href":"https:\/\/anilcanbay.com\/hanedan\/wp-json\/wp\/v2\/product_tag?post=29024"}],"curies":[{"name":"wp","href":"https:\/\/api.w.org\/{rel}","templated":true}]}}