{"id":29027,"date":"2026-04-01T19:57:47","date_gmt":"2026-04-01T16:57:47","guid":{"rendered":"https:\/\/anilcanbay.com\/hanedan\/?post_type=product&#038;p=29027"},"modified":"2026-04-07T10:31:39","modified_gmt":"2026-04-07T07:31:39","slug":"h-max-80-gpd-membran-ro-ters-osmoz-filtre","status":"publish","type":"product","link":"https:\/\/anilcanbay.com\/hanedan\/product\/h-max-80-gpd-membran-ro-ters-osmoz-filtre\/","title":{"rendered":"H-max 80 GPD Membran RO (Ters Osmoz) Filtre"},"content":{"rendered":"<p>Sudaki Mikrobiyolojik ve kimyasal ar\u0131t\u0131m\u0131 ger\u00e7ekle\u015ftirir.<\/p>\n<p>Suda olabilecek sert su kontaminantlar\u0131 ortadan kald\u0131r\u0131r.<\/p>\n<p>&nbsp;Arsenik,Kur\u015fun, Bak\u0131r, Baryum, Krom, C\u0131va, Sodyum, Kadmiyum, Flor\u00fcr, Nitrit,Selenyum,Mikrop, Bakteri ve Vir\u00fcsleri ar\u0131tarak suyu %95 g\u00fcvenli i\u00e7me suyu haline getirir.<\/p>\n<p>Bu filtre kartu\u015fu bakteri, vir\u00fcs, parazit, mikroorganizma gibi bakteriolojik ve kimyasal ar\u0131tma yapar.<\/p>\n<p>Giri\u015f suyu s\u0131cakl\u0131\u011f\u0131 5-45 C\u00b0 olmal\u0131d\u0131r. Bunun alt\u0131 ve \u00fcst\u00fc s\u0131cakl\u0131klarda kullanmay\u0131n\u0131z.&nbsp;<\/p>\n","protected":false},"excerpt":{"rendered":"<p>Y\u00fcksek bas\u0131n\u00e7 ile ters ozmoz teknolojisi kullan\u0131larak t\u00fcm kirletici maddeleri molek\u00fcler d\u00fczeyde ar\u0131t\u0131r ve suyu %98 oran\u0131nda safla\u015ft\u0131r\u0131r.<\/p>\n","protected":false},"featured_media":29676,"comment_status":"open","ping_status":"closed","template":"","meta":{"inline_featured_image":false},"product_brand":[2850],"product_cat":[2845,2840],"product_tag":[459,457,458,506,460,89,387,388,537,507,522,520,521,508,515,513,514,509,512,510,511,516,519,517,518,535,536,523,530,528,529,524,527,525,526,531,534,532,533,538,539,540,541,542,455,454,462,461,463,456],"class_list":{"0":"post-29027","1":"product","2":"type-product","3":"status-publish","4":"has-post-thumbnail","6":"product_brand-h-max-reverse-osmosis-system","7":"product_cat-membran-ro-filtreler","8":"product_cat-su-aritma-filtreleri","9":"product_tag-100-gpd","10":"product_tag-75-gpd","11":"product_tag-80-gpd","12":"product_tag-80-gpd-membran","13":"product_tag-endustriyel-membran-filtre","14":"product_tag-h-max","15":"product_tag-h-max-80","16":"product_tag-h-max-80-gpd","17":"product_tag-h-max-80-gpd-filtre","18":"product_tag-h-max-80-gpd-membran","19":"product_tag-h-max-80-gpd-membran-filtre","20":"product_tag-h-max-80-gpd-membran-osmoz","21":"product_tag-h-max-80-gpd-membran-osmoz-filtre","22":"product_tag-h-max-80-gpd-membran-ro","23":"product_tag-h-max-80-gpd-membran-ro-filtre","24":"product_tag-h-max-80-gpd-membran-ro-osmoz","25":"product_tag-h-max-80-gpd-membran-ro-osmoz-filtre","26":"product_tag-h-max-80-gpd-membran-ro-ters","27":"product_tag-h-max-80-gpd-membran-ro-ters-filtre","28":"product_tag-h-max-80-gpd-membran-ro-ters-osmoz","29":"product_tag-h-max-80-gpd-membran-ro-ters-osmoz-filtre","30":"product_tag-h-max-80-gpd-membran-ters","31":"product_tag-h-max-80-gpd-membran-ters-filtre","32":"product_tag-h-max-80-gpd-membran-ters-osmoz","33":"product_tag-h-max-80-gpd-membran-ters-osmoz-filtre","34":"product_tag-h-max-80-gpd-osmoz","35":"product_tag-h-max-80-gpd-osmoz-filtre","36":"product_tag-h-max-80-gpd-ro","37":"product_tag-h-max-80-gpd-ro-filtre","38":"product_tag-h-max-80-gpd-ro-osmoz","39":"product_tag-h-max-80-gpd-ro-osmoz-filtre","40":"product_tag-h-max-80-gpd-ro-ters","41":"product_tag-h-max-80-gpd-ro-ters-filtre","42":"product_tag-h-max-80-gpd-ro-ters-osmoz","43":"product_tag-h-max-80-gpd-ro-ters-osmoz-filtre","44":"product_tag-h-max-80-gpd-ters","45":"product_tag-h-max-80-gpd-ters-filtre","46":"product_tag-h-max-80-gpd-ters-osmoz","47":"product_tag-h-max-80-gpd-ters-osmoz-filtre","48":"product_tag-h-max-80-membran","49":"product_tag-h-max-80-membran-ro","50":"product_tag-h-max-80-membran-ro-ters","51":"product_tag-h-max-80-membran-ro-ters-osmoz","52":"product_tag-h-max-80-membran-ro-ters-osmoz-filtre","53":"product_tag-lg-membran","54":"product_tag-membran","55":"product_tag-ro-elements","56":"product_tag-ro-filter","57":"product_tag-ters-ozmoz","58":"product_tag-vontron-membran","60":"first","61":"instock","62":"sale","63":"shipping-taxable","64":"purchasable","65":"product-type-simple"},"_links":{"self":[{"href":"https:\/\/anilcanbay.com\/hanedan\/wp-json\/wp\/v2\/product\/29027","targetHints":{"allow":["GET"]}}],"collection":[{"href":"https:\/\/anilcanbay.com\/hanedan\/wp-json\/wp\/v2\/product"}],"about":[{"href":"https:\/\/anilcanbay.com\/hanedan\/wp-json\/wp\/v2\/types\/product"}],"replies":[{"embeddable":true,"href":"https:\/\/anilcanbay.com\/hanedan\/wp-json\/wp\/v2\/comments?post=29027"}],"version-history":[{"count":1,"href":"https:\/\/anilcanbay.com\/hanedan\/wp-json\/wp\/v2\/product\/29027\/revisions"}],"predecessor-version":[{"id":29057,"href":"https:\/\/anilcanbay.com\/hanedan\/wp-json\/wp\/v2\/product\/29027\/revisions\/29057"}],"wp:featuredmedia":[{"embeddable":true,"href":"https:\/\/anilcanbay.com\/hanedan\/wp-json\/wp\/v2\/media\/29676"}],"wp:attachment":[{"href":"https:\/\/anilcanbay.com\/hanedan\/wp-json\/wp\/v2\/media?parent=29027"}],"wp:term":[{"taxonomy":"product_brand","embeddable":true,"href":"https:\/\/anilcanbay.com\/hanedan\/wp-json\/wp\/v2\/product_brand?post=29027"},{"taxonomy":"product_cat","embeddable":true,"href":"https:\/\/anilcanbay.com\/hanedan\/wp-json\/wp\/v2\/product_cat?post=29027"},{"taxonomy":"product_tag","embeddable":true,"href":"https:\/\/anilcanbay.com\/hanedan\/wp-json\/wp\/v2\/product_tag?post=29027"}],"curies":[{"name":"wp","href":"https:\/\/api.w.org\/{rel}","templated":true}]}}