{"id":29029,"date":"2026-04-01T19:57:48","date_gmt":"2026-04-01T16:57:48","guid":{"rendered":"https:\/\/anilcanbay.com\/hanedan\/?post_type=product&#038;p=29029"},"modified":"2026-04-03T15:41:50","modified_gmt":"2026-04-03T12:41:50","slug":"siyah-luks-musluk-tum-su-aritma-modellerine-uyumludur-mat-siyah-musluk-basit-kurulum","status":"publish","type":"product","link":"https:\/\/anilcanbay.com\/hanedan\/product\/siyah-luks-musluk-tum-su-aritma-modellerine-uyumludur-mat-siyah-musluk-basit-kurulum\/","title":{"rendered":"Siyah L\u00fcks Musluk T\u00fcm Su Ar\u0131tma Modellerine Uyumludur. Mat Siyah Musluk Basit Kurulum"},"content":{"rendered":"<ul>\n<li><strong>SIZDIRMAZ YAPISI \u0130LE S\u0130ZE MAKS\u0130MUM PERFORMANS G\u00d6STERECEKT\u0130R<\/strong><\/li>\n<li>G\u00fcn\u00fcm\u00fczde musluklardan su s\u0131zd\u0131rmas\u0131yla ilgili hep sorun ya\u015fan\u0131yor. Pluskit olarak bu s\u0131k\u0131nt\u0131y\u0131 ortadan kald\u0131r\u0131yoruz su s\u0131zd\u0131rma olay\u0131n\u0131 s\u0131f\u0131ra indirerek %100 garantiyi size sunuyoruz.<\/li>\n<li><strong>DAYANIKLI YAPISI \u0130LE UZUN ZAMAN SORUNSUZ H\u0130ZMET VERECEKT\u0130R<\/strong>. Ar\u0131tma musluklar\u0131nda pek \u00e7ok s\u0131k\u0131nt\u0131 ya\u015fanabiliyor. Bu sorunlar\u0131n ba\u015f\u0131nda ise muslu\u011fumuzun dayan\u0131ks\u0131zl\u0131\u011f\u0131 ve sa\u011fl\u0131ks\u0131z olmas\u0131 geliyor. Pluskit olarak muslu\u011fun \u00fcretiminde kullanm\u0131\u015f oldu\u011fumuz madde Bak\u0131r Al\u0131\u015f\u0131ml\u0131 Pirin\u00e7ttir. Sa\u011fl\u0131k a\u00e7\u0131s\u0131ndan hi\u00e7 bir sorun te\u015fkil etmez.<\/li>\n<li><strong>360 DERECE D\u00d6NEB\u0130LEN L\u00dcKS G\u00dcM\u00dc\u015e BA\u015eLIK<\/strong>&nbsp;360 Derece d\u00f6nebilen l\u00fcks ba\u015fl\u0131k kullan\u0131m a\u00e7\u0131s\u0131ndan size b\u00fcy\u00fck kolayl\u0131klar sa\u011flayacakt\u0131r. Hijyenik yap\u0131s\u0131 ile g\u00f6n\u00fcl rahatl\u0131\u011f\u0131 ile tercih edebilirsiniz.<\/li>\n<li><strong>T\u00dcM BELGELER\u0130 PLUSK\u0130T&#8217;E A\u0130TT\u0130R. BA\u015eKA MA\u011eAZADAN ALINAN \u00dcR\u00dcNLER KES\u0130NL\u0130KLE GARANT\u0130 DI\u015eIDIR.<\/strong><\/li>\n<\/ul>\n","protected":false},"excerpt":{"rendered":"<h1 data-drroot=\"h1\">Su Ar\u0131tma Cihazlar\u0131na Uyumlu L\u00fcks \u0130nox Siyah Musluk<\/h1>\n","protected":false},"featured_media":0,"comment_status":"open","ping_status":"closed","template":"","meta":{"inline_featured_image":false},"product_brand":[],"product_cat":[23],"product_tag":[598,596,595,594,543,597,599,601,602,603,604,605,606,639,607,636,637,638,608,621,622,623,617,618,619,620,609,614,615,616,610,611,612,613,632,633,634,635,624,629,630,631,625,626,627,628,600,386,546],"class_list":{"0":"post-29029","1":"product","2":"type-product","3":"status-publish","5":"product_cat-su-aritma-cihazlari","6":"product_tag-aritma-muslugu","7":"product_tag-eviye","8":"product_tag-inox","9":"product_tag-inox-musluk","10":"product_tag-luks-musluk","11":"product_tag-musluk","12":"product_tag-siyah","13":"product_tag-siyah-luks","14":"product_tag-siyah-luks-musluk","15":"product_tag-siyah-luks-musluk-tum","16":"product_tag-siyah-luks-musluk-tum-su","17":"product_tag-siyah-luks-musluk-tum-su-aritma","18":"product_tag-siyah-luks-musluk-tum-su-aritma-modellerine","19":"product_tag-siyah-luks-musluk-tum-su-aritma-modellerine-mat","20":"product_tag-siyah-luks-musluk-tum-su-aritma-modellerine-uyumludur","21":"product_tag-siyah-luks-musluk-tum-su-aritma-modellerine-uyumludur-basit","22":"product_tag-siyah-luks-musluk-tum-su-aritma-modellerine-uyumludur-basit-kurulum","23":"product_tag-siyah-luks-musluk-tum-su-aritma-modellerine-uyumludur-kurulum","24":"product_tag-siyah-luks-musluk-tum-su-aritma-modellerine-uyumludur-mat","25":"product_tag-siyah-luks-musluk-tum-su-aritma-modellerine-uyumludur-mat-basit","26":"product_tag-siyah-luks-musluk-tum-su-aritma-modellerine-uyumludur-mat-basit-kurulum","27":"product_tag-siyah-luks-musluk-tum-su-aritma-modellerine-uyumludur-mat-kurulum","28":"product_tag-siyah-luks-musluk-tum-su-aritma-modellerine-uyumludur-mat-musluk","29":"product_tag-siyah-luks-musluk-tum-su-aritma-modellerine-uyumludur-mat-musluk-basit","30":"product_tag-siyah-luks-musluk-tum-su-aritma-modellerine-uyumludur-mat-musluk-basit-kurulum","31":"product_tag-siyah-luks-musluk-tum-su-aritma-modellerine-uyumludur-mat-musluk-kurulum","32":"product_tag-siyah-luks-musluk-tum-su-aritma-modellerine-uyumludur-mat-siyah","33":"product_tag-siyah-luks-musluk-tum-su-aritma-modellerine-uyumludur-mat-siyah-basit","34":"product_tag-siyah-luks-musluk-tum-su-aritma-modellerine-uyumludur-mat-siyah-basit-kurulum","35":"product_tag-siyah-luks-musluk-tum-su-aritma-modellerine-uyumludur-mat-siyah-kurulum","36":"product_tag-siyah-luks-musluk-tum-su-aritma-modellerine-uyumludur-mat-siyah-musluk","37":"product_tag-siyah-luks-musluk-tum-su-aritma-modellerine-uyumludur-mat-siyah-musluk-basit","38":"product_tag-siyah-luks-musluk-tum-su-aritma-modellerine-uyumludur-mat-siyah-musluk-basit-kurulum","39":"product_tag-siyah-luks-musluk-tum-su-aritma-modellerine-uyumludur-mat-siyah-musluk-kurulum","40":"product_tag-siyah-luks-musluk-tum-su-aritma-modellerine-uyumludur-musluk","41":"product_tag-siyah-luks-musluk-tum-su-aritma-modellerine-uyumludur-musluk-basit","42":"product_tag-siyah-luks-musluk-tum-su-aritma-modellerine-uyumludur-musluk-basit-kurulum","43":"product_tag-siyah-luks-musluk-tum-su-aritma-modellerine-uyumludur-musluk-kurulum","44":"product_tag-siyah-luks-musluk-tum-su-aritma-modellerine-uyumludur-siyah","45":"product_tag-siyah-luks-musluk-tum-su-aritma-modellerine-uyumludur-siyah-basit","46":"product_tag-siyah-luks-musluk-tum-su-aritma-modellerine-uyumludur-siyah-basit-kurulum","47":"product_tag-siyah-luks-musluk-tum-su-aritma-modellerine-uyumludur-siyah-kurulum","48":"product_tag-siyah-luks-musluk-tum-su-aritma-modellerine-uyumludur-siyah-musluk","49":"product_tag-siyah-luks-musluk-tum-su-aritma-modellerine-uyumludur-siyah-musluk-basit","50":"product_tag-siyah-luks-musluk-tum-su-aritma-modellerine-uyumludur-siyah-musluk-basit-kurulum","51":"product_tag-siyah-luks-musluk-tum-su-aritma-modellerine-uyumludur-siyah-musluk-kurulum","52":"product_tag-siyah-musluk","53":"product_tag-su-aritma-cihazi","54":"product_tag-su-aritma-cihazi-muslugu","56":"first","57":"instock","58":"sale","59":"shipping-taxable","60":"purchasable","61":"product-type-simple"},"_links":{"self":[{"href":"https:\/\/anilcanbay.com\/hanedan\/wp-json\/wp\/v2\/product\/29029","targetHints":{"allow":["GET"]}}],"collection":[{"href":"https:\/\/anilcanbay.com\/hanedan\/wp-json\/wp\/v2\/product"}],"about":[{"href":"https:\/\/anilcanbay.com\/hanedan\/wp-json\/wp\/v2\/types\/product"}],"replies":[{"embeddable":true,"href":"https:\/\/anilcanbay.com\/hanedan\/wp-json\/wp\/v2\/comments?post=29029"}],"version-history":[{"count":1,"href":"https:\/\/anilcanbay.com\/hanedan\/wp-json\/wp\/v2\/product\/29029\/revisions"}],"predecessor-version":[{"id":29059,"href":"https:\/\/anilcanbay.com\/hanedan\/wp-json\/wp\/v2\/product\/29029\/revisions\/29059"}],"wp:attachment":[{"href":"https:\/\/anilcanbay.com\/hanedan\/wp-json\/wp\/v2\/media?parent=29029"}],"wp:term":[{"taxonomy":"product_brand","embeddable":true,"href":"https:\/\/anilcanbay.com\/hanedan\/wp-json\/wp\/v2\/product_brand?post=29029"},{"taxonomy":"product_cat","embeddable":true,"href":"https:\/\/anilcanbay.com\/hanedan\/wp-json\/wp\/v2\/product_cat?post=29029"},{"taxonomy":"product_tag","embeddable":true,"href":"https:\/\/anilcanbay.com\/hanedan\/wp-json\/wp\/v2\/product_tag?post=29029"}],"curies":[{"name":"wp","href":"https:\/\/api.w.org\/{rel}","templated":true}]}}