{"id":29036,"date":"2026-04-01T19:57:51","date_gmt":"2026-04-01T16:57:51","guid":{"rendered":"https:\/\/anilcanbay.com\/hanedan\/?post_type=product&#038;p=29036"},"modified":"2026-04-07T02:14:16","modified_gmt":"2026-04-06T23:14:16","slug":"su-aritma-cihazlarina-uyumlu-quick-perde-gecisi","status":"publish","type":"product","link":"https:\/\/anilcanbay.com\/hanedan\/product\/su-aritma-cihazlarina-uyumlu-quick-perde-gecisi\/","title":{"rendered":"Su Ar\u0131tma Cihazlar\u0131na Uyumlu Quick Perde Ge\u00e7i\u015fi"},"content":{"rendered":"<p>&nbsp;<\/p>\n<p><strong>Su Ar\u0131tma Cihaz\u0131 Yedek Par\u00e7as\u0131 Perde Ge\u00e7i\u015fi: En \u0130yi Performans \u0130\u00e7in Kaliteli Se\u00e7enekler<\/strong><\/p>\n<p>Su ar\u0131tma cihaz\u0131n\u0131z\u0131n perde ge\u00e7i\u015fi \u00f6nemlidir ve en iyi performans\u0131 elde etmek i\u00e7in do\u011fru yedek par\u00e7alar gerekir. Su ar\u0131tma cihaz\u0131 yedek par\u00e7as\u0131 perde ge\u00e7i\u015fi kategorimizde, y\u00fcksek kaliteli filtre de\u011fi\u015fim kitleri ve membranlarla su ar\u0131tma sistemlerinizin etkinli\u011fini maksimum seviyeye \u00e7\u0131karabilirsiniz.<\/p>\n<p>&nbsp;<\/p>\n","protected":false},"excerpt":{"rendered":"<p>Quick Perde Ge\u00e7i\u015fi<\/p>\n","protected":false},"featured_media":29646,"comment_status":"open","ping_status":"closed","template":"","meta":{"inline_featured_image":false},"product_brand":[2854],"product_cat":[2846,2849],"product_tag":[840,848,841,849,842,843,844,86,386,839,850,865,863,864,859,862,860,861,851,858,856,857,852,855,853,854,880,878,879,874,877,875,876,866,873,871,872,867,870,868,869,845,881,882,883,886,884,885,847,846],"class_list":{"0":"post-29036","1":"product","2":"type-product","3":"status-publish","4":"has-post-thumbnail","6":"product_brand-pluskit","7":"product_cat-su-aritma-yedek-parcalari","8":"product_cat-yedek-parca","9":"product_tag-arka-dirsek","10":"product_tag-cihaz-arka","11":"product_tag-dirsek","12":"product_tag-dirsek-gecmeli","13":"product_tag-perde-gecisi","14":"product_tag-quick-dirsek","15":"product_tag-quick-perde-gecisi","16":"product_tag-su-aritma","17":"product_tag-su-aritma-cihazi","18":"product_tag-su-aritma-cihazi-perde-gecisi","19":"product_tag-su-aritma-cihazlarina","20":"product_tag-su-aritma-cihazlarina-gecisi","21":"product_tag-su-aritma-cihazlarina-perde","22":"product_tag-su-aritma-cihazlarina-perde-gecisi","23":"product_tag-su-aritma-cihazlarina-quick","24":"product_tag-su-aritma-cihazlarina-quick-gecisi","25":"product_tag-su-aritma-cihazlarina-quick-perde","26":"product_tag-su-aritma-cihazlarina-quick-perde-gecisi","27":"product_tag-su-aritma-cihazlarina-uyumlu","28":"product_tag-su-aritma-cihazlarina-uyumlu-gecisi","29":"product_tag-su-aritma-cihazlarina-uyumlu-perde","30":"product_tag-su-aritma-cihazlarina-uyumlu-perde-gecisi","31":"product_tag-su-aritma-cihazlarina-uyumlu-quick","32":"product_tag-su-aritma-cihazlarina-uyumlu-quick-gecisi","33":"product_tag-su-aritma-cihazlarina-uyumlu-quick-perde","34":"product_tag-su-aritma-cihazlarina-uyumlu-quick-perde-gecisi","35":"product_tag-su-aritma-gecisi","36":"product_tag-su-aritma-perde","37":"product_tag-su-aritma-perde-gecisi","38":"product_tag-su-aritma-quick","39":"product_tag-su-aritma-quick-gecisi","40":"product_tag-su-aritma-quick-perde","41":"product_tag-su-aritma-quick-perde-gecisi","42":"product_tag-su-aritma-uyumlu","43":"product_tag-su-aritma-uyumlu-gecisi","44":"product_tag-su-aritma-uyumlu-perde","45":"product_tag-su-aritma-uyumlu-perde-gecisi","46":"product_tag-su-aritma-uyumlu-quick","47":"product_tag-su-aritma-uyumlu-quick-gecisi","48":"product_tag-su-aritma-uyumlu-quick-perde","49":"product_tag-su-aritma-uyumlu-quick-perde-gecisi","50":"product_tag-su-aritma-yedek-parca","51":"product_tag-su-cihazlarina","52":"product_tag-su-cihazlarina-uyumlu","53":"product_tag-su-cihazlarina-uyumlu-quick","54":"product_tag-su-cihazlarina-uyumlu-quick-gecisi","55":"product_tag-su-cihazlarina-uyumlu-quick-perde","56":"product_tag-su-cihazlarina-uyumlu-quick-perde-gecisi","57":"product_tag-yedek","58":"product_tag-yedek-parca","60":"first","61":"instock","62":"sale","63":"shipping-taxable","64":"purchasable","65":"product-type-simple"},"_links":{"self":[{"href":"https:\/\/anilcanbay.com\/hanedan\/wp-json\/wp\/v2\/product\/29036","targetHints":{"allow":["GET"]}}],"collection":[{"href":"https:\/\/anilcanbay.com\/hanedan\/wp-json\/wp\/v2\/product"}],"about":[{"href":"https:\/\/anilcanbay.com\/hanedan\/wp-json\/wp\/v2\/types\/product"}],"replies":[{"embeddable":true,"href":"https:\/\/anilcanbay.com\/hanedan\/wp-json\/wp\/v2\/comments?post=29036"}],"version-history":[{"count":1,"href":"https:\/\/anilcanbay.com\/hanedan\/wp-json\/wp\/v2\/product\/29036\/revisions"}],"predecessor-version":[{"id":29066,"href":"https:\/\/anilcanbay.com\/hanedan\/wp-json\/wp\/v2\/product\/29036\/revisions\/29066"}],"wp:featuredmedia":[{"embeddable":true,"href":"https:\/\/anilcanbay.com\/hanedan\/wp-json\/wp\/v2\/media\/29646"}],"wp:attachment":[{"href":"https:\/\/anilcanbay.com\/hanedan\/wp-json\/wp\/v2\/media?parent=29036"}],"wp:term":[{"taxonomy":"product_brand","embeddable":true,"href":"https:\/\/anilcanbay.com\/hanedan\/wp-json\/wp\/v2\/product_brand?post=29036"},{"taxonomy":"product_cat","embeddable":true,"href":"https:\/\/anilcanbay.com\/hanedan\/wp-json\/wp\/v2\/product_cat?post=29036"},{"taxonomy":"product_tag","embeddable":true,"href":"https:\/\/anilcanbay.com\/hanedan\/wp-json\/wp\/v2\/product_tag?post=29036"}],"curies":[{"name":"wp","href":"https:\/\/api.w.org\/{rel}","templated":true}]}}