{"id":29037,"date":"2026-04-01T19:57:52","date_gmt":"2026-04-01T16:57:52","guid":{"rendered":"https:\/\/anilcanbay.com\/hanedan\/?post_type=product&#038;p=29037"},"modified":"2026-04-07T02:04:08","modified_gmt":"2026-04-06T23:04:08","slug":"su-aritma-cihazlari-icin-kacak-su-sensoru","status":"publish","type":"product","link":"https:\/\/anilcanbay.com\/hanedan\/product\/su-aritma-cihazlari-icin-kacak-su-sensoru\/","title":{"rendered":"Su Ar\u0131tma Cihazlar\u0131 \u0130\u00e7in Ka\u00e7ak Su Sens\u00f6r\u00fc"},"content":{"rendered":"<p>&nbsp;<\/p>\n<p><strong><\/strong><\/p>\n<p><b>Ka\u00e7ak Su Sens\u00f6r\u00fc ile Su Ar\u0131tma Cihaz\u0131n\u0131z\u0131 Tamamlay\u0131n!<\/b><\/p>\n<p>&nbsp;<\/p>\n<p>Sa\u011fl\u0131kl\u0131 ve temiz i\u00e7me suyu elde etmek i\u00e7in kulland\u0131\u011f\u0131n\u0131z su ar\u0131tma cihaz\u0131n\u0131z\u0131 daha g\u00fcvenli hale getirmek i\u00e7in Ka\u00e7ak Su Sens\u00f6r\u00fc tam size g\u00f6re bir \u00e7\u00f6z\u00fcmd\u00fcr. Bu ak\u0131ll\u0131 sens\u00f6r, su ar\u0131tma sisteminizin yan\u0131nda su ka\u00e7a\u011f\u0131 durumlar\u0131n\u0131 tespit eder ve h\u0131zl\u0131 bir \u015fekilde uyar\u0131 verir, b\u00f6ylece olas\u0131 su hasarlar\u0131n\u0131 \u00f6nlemenize yard\u0131mc\u0131 olur.<\/p>\n<p><b>Ka\u00e7ak Su Sens\u00f6r\u00fc<\/b>, hassas alg\u0131lama teknolojisi sayesinde su s\u0131z\u0131nt\u0131lar\u0131n\u0131 tespit eder. Sistem \u00fczerindeki sens\u00f6r, zeminde veya suya temas eden herhangi bir y\u00fczeydeki suyu alg\u0131lar.<\/p>\n<p>Bu ak\u0131ll\u0131 sens\u00f6r, kolay kurulum \u00f6zelli\u011fi ile pratik bir \u00e7\u00f6z\u00fcmd\u00fcr. Su ar\u0131tma cihaz\u0131n\u0131z\u0131n yan\u0131na yerle\u015ftirerek veya suyun s\u0131k s\u0131k oldu\u011fu b\u00f6lgelere monte ederek kullanabilirsiniz. \u0130htiya\u00e7 duydu\u011funuzda sens\u00f6r\u00fc kolayca ayarlayabilir ve \u00e7al\u0131\u015fmaya ba\u015flatabilirsiniz. Teknik bilgi veya profesyonel yard\u0131m gerektirmez.<\/p>\n<p>&nbsp;<\/p>\n<p><b>Ka\u00e7ak Su Sens\u00f6r\u00fc<\/b>, su ge\u00e7irmez \u00f6zelliklere sahip dayan\u0131kl\u0131 bir tasar\u0131ma sahiptir. Suyla temas etti\u011finde etkilenmez ve uzun \u00f6m\u00fcrl\u00fc kullan\u0131m sa\u011flar. B\u00f6ylece s\u00fcrekli \u00e7al\u0131\u015f\u0131r ve g\u00fcvenli\u011fi sa\u011flar.<\/p>\n<p>&nbsp;<\/p>\n<p>Sa\u011fl\u0131kl\u0131 i\u00e7me suyu elde etmek i\u00e7in kulland\u0131\u011f\u0131n\u0131z su ar\u0131tma cihaz\u0131n\u0131z\u0131 g\u00fcvenli hale getirmek ve su hasarlar\u0131ndan korunmak i\u00e7in Ka\u00e7ak Su Sens\u00f6r\u00fc&#8217;n\u00fc hemen sat\u0131n al\u0131n! Su ka\u00e7aklar\u0131n\u0131 erken tespit edin, m\u00fcdahale ederek maddi kay\u0131plar\u0131 ve su hasarlar\u0131n\u0131 engelleyin. Su ar\u0131tma cihaz\u0131n\u0131z\u0131n g\u00fcvenli\u011fi i\u00e7in en iyi \u00e7\u00f6z\u00fcm\u00fc elde edin ve sa\u011fl\u0131kl\u0131 bir ya\u015fam\u0131n tad\u0131n\u0131 \u00e7\u0131kar\u0131n!<\/p>\n<p>&nbsp;<\/p>\n<p>Su Ar\u0131tma Ka\u00e7ak Dedekt\u00f6r\u00fc 1\/4 Hortum Ba\u011flant\u0131l\u0131<\/p>\n<p>\u00dcr\u00fcn \u00d6zellikleri<\/p>\n<p>&nbsp;<\/p>\n<p>* 1\/4 &#8220;x 1\/4&#8221; h\u0131zl\u0131 ba\u011flant\u0131 par\u00e7alar\u0131<\/p>\n<p>&nbsp;<\/p>\n<p>* Yedek geni\u015fleyen pedleri kullan\u0131r<\/p>\n<p>&nbsp;<\/p>\n<p>* Vida, manyetik ve kolay kurulum<\/p>\n<p>&nbsp;<\/p>\n<p>* 1 ADET YEDEK PED \u00dcR\u00dcN YANINDA G\u00d6NDER\u0130L\u0130R<\/p>\n<p>Not:Bu ka\u00e7ak dedekt\u00f6r\u00fc 20 mm yedek ped kullan\u0131r.<\/p>\n<p>&nbsp;<\/p>\n<p>* Reverse osmosis su ar\u0131tma cihaz\u0131 su Ka\u00e7ak dedekt\u00f6r\u00fc kapatma valfi 20mm ped&nbsp; S\u0131z\u0131nt\u0131 dedekt\u00f6r\u00fc&nbsp;<\/p>\n<p>&nbsp;<\/p>\n<p>* \u00dcr\u00fcn montaj\u0131n\u0131 ustal\u0131k gerektirmeden herkes yapabilir \u00c7ok basit ve etkili s\u0131z\u0131nt\u0131 kontrol\u00f6r\u00fc. Bu yenilik\u00e7i su ka\u00e7a\u011f\u0131 dedekt\u00f6r\u00fc, s\u0131z\u0131nt\u0131 durumunda gelen suyu kapatmak i\u00e7in bir kol tetik mekanizmas\u0131 kullan\u0131r. Emici geni\u015fleyen bir ped cihaza tak\u0131l\u0131r ve su ped ile temas etti\u011finde \u015fi\u015fer ve boyut olarak geni\u015fleyecektir.Bu durumda&nbsp; &nbsp;su a\u00e7\u0131k olan mandal\u0131 yukar\u0131 kald\u0131rarak suyun cihaza giri\u015fini keserek&nbsp; su giri\u015fini tamamen devre d\u0131\u015f\u0131 b\u0131rakacakt\u0131r . Bu ka\u00e7ak dedekt\u00f6r\u00fc, elektrik veya pil gerektirmedi\u011fi i\u00e7in tamamen bak\u0131m gerektirmez. Basit bir vida ve yap\u0131\u015fkan ped ile herhangi bir y\u00fczeye kolayca monte edilebilir, ancak su s\u0131z\u0131nt\u0131s\u0131n\u0131n su kayna\u011f\u0131na yak\u0131n bir yere yerle\u015ftirilmelidir.Bu dedekt\u00f6r&nbsp; reverse ozmoz ve di\u011fer su filtreleme sistemleri i\u00e7indir.<\/p>\n<p>&nbsp;<\/p>\n<p>&nbsp;<\/p>\n<p>&nbsp;<\/p>\n","protected":false},"excerpt":{"rendered":"<p>Ka\u00e7ak Su Sens\u00f6r\u00fc<\/p>\n","protected":false},"featured_media":29608,"comment_status":"open","ping_status":"closed","template":"","meta":{"inline_featured_image":false},"product_brand":[2854],"product_cat":[2846,2849],"product_tag":[889,86,888,891,892,893,896,894,895,899,897,898,900,903,901,902,906,904,905,907,908,911,909,910,914,912,913,915,918,916,917,921,919,920,922,923,924,927,925,926,930,928,929,931,934,932,933,935,936,890],"class_list":{"0":"post-29037","1":"product","2":"type-product","3":"status-publish","4":"has-post-thumbnail","6":"product_brand-pluskit","7":"product_cat-su-aritma-yedek-parcalari","8":"product_cat-yedek-parca","9":"product_tag-kacak-su","10":"product_tag-su-aritma","11":"product_tag-su-aritma-cihazi-kacak-su-sensoru","12":"product_tag-su-aritma-cihazlari","13":"product_tag-su-aritma-cihazlari-icin","14":"product_tag-su-aritma-cihazlari-icin-kacak","15":"product_tag-su-aritma-cihazlari-icin-kacak-sensoru","16":"product_tag-su-aritma-cihazlari-icin-kacak-su","17":"product_tag-su-aritma-cihazlari-icin-kacak-su-sensoru","18":"product_tag-su-aritma-cihazlari-icin-sensoru","19":"product_tag-su-aritma-cihazlari-icin-su","20":"product_tag-su-aritma-cihazlari-icin-su-sensoru","21":"product_tag-su-aritma-cihazlari-kacak","22":"product_tag-su-aritma-cihazlari-kacak-sensoru","23":"product_tag-su-aritma-cihazlari-kacak-su","24":"product_tag-su-aritma-cihazlari-kacak-su-sensoru","25":"product_tag-su-aritma-cihazlari-sensoru","26":"product_tag-su-aritma-cihazlari-su","27":"product_tag-su-aritma-cihazlari-su-sensoru","28":"product_tag-su-aritma-icin","29":"product_tag-su-aritma-icin-kacak","30":"product_tag-su-aritma-icin-kacak-sensoru","31":"product_tag-su-aritma-icin-kacak-su","32":"product_tag-su-aritma-icin-kacak-su-sensoru","33":"product_tag-su-aritma-icin-sensoru","34":"product_tag-su-aritma-icin-su","35":"product_tag-su-aritma-icin-su-sensoru","36":"product_tag-su-aritma-kacak","37":"product_tag-su-aritma-kacak-sensoru","38":"product_tag-su-aritma-kacak-su","39":"product_tag-su-aritma-kacak-su-sensoru","40":"product_tag-su-aritma-sensoru","41":"product_tag-su-aritma-su","42":"product_tag-su-aritma-su-sensoru","43":"product_tag-su-cihazlari","44":"product_tag-su-cihazlari-icin","45":"product_tag-su-cihazlari-icin-kacak","46":"product_tag-su-cihazlari-icin-kacak-sensoru","47":"product_tag-su-cihazlari-icin-kacak-su","48":"product_tag-su-cihazlari-icin-kacak-su-sensoru","49":"product_tag-su-cihazlari-icin-sensoru","50":"product_tag-su-cihazlari-icin-su","51":"product_tag-su-cihazlari-icin-su-sensoru","52":"product_tag-su-cihazlari-kacak","53":"product_tag-su-cihazlari-kacak-sensoru","54":"product_tag-su-cihazlari-kacak-su","55":"product_tag-su-cihazlari-kacak-su-sensoru","56":"product_tag-su-cihazlari-su","57":"product_tag-su-cihazlari-su-sensoru","58":"product_tag-su-sizmasi","60":"first","61":"instock","62":"sale","63":"shipping-taxable","64":"purchasable","65":"product-type-simple"},"_links":{"self":[{"href":"https:\/\/anilcanbay.com\/hanedan\/wp-json\/wp\/v2\/product\/29037","targetHints":{"allow":["GET"]}}],"collection":[{"href":"https:\/\/anilcanbay.com\/hanedan\/wp-json\/wp\/v2\/product"}],"about":[{"href":"https:\/\/anilcanbay.com\/hanedan\/wp-json\/wp\/v2\/types\/product"}],"replies":[{"embeddable":true,"href":"https:\/\/anilcanbay.com\/hanedan\/wp-json\/wp\/v2\/comments?post=29037"}],"version-history":[{"count":1,"href":"https:\/\/anilcanbay.com\/hanedan\/wp-json\/wp\/v2\/product\/29037\/revisions"}],"predecessor-version":[{"id":29067,"href":"https:\/\/anilcanbay.com\/hanedan\/wp-json\/wp\/v2\/product\/29037\/revisions\/29067"}],"wp:featuredmedia":[{"embeddable":true,"href":"https:\/\/anilcanbay.com\/hanedan\/wp-json\/wp\/v2\/media\/29608"}],"wp:attachment":[{"href":"https:\/\/anilcanbay.com\/hanedan\/wp-json\/wp\/v2\/media?parent=29037"}],"wp:term":[{"taxonomy":"product_brand","embeddable":true,"href":"https:\/\/anilcanbay.com\/hanedan\/wp-json\/wp\/v2\/product_brand?post=29037"},{"taxonomy":"product_cat","embeddable":true,"href":"https:\/\/anilcanbay.com\/hanedan\/wp-json\/wp\/v2\/product_cat?post=29037"},{"taxonomy":"product_tag","embeddable":true,"href":"https:\/\/anilcanbay.com\/hanedan\/wp-json\/wp\/v2\/product_tag?post=29037"}],"curies":[{"name":"wp","href":"https:\/\/api.w.org\/{rel}","templated":true}]}}