{"id":29038,"date":"2026-04-01T19:57:52","date_gmt":"2026-04-01T16:57:52","guid":{"rendered":"https:\/\/anilcanbay.com\/hanedan\/?post_type=product&#038;p=29038"},"modified":"2026-04-07T02:06:46","modified_gmt":"2026-04-06T23:06:46","slug":"su-aritma-cihazlari-icin-plastik-kelebek-vana","status":"publish","type":"product","link":"https:\/\/anilcanbay.com\/hanedan\/product\/su-aritma-cihazlari-icin-plastik-kelebek-vana\/","title":{"rendered":"Su Ar\u0131tma Cihazlar\u0131 I\u00e7in Plastik Kelebek Vana"},"content":{"rendered":"<p>&nbsp;BPA \u0130\u00e7ermez Her Marka Su Ar\u0131tma Cihaz\u0131na Uyumludur.<\/p>\n<p>&nbsp;<\/p>\n","protected":false},"excerpt":{"rendered":"<p><strong>Su Ar\u0131tma Cihaz\u0131 K\u00fcresel Ara Vana Plastik<\/strong><\/p>\n","protected":false},"featured_media":29610,"comment_status":"open","ping_status":"closed","template":"","meta":{"inline_featured_image":false},"product_brand":[2854],"product_cat":[2846,2849],"product_tag":[941,939,940,86,943,891,892,948,949,944,945,946,947,950,955,956,951,952,953,954,957,907,962,963,958,959,960,961,964,969,970,965,966,967,968,971,922,923,976,977,972,973,974,975,978,979,980,981,982,942],"class_list":{"0":"post-29038","1":"product","2":"type-product","3":"status-publish","4":"has-post-thumbnail","6":"product_brand-pluskit","7":"product_cat-su-aritma-yedek-parcalari","8":"product_cat-yedek-parca","9":"product_tag-duresel-kelebek-vana","10":"product_tag-kebebek-vana","11":"product_tag-kuresel-vana","12":"product_tag-su-aritma","13":"product_tag-su-aritma-cihazi-icin-kelebek-vana","14":"product_tag-su-aritma-cihazlari","15":"product_tag-su-aritma-cihazlari-icin","16":"product_tag-su-aritma-cihazlari-icin-kelebek","17":"product_tag-su-aritma-cihazlari-icin-kelebek-vana","18":"product_tag-su-aritma-cihazlari-icin-plastik","19":"product_tag-su-aritma-cihazlari-icin-plastik-kelebek","20":"product_tag-su-aritma-cihazlari-icin-plastik-kelebek-vana","21":"product_tag-su-aritma-cihazlari-icin-plastik-vana","22":"product_tag-su-aritma-cihazlari-icin-vana","23":"product_tag-su-aritma-cihazlari-kelebek","24":"product_tag-su-aritma-cihazlari-kelebek-vana","25":"product_tag-su-aritma-cihazlari-plastik","26":"product_tag-su-aritma-cihazlari-plastik-kelebek","27":"product_tag-su-aritma-cihazlari-plastik-kelebek-vana","28":"product_tag-su-aritma-cihazlari-plastik-vana","29":"product_tag-su-aritma-cihazlari-vana","30":"product_tag-su-aritma-icin","31":"product_tag-su-aritma-icin-kelebek","32":"product_tag-su-aritma-icin-kelebek-vana","33":"product_tag-su-aritma-icin-plastik","34":"product_tag-su-aritma-icin-plastik-kelebek","35":"product_tag-su-aritma-icin-plastik-kelebek-vana","36":"product_tag-su-aritma-icin-plastik-vana","37":"product_tag-su-aritma-icin-vana","38":"product_tag-su-aritma-kelebek","39":"product_tag-su-aritma-kelebek-vana","40":"product_tag-su-aritma-plastik","41":"product_tag-su-aritma-plastik-kelebek","42":"product_tag-su-aritma-plastik-kelebek-vana","43":"product_tag-su-aritma-plastik-vana","44":"product_tag-su-aritma-vana","45":"product_tag-su-cihazlari","46":"product_tag-su-cihazlari-icin","47":"product_tag-su-cihazlari-icin-kelebek","48":"product_tag-su-cihazlari-icin-kelebek-vana","49":"product_tag-su-cihazlari-icin-plastik","50":"product_tag-su-cihazlari-icin-plastik-kelebek","51":"product_tag-su-cihazlari-icin-plastik-kelebek-vana","52":"product_tag-su-cihazlari-icin-plastik-vana","53":"product_tag-su-cihazlari-icin-vana","54":"product_tag-su-cihazlari-plastik","55":"product_tag-su-cihazlari-plastik-kelebek","56":"product_tag-su-cihazlari-plastik-kelebek-vana","57":"product_tag-su-cihazlari-plastik-vana","58":"product_tag-vana","60":"first","61":"instock","62":"sale","63":"shipping-taxable","64":"purchasable","65":"product-type-simple"},"_links":{"self":[{"href":"https:\/\/anilcanbay.com\/hanedan\/wp-json\/wp\/v2\/product\/29038","targetHints":{"allow":["GET"]}}],"collection":[{"href":"https:\/\/anilcanbay.com\/hanedan\/wp-json\/wp\/v2\/product"}],"about":[{"href":"https:\/\/anilcanbay.com\/hanedan\/wp-json\/wp\/v2\/types\/product"}],"replies":[{"embeddable":true,"href":"https:\/\/anilcanbay.com\/hanedan\/wp-json\/wp\/v2\/comments?post=29038"}],"version-history":[{"count":1,"href":"https:\/\/anilcanbay.com\/hanedan\/wp-json\/wp\/v2\/product\/29038\/revisions"}],"predecessor-version":[{"id":29068,"href":"https:\/\/anilcanbay.com\/hanedan\/wp-json\/wp\/v2\/product\/29038\/revisions\/29068"}],"wp:featuredmedia":[{"embeddable":true,"href":"https:\/\/anilcanbay.com\/hanedan\/wp-json\/wp\/v2\/media\/29610"}],"wp:attachment":[{"href":"https:\/\/anilcanbay.com\/hanedan\/wp-json\/wp\/v2\/media?parent=29038"}],"wp:term":[{"taxonomy":"product_brand","embeddable":true,"href":"https:\/\/anilcanbay.com\/hanedan\/wp-json\/wp\/v2\/product_brand?post=29038"},{"taxonomy":"product_cat","embeddable":true,"href":"https:\/\/anilcanbay.com\/hanedan\/wp-json\/wp\/v2\/product_cat?post=29038"},{"taxonomy":"product_tag","embeddable":true,"href":"https:\/\/anilcanbay.com\/hanedan\/wp-json\/wp\/v2\/product_tag?post=29038"}],"curies":[{"name":"wp","href":"https:\/\/api.w.org\/{rel}","templated":true}]}}