{"id":29040,"date":"2026-04-01T19:57:53","date_gmt":"2026-04-01T16:57:53","guid":{"rendered":"https:\/\/anilcanbay.com\/hanedan\/?post_type=product&#038;p=29040"},"modified":"2026-04-07T02:00:24","modified_gmt":"2026-04-06T23:00:24","slug":"h-max-inline-acik-kasa-cift-karbonlu-su-aritma-3lu-filtre-seti-0033","status":"publish","type":"product","link":"https:\/\/anilcanbay.com\/hanedan\/product\/h-max-inline-acik-kasa-cift-karbonlu-su-aritma-3lu-filtre-seti-0033\/","title":{"rendered":"H-max Inline A\u00e7\u0131k Kasa \u00c7ift Karbonlu  Su Ar\u0131tma 3&#8217;l\u00fc Filtre Seti &#8211; 0033"},"content":{"rendered":"<p>\u00d6nemli Uyar\u0131! \u00dcr\u00fcn\u00fcn montaj\u0131 s\u0131ras\u0131nda en \u00f6nemli nokta filtre y\u0131kama a\u015famas\u0131d\u0131r.<\/p>\n<p>2. filtrede bulunan carbonlar\u0131n di\u011fer filtrelere gitmemesi ve filtre ve di\u011fer aksanlar\u0131 t\u0131kamamas\u0131 i\u00e7in yap\u0131lmas\u0131 gereken en \u00f6nemli i\u015flem ilk 3 filtrenin y\u0131kamas\u0131d\u0131r. ; \u0130lk 3 filtrenin y\u0131kamas\u0131n\u0131 do\u011fru bir \u015fekilde yapt\u0131ktan sonra cihaz doldur bo\u015falt yap\u0131lmal\u0131d\u0131r.<\/p>\n<p>D\u00fczg\u00fcn bir \u015fekilde montaj\u0131 yap\u0131lmayan \u00fcr\u00fcn cihaz\u0131n\u0131z\u0131 bozacakt\u0131r.<\/p>\n<p>Daha Kaliteli bir su t\u00fcketimi i\u00e7in s\u00fcper membran\u0131 \u00f6neriyoruz!<\/p>\n<p>\u00dcr\u00fcn \u0130\u00e7eri\u011fi<\/p>\n<p>1 Adet H-MAX 1 Micron Sediment Filtre ;<\/p>\n<p>1 Adet H-MAX CTO Blok Carbon Filtre ;<\/p>\n<p>1 Adet H-MAX GAC Karbon Filtre ;<\/p>\n<p>1 Adet A\u00e7\u0131k Kasa A\u00e7ma Anahtar\u0131<\/p>\n<p>Kutu i\u00e7erisinde bulunmaktad\u0131r. \u0130nline Filtrelerimiz 10&nbsp;inc dir. 24,7 cm y\u00fcksekli\u011fi, 6,5 cm \u00e7ap\u0131 bulunmaktad\u0131r.&nbsp;<\/p>\n<p>\u00dcretim ve da\u011f\u0131t\u0131mlar\u0131 Hanedan Su Ar\u0131tma ve Hmax Ar\u0131t\u0131m taraf\u0131ndan yap\u0131lmaktad\u0131r. \u00fcr\u00fcnler taraf\u0131m\u0131zca sa\u011flanmaktad\u0131r.<\/p>\n","protected":false},"excerpt":{"rendered":"<p>A\u00e7\u0131k Kasa ve Daire Giri\u015fi Su Ar\u0131tma Cihazlar\u0131 \u0130\u00e7in \u0130nline Set<\/p>\n","protected":false},"featured_media":29648,"comment_status":"open","ping_status":"closed","template":"","meta":{"inline_featured_image":false},"product_brand":[2850],"product_cat":[2842,2840],"product_tag":[1032,1029,1030,1028,1031,378,89,90,1033,1034,1047,1048,1049,1050,1051,1064,1065,1066,1052,1057,1058,1059,1053,1054,1055,1056,1060,1061,1062,1063,1067,1068,1069,1070,1035,1036,1037,1038,1043,1044,1045,1039,1040,1041,1042,1046],"class_list":{"0":"post-29040","1":"product","2":"type-product","3":"status-publish","4":"has-post-thumbnail","6":"product_brand-h-max-reverse-osmosis-system","7":"product_cat-acik-kasa-su-aritma-filtreleri","8":"product_cat-su-aritma-filtreleri","9":"product_tag-3lu-inline-acik-kasa-filtre-takimi","10":"product_tag-acik-kasa-3lu","11":"product_tag-acik-kasa-filtre-seti","12":"product_tag-acik-kasa-inline","13":"product_tag-daire-girisi-filtre-seti","14":"product_tag-filtre-seti","15":"product_tag-h-max","16":"product_tag-h-max-inline","17":"product_tag-h-max-inline-acik","18":"product_tag-h-max-inline-acik-kasa","19":"product_tag-h-max-inline-acik-kasa-cift","20":"product_tag-h-max-inline-acik-kasa-cift-karbonlu","21":"product_tag-h-max-inline-acik-kasa-cift-karbonlu-su","22":"product_tag-h-max-inline-acik-kasa-cift-karbonlu-su-aritma","23":"product_tag-h-max-inline-acik-kasa-cift-karbonlu-su-aritma-3lu","24":"product_tag-h-max-inline-acik-kasa-cift-karbonlu-su-aritma-3lu-2","25":"product_tag-h-max-inline-acik-kasa-cift-karbonlu-su-aritma-3lu-0033","26":"product_tag-h-max-inline-acik-kasa-cift-karbonlu-su-aritma-3lu-0033-2","27":"product_tag-h-max-inline-acik-kasa-cift-karbonlu-su-aritma-3lu-filtre","28":"product_tag-h-max-inline-acik-kasa-cift-karbonlu-su-aritma-3lu-filtre-2","29":"product_tag-h-max-inline-acik-kasa-cift-karbonlu-su-aritma-3lu-filtre-0033","30":"product_tag-h-max-inline-acik-kasa-cift-karbonlu-su-aritma-3lu-filtre-0033-2","31":"product_tag-h-max-inline-acik-kasa-cift-karbonlu-su-aritma-3lu-filtre-seti","32":"product_tag-h-max-inline-acik-kasa-cift-karbonlu-su-aritma-3lu-filtre-seti-2","33":"product_tag-h-max-inline-acik-kasa-cift-karbonlu-su-aritma-3lu-filtre-seti-0033","34":"product_tag-h-max-inline-acik-kasa-cift-karbonlu-su-aritma-3lu-filtre-seti-0033-2","35":"product_tag-h-max-inline-acik-kasa-cift-karbonlu-su-aritma-3lu-seti","36":"product_tag-h-max-inline-acik-kasa-cift-karbonlu-su-aritma-3lu-seti-2","37":"product_tag-h-max-inline-acik-kasa-cift-karbonlu-su-aritma-3lu-seti-0033","38":"product_tag-h-max-inline-acik-kasa-cift-karbonlu-su-aritma-3lu-seti-0033-2","39":"product_tag-h-max-inline-acik-kasa-cift-karbonlu-su-aritma-filtre","40":"product_tag-h-max-inline-acik-kasa-cift-karbonlu-su-aritma-filtre-seti","41":"product_tag-h-max-inline-acik-kasa-cift-karbonlu-su-aritma-filtre-seti-2","42":"product_tag-h-max-inline-acik-kasa-cift-karbonlu-su-aritma-filtre-seti-0033","43":"product_tag-h-max-inline-acik-kasa-su","44":"product_tag-h-max-inline-acik-kasa-su-aritma","45":"product_tag-h-max-inline-acik-kasa-su-aritma-3lu","46":"product_tag-h-max-inline-acik-kasa-su-aritma-3lu-filtre","47":"product_tag-h-max-inline-acik-kasa-su-aritma-3lu-filtre-2","48":"product_tag-h-max-inline-acik-kasa-su-aritma-3lu-filtre-0033","49":"product_tag-h-max-inline-acik-kasa-su-aritma-3lu-filtre-0033-2","50":"product_tag-h-max-inline-acik-kasa-su-aritma-3lu-filtre-seti","51":"product_tag-h-max-inline-acik-kasa-su-aritma-3lu-filtre-seti-2","52":"product_tag-h-max-inline-acik-kasa-su-aritma-3lu-filtre-seti-0033","53":"product_tag-h-max-inline-acik-kasa-su-aritma-3lu-filtre-seti-0033-2","54":"product_tag-h-max-inline-acik-kasa-su-aritma-3lu-seti","56":"first","57":"instock","58":"sale","59":"shipping-taxable","60":"purchasable","61":"product-type-simple"},"_links":{"self":[{"href":"https:\/\/anilcanbay.com\/hanedan\/wp-json\/wp\/v2\/product\/29040","targetHints":{"allow":["GET"]}}],"collection":[{"href":"https:\/\/anilcanbay.com\/hanedan\/wp-json\/wp\/v2\/product"}],"about":[{"href":"https:\/\/anilcanbay.com\/hanedan\/wp-json\/wp\/v2\/types\/product"}],"replies":[{"embeddable":true,"href":"https:\/\/anilcanbay.com\/hanedan\/wp-json\/wp\/v2\/comments?post=29040"}],"version-history":[{"count":1,"href":"https:\/\/anilcanbay.com\/hanedan\/wp-json\/wp\/v2\/product\/29040\/revisions"}],"predecessor-version":[{"id":29070,"href":"https:\/\/anilcanbay.com\/hanedan\/wp-json\/wp\/v2\/product\/29040\/revisions\/29070"}],"wp:featuredmedia":[{"embeddable":true,"href":"https:\/\/anilcanbay.com\/hanedan\/wp-json\/wp\/v2\/media\/29648"}],"wp:attachment":[{"href":"https:\/\/anilcanbay.com\/hanedan\/wp-json\/wp\/v2\/media?parent=29040"}],"wp:term":[{"taxonomy":"product_brand","embeddable":true,"href":"https:\/\/anilcanbay.com\/hanedan\/wp-json\/wp\/v2\/product_brand?post=29040"},{"taxonomy":"product_cat","embeddable":true,"href":"https:\/\/anilcanbay.com\/hanedan\/wp-json\/wp\/v2\/product_cat?post=29040"},{"taxonomy":"product_tag","embeddable":true,"href":"https:\/\/anilcanbay.com\/hanedan\/wp-json\/wp\/v2\/product_tag?post=29040"}],"curies":[{"name":"wp","href":"https:\/\/api.w.org\/{rel}","templated":true}]}}