{"id":29041,"date":"2026-04-01T19:57:53","date_gmt":"2026-04-01T16:57:53","guid":{"rendered":"https:\/\/anilcanbay.com\/hanedan\/?post_type=product&#038;p=29041"},"modified":"2026-04-07T02:02:04","modified_gmt":"2026-04-06T23:02:04","slug":"h-max-acik-kasa-cift-karbonlu-su-aritma-4lu-filtre-seti-0034","status":"publish","type":"product","link":"https:\/\/anilcanbay.com\/hanedan\/product\/h-max-acik-kasa-cift-karbonlu-su-aritma-4lu-filtre-seti-0034\/","title":{"rendered":"H-max A\u00e7\u0131k Kasa  \u00c7ift Karbonlu Su Ar\u0131tma 4&#8217;l\u00fc Filtre Seti &#8211; 0034"},"content":{"rendered":"<h2>\u00d6nemli Uyar\u0131! \u00dcr\u00fcn\u00fcn montaj\u0131 s\u0131ras\u0131nda en \u00f6nemli nokta filtre y\u0131kama a\u015famas\u0131d\u0131r.<\/h2>\n<p>2. filtrede bulunan carbonlar\u0131n di\u011fer filtrelere gitmemesi ve filtre ve di\u011fer aksanlar\u0131 t\u0131kamamas\u0131 i\u00e7in yap\u0131lmas\u0131 gereken en \u00f6nemli i\u015flem ilk 3 filtrenin y\u0131kamas\u0131d\u0131r. ; \u0130lk 3 filtrenin y\u0131kamas\u0131n\u0131 do\u011fru bir \u015fekilde yapt\u0131ktan sonra cihaz doldur bo\u015falt yap\u0131lmal\u0131d\u0131r.<\/p>\n<p>D\u00fczg\u00fcn bir \u015fekilde montaj\u0131 yap\u0131lmayan \u00fcr\u00fcn cihaz\u0131n\u0131z\u0131 bozacakt\u0131r.<\/p>\n<p>Daha Kaliteli bir su t\u00fcketimi i\u00e7in s\u00fcper membran\u0131 \u00f6neriyoruz!<\/p>\n<h1><u><strong>\u00dcr\u00fcn \u0130\u00e7eri\u011fi<\/strong><\/u><\/h1>\n<ul>\n<li>1 Adet H-MAX 1 Micron Sediment Filtre&nbsp;<\/li>\n<li>1 Adet H-MAX CTO Blok Carbon Filtre&nbsp;<\/li>\n<li>1 Adet H-MAX GAC Karbon Filtre&nbsp;<\/li>\n<li>1 Adet H-MAX Post Carbon (tatland\u0131r\u0131c\u0131) Filtre<\/li>\n<li>1 Adet A\u00e7\u0131k Kasa A\u00e7ma Anahtar\u0131<\/li>\n<li>1 adet L + 1 Adet T Dirsek<\/li>\n<\/ul>\n<p><em><u>Kutu i\u00e7erisinde bulunmaktad\u0131r. \u0130nline Filtrelerimiz 10&nbsp;inc dir. 24,7 cm y\u00fcksekli\u011fi, 6,5 cm \u00e7ap\u0131 bulunmaktad\u0131r.&nbsp;<\/u><\/em><\/p>\n<p>\u00dcretim ve da\u011f\u0131t\u0131mlar\u0131 Hanedan Su Ar\u0131tma ve Hmax Ar\u0131t\u0131m taraf\u0131ndan yap\u0131lmaktad\u0131r. \u00fcr\u00fcnler taraf\u0131m\u0131zca sa\u011flanmaktad\u0131r.<\/p>\n","protected":false},"excerpt":{"rendered":"<p>A\u00e7\u0131k Kasa \u0130nline ve Post Carbon Filtre<\/p>\n","protected":false},"featured_media":29657,"comment_status":"open","ping_status":"closed","template":"","meta":{"inline_featured_image":false},"product_brand":[2850],"product_cat":[2842,2840],"product_tag":[1032,1029,1030,1028,1031,378,89,1075,1076,1077,1078,1079,1112,1113,1114,1115,1080,1109,1110,1111,1081,1094,1095,1096,1082,1087,1088,1089,1083,1084,1085,1086,1090,1091,1092,1093,1097,1102,1103,1104,1098,1099,1100,1101,1105,1106,1107,1108,90],"class_list":{"0":"post-29041","1":"product","2":"type-product","3":"status-publish","4":"has-post-thumbnail","6":"product_brand-h-max-reverse-osmosis-system","7":"product_cat-acik-kasa-su-aritma-filtreleri","8":"product_cat-su-aritma-filtreleri","9":"product_tag-3lu-inline-acik-kasa-filtre-takimi","10":"product_tag-acik-kasa-3lu","11":"product_tag-acik-kasa-filtre-seti","12":"product_tag-acik-kasa-inline","13":"product_tag-daire-girisi-filtre-seti","14":"product_tag-filtre-seti","15":"product_tag-h-max","16":"product_tag-h-max-acik","17":"product_tag-h-max-acik-kasa","18":"product_tag-h-max-acik-kasa-cift","19":"product_tag-h-max-acik-kasa-cift-karbonlu","20":"product_tag-h-max-acik-kasa-cift-karbonlu-su","21":"product_tag-h-max-acik-kasa-cift-karbonlu-su-4lu","22":"product_tag-h-max-acik-kasa-cift-karbonlu-su-4lu-filtre","23":"product_tag-h-max-acik-kasa-cift-karbonlu-su-4lu-filtre-seti","24":"product_tag-h-max-acik-kasa-cift-karbonlu-su-4lu-filtre-seti-2","25":"product_tag-h-max-acik-kasa-cift-karbonlu-su-aritma","26":"product_tag-h-max-acik-kasa-cift-karbonlu-su-aritma-2","27":"product_tag-h-max-acik-kasa-cift-karbonlu-su-aritma-0034","28":"product_tag-h-max-acik-kasa-cift-karbonlu-su-aritma-0034-2","29":"product_tag-h-max-acik-kasa-cift-karbonlu-su-aritma-4lu","30":"product_tag-h-max-acik-kasa-cift-karbonlu-su-aritma-4lu-2","31":"product_tag-h-max-acik-kasa-cift-karbonlu-su-aritma-4lu-0034","32":"product_tag-h-max-acik-kasa-cift-karbonlu-su-aritma-4lu-0034-2","33":"product_tag-h-max-acik-kasa-cift-karbonlu-su-aritma-4lu-filtre","34":"product_tag-h-max-acik-kasa-cift-karbonlu-su-aritma-4lu-filtre-2","35":"product_tag-h-max-acik-kasa-cift-karbonlu-su-aritma-4lu-filtre-0034","36":"product_tag-h-max-acik-kasa-cift-karbonlu-su-aritma-4lu-filtre-0034-2","37":"product_tag-h-max-acik-kasa-cift-karbonlu-su-aritma-4lu-filtre-seti","38":"product_tag-h-max-acik-kasa-cift-karbonlu-su-aritma-4lu-filtre-seti-2","39":"product_tag-h-max-acik-kasa-cift-karbonlu-su-aritma-4lu-filtre-seti-0034","40":"product_tag-h-max-acik-kasa-cift-karbonlu-su-aritma-4lu-filtre-seti-0034-2","41":"product_tag-h-max-acik-kasa-cift-karbonlu-su-aritma-4lu-seti","42":"product_tag-h-max-acik-kasa-cift-karbonlu-su-aritma-4lu-seti-2","43":"product_tag-h-max-acik-kasa-cift-karbonlu-su-aritma-4lu-seti-0034","44":"product_tag-h-max-acik-kasa-cift-karbonlu-su-aritma-4lu-seti-0034-2","45":"product_tag-h-max-acik-kasa-cift-karbonlu-su-aritma-filtre","46":"product_tag-h-max-acik-kasa-cift-karbonlu-su-aritma-filtre-2","47":"product_tag-h-max-acik-kasa-cift-karbonlu-su-aritma-filtre-0034","48":"product_tag-h-max-acik-kasa-cift-karbonlu-su-aritma-filtre-0034-2","49":"product_tag-h-max-acik-kasa-cift-karbonlu-su-aritma-filtre-seti","50":"product_tag-h-max-acik-kasa-cift-karbonlu-su-aritma-filtre-seti-2","51":"product_tag-h-max-acik-kasa-cift-karbonlu-su-aritma-filtre-seti-0034","52":"product_tag-h-max-acik-kasa-cift-karbonlu-su-aritma-filtre-seti-0034-2","53":"product_tag-h-max-acik-kasa-cift-karbonlu-su-aritma-seti","54":"product_tag-h-max-acik-kasa-cift-karbonlu-su-aritma-seti-2","55":"product_tag-h-max-acik-kasa-cift-karbonlu-su-aritma-seti-0034","56":"product_tag-h-max-acik-kasa-cift-karbonlu-su-aritma-seti-0034-2","57":"product_tag-h-max-inline","59":"first","60":"instock","61":"sale","62":"shipping-taxable","63":"purchasable","64":"product-type-simple"},"_links":{"self":[{"href":"https:\/\/anilcanbay.com\/hanedan\/wp-json\/wp\/v2\/product\/29041","targetHints":{"allow":["GET"]}}],"collection":[{"href":"https:\/\/anilcanbay.com\/hanedan\/wp-json\/wp\/v2\/product"}],"about":[{"href":"https:\/\/anilcanbay.com\/hanedan\/wp-json\/wp\/v2\/types\/product"}],"replies":[{"embeddable":true,"href":"https:\/\/anilcanbay.com\/hanedan\/wp-json\/wp\/v2\/comments?post=29041"}],"version-history":[{"count":1,"href":"https:\/\/anilcanbay.com\/hanedan\/wp-json\/wp\/v2\/product\/29041\/revisions"}],"predecessor-version":[{"id":29071,"href":"https:\/\/anilcanbay.com\/hanedan\/wp-json\/wp\/v2\/product\/29041\/revisions\/29071"}],"wp:featuredmedia":[{"embeddable":true,"href":"https:\/\/anilcanbay.com\/hanedan\/wp-json\/wp\/v2\/media\/29657"}],"wp:attachment":[{"href":"https:\/\/anilcanbay.com\/hanedan\/wp-json\/wp\/v2\/media?parent=29041"}],"wp:term":[{"taxonomy":"product_brand","embeddable":true,"href":"https:\/\/anilcanbay.com\/hanedan\/wp-json\/wp\/v2\/product_brand?post=29041"},{"taxonomy":"product_cat","embeddable":true,"href":"https:\/\/anilcanbay.com\/hanedan\/wp-json\/wp\/v2\/product_cat?post=29041"},{"taxonomy":"product_tag","embeddable":true,"href":"https:\/\/anilcanbay.com\/hanedan\/wp-json\/wp\/v2\/product_tag?post=29041"}],"curies":[{"name":"wp","href":"https:\/\/api.w.org\/{rel}","templated":true}]}}