{"id":29078,"date":"2026-04-01T19:57:59","date_gmt":"2026-04-01T16:57:59","guid":{"rendered":"https:\/\/anilcanbay.com\/hanedan\/?post_type=product&#038;p=29078"},"modified":"2026-04-07T01:44:55","modified_gmt":"2026-04-06T22:44:55","slug":"h-max-75-gpd-membranli-acik-kasa-su-aritma-cift-karbonlu-7li-filtre-seti-0041","status":"publish","type":"product","link":"https:\/\/anilcanbay.com\/hanedan\/product\/h-max-75-gpd-membranli-acik-kasa-su-aritma-cift-karbonlu-7li-filtre-seti-0041\/","title":{"rendered":"H-max 75 Gpd Membranl\u0131 A\u00e7\u0131k Kasa Su Ar\u0131tma \u00c7ift Karbonlu 7&#8217;li Filtre Seti &#8211; 0041"},"content":{"rendered":"<h2>\u00d6nemli Uyar\u0131! \u00dcr\u00fcn\u00fcn montaj\u0131 s\u0131ras\u0131nda en \u00f6nemli nokta filtre y\u0131kama a\u015famas\u0131d\u0131r.<\/h2>\n<p>2. filtrede bulunan carbonlar\u0131n di\u011fer filtrelere gitmemesi ve filtre ve di\u011fer aksanlar\u0131 t\u0131kamamas\u0131 i\u00e7in yap\u0131lmas\u0131 gereken en \u00f6nemli i\u015flem ilk 3 filtrenin y\u0131kamas\u0131d\u0131r. ; \u0130lk 3 filtrenin y\u0131kamas\u0131n\u0131 do\u011fru bir \u015fekilde yapt\u0131ktan sonra cihaz doldur bo\u015falt yap\u0131lmal\u0131d\u0131r.<\/p>\n<p>D\u00fczg\u00fcn bir \u015fekilde montaj\u0131 yap\u0131lmayan \u00fcr\u00fcn cihaz\u0131n\u0131z\u0131 bozacakt\u0131r.<\/p>\n<p>Daha Kaliteli bir su t\u00fcketimi i\u00e7in s\u00fcper membran\u0131 \u00f6neriyoruz!<\/p>\n<h1><u><strong>\u00dcr\u00fcn \u0130\u00e7eri\u011fi<\/strong><\/u><\/h1>\n<ul>\n<li>1 Adet H-MAX 1 Micron Sediment Filtre&nbsp;<\/li>\n<li>1 Adet H-MAX CTO Blok Carbon Filtre&nbsp;<\/li>\n<li>1 Adet H-MAX GAC Karbon Filtre&nbsp;<\/li>\n<li>1 Adet H-MAX Post Carbon (tatland\u0131r\u0131c\u0131) Filtre<\/li>\n<li>1 Adet 90 GPD S\u00fcper&nbsp;Membran Filtre<\/li>\n<li>1 Adet 7in1 Mineral Filtre<\/li>\n<li>1 Adet Alkali Filtre<\/li>\n<li>1 Adet A\u00e7\u0131k Kasa A\u00e7ma Anahtar\u0131<\/li>\n<li>1 adet L + 1 Adet T Dirsek<\/li>\n<\/ul>\n<p><em><u>Kutu i\u00e7erisinde bulunmaktad\u0131r. \u0130nline Filtrelerimiz 10&nbsp;inc dir. 24,7 cm y\u00fcksekli\u011fi, 6,5 cm \u00e7ap\u0131 bulunmaktad\u0131r.&nbsp;&nbsp;Mineral, tatland\u0131r\u0131c\u0131 ve alkali filtrelerimiz 26 cm y\u00fcksekli\u011fe ve 5 cm \u00e7apa sahiptir.<\/u><\/em><\/p>\n<p>\u00dcretim ve da\u011f\u0131t\u0131mlar\u0131 Hanedan Su Ar\u0131tma ve Hmax Ar\u0131t\u0131m taraf\u0131ndan yap\u0131lmaktad\u0131r. \u00fcr\u00fcnler taraf\u0131m\u0131zca sa\u011flanmaktad\u0131r.<\/p>\n","protected":false},"excerpt":{"rendered":"<p>75 Gpd Membranl\u0131 A\u00e7\u0131k Kasa Su Ar\u0131tma \u00c7ift Karbonlu 7&#8217;li Filtre Seti<\/p>\n","protected":false},"featured_media":29585,"comment_status":"open","ping_status":"closed","template":"","meta":{"inline_featured_image":false},"product_brand":[2850],"product_cat":[2842,2840],"product_tag":[1030,1129,1119,1130,1125,1128,1117,1120,1131,1127,1132,378,89,191,192,1133,1134,1135,1136,1137,1138,1139,1140,1143,193,1184,1185,1186,1187,1188,1189,1202,1203,1204,387,313,1175,1126,1118,1121,1122,1124,1123],"class_list":{"0":"post-29078","1":"product","2":"type-product","3":"status-publish","4":"has-post-thumbnail","6":"product_brand-h-max-reverse-osmosis-system","7":"product_cat-acik-kasa-su-aritma-filtreleri","8":"product_cat-su-aritma-filtreleri","9":"product_tag-acik-kasa-filtre-seti","10":"product_tag-acik-kasa-filtre-seti-en-uygun","11":"product_tag-acik-kasa-su-aritma-sistemleri","12":"product_tag-akakce","13":"product_tag-aquames","14":"product_tag-bms","15":"product_tag-brita-su-aritma","16":"product_tag-buzsu-com-tr","17":"product_tag-cimri-com","18":"product_tag-compact","19":"product_tag-en-ucuz","20":"product_tag-filtre-seti","21":"product_tag-h-max","22":"product_tag-h-max-75","23":"product_tag-h-max-75-gpd","24":"product_tag-h-max-75-gpd-hmax","25":"product_tag-h-max-75-gpd-hmax-membranli","26":"product_tag-h-max-75-gpd-hmax-membranli-acik","27":"product_tag-h-max-75-gpd-hmax-membranli-acik-kasa","28":"product_tag-h-max-75-gpd-hmax-membranli-acik-kasa-su","29":"product_tag-h-max-75-gpd-hmax-membranli-acik-kasa-su-aritma","30":"product_tag-h-max-75-gpd-hmax-membranli-acik-kasa-su-aritma-cift","31":"product_tag-h-max-75-gpd-hmax-membranli-acik-kasa-su-aritma-cift-karbonlu","32":"product_tag-h-max-75-gpd-hmax-membranli-acik-kasa-su-aritma-cift-karbonlu-5li-filtre-seti","33":"product_tag-h-max-75-gpd-membranli","34":"product_tag-h-max-75-gpd-membranli-acik","35":"product_tag-h-max-75-gpd-membranli-acik-kasa","36":"product_tag-h-max-75-gpd-membranli-acik-kasa-su","37":"product_tag-h-max-75-gpd-membranli-acik-kasa-su-aritma","38":"product_tag-h-max-75-gpd-membranli-acik-kasa-su-aritma-cift","39":"product_tag-h-max-75-gpd-membranli-acik-kasa-su-aritma-cift-karbonlu","40":"product_tag-h-max-75-gpd-membranli-acik-kasa-su-aritma-cift-karbonlu-7li","41":"product_tag-h-max-75-gpd-membranli-acik-kasa-su-aritma-cift-karbonlu-7li-filtre","42":"product_tag-h-max-75-gpd-membranli-acik-kasa-su-aritma-cift-karbonlu-7li-filtre-seti","43":"product_tag-h-max-80","44":"product_tag-h-max-lg","45":"product_tag-h-max-lg-membranli-acik","46":"product_tag-ihlas","47":"product_tag-mil-su-su-aritma-sistemler","48":"product_tag-overwater-su-aritma-sistemleri","49":"product_tag-overwater-com-tr","50":"product_tag-piksel-aqua","51":"product_tag-sumosu-com","53":"first","54":"instock","55":"sale","56":"shipping-taxable","57":"purchasable","58":"product-type-simple"},"_links":{"self":[{"href":"https:\/\/anilcanbay.com\/hanedan\/wp-json\/wp\/v2\/product\/29078","targetHints":{"allow":["GET"]}}],"collection":[{"href":"https:\/\/anilcanbay.com\/hanedan\/wp-json\/wp\/v2\/product"}],"about":[{"href":"https:\/\/anilcanbay.com\/hanedan\/wp-json\/wp\/v2\/types\/product"}],"replies":[{"embeddable":true,"href":"https:\/\/anilcanbay.com\/hanedan\/wp-json\/wp\/v2\/comments?post=29078"}],"version-history":[{"count":1,"href":"https:\/\/anilcanbay.com\/hanedan\/wp-json\/wp\/v2\/product\/29078\/revisions"}],"predecessor-version":[{"id":29108,"href":"https:\/\/anilcanbay.com\/hanedan\/wp-json\/wp\/v2\/product\/29078\/revisions\/29108"}],"wp:featuredmedia":[{"embeddable":true,"href":"https:\/\/anilcanbay.com\/hanedan\/wp-json\/wp\/v2\/media\/29585"}],"wp:attachment":[{"href":"https:\/\/anilcanbay.com\/hanedan\/wp-json\/wp\/v2\/media?parent=29078"}],"wp:term":[{"taxonomy":"product_brand","embeddable":true,"href":"https:\/\/anilcanbay.com\/hanedan\/wp-json\/wp\/v2\/product_brand?post=29078"},{"taxonomy":"product_cat","embeddable":true,"href":"https:\/\/anilcanbay.com\/hanedan\/wp-json\/wp\/v2\/product_cat?post=29078"},{"taxonomy":"product_tag","embeddable":true,"href":"https:\/\/anilcanbay.com\/hanedan\/wp-json\/wp\/v2\/product_tag?post=29078"}],"curies":[{"name":"wp","href":"https:\/\/api.w.org\/{rel}","templated":true}]}}