{"id":29085,"date":"2026-04-01T19:58:00","date_gmt":"2026-04-01T16:58:00","guid":{"rendered":"https:\/\/anilcanbay.com\/hanedan\/?post_type=product&#038;p=29085"},"modified":"2026-04-07T01:10:50","modified_gmt":"2026-04-06T22:10:50","slug":"su-aritma-cihazlari-icin-quick-girisli-shut-off-valf-vana-0099","status":"publish","type":"product","link":"https:\/\/anilcanbay.com\/hanedan\/product\/su-aritma-cihazlari-icin-quick-girisli-shut-off-valf-vana-0099\/","title":{"rendered":"Su Ar\u0131tma Cihazlar\u0131 I\u00e7in Quick Giri\u015fli Shut Off Valf Vana &#8211; 0099"},"content":{"rendered":"<p>Shut-off Valf&nbsp;<b>kapatma valf\u0131d\u0131r<\/b>. Yani su ar\u0131tma cihaz\u0131 \u00fcretimini yaparken di\u011fer taraftan da at\u0131k suyu d\u0131\u015far\u0131ya g\u00f6nderir. Depo dolup sistemdeki bas\u0131n\u00e7 40 PS\u0130 &#8216; ye ula\u015f\u0131nca su kullan\u0131m\u0131 yoksa shut-off valf hatlarda s\u0131k\u0131\u015fan bas\u0131n\u00e7 sayesinde kendisini kapat\u0131r ve giri\u015f suyunun ge\u00e7mesine izin vermez.<\/p>\n","protected":false},"excerpt":{"rendered":"<p>Shut Off (\u015eatof) 4 Yollu Su Ar\u0131tma Cihazlar\u0131 \u0130\u00e7in<\/p>\n","protected":false},"featured_media":29576,"comment_status":"open","ping_status":"closed","template":"","meta":{"inline_featured_image":false},"product_brand":[2854],"product_cat":[2846,2849],"product_tag":[1245,1246,889,1261,1262,1263,1264,1265,1282,1283,1284,1285,1286,1287,1266,1267,1268,1269,1270,1271,1272,1273,1274,1275,1276,1277,1278,1279,1280,1281,86,888,891,892,893,896,894,895,899,897,898,900,903,901,902,906,904,905,907,890],"class_list":{"0":"post-29085","1":"product","2":"type-product","3":"status-publish","4":"has-post-thumbnail","6":"product_brand-pluskit","7":"product_cat-su-aritma-yedek-parcalari","8":"product_cat-yedek-parca","9":"product_tag-daire","10":"product_tag-daire-girisi","11":"product_tag-kacak-su","12":"product_tag-shut","13":"product_tag-shut-off","14":"product_tag-shut-off-satof","15":"product_tag-shut-off-satof-4","16":"product_tag-shut-off-satof-4-yollu","17":"product_tag-shut-off-satof-4-yollu-aritma","18":"product_tag-shut-off-satof-4-yollu-aritma-cihazlari","19":"product_tag-shut-off-satof-4-yollu-aritma-cihazlari-icin","20":"product_tag-shut-off-satof-4-yollu-aritma-cihazlari-icin-kap","21":"product_tag-shut-off-satof-4-yollu-aritma-cihazlari-kap","22":"product_tag-shut-off-satof-4-yollu-aritma-icin","23":"product_tag-shut-off-satof-4-yollu-su","24":"product_tag-shut-off-satof-4-yollu-su-aritma","25":"product_tag-shut-off-satof-4-yollu-su-aritma-cihazlari","26":"product_tag-shut-off-satof-4-yollu-su-aritma-cihazlari-icin","27":"product_tag-shut-off-satof-4-yollu-su-aritma-cihazlari-icin-kap","28":"product_tag-shut-off-satof-4-yollu-su-aritma-cihazlari-kap","29":"product_tag-shut-off-satof-4-yollu-su-aritma-icin","30":"product_tag-shut-off-satof-4-yollu-su-aritma-icin-kap","31":"product_tag-shut-off-satof-4-yollu-su-aritma-kap","32":"product_tag-shut-off-satof-4-yollu-su-cihazlari","33":"product_tag-shut-off-satof-4-yollu-su-cihazlari-icin","34":"product_tag-shut-off-satof-4-yollu-su-cihazlari-icin-kap","35":"product_tag-shut-off-satof-4-yollu-su-cihazlari-kap","36":"product_tag-shut-off-satof-4-yollu-su-icin","37":"product_tag-shut-off-satof-4-yollu-su-icin-kap","38":"product_tag-shut-off-satof-4-yollu-su-kap","39":"product_tag-su-aritma","40":"product_tag-su-aritma-cihazi-kacak-su-sensoru","41":"product_tag-su-aritma-cihazlari","42":"product_tag-su-aritma-cihazlari-icin","43":"product_tag-su-aritma-cihazlari-icin-kacak","44":"product_tag-su-aritma-cihazlari-icin-kacak-sensoru","45":"product_tag-su-aritma-cihazlari-icin-kacak-su","46":"product_tag-su-aritma-cihazlari-icin-kacak-su-sensoru","47":"product_tag-su-aritma-cihazlari-icin-sensoru","48":"product_tag-su-aritma-cihazlari-icin-su","49":"product_tag-su-aritma-cihazlari-icin-su-sensoru","50":"product_tag-su-aritma-cihazlari-kacak","51":"product_tag-su-aritma-cihazlari-kacak-sensoru","52":"product_tag-su-aritma-cihazlari-kacak-su","53":"product_tag-su-aritma-cihazlari-kacak-su-sensoru","54":"product_tag-su-aritma-cihazlari-sensoru","55":"product_tag-su-aritma-cihazlari-su","56":"product_tag-su-aritma-cihazlari-su-sensoru","57":"product_tag-su-aritma-icin","58":"product_tag-su-sizmasi","60":"first","61":"instock","62":"sale","63":"shipping-taxable","64":"purchasable","65":"product-type-simple"},"_links":{"self":[{"href":"https:\/\/anilcanbay.com\/hanedan\/wp-json\/wp\/v2\/product\/29085","targetHints":{"allow":["GET"]}}],"collection":[{"href":"https:\/\/anilcanbay.com\/hanedan\/wp-json\/wp\/v2\/product"}],"about":[{"href":"https:\/\/anilcanbay.com\/hanedan\/wp-json\/wp\/v2\/types\/product"}],"replies":[{"embeddable":true,"href":"https:\/\/anilcanbay.com\/hanedan\/wp-json\/wp\/v2\/comments?post=29085"}],"version-history":[{"count":1,"href":"https:\/\/anilcanbay.com\/hanedan\/wp-json\/wp\/v2\/product\/29085\/revisions"}],"predecessor-version":[{"id":29115,"href":"https:\/\/anilcanbay.com\/hanedan\/wp-json\/wp\/v2\/product\/29085\/revisions\/29115"}],"wp:featuredmedia":[{"embeddable":true,"href":"https:\/\/anilcanbay.com\/hanedan\/wp-json\/wp\/v2\/media\/29576"}],"wp:attachment":[{"href":"https:\/\/anilcanbay.com\/hanedan\/wp-json\/wp\/v2\/media?parent=29085"}],"wp:term":[{"taxonomy":"product_brand","embeddable":true,"href":"https:\/\/anilcanbay.com\/hanedan\/wp-json\/wp\/v2\/product_brand?post=29085"},{"taxonomy":"product_cat","embeddable":true,"href":"https:\/\/anilcanbay.com\/hanedan\/wp-json\/wp\/v2\/product_cat?post=29085"},{"taxonomy":"product_tag","embeddable":true,"href":"https:\/\/anilcanbay.com\/hanedan\/wp-json\/wp\/v2\/product_tag?post=29085"}],"curies":[{"name":"wp","href":"https:\/\/api.w.org\/{rel}","templated":true}]}}