{"id":29086,"date":"2026-04-01T19:58:01","date_gmt":"2026-04-01T16:58:01","guid":{"rendered":"https:\/\/anilcanbay.com\/hanedan\/?post_type=product&#038;p=29086"},"modified":"2026-04-06T23:34:03","modified_gmt":"2026-04-06T20:34:03","slug":"su-aritma-cihazi-haznesiz-damacanasiz-sebil-ustu-aparat-hortum-ve-baglanti-parcalari-dahil","status":"publish","type":"product","link":"https:\/\/anilcanbay.com\/hanedan\/product\/su-aritma-cihazi-haznesiz-damacanasiz-sebil-ustu-aparat-hortum-ve-baglanti-parcalari-dahil\/","title":{"rendered":"Su Ar\u0131tma Cihaz\u0131 Haznesiz Damacanas\u0131z Sebil \u00dcst\u00fc Aparat Hortum ve Ba\u011flant\u0131 Par\u00e7alar\u0131 Dahil"},"content":{"rendered":"<p><font color=\"#484848\" face=\"-apple-system, BlinkMacSystemFont, Arial, Roboto, Oxygen, Ubuntu, Cantarell, Fira Sans, Droid Sans, Helvetica Neue, sans-serif\"><span style=\"font-size: 14px;\">Sa\u011fl\u0131kl\u0131 polikarbon malzemeden \u00fcretilmi\u015ftir. Sa\u011fl\u0131\u011fa zarar\u0131 bulunmamaktad\u0131r.<\/span><\/font><\/p>\n<p>\u0130stedi\u011finiz \u00f6l\u00e7\u00fcde uzatabilece\u011finiz hortum, su ar\u0131tma cihaz\u0131n\u0131za ba\u011flant\u0131 aparat\u0131 ve \u015famand\u0131ral\u0131 kapa\u011f\u0131 ile g\u00f6nderilmektedir.<\/p>\n<ul>\n<li>5 Metre hortum<\/li>\n<li>T dirsek<\/li>\n<li>L dirsek<\/li>\n<li>\u015eamand\u0131ral\u0131 Kapak<\/li>\n<li>Kelebek vana<\/li>\n<\/ul>\n<p>&nbsp;<\/p>\n","protected":false},"excerpt":{"rendered":"<p data-bind=\"markupText: 'productName', event: {mouseup: handleMouseUpForProductName}\" id=\"product-name\"><span style=\"font-size:12px;\">Su Ar\u0131tma Cihaz\u0131 Haznesiz Sebil \u00dcst\u00fc Aparat Hortum ve Ba\u011flant\u0131 Par\u00e7alar\u0131 Dahil<\/span><\/p>\n","protected":false},"featured_media":29540,"comment_status":"open","ping_status":"closed","template":"","meta":{"inline_featured_image":false},"product_brand":[2854],"product_cat":[2848,2846],"product_tag":[1288,1289,1290,793,794,790,791,792,86,386,1291,1292,1293,1294,1295,1296,1297,1298,1301,1299,1300,1304,1302,1303,795,812,817,813,816,814,815,796,797,804,802,803,798,801,799,800,811,809,810,805,808,806,807],"class_list":{"0":"post-29086","1":"product","2":"type-product","3":"status-publish","4":"has-post-thumbnail","6":"product_brand-pluskit","7":"product_cat-sebil-ustu-aparat","8":"product_cat-su-aritma-yedek-parcalari","9":"product_tag-5-m-hortumlu","10":"product_tag-5-m-hortumlu-su","11":"product_tag-5-m-hortumlu-su-aritma","12":"product_tag-hazneli-sebil-cihazi","13":"product_tag-hazneli-sebil-ustu-aparat","14":"product_tag-sebil","15":"product_tag-sebil-cihazi","16":"product_tag-sebil-ustu","17":"product_tag-su-aritma","18":"product_tag-su-aritma-cihazi","19":"product_tag-su-aritma-cihazi-haznesiz","20":"product_tag-su-aritma-cihazi-haznesiz-damacanasiz","21":"product_tag-su-aritma-cihazi-haznesiz-damacanasiz-sebil","22":"product_tag-su-aritma-cihazi-haznesiz-damacanasiz-sebil-ustu","23":"product_tag-su-aritma-cihazi-haznesiz-damacanasiz-sebil-ustu-aparat","24":"product_tag-su-aritma-cihazi-haznesiz-damacanasiz-sebil-ustu-aparat-hortum","25":"product_tag-su-aritma-cihazi-haznesiz-damacanasiz-sebil-ustu-aparat-hortum-ve","26":"product_tag-su-aritma-cihazi-haznesiz-damacanasiz-sebil-ustu-aparat-hortum-ve-baglanti","27":"product_tag-su-aritma-cihazi-haznesiz-damacanasiz-sebil-ustu-aparat-hortum-ve-baglanti-dahil","28":"product_tag-su-aritma-cihazi-haznesiz-damacanasiz-sebil-ustu-aparat-hortum-ve-baglanti-parcalari","29":"product_tag-su-aritma-cihazi-haznesiz-damacanasiz-sebil-ustu-aparat-hortum-ve-baglanti-parcalari-dahil","30":"product_tag-su-aritma-cihazi-haznesiz-damacanasiz-sebil-ustu-aparat-hortum-ve-dahil","31":"product_tag-su-aritma-cihazi-haznesiz-damacanasiz-sebil-ustu-aparat-hortum-ve-parcalari","32":"product_tag-su-aritma-cihazi-haznesiz-damacanasiz-sebil-ustu-aparat-hortum-ve-parcalari-dahil","33":"product_tag-su-aritma-cihazi-sebil","34":"product_tag-su-aritma-cihazi-sebil-5","35":"product_tag-su-aritma-cihazi-sebil-5-hazneli","36":"product_tag-su-aritma-cihazi-sebil-5-litre","37":"product_tag-su-aritma-cihazi-sebil-5-litre-aparat","38":"product_tag-su-aritma-cihazi-sebil-5-litre-hazneli","39":"product_tag-su-aritma-cihazi-sebil-5-litre-hazneli-aparat","40":"product_tag-su-aritma-cihazi-sebil-ustu","41":"product_tag-su-aritma-cihazi-sebil-ustu-5","42":"product_tag-su-aritma-cihazi-sebil-ustu-5-aparat","43":"product_tag-su-aritma-cihazi-sebil-ustu-5-hazneli","44":"product_tag-su-aritma-cihazi-sebil-ustu-5-hazneli-aparat","45":"product_tag-su-aritma-cihazi-sebil-ustu-5-litre","46":"product_tag-su-aritma-cihazi-sebil-ustu-5-litre-aparat","47":"product_tag-su-aritma-cihazi-sebil-ustu-5-litre-hazneli","48":"product_tag-su-aritma-cihazi-sebil-ustu-5-litre-hazneli-aparat","49":"product_tag-su-aritma-cihazi-sebil-ustu-aparat","50":"product_tag-su-aritma-cihazi-sebil-ustu-hazneli","51":"product_tag-su-aritma-cihazi-sebil-ustu-hazneli-aparat","52":"product_tag-su-aritma-cihazi-sebil-ustu-litre","53":"product_tag-su-aritma-cihazi-sebil-ustu-litre-aparat","54":"product_tag-su-aritma-cihazi-sebil-ustu-litre-hazneli","55":"product_tag-su-aritma-cihazi-sebil-ustu-litre-hazneli-aparat","57":"first","58":"instock","59":"sale","60":"shipping-taxable","61":"purchasable","62":"product-type-simple"},"_links":{"self":[{"href":"https:\/\/anilcanbay.com\/hanedan\/wp-json\/wp\/v2\/product\/29086","targetHints":{"allow":["GET"]}}],"collection":[{"href":"https:\/\/anilcanbay.com\/hanedan\/wp-json\/wp\/v2\/product"}],"about":[{"href":"https:\/\/anilcanbay.com\/hanedan\/wp-json\/wp\/v2\/types\/product"}],"replies":[{"embeddable":true,"href":"https:\/\/anilcanbay.com\/hanedan\/wp-json\/wp\/v2\/comments?post=29086"}],"version-history":[{"count":1,"href":"https:\/\/anilcanbay.com\/hanedan\/wp-json\/wp\/v2\/product\/29086\/revisions"}],"predecessor-version":[{"id":29116,"href":"https:\/\/anilcanbay.com\/hanedan\/wp-json\/wp\/v2\/product\/29086\/revisions\/29116"}],"wp:featuredmedia":[{"embeddable":true,"href":"https:\/\/anilcanbay.com\/hanedan\/wp-json\/wp\/v2\/media\/29540"}],"wp:attachment":[{"href":"https:\/\/anilcanbay.com\/hanedan\/wp-json\/wp\/v2\/media?parent=29086"}],"wp:term":[{"taxonomy":"product_brand","embeddable":true,"href":"https:\/\/anilcanbay.com\/hanedan\/wp-json\/wp\/v2\/product_brand?post=29086"},{"taxonomy":"product_cat","embeddable":true,"href":"https:\/\/anilcanbay.com\/hanedan\/wp-json\/wp\/v2\/product_cat?post=29086"},{"taxonomy":"product_tag","embeddable":true,"href":"https:\/\/anilcanbay.com\/hanedan\/wp-json\/wp\/v2\/product_tag?post=29086"}],"curies":[{"name":"wp","href":"https:\/\/api.w.org\/{rel}","templated":true}]}}