{"id":29087,"date":"2026-04-01T19:58:01","date_gmt":"2026-04-01T16:58:01","guid":{"rendered":"https:\/\/anilcanbay.com\/hanedan\/?post_type=product&#038;p=29087"},"modified":"2026-04-07T15:00:34","modified_gmt":"2026-04-07T12:00:34","slug":"su-aritma-cihazlari-icin-pompa-seti-tum-cihazlarla-uyumludur-0108","status":"publish","type":"product","link":"https:\/\/anilcanbay.com\/hanedan\/product\/su-aritma-cihazlari-icin-pompa-seti-tum-cihazlarla-uyumludur-0108\/","title":{"rendered":"Su Ar\u0131tma Cihazlar\u0131 I\u00e7in Pompa Seti T\u00fcm Cihazlarla Uyumludur &#8211; 0108"},"content":{"rendered":"<p>&nbsp;<\/p>\n<ul>\n<li>\u015eebeke suyunuzun \u015fiddeti yeterli de\u011filse, evinizdeki pompas\u0131z cihaz\u0131n\u0131 pompal\u0131 elektrikli cihaza d\u00f6n\u00fc\u015ft\u00fcrebilirsiniz.<\/li>\n<\/ul>\n<p><b>PAKET \u0130\u00c7ER\u0130\u011e\u0130:<\/b><\/p>\n<ul>\n<li>Pompa 1 Ad.<\/li>\n<li>24 V DC 1,5 Amp. Adapt\u00f6r 1 Adet<\/li>\n<li>Al\u00e7ak Bas\u0131n\u00e7 Switch 1 Adet<\/li>\n<li>Y\u00fcksek Bas\u0131n\u00e7 Switch 1 Adet<\/li>\n<li>Pompa Dirse\u011fi 2 Adet<\/li>\n<li>Kablo Seti 1 Adet<\/li>\n<\/ul>\n<p>&nbsp;<\/p>\n","protected":false},"excerpt":{"rendered":"<p>Su ar\u0131tma cihaz\u0131 i\u00e7in pompa seti<\/p>\n","protected":false},"featured_media":29544,"comment_status":"open","ping_status":"closed","template":"","meta":{"inline_featured_image":false},"product_brand":[2854],"product_cat":[2846,2849],"product_tag":[1305,1306,1307,1308,1309,1334,1335,1336,1337,1338,1339,1326,1327,1328,1329,1330,1331,1332,1333,1340,1310,1319,1320,1321,1322,1323,1324,1311,1312,1313,1314,1315,1316,1317,1318,1325,1341,1350,1351,1352,1353,1354,1342,1343,1344,1345,1346,1347,1348,1349],"class_list":{"0":"post-29087","1":"product","2":"type-product","3":"status-publish","4":"has-post-thumbnail","6":"product_brand-pluskit","7":"product_cat-su-aritma-yedek-parcalari","8":"product_cat-yedek-parca","9":"product_tag-u-aritma","10":"product_tag-u-aritma-cihazi","11":"product_tag-u-aritma-cihazi-75","12":"product_tag-u-aritma-cihazi-75-gpd","13":"product_tag-u-aritma-cihazi-75-gpd-pompa","14":"product_tag-u-aritma-cihazi-75-gpd-pompa-baglanti","15":"product_tag-u-aritma-cihazi-75-gpd-pompa-baglanti-donusum","16":"product_tag-u-aritma-cihazi-75-gpd-pompa-baglanti-donusum-kiti","17":"product_tag-u-aritma-cihazi-75-gpd-pompa-baglanti-kiti","18":"product_tag-u-aritma-cihazi-75-gpd-pompa-donusum","19":"product_tag-u-aritma-cihazi-75-gpd-pompa-donusum-kiti","20":"product_tag-u-aritma-cihazi-75-gpd-pompa-elektrik","21":"product_tag-u-aritma-cihazi-75-gpd-pompa-elektrik-baglanti","22":"product_tag-u-aritma-cihazi-75-gpd-pompa-elektrik-baglanti-donusum","23":"product_tag-u-aritma-cihazi-75-gpd-pompa-elektrik-baglanti-donusum-kiti","24":"product_tag-u-aritma-cihazi-75-gpd-pompa-elektrik-baglanti-kiti","25":"product_tag-u-aritma-cihazi-75-gpd-pompa-elektrik-donusum","26":"product_tag-u-aritma-cihazi-75-gpd-pompa-elektrik-donusum-kiti","27":"product_tag-u-aritma-cihazi-75-gpd-pompa-elektrik-kiti","28":"product_tag-u-aritma-cihazi-75-gpd-pompa-kiti","29":"product_tag-u-aritma-cihazi-75-gpd-pompa-seti","30":"product_tag-u-aritma-cihazi-75-gpd-pompa-seti-baglanti","31":"product_tag-u-aritma-cihazi-75-gpd-pompa-seti-baglanti-donusum","32":"product_tag-u-aritma-cihazi-75-gpd-pompa-seti-baglanti-donusum-kiti","33":"product_tag-u-aritma-cihazi-75-gpd-pompa-seti-baglanti-kiti","34":"product_tag-u-aritma-cihazi-75-gpd-pompa-seti-donusum","35":"product_tag-u-aritma-cihazi-75-gpd-pompa-seti-donusum-kiti","36":"product_tag-u-aritma-cihazi-75-gpd-pompa-seti-elektrik","37":"product_tag-u-aritma-cihazi-75-gpd-pompa-seti-elektrik-baglanti","38":"product_tag-u-aritma-cihazi-75-gpd-pompa-seti-elektrik-baglanti-donusum","39":"product_tag-u-aritma-cihazi-75-gpd-pompa-seti-elektrik-baglanti-donusum-kiti","40":"product_tag-u-aritma-cihazi-75-gpd-pompa-seti-elektrik-baglanti-kiti","41":"product_tag-u-aritma-cihazi-75-gpd-pompa-seti-elektrik-donusum","42":"product_tag-u-aritma-cihazi-75-gpd-pompa-seti-elektrik-donusum-kiti","43":"product_tag-u-aritma-cihazi-75-gpd-pompa-seti-elektrik-kiti","44":"product_tag-u-aritma-cihazi-75-gpd-pompa-seti-kiti","45":"product_tag-u-aritma-cihazi-75-gpd-seti","46":"product_tag-u-aritma-cihazi-75-gpd-seti-baglanti","47":"product_tag-u-aritma-cihazi-75-gpd-seti-baglanti-donusum","48":"product_tag-u-aritma-cihazi-75-gpd-seti-baglanti-donusum-kiti","49":"product_tag-u-aritma-cihazi-75-gpd-seti-baglanti-kiti","50":"product_tag-u-aritma-cihazi-75-gpd-seti-donusum","51":"product_tag-u-aritma-cihazi-75-gpd-seti-elektrik","52":"product_tag-u-aritma-cihazi-75-gpd-seti-elektrik-baglanti","53":"product_tag-u-aritma-cihazi-75-gpd-seti-elektrik-baglanti-donusum","54":"product_tag-u-aritma-cihazi-75-gpd-seti-elektrik-baglanti-donusum-kiti","55":"product_tag-u-aritma-cihazi-75-gpd-seti-elektrik-baglanti-kiti","56":"product_tag-u-aritma-cihazi-75-gpd-seti-elektrik-donusum","57":"product_tag-u-aritma-cihazi-75-gpd-seti-elektrik-donusum-kiti","58":"product_tag-u-aritma-cihazi-75-gpd-seti-elektrik-kiti","60":"first","61":"instock","62":"sale","63":"shipping-taxable","64":"purchasable","65":"product-type-simple"},"_links":{"self":[{"href":"https:\/\/anilcanbay.com\/hanedan\/wp-json\/wp\/v2\/product\/29087","targetHints":{"allow":["GET"]}}],"collection":[{"href":"https:\/\/anilcanbay.com\/hanedan\/wp-json\/wp\/v2\/product"}],"about":[{"href":"https:\/\/anilcanbay.com\/hanedan\/wp-json\/wp\/v2\/types\/product"}],"replies":[{"embeddable":true,"href":"https:\/\/anilcanbay.com\/hanedan\/wp-json\/wp\/v2\/comments?post=29087"}],"version-history":[{"count":2,"href":"https:\/\/anilcanbay.com\/hanedan\/wp-json\/wp\/v2\/product\/29087\/revisions"}],"predecessor-version":[{"id":29826,"href":"https:\/\/anilcanbay.com\/hanedan\/wp-json\/wp\/v2\/product\/29087\/revisions\/29826"}],"wp:featuredmedia":[{"embeddable":true,"href":"https:\/\/anilcanbay.com\/hanedan\/wp-json\/wp\/v2\/media\/29544"}],"wp:attachment":[{"href":"https:\/\/anilcanbay.com\/hanedan\/wp-json\/wp\/v2\/media?parent=29087"}],"wp:term":[{"taxonomy":"product_brand","embeddable":true,"href":"https:\/\/anilcanbay.com\/hanedan\/wp-json\/wp\/v2\/product_brand?post=29087"},{"taxonomy":"product_cat","embeddable":true,"href":"https:\/\/anilcanbay.com\/hanedan\/wp-json\/wp\/v2\/product_cat?post=29087"},{"taxonomy":"product_tag","embeddable":true,"href":"https:\/\/anilcanbay.com\/hanedan\/wp-json\/wp\/v2\/product_tag?post=29087"}],"curies":[{"name":"wp","href":"https:\/\/api.w.org\/{rel}","templated":true}]}}