{"id":29088,"date":"2026-04-01T19:58:02","date_gmt":"2026-04-01T16:58:02","guid":{"rendered":"https:\/\/anilcanbay.com\/hanedan\/?post_type=product&#038;p=29088"},"modified":"2026-04-06T23:23:55","modified_gmt":"2026-04-06T20:23:55","slug":"su-aritma-cihazi-akilli-kombo-3-8-hat-alma-aparati","status":"publish","type":"product","link":"https:\/\/anilcanbay.com\/hanedan\/product\/su-aritma-cihazi-akilli-kombo-3-8-hat-alma-aparati\/","title":{"rendered":"Su Ar\u0131tma Cihaz\u0131 Ak\u0131ll\u0131 Kombo 3\/8&#8243; Hat Alma Aparat\u0131"},"content":{"rendered":"<p>&nbsp;<\/p>\n<ul>\n<li>3\/8 ak\u0131ll\u0131 hat alama aparat\u0131 taharet muslu\u011fundan su almak i\u00e7in kullan\u0131l\u0131r.<\/li>\n<\/ul>\n<p><b>PAKET \u0130\u00c7ER\u0130\u011e\u0130:<\/b><\/p>\n<ul>\n<li>Hat alma aparat\u0131<\/li>\n<li>1 adet conta<\/li>\n<\/ul>\n<p>&nbsp;<\/p>\n","protected":false},"excerpt":{"rendered":"<p>&nbsp;Hat Alma Aparat\u0131 3\/8 6 MM Ba\u011flant\u0131 Combo<\/p>\n","protected":false},"featured_media":29532,"comment_status":"open","ping_status":"closed","template":"","meta":{"inline_featured_image":false},"product_brand":[2854],"product_cat":[2846,2849],"product_tag":[1359,1361,1368,1358,1366,1363,1365,1360,1357,1356,1364,1371,1362,1370,1369,1355,86,386,1372,1389,1394,1395,1396,1390,1391,1392,1393,1401,1397,1398,1399,1400,1373,1374,1379,1380,1381,1375,1376,1377,1378,1386,1387,1388,1382,1383,1384,1385,1367],"class_list":{"0":"post-29088","1":"product","2":"type-product","3":"status-publish","4":"has-post-thumbnail","6":"product_brand-pluskit","7":"product_cat-su-aritma-yedek-parcalari","8":"product_cat-yedek-parca","9":"product_tag-3-8","10":"product_tag-aparat","11":"product_tag-arvepa","12":"product_tag-conta","13":"product_tag-ev-tipi-su-aritma","14":"product_tag-evora","15":"product_tag-evsel-cihaz","16":"product_tag-hat","17":"product_tag-hat-alma","18":"product_tag-iadefix","19":"product_tag-koctas","20":"product_tag-liberti","21":"product_tag-ns-natural-su-aritma","22":"product_tag-oxygen-water","23":"product_tag-pera-water","24":"product_tag-ptt-avm","25":"product_tag-su-aritma","26":"product_tag-su-aritma-cihazi","27":"product_tag-su-aritma-cihazi-akilli","28":"product_tag-su-aritma-cihazi-akilli-38","29":"product_tag-su-aritma-cihazi-akilli-38-alma","30":"product_tag-su-aritma-cihazi-akilli-38-alma-aparati","31":"product_tag-su-aritma-cihazi-akilli-38-aparati","32":"product_tag-su-aritma-cihazi-akilli-38-hat","33":"product_tag-su-aritma-cihazi-akilli-38-hat-alma","34":"product_tag-su-aritma-cihazi-akilli-38-hat-alma-aparati","35":"product_tag-su-aritma-cihazi-akilli-38-hat-aparati","36":"product_tag-su-aritma-cihazi-akilli-alma","37":"product_tag-su-aritma-cihazi-akilli-hat","38":"product_tag-su-aritma-cihazi-akilli-hat-alma","39":"product_tag-su-aritma-cihazi-akilli-hat-alma-aparati","40":"product_tag-su-aritma-cihazi-akilli-hat-aparati","41":"product_tag-su-aritma-cihazi-akilli-kombo","42":"product_tag-su-aritma-cihazi-akilli-kombo-38","43":"product_tag-su-aritma-cihazi-akilli-kombo-38-alma","44":"product_tag-su-aritma-cihazi-akilli-kombo-38-alma-aparati","45":"product_tag-su-aritma-cihazi-akilli-kombo-38-aparati","46":"product_tag-su-aritma-cihazi-akilli-kombo-38-hat","47":"product_tag-su-aritma-cihazi-akilli-kombo-38-hat-alma","48":"product_tag-su-aritma-cihazi-akilli-kombo-38-hat-alma-aparati","49":"product_tag-su-aritma-cihazi-akilli-kombo-38-hat-aparati","50":"product_tag-su-aritma-cihazi-akilli-kombo-alma","51":"product_tag-su-aritma-cihazi-akilli-kombo-alma-aparati","52":"product_tag-su-aritma-cihazi-akilli-kombo-aparati","53":"product_tag-su-aritma-cihazi-akilli-kombo-hat","54":"product_tag-su-aritma-cihazi-akilli-kombo-hat-alma","55":"product_tag-su-aritma-cihazi-akilli-kombo-hat-alma-aparati","56":"product_tag-su-aritma-cihazi-akilli-kombo-hat-aparati","57":"product_tag-watermelon","59":"first","60":"instock","61":"sale","62":"shipping-taxable","63":"purchasable","64":"product-type-simple"},"_links":{"self":[{"href":"https:\/\/anilcanbay.com\/hanedan\/wp-json\/wp\/v2\/product\/29088","targetHints":{"allow":["GET"]}}],"collection":[{"href":"https:\/\/anilcanbay.com\/hanedan\/wp-json\/wp\/v2\/product"}],"about":[{"href":"https:\/\/anilcanbay.com\/hanedan\/wp-json\/wp\/v2\/types\/product"}],"replies":[{"embeddable":true,"href":"https:\/\/anilcanbay.com\/hanedan\/wp-json\/wp\/v2\/comments?post=29088"}],"version-history":[{"count":1,"href":"https:\/\/anilcanbay.com\/hanedan\/wp-json\/wp\/v2\/product\/29088\/revisions"}],"predecessor-version":[{"id":29118,"href":"https:\/\/anilcanbay.com\/hanedan\/wp-json\/wp\/v2\/product\/29088\/revisions\/29118"}],"wp:featuredmedia":[{"embeddable":true,"href":"https:\/\/anilcanbay.com\/hanedan\/wp-json\/wp\/v2\/media\/29532"}],"wp:attachment":[{"href":"https:\/\/anilcanbay.com\/hanedan\/wp-json\/wp\/v2\/media?parent=29088"}],"wp:term":[{"taxonomy":"product_brand","embeddable":true,"href":"https:\/\/anilcanbay.com\/hanedan\/wp-json\/wp\/v2\/product_brand?post=29088"},{"taxonomy":"product_cat","embeddable":true,"href":"https:\/\/anilcanbay.com\/hanedan\/wp-json\/wp\/v2\/product_cat?post=29088"},{"taxonomy":"product_tag","embeddable":true,"href":"https:\/\/anilcanbay.com\/hanedan\/wp-json\/wp\/v2\/product_tag?post=29088"}],"curies":[{"name":"wp","href":"https:\/\/api.w.org\/{rel}","templated":true}]}}