{"id":29089,"date":"2026-04-01T19:58:02","date_gmt":"2026-04-01T16:58:02","guid":{"rendered":"https:\/\/anilcanbay.com\/hanedan\/?post_type=product&#038;p=29089"},"modified":"2026-04-06T23:27:19","modified_gmt":"2026-04-06T20:27:19","slug":"10-l-1t-quick-filtre-baglanti-dirsegi","status":"publish","type":"product","link":"https:\/\/anilcanbay.com\/hanedan\/product\/10-l-1t-quick-filtre-baglanti-dirsegi\/","title":{"rendered":"10 L 1T Quick Filtre Ba\u011flant\u0131 Dirse\u011fi"},"content":{"rendered":"<p>Su Ar\u0131tma Cihaz\u0131n\u0131zdaki filtrelerin hortum ba\u011flant\u0131lar\u0131 i\u00e7in kullan\u0131lmaktad\u0131r.&nbsp;<\/p>\n<p><b>PAKET \u0130\u00c7ER\u0130\u011e\u0130:<\/b><\/p>\n<ul>\n<li>10 L Quick dirsek<\/li>\n<li>1 T Quick dirsek<\/li>\n<\/ul>\n<p>&nbsp;<\/p>\n","protected":false},"excerpt":{"rendered":"<p>10 L 1T Quick Filtre Ba\u011flant\u0131 Dirse\u011fi<\/p>\n","protected":false},"featured_media":29534,"comment_status":"open","ping_status":"closed","template":"","meta":{"inline_featured_image":false},"product_brand":[2854],"product_cat":[2846,2849],"product_tag":[1418,1402,1403,1408,1409,1410,1404,1405,1406,1407,1415,1416,1417,1411,1412,1413,1414,1359,1361,1368,1358,1366,1363,1365,1360,1357,1356,1364,1371,1362,1370,1369,1355,86,386,1372,1373,1374,1379,1380,1381,1375,1376,1377,1378,1382,1383,1384,1367],"class_list":{"0":"post-29089","1":"product","2":"type-product","3":"status-publish","4":"has-post-thumbnail","6":"product_brand-pluskit","7":"product_cat-su-aritma-yedek-parcalari","8":"product_cat-yedek-parca","9":"product_tag-10-1t","10":"product_tag-10-l","11":"product_tag-10-l-1t","12":"product_tag-10-l-1t-baglanti","13":"product_tag-10-l-1t-baglanti-dirsegi","14":"product_tag-10-l-1t-dirsegi","15":"product_tag-10-l-1t-filtre","16":"product_tag-10-l-1t-filtre-baglanti","17":"product_tag-10-l-1t-filtre-baglanti-dirsegi","18":"product_tag-10-l-1t-filtre-dirsegi","19":"product_tag-10-l-baglanti","20":"product_tag-10-l-baglanti-dirsegi","21":"product_tag-10-l-dirsegi","22":"product_tag-10-l-filtre","23":"product_tag-10-l-filtre-baglanti","24":"product_tag-10-l-filtre-baglanti-dirsegi","25":"product_tag-10-l-filtre-dirsegi","26":"product_tag-3-8","27":"product_tag-aparat","28":"product_tag-arvepa","29":"product_tag-conta","30":"product_tag-ev-tipi-su-aritma","31":"product_tag-evora","32":"product_tag-evsel-cihaz","33":"product_tag-hat","34":"product_tag-hat-alma","35":"product_tag-iadefix","36":"product_tag-koctas","37":"product_tag-liberti","38":"product_tag-ns-natural-su-aritma","39":"product_tag-oxygen-water","40":"product_tag-pera-water","41":"product_tag-ptt-avm","42":"product_tag-su-aritma","43":"product_tag-su-aritma-cihazi","44":"product_tag-su-aritma-cihazi-akilli","45":"product_tag-su-aritma-cihazi-akilli-kombo","46":"product_tag-su-aritma-cihazi-akilli-kombo-38","47":"product_tag-su-aritma-cihazi-akilli-kombo-38-alma","48":"product_tag-su-aritma-cihazi-akilli-kombo-38-alma-aparati","49":"product_tag-su-aritma-cihazi-akilli-kombo-38-aparati","50":"product_tag-su-aritma-cihazi-akilli-kombo-38-hat","51":"product_tag-su-aritma-cihazi-akilli-kombo-38-hat-alma","52":"product_tag-su-aritma-cihazi-akilli-kombo-38-hat-alma-aparati","53":"product_tag-su-aritma-cihazi-akilli-kombo-38-hat-aparati","54":"product_tag-su-aritma-cihazi-akilli-kombo-hat","55":"product_tag-su-aritma-cihazi-akilli-kombo-hat-alma","56":"product_tag-su-aritma-cihazi-akilli-kombo-hat-alma-aparati","57":"product_tag-watermelon","59":"first","60":"instock","61":"sale","62":"shipping-taxable","63":"purchasable","64":"product-type-simple"},"_links":{"self":[{"href":"https:\/\/anilcanbay.com\/hanedan\/wp-json\/wp\/v2\/product\/29089","targetHints":{"allow":["GET"]}}],"collection":[{"href":"https:\/\/anilcanbay.com\/hanedan\/wp-json\/wp\/v2\/product"}],"about":[{"href":"https:\/\/anilcanbay.com\/hanedan\/wp-json\/wp\/v2\/types\/product"}],"replies":[{"embeddable":true,"href":"https:\/\/anilcanbay.com\/hanedan\/wp-json\/wp\/v2\/comments?post=29089"}],"version-history":[{"count":1,"href":"https:\/\/anilcanbay.com\/hanedan\/wp-json\/wp\/v2\/product\/29089\/revisions"}],"predecessor-version":[{"id":29119,"href":"https:\/\/anilcanbay.com\/hanedan\/wp-json\/wp\/v2\/product\/29089\/revisions\/29119"}],"wp:featuredmedia":[{"embeddable":true,"href":"https:\/\/anilcanbay.com\/hanedan\/wp-json\/wp\/v2\/media\/29534"}],"wp:attachment":[{"href":"https:\/\/anilcanbay.com\/hanedan\/wp-json\/wp\/v2\/media?parent=29089"}],"wp:term":[{"taxonomy":"product_brand","embeddable":true,"href":"https:\/\/anilcanbay.com\/hanedan\/wp-json\/wp\/v2\/product_brand?post=29089"},{"taxonomy":"product_cat","embeddable":true,"href":"https:\/\/anilcanbay.com\/hanedan\/wp-json\/wp\/v2\/product_cat?post=29089"},{"taxonomy":"product_tag","embeddable":true,"href":"https:\/\/anilcanbay.com\/hanedan\/wp-json\/wp\/v2\/product_tag?post=29089"}],"curies":[{"name":"wp","href":"https:\/\/api.w.org\/{rel}","templated":true}]}}