{"id":29090,"date":"2026-04-01T19:58:02","date_gmt":"2026-04-01T16:58:02","guid":{"rendered":"https:\/\/anilcanbay.com\/hanedan\/?post_type=product&#038;p=29090"},"modified":"2026-04-06T23:29:37","modified_gmt":"2026-04-06T20:29:37","slug":"15-l-2-t-quick-filtre-baglanti-dirsegi","status":"publish","type":"product","link":"https:\/\/anilcanbay.com\/hanedan\/product\/15-l-2-t-quick-filtre-baglanti-dirsegi\/","title":{"rendered":"15 L 2 T Quick Filtre Ba\u011flant\u0131 Dirse\u011fi"},"content":{"rendered":"<p>Su Ar\u0131tma Cihaz\u0131n\u0131zdaki filtrelerin hortum ba\u011flant\u0131lar\u0131 i\u00e7in kullan\u0131lmaktad\u0131r.&nbsp;<\/p>\n<p><b>PAKET \u0130\u00c7ER\u0130\u011e\u0130:<\/b><\/p>\n<ul>\n<li>15 L Quick dirsek<\/li>\n<li>2 T Quick dirsek<\/li>\n<\/ul>\n<p>&nbsp;<\/p>\n","protected":false},"excerpt":{"rendered":"<p>15 L 2 T Quick Filtre Ba\u011flant\u0131 Dirse\u011fi<\/p>\n","protected":false},"featured_media":29536,"comment_status":"open","ping_status":"closed","template":"","meta":{"inline_featured_image":false},"product_brand":[2854],"product_cat":[2846,2849],"product_tag":[1419,1420,1437,1438,1439,1440,1421,1434,1435,1436,1430,1431,1432,1433,1422,1427,1428,1429,1423,1424,1425,1426,1359,1361,1368,1358,1366,1363,1365,1360,1357,1356,1364,1371,1362,1370,1369,1355,86,386,1372,1373,1374,1379,1375,1376,1377,1378,1367],"class_list":{"0":"post-29090","1":"product","2":"type-product","3":"status-publish","4":"has-post-thumbnail","6":"product_brand-pluskit","7":"product_cat-su-aritma-yedek-parcalari","8":"product_cat-yedek-parca","9":"product_tag-15-l","10":"product_tag-15-l-2","11":"product_tag-15-l-2-quick","12":"product_tag-15-l-2-quick-filtre","13":"product_tag-15-l-2-quick-filtre-baglanti","14":"product_tag-15-l-2-quick-filtre-baglanti-dirsegi","15":"product_tag-15-l-2-t","16":"product_tag-15-l-2-t-baglanti","17":"product_tag-15-l-2-t-baglanti-dirsegi","18":"product_tag-15-l-2-t-dirsegi","19":"product_tag-15-l-2-t-filtre","20":"product_tag-15-l-2-t-filtre-baglanti","21":"product_tag-15-l-2-t-filtre-baglanti-dirsegi","22":"product_tag-15-l-2-t-filtre-dirsegi","23":"product_tag-15-l-2-t-quick","24":"product_tag-15-l-2-t-quick-baglanti","25":"product_tag-15-l-2-t-quick-baglanti-dirsegi","26":"product_tag-15-l-2-t-quick-dirsegi","27":"product_tag-15-l-2-t-quick-filtre","28":"product_tag-15-l-2-t-quick-filtre-baglanti","29":"product_tag-15-l-2-t-quick-filtre-baglanti-dirsegi","30":"product_tag-15-l-2-t-quick-filtre-dirsegi","31":"product_tag-3-8","32":"product_tag-aparat","33":"product_tag-arvepa","34":"product_tag-conta","35":"product_tag-ev-tipi-su-aritma","36":"product_tag-evora","37":"product_tag-evsel-cihaz","38":"product_tag-hat","39":"product_tag-hat-alma","40":"product_tag-iadefix","41":"product_tag-koctas","42":"product_tag-liberti","43":"product_tag-ns-natural-su-aritma","44":"product_tag-oxygen-water","45":"product_tag-pera-water","46":"product_tag-ptt-avm","47":"product_tag-su-aritma","48":"product_tag-su-aritma-cihazi","49":"product_tag-su-aritma-cihazi-akilli","50":"product_tag-su-aritma-cihazi-akilli-kombo","51":"product_tag-su-aritma-cihazi-akilli-kombo-38","52":"product_tag-su-aritma-cihazi-akilli-kombo-38-alma","53":"product_tag-su-aritma-cihazi-akilli-kombo-38-hat","54":"product_tag-su-aritma-cihazi-akilli-kombo-38-hat-alma","55":"product_tag-su-aritma-cihazi-akilli-kombo-38-hat-alma-aparati","56":"product_tag-su-aritma-cihazi-akilli-kombo-38-hat-aparati","57":"product_tag-watermelon","59":"first","60":"instock","61":"sale","62":"shipping-taxable","63":"purchasable","64":"product-type-simple"},"_links":{"self":[{"href":"https:\/\/anilcanbay.com\/hanedan\/wp-json\/wp\/v2\/product\/29090","targetHints":{"allow":["GET"]}}],"collection":[{"href":"https:\/\/anilcanbay.com\/hanedan\/wp-json\/wp\/v2\/product"}],"about":[{"href":"https:\/\/anilcanbay.com\/hanedan\/wp-json\/wp\/v2\/types\/product"}],"replies":[{"embeddable":true,"href":"https:\/\/anilcanbay.com\/hanedan\/wp-json\/wp\/v2\/comments?post=29090"}],"version-history":[{"count":1,"href":"https:\/\/anilcanbay.com\/hanedan\/wp-json\/wp\/v2\/product\/29090\/revisions"}],"predecessor-version":[{"id":29120,"href":"https:\/\/anilcanbay.com\/hanedan\/wp-json\/wp\/v2\/product\/29090\/revisions\/29120"}],"wp:featuredmedia":[{"embeddable":true,"href":"https:\/\/anilcanbay.com\/hanedan\/wp-json\/wp\/v2\/media\/29536"}],"wp:attachment":[{"href":"https:\/\/anilcanbay.com\/hanedan\/wp-json\/wp\/v2\/media?parent=29090"}],"wp:term":[{"taxonomy":"product_brand","embeddable":true,"href":"https:\/\/anilcanbay.com\/hanedan\/wp-json\/wp\/v2\/product_brand?post=29090"},{"taxonomy":"product_cat","embeddable":true,"href":"https:\/\/anilcanbay.com\/hanedan\/wp-json\/wp\/v2\/product_cat?post=29090"},{"taxonomy":"product_tag","embeddable":true,"href":"https:\/\/anilcanbay.com\/hanedan\/wp-json\/wp\/v2\/product_tag?post=29090"}],"curies":[{"name":"wp","href":"https:\/\/api.w.org\/{rel}","templated":true}]}}