{"id":29092,"date":"2026-04-01T19:58:03","date_gmt":"2026-04-01T16:58:03","guid":{"rendered":"https:\/\/anilcanbay.com\/hanedan\/?post_type=product&#038;p=29092"},"modified":"2026-04-06T23:17:41","modified_gmt":"2026-04-06T20:17:41","slug":"su-aritma-cihazlari-icin-quick-girisli-flow-atik-kesici-0097","status":"publish","type":"product","link":"https:\/\/anilcanbay.com\/hanedan\/product\/su-aritma-cihazlari-icin-quick-girisli-flow-atik-kesici-0097\/","title":{"rendered":"Su Ar\u0131tma Cihazlar\u0131 I\u00e7in Quick Giri\u015fli Flow At\u0131k Kesici &#8211; 0097"},"content":{"rendered":"<ul>\n<li>\n<table>\n<tbody>\n<tr>\n<td>\n<p>&nbsp;<\/p>\n<p><strong>Su ar\u0131tma cihazlar\u0131nda membran at\u0131k su \u00e7\u0131k\u0131\u015f b\u00f6l\u00fcm\u00fcne tak\u0131l\u0131r ve suyun \u00f6n\u00fc k\u0131s\u0131tlan\u0131r bu sayede membran filtrede bas\u0131n\u00e7 olu\u015fur ve su ar\u0131tma i\u015flemi ger\u00e7ekle\u015fir.&nbsp;<\/strong><\/p>\n<p>&nbsp;<\/p>\n<\/td>\n<\/tr>\n<\/tbody>\n<\/table>\n<\/li>\n<\/ul>\n<p>&nbsp;<\/p>\n","protected":false},"excerpt":{"rendered":"<p>Ak\u0131\u015f K\u0131s\u0131tlay\u0131c\u0131 Flow 300&nbsp;cc Su Ar\u0131tma<\/p>\n","protected":false},"featured_media":29524,"comment_status":"open","ping_status":"closed","template":"","meta":{"inline_featured_image":false},"product_brand":[2854],"product_cat":[2846,2849],"product_tag":[1359,1361,1368,1358,1366,1363,1365,1474,1475,1476,1493,1494,1497,1495,1496,1500,1498,1499,1477,1478,1479,1482,1480,1481,1485,1483,1484,1486,1489,1487,1488,1492,1490,1491,1360,1357,1356,1364,1362,1369,1355,86,386,1441,1442,1443,1444,1445,1446,1367],"class_list":{"0":"post-29092","1":"product","2":"type-product","3":"status-publish","4":"has-post-thumbnail","6":"product_brand-pluskit","7":"product_cat-su-aritma-yedek-parcalari","8":"product_cat-yedek-parca","9":"product_tag-3-8","10":"product_tag-aparat","11":"product_tag-arvepa","12":"product_tag-conta","13":"product_tag-ev-tipi-su-aritma","14":"product_tag-evora","15":"product_tag-evsel-cihaz","16":"product_tag-flow","17":"product_tag-flow-300","18":"product_tag-flow-300-cc","19":"product_tag-flow-300-cc-aritma","20":"product_tag-flow-300-cc-aritma-atik","21":"product_tag-flow-300-cc-aritma-atik-flow","22":"product_tag-flow-300-cc-aritma-atik-kisici","23":"product_tag-flow-300-cc-aritma-atik-kisici-flow","24":"product_tag-flow-300-cc-aritma-flow","25":"product_tag-flow-300-cc-aritma-kisici","26":"product_tag-flow-300-cc-aritma-kisici-flow","27":"product_tag-flow-300-cc-su","28":"product_tag-flow-300-cc-su-aritma","29":"product_tag-flow-300-cc-su-aritma-atik","30":"product_tag-flow-300-cc-su-aritma-atik-flow","31":"product_tag-flow-300-cc-su-aritma-atik-kisici","32":"product_tag-flow-300-cc-su-aritma-atik-kisici-flow","33":"product_tag-flow-300-cc-su-aritma-flow","34":"product_tag-flow-300-cc-su-aritma-kisici","35":"product_tag-flow-300-cc-su-aritma-kisici-flow","36":"product_tag-flow-300-cc-su-atik","37":"product_tag-flow-300-cc-su-atik-flow","38":"product_tag-flow-300-cc-su-atik-kisici","39":"product_tag-flow-300-cc-su-atik-kisici-flow","40":"product_tag-flow-300-cc-su-flow","41":"product_tag-flow-300-cc-su-kisici","42":"product_tag-flow-300-cc-su-kisici-flow","43":"product_tag-hat","44":"product_tag-hat-alma","45":"product_tag-iadefix","46":"product_tag-koctas","47":"product_tag-ns-natural-su-aritma","48":"product_tag-pera-water","49":"product_tag-ptt-avm","50":"product_tag-su-aritma","51":"product_tag-su-aritma-cihazi","52":"product_tag-su-aritma-cihazi-2","53":"product_tag-su-aritma-cihazi-cek","54":"product_tag-su-aritma-cihazi-cek-valf","55":"product_tag-su-aritma-cihazi-cek-valf-dirsek","56":"product_tag-su-aritma-cihazi-cek-valf-dirsek-seklinde","57":"product_tag-su-aritma-cihazi-cek-valf-dirsek-seklinde-quick","58":"product_tag-watermelon","60":"first","61":"instock","62":"sale","63":"shipping-taxable","64":"purchasable","65":"product-type-simple"},"_links":{"self":[{"href":"https:\/\/anilcanbay.com\/hanedan\/wp-json\/wp\/v2\/product\/29092","targetHints":{"allow":["GET"]}}],"collection":[{"href":"https:\/\/anilcanbay.com\/hanedan\/wp-json\/wp\/v2\/product"}],"about":[{"href":"https:\/\/anilcanbay.com\/hanedan\/wp-json\/wp\/v2\/types\/product"}],"replies":[{"embeddable":true,"href":"https:\/\/anilcanbay.com\/hanedan\/wp-json\/wp\/v2\/comments?post=29092"}],"version-history":[{"count":1,"href":"https:\/\/anilcanbay.com\/hanedan\/wp-json\/wp\/v2\/product\/29092\/revisions"}],"predecessor-version":[{"id":29122,"href":"https:\/\/anilcanbay.com\/hanedan\/wp-json\/wp\/v2\/product\/29092\/revisions\/29122"}],"wp:featuredmedia":[{"embeddable":true,"href":"https:\/\/anilcanbay.com\/hanedan\/wp-json\/wp\/v2\/media\/29524"}],"wp:attachment":[{"href":"https:\/\/anilcanbay.com\/hanedan\/wp-json\/wp\/v2\/media?parent=29092"}],"wp:term":[{"taxonomy":"product_brand","embeddable":true,"href":"https:\/\/anilcanbay.com\/hanedan\/wp-json\/wp\/v2\/product_brand?post=29092"},{"taxonomy":"product_cat","embeddable":true,"href":"https:\/\/anilcanbay.com\/hanedan\/wp-json\/wp\/v2\/product_cat?post=29092"},{"taxonomy":"product_tag","embeddable":true,"href":"https:\/\/anilcanbay.com\/hanedan\/wp-json\/wp\/v2\/product_tag?post=29092"}],"curies":[{"name":"wp","href":"https:\/\/api.w.org\/{rel}","templated":true}]}}