{"id":29095,"date":"2026-04-01T19:58:05","date_gmt":"2026-04-01T16:58:05","guid":{"rendered":"https:\/\/anilcanbay.com\/hanedan\/?post_type=product&#038;p=29095"},"modified":"2026-04-06T23:08:22","modified_gmt":"2026-04-06T20:08:22","slug":"su-aritma-cihazi-icin-tank-vanasi-su-aritma-deposu-vanasi","status":"publish","type":"product","link":"https:\/\/anilcanbay.com\/hanedan\/product\/su-aritma-cihazi-icin-tank-vanasi-su-aritma-deposu-vanasi\/","title":{"rendered":"Su Ar\u0131tma Cihaz\u0131 I\u00e7in Tank Vanas\u0131 &#8211; Su Ar\u0131tma Deposu Vanas\u0131"},"content":{"rendered":"<p>Su Ar\u0131tma Cihaz\u0131 Tank Vanas\u0131<\/p>\n<p>Su Ar\u0131tma Cihazlar\u0131 \u0130\u00e7in Depolarda Kullan\u0131lan Vana &#8211; Plastik Vana<\/p>\n<p>Reverse ozmos sistemlerinde su depolama tank\u0131n\u0131n, su ar\u0131tma cihaz\u0131na ba\u011flant\u0131s\u0131 i\u00e7in kullan\u0131l\u0131r.<\/p>\n<p>Quick Ba\u011flant\u0131l\u0131d\u0131r &#8211; Pratik Ge\u00e7meli Ba\u011flant\u0131l\u0131d\u0131r.<\/p>\n","protected":false},"excerpt":{"rendered":"<p>Su Ar\u0131tma Cihaz\u0131 Tank Vanas\u0131<\/p>\n","protected":false},"featured_media":29514,"comment_status":"open","ping_status":"closed","template":"","meta":{"inline_featured_image":false},"product_brand":[2854],"product_cat":[2846,2849],"product_tag":[86,386,756,1586,1619,1628,1629,1630,1631,1632,1620,1621,1622,1623,1624,1625,1626,1627,1587,1588,1597,1598,1599,1600,1601,1602,1589,1590,1591,1592,1593,1594,1595,1596,1603,1612,1613,1614,1615,1616,1617,1604,1605,1606,1607,1608,1609,1610,1611,1618],"class_list":{"0":"post-29095","1":"product","2":"type-product","3":"status-publish","4":"has-post-thumbnail","6":"product_brand-pluskit","7":"product_cat-su-aritma-yedek-parcalari","8":"product_cat-yedek-parca","9":"product_tag-su-aritma","10":"product_tag-su-aritma-cihazi","11":"product_tag-su-aritma-cihazi-icin","12":"product_tag-su-aritma-cihazi-icin-tank","13":"product_tag-su-aritma-cihazi-icin-tank-2","14":"product_tag-su-aritma-cihazi-icin-tank-aritma","15":"product_tag-su-aritma-cihazi-icin-tank-aritma-deposu","16":"product_tag-su-aritma-cihazi-icin-tank-aritma-deposu-vanasi","17":"product_tag-su-aritma-cihazi-icin-tank-aritma-vanasi","18":"product_tag-su-aritma-cihazi-icin-tank-deposu","19":"product_tag-su-aritma-cihazi-icin-tank-su","20":"product_tag-su-aritma-cihazi-icin-tank-su-aritma","21":"product_tag-su-aritma-cihazi-icin-tank-su-aritma-deposu","22":"product_tag-su-aritma-cihazi-icin-tank-su-aritma-deposu-vanasi","23":"product_tag-su-aritma-cihazi-icin-tank-su-aritma-vanasi","24":"product_tag-su-aritma-cihazi-icin-tank-su-deposu","25":"product_tag-su-aritma-cihazi-icin-tank-su-deposu-vanasi","26":"product_tag-su-aritma-cihazi-icin-tank-su-vanasi","27":"product_tag-su-aritma-cihazi-icin-tank-vanasi","28":"product_tag-su-aritma-cihazi-icin-tank-vanasi-2","29":"product_tag-su-aritma-cihazi-icin-tank-vanasi-aritma","30":"product_tag-su-aritma-cihazi-icin-tank-vanasi-aritma-deposu","31":"product_tag-su-aritma-cihazi-icin-tank-vanasi-aritma-deposu-vanasi","32":"product_tag-su-aritma-cihazi-icin-tank-vanasi-aritma-vanasi","33":"product_tag-su-aritma-cihazi-icin-tank-vanasi-deposu","34":"product_tag-su-aritma-cihazi-icin-tank-vanasi-deposu-vanasi","35":"product_tag-su-aritma-cihazi-icin-tank-vanasi-su","36":"product_tag-su-aritma-cihazi-icin-tank-vanasi-su-aritma","37":"product_tag-su-aritma-cihazi-icin-tank-vanasi-su-aritma-deposu","38":"product_tag-su-aritma-cihazi-icin-tank-vanasi-su-aritma-deposu-vanasi","39":"product_tag-su-aritma-cihazi-icin-tank-vanasi-su-aritma-vanasi","40":"product_tag-su-aritma-cihazi-icin-tank-vanasi-su-deposu","41":"product_tag-su-aritma-cihazi-icin-tank-vanasi-su-deposu-vanasi","42":"product_tag-su-aritma-cihazi-icin-tank-vanasi-su-vanasi","43":"product_tag-su-aritma-cihazi-icin-tank-vanasi-vanasi","44":"product_tag-su-aritma-cihazi-icin-tank-vanasi-aritma-2","45":"product_tag-su-aritma-cihazi-icin-tank-vanasi-aritma-deposu-2","46":"product_tag-su-aritma-cihazi-icin-tank-vanasi-aritma-deposu-vanasi-2","47":"product_tag-su-aritma-cihazi-icin-tank-vanasi-aritma-vanasi-2","48":"product_tag-su-aritma-cihazi-icin-tank-vanasi-deposu-2","49":"product_tag-su-aritma-cihazi-icin-tank-vanasi-deposu-vanasi-2","50":"product_tag-su-aritma-cihazi-icin-tank-vanasi-su-2","51":"product_tag-su-aritma-cihazi-icin-tank-vanasi-su-aritma-2","52":"product_tag-su-aritma-cihazi-icin-tank-vanasi-su-aritma-deposu-2","53":"product_tag-su-aritma-cihazi-icin-tank-vanasi-su-aritma-deposu-vanasi-2","54":"product_tag-su-aritma-cihazi-icin-tank-vanasi-su-aritma-vanasi-2","55":"product_tag-su-aritma-cihazi-icin-tank-vanasi-su-deposu-2","56":"product_tag-su-aritma-cihazi-icin-tank-vanasi-su-deposu-vanasi-2","57":"product_tag-su-aritma-cihazi-icin-tank-vanasi-su-vanasi-2","58":"product_tag-su-aritma-cihazi-icin-tank-vanasi-vanasi-2","60":"first","61":"instock","62":"sale","63":"shipping-taxable","64":"purchasable","65":"product-type-simple"},"_links":{"self":[{"href":"https:\/\/anilcanbay.com\/hanedan\/wp-json\/wp\/v2\/product\/29095","targetHints":{"allow":["GET"]}}],"collection":[{"href":"https:\/\/anilcanbay.com\/hanedan\/wp-json\/wp\/v2\/product"}],"about":[{"href":"https:\/\/anilcanbay.com\/hanedan\/wp-json\/wp\/v2\/types\/product"}],"replies":[{"embeddable":true,"href":"https:\/\/anilcanbay.com\/hanedan\/wp-json\/wp\/v2\/comments?post=29095"}],"version-history":[{"count":1,"href":"https:\/\/anilcanbay.com\/hanedan\/wp-json\/wp\/v2\/product\/29095\/revisions"}],"predecessor-version":[{"id":29125,"href":"https:\/\/anilcanbay.com\/hanedan\/wp-json\/wp\/v2\/product\/29095\/revisions\/29125"}],"wp:featuredmedia":[{"embeddable":true,"href":"https:\/\/anilcanbay.com\/hanedan\/wp-json\/wp\/v2\/media\/29514"}],"wp:attachment":[{"href":"https:\/\/anilcanbay.com\/hanedan\/wp-json\/wp\/v2\/media?parent=29095"}],"wp:term":[{"taxonomy":"product_brand","embeddable":true,"href":"https:\/\/anilcanbay.com\/hanedan\/wp-json\/wp\/v2\/product_brand?post=29095"},{"taxonomy":"product_cat","embeddable":true,"href":"https:\/\/anilcanbay.com\/hanedan\/wp-json\/wp\/v2\/product_cat?post=29095"},{"taxonomy":"product_tag","embeddable":true,"href":"https:\/\/anilcanbay.com\/hanedan\/wp-json\/wp\/v2\/product_tag?post=29095"}],"curies":[{"name":"wp","href":"https:\/\/api.w.org\/{rel}","templated":true}]}}