{"id":29096,"date":"2026-04-01T19:58:05","date_gmt":"2026-04-01T16:58:05","guid":{"rendered":"https:\/\/anilcanbay.com\/hanedan\/?post_type=product&#038;p=29096"},"modified":"2026-04-06T23:10:56","modified_gmt":"2026-04-06T20:10:56","slug":"h-max-1200-iodine-tatlandirici-post-carbon-filtre-0188","status":"publish","type":"product","link":"https:\/\/anilcanbay.com\/hanedan\/product\/h-max-1200-iodine-tatlandirici-post-carbon-filtre-0188\/","title":{"rendered":"H-max 1200 \u0130odine Tatland\u0131r\u0131c\u0131 Post Carbon Filtre &#8211; 0188"},"content":{"rendered":"<p>&#8220;Su ar\u0131tma sistemlerinin olmazsa olmaz\u0131 olan Tatland\u0131r\u0131c\u0131 Post Carbon Filtre, i\u00e7me suyunuzun tad\u0131n\u0131 ve kokusunu \u00f6nemli \u00f6l\u00e7\u00fcde iyile\u015ftirir. Kullan\u0131m\u0131 kolay olan bu filtre, suyun son a\u015famas\u0131nda etkili bir \u015fekilde \u00e7al\u0131\u015f\u0131r ve i\u00e7me suyunuzu ferahlat\u0131c\u0131 bir tat ve koku ile zenginle\u015ftirir. Klor, organik kirleticiler ve di\u011fer istenmeyen maddeleri etkili bir \u015fekilde uzakla\u015ft\u0131rarak suyunuzu daha temiz ve sa\u011fl\u0131kl\u0131 hale getirir. Tatland\u0131r\u0131c\u0131 Post Carbon Filtre ile su ar\u0131tma sisteminizin performans\u0131n\u0131 art\u0131r\u0131n ve i\u00e7me suyunuzun kalitesini y\u00fckseltin. \u015eimdi sat\u0131n al\u0131n ve temiz, lezzetli suyun tad\u0131n\u0131 \u00e7\u0131kar\u0131n!&#8221;<\/p>\n","protected":false},"excerpt":{"rendered":"<p>Quick Tatland\u0131r\u0131c\u0131 Post Carbon Filtre<\/p>\n","protected":false},"featured_media":29516,"comment_status":"open","ping_status":"closed","template":"","meta":{"inline_featured_image":false},"product_brand":[2850],"product_cat":[2840,2844],"product_tag":[89,1633,1634,1667,1680,1681,1668,1673,1674,1675,1669,1670,1671,1672,1676,1677,1678,1679,1635,1664,1665,1666,1652,1657,1658,1659,1653,1654,1655,1656,1660,1661,1662,1663,1636,1649,1650,1651,1637,1642,1643,1644,1638,1639,1640,1641,1645,1646,1647,1648],"class_list":{"0":"post-29096","1":"product","2":"type-product","3":"status-publish","4":"has-post-thumbnail","6":"product_brand-h-max-reverse-osmosis-system","7":"product_cat-su-aritma-filtreleri","8":"product_cat-yedek-filtreler","9":"product_tag-h-max","10":"product_tag-h-max-1200","11":"product_tag-h-max-1200-iodine","12":"product_tag-h-max-1200-iodine-post","13":"product_tag-h-max-1200-iodine-post-2","14":"product_tag-h-max-1200-iodine-post-0188","15":"product_tag-h-max-1200-iodine-post-carbon","16":"product_tag-h-max-1200-iodine-post-carbon-2","17":"product_tag-h-max-1200-iodine-post-carbon-0188","18":"product_tag-h-max-1200-iodine-post-carbon-0188-2","19":"product_tag-h-max-1200-iodine-post-carbon-filtre","20":"product_tag-h-max-1200-iodine-post-carbon-filtre-2","21":"product_tag-h-max-1200-iodine-post-carbon-filtre-0188","22":"product_tag-h-max-1200-iodine-post-carbon-filtre-0188-2","23":"product_tag-h-max-1200-iodine-post-filtre","24":"product_tag-h-max-1200-iodine-post-filtre-2","25":"product_tag-h-max-1200-iodine-post-filtre-0188","26":"product_tag-h-max-1200-iodine-post-filtre-0188-2","27":"product_tag-h-max-1200-iodine-tatlandirici","28":"product_tag-h-max-1200-iodine-tatlandirici-2","29":"product_tag-h-max-1200-iodine-tatlandirici-0188","30":"product_tag-h-max-1200-iodine-tatlandirici-0188-2","31":"product_tag-h-max-1200-iodine-tatlandirici-carbon","32":"product_tag-h-max-1200-iodine-tatlandirici-carbon-2","33":"product_tag-h-max-1200-iodine-tatlandirici-carbon-0188","34":"product_tag-h-max-1200-iodine-tatlandirici-carbon-0188-2","35":"product_tag-h-max-1200-iodine-tatlandirici-carbon-filtre","36":"product_tag-h-max-1200-iodine-tatlandirici-carbon-filtre-2","37":"product_tag-h-max-1200-iodine-tatlandirici-carbon-filtre-0188","38":"product_tag-h-max-1200-iodine-tatlandirici-carbon-filtre-0188-2","39":"product_tag-h-max-1200-iodine-tatlandirici-filtre","40":"product_tag-h-max-1200-iodine-tatlandirici-filtre-2","41":"product_tag-h-max-1200-iodine-tatlandirici-filtre-0188","42":"product_tag-h-max-1200-iodine-tatlandirici-filtre-0188-2","43":"product_tag-h-max-1200-iodine-tatlandirici-post","44":"product_tag-h-max-1200-iodine-tatlandirici-post-2","45":"product_tag-h-max-1200-iodine-tatlandirici-post-0188","46":"product_tag-h-max-1200-iodine-tatlandirici-post-0188-2","47":"product_tag-h-max-1200-iodine-tatlandirici-post-carbon","48":"product_tag-h-max-1200-iodine-tatlandirici-post-carbon-2","49":"product_tag-h-max-1200-iodine-tatlandirici-post-carbon-0188","50":"product_tag-h-max-1200-iodine-tatlandirici-post-carbon-0188-2","51":"product_tag-h-max-1200-iodine-tatlandirici-post-carbon-filtre","52":"product_tag-h-max-1200-iodine-tatlandirici-post-carbon-filtre-2","53":"product_tag-h-max-1200-iodine-tatlandirici-post-carbon-filtre-0188","54":"product_tag-h-max-1200-iodine-tatlandirici-post-carbon-filtre-0188-2","55":"product_tag-h-max-1200-iodine-tatlandirici-post-filtre","56":"product_tag-h-max-1200-iodine-tatlandirici-post-filtre-2","57":"product_tag-h-max-1200-iodine-tatlandirici-post-filtre-0188","58":"product_tag-h-max-1200-iodine-tatlandirici-post-filtre-0188-2","60":"first","61":"instock","62":"sale","63":"shipping-taxable","64":"purchasable","65":"product-type-simple"},"_links":{"self":[{"href":"https:\/\/anilcanbay.com\/hanedan\/wp-json\/wp\/v2\/product\/29096","targetHints":{"allow":["GET"]}}],"collection":[{"href":"https:\/\/anilcanbay.com\/hanedan\/wp-json\/wp\/v2\/product"}],"about":[{"href":"https:\/\/anilcanbay.com\/hanedan\/wp-json\/wp\/v2\/types\/product"}],"replies":[{"embeddable":true,"href":"https:\/\/anilcanbay.com\/hanedan\/wp-json\/wp\/v2\/comments?post=29096"}],"version-history":[{"count":1,"href":"https:\/\/anilcanbay.com\/hanedan\/wp-json\/wp\/v2\/product\/29096\/revisions"}],"predecessor-version":[{"id":29126,"href":"https:\/\/anilcanbay.com\/hanedan\/wp-json\/wp\/v2\/product\/29096\/revisions\/29126"}],"wp:featuredmedia":[{"embeddable":true,"href":"https:\/\/anilcanbay.com\/hanedan\/wp-json\/wp\/v2\/media\/29516"}],"wp:attachment":[{"href":"https:\/\/anilcanbay.com\/hanedan\/wp-json\/wp\/v2\/media?parent=29096"}],"wp:term":[{"taxonomy":"product_brand","embeddable":true,"href":"https:\/\/anilcanbay.com\/hanedan\/wp-json\/wp\/v2\/product_brand?post=29096"},{"taxonomy":"product_cat","embeddable":true,"href":"https:\/\/anilcanbay.com\/hanedan\/wp-json\/wp\/v2\/product_cat?post=29096"},{"taxonomy":"product_tag","embeddable":true,"href":"https:\/\/anilcanbay.com\/hanedan\/wp-json\/wp\/v2\/product_tag?post=29096"}],"curies":[{"name":"wp","href":"https:\/\/api.w.org\/{rel}","templated":true}]}}