{"id":29097,"date":"2026-04-01T19:58:06","date_gmt":"2026-04-01T16:58:06","guid":{"rendered":"https:\/\/anilcanbay.com\/hanedan\/?post_type=product&#038;p=29097"},"modified":"2026-04-06T23:05:39","modified_gmt":"2026-04-06T20:05:39","slug":"h-max-multimineral-7in1-mineral-filtre-0300","status":"publish","type":"product","link":"https:\/\/anilcanbay.com\/hanedan\/product\/h-max-multimineral-7in1-mineral-filtre-0300\/","title":{"rendered":"H-max Multimineral 7&#8217;in1 Mineral Filtre &#8211; 0300"},"content":{"rendered":"<p>Sa\u011fl\u0131kl\u0131 i\u00e7me suyu elde etmenin \u00f6nemli bir yolu olan Mineral Filtre, su ar\u0131tma sistemlerinin ayr\u0131lmaz bir par\u00e7as\u0131d\u0131r. Bu \u00f6zel filtre, i\u00e7me suyunuzu zenginle\u015ftirmek i\u00e7in do\u011fal mineraller ekler ve suyun pH dengesini iyile\u015ftirir. Y\u00fcksek kaliteli malzemelerden \u00fcretilmi\u015f olan Mineral Filtre, suyunuzu daha temiz ve daha sa\u011fl\u0131kl\u0131 hale getirirken ayn\u0131 zamanda mineral kayb\u0131n\u0131 da \u00f6nler. Mineral Filtre ile suyunuzu i\u00e7me suyu kalitesine y\u00fckseltin ve sa\u011fl\u0131kl\u0131 bir ya\u015fam tarz\u0131n\u0131 destekleyin.&nbsp;<\/p>\n","protected":false},"excerpt":{"rendered":"<p>Multimineral Filtre<\/p>\n","protected":false},"featured_media":29511,"comment_status":"open","ping_status":"closed","template":"","meta":{"inline_featured_image":false},"product_brand":[2850],"product_cat":[2840,2844],"product_tag":[89,1716,1729,1730,1731,1725,1726,1727,1728,1717,1722,1723,1724,1718,1719,1720,1721,1732,1684,1713,1714,1715,1685,1698,1699,1700,1694,1695,1696,1697,1686,1691,1692,1693,1687,1688,1689,1690,1709,1710,1711,1712,1701,1706,1707,1708,1702,1703,1704,1705],"class_list":{"0":"post-29097","1":"product","2":"type-product","3":"status-publish","4":"has-post-thumbnail","6":"product_brand-h-max-reverse-osmosis-system","7":"product_cat-su-aritma-filtreleri","8":"product_cat-yedek-filtreler","9":"product_tag-h-max","10":"product_tag-h-max-7in1","11":"product_tag-h-max-7in1-2","12":"product_tag-h-max-7in1-0300","13":"product_tag-h-max-7in1-0300-2","14":"product_tag-h-max-7in1-filtre","15":"product_tag-h-max-7in1-filtre-2","16":"product_tag-h-max-7in1-filtre-0300","17":"product_tag-h-max-7in1-filtre-0300-2","18":"product_tag-h-max-7in1-mineral","19":"product_tag-h-max-7in1-mineral-2","20":"product_tag-h-max-7in1-mineral-0300","21":"product_tag-h-max-7in1-mineral-0300-2","22":"product_tag-h-max-7in1-mineral-filtre","23":"product_tag-h-max-7in1-mineral-filtre-2","24":"product_tag-h-max-7in1-mineral-filtre-0300","25":"product_tag-h-max-7in1-mineral-filtre-0300-2","26":"product_tag-h-max-mineral","27":"product_tag-h-max-multimineral","28":"product_tag-h-max-multimineral-2","29":"product_tag-h-max-multimineral-0300","30":"product_tag-h-max-multimineral-0300-2","31":"product_tag-h-max-multimineral-7in1","32":"product_tag-h-max-multimineral-7in1-2","33":"product_tag-h-max-multimineral-7in1-0300","34":"product_tag-h-max-multimineral-7in1-0300-2","35":"product_tag-h-max-multimineral-7in1-filtre","36":"product_tag-h-max-multimineral-7in1-filtre-2","37":"product_tag-h-max-multimineral-7in1-filtre-0300","38":"product_tag-h-max-multimineral-7in1-filtre-0300-2","39":"product_tag-h-max-multimineral-7in1-mineral","40":"product_tag-h-max-multimineral-7in1-mineral-2","41":"product_tag-h-max-multimineral-7in1-mineral-0300","42":"product_tag-h-max-multimineral-7in1-mineral-0300-2","43":"product_tag-h-max-multimineral-7in1-mineral-filtre","44":"product_tag-h-max-multimineral-7in1-mineral-filtre-2","45":"product_tag-h-max-multimineral-7in1-mineral-filtre-0300","46":"product_tag-h-max-multimineral-7in1-mineral-filtre-0300-2","47":"product_tag-h-max-multimineral-filtre","48":"product_tag-h-max-multimineral-filtre-2","49":"product_tag-h-max-multimineral-filtre-0300","50":"product_tag-h-max-multimineral-filtre-0300-2","51":"product_tag-h-max-multimineral-mineral","52":"product_tag-h-max-multimineral-mineral-2","53":"product_tag-h-max-multimineral-mineral-0300","54":"product_tag-h-max-multimineral-mineral-0300-2","55":"product_tag-h-max-multimineral-mineral-filtre","56":"product_tag-h-max-multimineral-mineral-filtre-2","57":"product_tag-h-max-multimineral-mineral-filtre-0300","58":"product_tag-h-max-multimineral-mineral-filtre-0300-2","60":"first","61":"instock","62":"shipping-taxable","63":"purchasable","64":"product-type-simple"},"_links":{"self":[{"href":"https:\/\/anilcanbay.com\/hanedan\/wp-json\/wp\/v2\/product\/29097","targetHints":{"allow":["GET"]}}],"collection":[{"href":"https:\/\/anilcanbay.com\/hanedan\/wp-json\/wp\/v2\/product"}],"about":[{"href":"https:\/\/anilcanbay.com\/hanedan\/wp-json\/wp\/v2\/types\/product"}],"replies":[{"embeddable":true,"href":"https:\/\/anilcanbay.com\/hanedan\/wp-json\/wp\/v2\/comments?post=29097"}],"version-history":[{"count":1,"href":"https:\/\/anilcanbay.com\/hanedan\/wp-json\/wp\/v2\/product\/29097\/revisions"}],"predecessor-version":[{"id":29127,"href":"https:\/\/anilcanbay.com\/hanedan\/wp-json\/wp\/v2\/product\/29097\/revisions\/29127"}],"wp:featuredmedia":[{"embeddable":true,"href":"https:\/\/anilcanbay.com\/hanedan\/wp-json\/wp\/v2\/media\/29511"}],"wp:attachment":[{"href":"https:\/\/anilcanbay.com\/hanedan\/wp-json\/wp\/v2\/media?parent=29097"}],"wp:term":[{"taxonomy":"product_brand","embeddable":true,"href":"https:\/\/anilcanbay.com\/hanedan\/wp-json\/wp\/v2\/product_brand?post=29097"},{"taxonomy":"product_cat","embeddable":true,"href":"https:\/\/anilcanbay.com\/hanedan\/wp-json\/wp\/v2\/product_cat?post=29097"},{"taxonomy":"product_tag","embeddable":true,"href":"https:\/\/anilcanbay.com\/hanedan\/wp-json\/wp\/v2\/product_tag?post=29097"}],"curies":[{"name":"wp","href":"https:\/\/api.w.org\/{rel}","templated":true}]}}