{"id":29098,"date":"2026-04-01T19:58:07","date_gmt":"2026-04-01T16:58:07","guid":{"rendered":"https:\/\/anilcanbay.com\/hanedan\/?post_type=product&#038;p=29098"},"modified":"2026-04-07T11:13:15","modified_gmt":"2026-04-07T08:13:15","slug":"ocean-5-filtreli-80-gpd-hmax-membranli-9-litre-celik-tankli-acik-kasa-su-aritma-cihazi-0021","status":"publish","type":"product","link":"https:\/\/anilcanbay.com\/hanedan\/product\/ocean-5-filtreli-80-gpd-hmax-membranli-9-litre-celik-tankli-acik-kasa-su-aritma-cihazi-0021\/","title":{"rendered":"Ocean 5 Filtreli 80 GPD Hmax Membranl\u0131 9 Litre \u00c7elik Tankl\u0131 A\u00e7\u0131k Kasa Su Ar\u0131tma Cihaz\u0131 &#8211; 0021"},"content":{"rendered":"<p>Reserve Osmosis System ad\u0131 verilen Ters Osmoz sistemi ile \u00e7al\u0131\u015fan H-MAX Oceon Sky&nbsp;su ar\u0131tma \u015febeke suyunu 5 farkl\u0131 filtreden ge\u00e7irerek i\u00e7ilebilir hale getirir. Bu s\u00fcre\u00e7te her filtre, sadece su molek\u00fcllerinin ge\u00e7ebilece\u011fi kadar k\u00fc\u00e7\u00fck g\u00f6zeneklere sahiptir. Dolay\u0131s\u0131yla su filtreden ge\u00e7erken at\u0131klar, zararl\u0131 maddeler ve suyu kirleten di\u011fer part\u00fck\u00fcler filtrelere tak\u0131l\u0131r. Bunun sonucunda da tamamen safla\u015ft\u0131r\u0131lm\u0131\u015f su elde edilir.&nbsp;<b>H-MAX Oceon Sky a\u00e7\u0131k kasa su ar\u0131tma cihaz\u0131<\/b>&nbsp;filtrasyon s\u00fcrecinde s\u0131ras\u0131yla 5 mikron sediment, GAC, CTO, membran ve mineralli karbon filtreler bulunur.<\/p>\n<p>Suyu a\u015fama a\u015fama ar\u0131tan H-MAX Oceon Sky su ar\u0131tma cihaz\u0131n\u0131n ilk filtresi 5 mikrondan daha b\u00fcy\u00fck olan partik\u00fclleri s\u00fczer. B\u00fcy\u00fck partik\u00fcllerden ar\u0131nd\u0131r\u0131lan su daha sonra GAC olarak da bilinen Gran\u00fcl Aktif Karbon Filtreye ula\u015f\u0131r. Burada k\u00f6t\u00fc kokuya neden olan organik maddeler ile serbest klor ayr\u0131\u015ft\u0131r\u0131l\u0131r. Ard\u0131ndan su ters osmoz uygulanan membran filtreye ula\u015f\u0131r. Son olarak ar\u0131t\u0131lm\u0131\u015f suyun pH de\u011ferinin d\u00fczenlenmesi ve mineral a\u00e7\u0131s\u0131ndan zenginle\u015ftirilmesi i\u00e7in mineral karbon filtre devreye girer.<\/p>\n<p>T\u00fcm s\u00fcre\u00e7 tamamland\u0131\u011f\u0131nda ise temiz su,H-MAX Oceon Sky su ar\u0131tma i\u00e7indeki 8 litrelik krom tank\u0131na aktar\u0131l\u0131r. Musluk a\u00e7\u0131ld\u0131\u011f\u0131nda ise tanktaki su, musluk arac\u0131l\u0131\u011f\u0131 ile kullan\u0131c\u0131ya ula\u015f\u0131r. \u201cH-MAX Oceon Sky a\u00e7\u0131k kasa su ar\u0131tma cihaz\u0131 ka\u00e7 litre ar\u0131nd\u0131rabilir?\u201d sorusunun yan\u0131t\u0131 ise dakikada 2 litredir. H-MAX Oceon Sky su ar\u0131tma \u00f6zellikleri aras\u0131nda \u00f6ne \u00e7\u0131kan di\u011fer detay ise aletin 4 bar ve \u00fczerindeki su bas\u0131nc\u0131yla \u00e7al\u0131\u015fmas\u0131d\u0131r. Ba\u015fka bir ifadeyle \u0130hlas Aura Cebilon Silver su ar\u0131tma yetersiz veya d\u00fczensiz bas\u0131n\u00e7 sorunu olmayan her yerde rahatl\u0131kla kullan\u0131labilir.<\/p>\n","protected":false},"excerpt":{"rendered":"<p>5 filtreli 8 Litre \u00c7ift Karbonlu A\u00e7\u0131k Kasa Su Ar\u0131tma Cihaz\u0131<\/p>\n","protected":false},"featured_media":29503,"comment_status":"open","ping_status":"closed","template":"","meta":{"inline_featured_image":false},"product_brand":[2850],"product_cat":[2830,2833,23],"product_tag":[1733,1734,1735,1736,1737,1738,1739,1740,1776,1741,1742,1743,1744,1745,1774,1775,1762,1767,1768,1769,1763,1764,1765,1766,1770,1771,1772,1773,1746,1759,1760,1761,1747,1752,1753,1754,1748,1749,1750,1751,1755,1756,1757,1758],"class_list":{"0":"post-29098","1":"product","2":"type-product","3":"status-publish","4":"has-post-thumbnail","6":"product_brand-h-max-reverse-osmosis-system","7":"product_cat-8-litre-pompasiz","8":"product_cat-acik-kasa","9":"product_cat-su-aritma-cihazlari","10":"product_tag-ocean","11":"product_tag-ocean-5","12":"product_tag-ocean-5-filtreli","13":"product_tag-ocean-5-filtreli-80","14":"product_tag-ocean-5-filtreli-80-gpd","15":"product_tag-ocean-5-filtreli-80-gpd-hmax","16":"product_tag-ocean-5-filtreli-80-gpd-hmax-membranli","17":"product_tag-ocean-5-filtreli-80-gpd-hmax-membranli-9","18":"product_tag-ocean-5-filtreli-80-gpd-hmax-membranli-9-l","19":"product_tag-ocean-5-filtreli-80-gpd-hmax-membranli-9-litre","20":"product_tag-ocean-5-filtreli-80-gpd-hmax-membranli-9-litre-celik","21":"product_tag-ocean-5-filtreli-80-gpd-hmax-membranli-9-litre-celik-tankli","22":"product_tag-ocean-5-filtreli-80-gpd-hmax-membranli-9-litre-celik-tankli-acik","23":"product_tag-ocean-5-filtreli-80-gpd-hmax-membranli-9-litre-celik-tankli-acik-kasa","24":"product_tag-ocean-5-filtreli-80-gpd-hmax-membranli-9-litre-celik-tankli-acik-kasa-2","25":"product_tag-ocean-5-filtreli-80-gpd-hmax-membranli-9-litre-celik-tankli-acik-kasa-0021","26":"product_tag-ocean-5-filtreli-80-gpd-hmax-membranli-9-litre-celik-tankli-acik-kasa-aritma","27":"product_tag-ocean-5-filtreli-80-gpd-hmax-membranli-9-litre-celik-tankli-acik-kasa-aritma-2","28":"product_tag-ocean-5-filtreli-80-gpd-hmax-membranli-9-litre-celik-tankli-acik-kasa-aritma-0021","29":"product_tag-ocean-5-filtreli-80-gpd-hmax-membranli-9-litre-celik-tankli-acik-kasa-aritma-0021-2","30":"product_tag-ocean-5-filtreli-80-gpd-hmax-membranli-9-litre-celik-tankli-acik-kasa-aritma-cihazi","31":"product_tag-ocean-5-filtreli-80-gpd-hmax-membranli-9-litre-celik-tankli-acik-kasa-aritma-cihazi-2","32":"product_tag-ocean-5-filtreli-80-gpd-hmax-membranli-9-litre-celik-tankli-acik-kasa-aritma-cihazi-0021","33":"product_tag-ocean-5-filtreli-80-gpd-hmax-membranli-9-litre-celik-tankli-acik-kasa-aritma-cihazi-0021-2","34":"product_tag-ocean-5-filtreli-80-gpd-hmax-membranli-9-litre-celik-tankli-acik-kasa-cihazi","35":"product_tag-ocean-5-filtreli-80-gpd-hmax-membranli-9-litre-celik-tankli-acik-kasa-cihazi-2","36":"product_tag-ocean-5-filtreli-80-gpd-hmax-membranli-9-litre-celik-tankli-acik-kasa-cihazi-0021","37":"product_tag-ocean-5-filtreli-80-gpd-hmax-membranli-9-litre-celik-tankli-acik-kasa-cihazi-0021-2","38":"product_tag-ocean-5-filtreli-80-gpd-hmax-membranli-9-litre-celik-tankli-acik-kasa-su","39":"product_tag-ocean-5-filtreli-80-gpd-hmax-membranli-9-litre-celik-tankli-acik-kasa-su-2","40":"product_tag-ocean-5-filtreli-80-gpd-hmax-membranli-9-litre-celik-tankli-acik-kasa-su-0021","41":"product_tag-ocean-5-filtreli-80-gpd-hmax-membranli-9-litre-celik-tankli-acik-kasa-su-0021-2","42":"product_tag-ocean-5-filtreli-80-gpd-hmax-membranli-9-litre-celik-tankli-acik-kasa-su-aritma","43":"product_tag-ocean-5-filtreli-80-gpd-hmax-membranli-9-litre-celik-tankli-acik-kasa-su-aritma-2","44":"product_tag-ocean-5-filtreli-80-gpd-hmax-membranli-9-litre-celik-tankli-acik-kasa-su-aritma-0021","45":"product_tag-ocean-5-filtreli-80-gpd-hmax-membranli-9-litre-celik-tankli-acik-kasa-su-aritma-0021-2","46":"product_tag-ocean-5-filtreli-80-gpd-hmax-membranli-9-litre-celik-tankli-acik-kasa-su-aritma-cihazi","47":"product_tag-ocean-5-filtreli-80-gpd-hmax-membranli-9-litre-celik-tankli-acik-kasa-su-aritma-cihazi-2","48":"product_tag-ocean-5-filtreli-80-gpd-hmax-membranli-9-litre-celik-tankli-acik-kasa-su-aritma-cihazi-0021","49":"product_tag-ocean-5-filtreli-80-gpd-hmax-membranli-9-litre-celik-tankli-acik-kasa-su-aritma-cihazi-0021-2","50":"product_tag-ocean-5-filtreli-80-gpd-hmax-membranli-9-litre-celik-tankli-acik-kasa-su-cihazi","51":"product_tag-ocean-5-filtreli-80-gpd-hmax-membranli-9-litre-celik-tankli-acik-kasa-su-cihazi-2","52":"product_tag-ocean-5-filtreli-80-gpd-hmax-membranli-9-litre-celik-tankli-acik-kasa-su-cihazi-0021","53":"product_tag-ocean-5-filtreli-80-gpd-hmax-membranli-9-litre-celik-tankli-acik-kasa-su-cihazi-0021-2","55":"first","56":"instock","57":"sale","58":"shipping-taxable","59":"purchasable","60":"product-type-simple"},"_links":{"self":[{"href":"https:\/\/anilcanbay.com\/hanedan\/wp-json\/wp\/v2\/product\/29098","targetHints":{"allow":["GET"]}}],"collection":[{"href":"https:\/\/anilcanbay.com\/hanedan\/wp-json\/wp\/v2\/product"}],"about":[{"href":"https:\/\/anilcanbay.com\/hanedan\/wp-json\/wp\/v2\/types\/product"}],"replies":[{"embeddable":true,"href":"https:\/\/anilcanbay.com\/hanedan\/wp-json\/wp\/v2\/comments?post=29098"}],"version-history":[{"count":1,"href":"https:\/\/anilcanbay.com\/hanedan\/wp-json\/wp\/v2\/product\/29098\/revisions"}],"predecessor-version":[{"id":29128,"href":"https:\/\/anilcanbay.com\/hanedan\/wp-json\/wp\/v2\/product\/29098\/revisions\/29128"}],"wp:featuredmedia":[{"embeddable":true,"href":"https:\/\/anilcanbay.com\/hanedan\/wp-json\/wp\/v2\/media\/29503"}],"wp:attachment":[{"href":"https:\/\/anilcanbay.com\/hanedan\/wp-json\/wp\/v2\/media?parent=29098"}],"wp:term":[{"taxonomy":"product_brand","embeddable":true,"href":"https:\/\/anilcanbay.com\/hanedan\/wp-json\/wp\/v2\/product_brand?post=29098"},{"taxonomy":"product_cat","embeddable":true,"href":"https:\/\/anilcanbay.com\/hanedan\/wp-json\/wp\/v2\/product_cat?post=29098"},{"taxonomy":"product_tag","embeddable":true,"href":"https:\/\/anilcanbay.com\/hanedan\/wp-json\/wp\/v2\/product_tag?post=29098"}],"curies":[{"name":"wp","href":"https:\/\/api.w.org\/{rel}","templated":true}]}}