{"id":29105,"date":"2026-04-01T19:58:11","date_gmt":"2026-04-01T16:58:11","guid":{"rendered":"https:\/\/anilcanbay.com\/hanedan\/?post_type=product&#038;p=29105"},"modified":"2026-04-06T22:39:16","modified_gmt":"2026-04-06T19:39:16","slug":"ustten-giris-ve-cikisli-cift-cubuklu-su-aritma-cihazi-filtresi-90-gpd-super-membranli-5li-set","status":"publish","type":"product","link":"https:\/\/anilcanbay.com\/hanedan\/product\/ustten-giris-ve-cikisli-cift-cubuklu-su-aritma-cihazi-filtresi-90-gpd-super-membranli-5li-set\/","title":{"rendered":"\u00dcstten Giri\u015f ve \u00c7\u0131k\u0131\u015fl\u0131, \u00c7ift \u00c7ubuklu Su Ar\u0131tma Cihaz\u0131 Filtresi 90 Gpd S\u00fcper Membranl\u0131 5&#8217;li Set"},"content":{"rendered":"<p>\u00dcstten Giri\u015f ve \u00c7\u0131k\u0131\u015fl\u0131, \u00c7ift \u00c7ubuklu Su Ar\u0131tma Cihaz\u0131 Filtresi 90 Gpd Membranl\u0131 5&#8217;li Set<\/p>\n<p>&nbsp;<\/p>\n<h2>\u00d6nemli Uyar\u0131! \u00dcr\u00fcn\u00fcn montaj\u0131 s\u0131ras\u0131nda en \u00f6nemli nokta filtre y\u0131kama a\u015famas\u0131d\u0131r.<\/h2>\n<p>2. ve 3. filtrede bulunan carbonlar\u0131n di\u011fer filtrelere gitmemesi ve filtre ve di\u011fer aksanlar\u0131 t\u0131kamamas\u0131 i\u00e7in yap\u0131lmas\u0131 gereken en \u00f6nemli i\u015flem ilk 3 filtrenin y\u0131kamas\u0131d\u0131r. ; \u0130lk 3 filtrenin y\u0131kamas\u0131n\u0131 do\u011fru bir \u015fekilde yapt\u0131ktan sonra cihaz doldur bo\u015falt yap\u0131lmal\u0131d\u0131r.<\/p>\n<p>D\u00fczg\u00fcn bir \u015fekilde montaj\u0131 yap\u0131lmayan \u00fcr\u00fcn cihaz\u0131n\u0131z\u0131 bozacakt\u0131r.<\/p>\n<p>Daha Kaliteli bir su t\u00fcketimi i\u00e7in S\u00fcper membran\u0131 \u00f6neriyoruz!<\/p>\n<h1><u><strong>\u00dcr\u00fcn \u0130\u00e7eri\u011fi<\/strong><\/u><\/h1>\n<p>&nbsp;<\/p>\n<ul>\n<li>1 Adet Hanedan 5 Micron Sediment Filtre&nbsp;<\/li>\n<li>1 Adet Hanedan CTO Blok Carbon Filtre&nbsp;<\/li>\n<li>1 Adet Hanedan GAC Carbon Filtre&nbsp;<\/li>\n<li>1 Adet H-MAX Post Carbon (tatland\u0131r\u0131c\u0131) Filtre<\/li>\n<li>1 Adet 90 GPD S\u00fcper Sar\u0131m Membran Filtre<\/li>\n<li>7 adet L + 1 Adet T Dirsek<\/li>\n<\/ul>\n<p>&nbsp;<\/p>\n<p>\u00dcretim ve da\u011f\u0131t\u0131mlar\u0131 Hanedan Su Ar\u0131tma ve Hmax Ar\u0131t\u0131m taraf\u0131ndan yap\u0131lmaktad\u0131r. \u00fcr\u00fcnler taraf\u0131m\u0131zca sa\u011flanmaktad\u0131r.<\/p>\n<p>&nbsp;<\/p>\n","protected":false},"excerpt":{"rendered":"<p>\u00dcstten Giri\u015f ve \u00c7\u0131k\u0131\u015fl\u0131, \u00c7ift \u00c7ubuklu Kapal\u0131 Kasa Filtre<\/p>\n","protected":false},"featured_media":29466,"comment_status":"open","ping_status":"closed","template":"","meta":{"inline_featured_image":false},"product_brand":[2850],"product_cat":[2841,2840],"product_tag":[1967,1968,1969,1970,1971,1972,1973,2050,1974,1975,1976,2055,2084,2085,2056,2069,2070,2057,2062,2063,2058,2059,2060,2061,2064,2065,2066,2067,2068,2071,2072,2077,2078,2073,2074,2075,2076,2079,2080,2081,2082,2083,2086,1993],"class_list":{"0":"post-29105","1":"product","2":"type-product","3":"status-publish","4":"has-post-thumbnail","6":"product_brand-h-max-reverse-osmosis-system","7":"product_cat-kapali-kasa-su-aritma-filtreleri","8":"product_cat-su-aritma-filtreleri","9":"product_tag-ustten","10":"product_tag-ustten-giris","11":"product_tag-ustten-giris-ve","12":"product_tag-ustten-giris-ve-cikisli","13":"product_tag-ustten-giris-ve-cikisli-cift","14":"product_tag-ustten-giris-ve-cikisli-cift-cubuklu","15":"product_tag-ustten-giris-ve-cikisli-cift-cubuklu-su","16":"product_tag-ustten-giris-ve-cikisli-cift-cubuklu-su-ari","17":"product_tag-ustten-giris-ve-cikisli-cift-cubuklu-su-aritma","18":"product_tag-ustten-giris-ve-cikisli-cift-cubuklu-su-aritma-cihazi","19":"product_tag-ustten-giris-ve-cikisli-cift-cubuklu-su-aritma-cihazi-filtresi","20":"product_tag-ustten-giris-ve-cikisli-cift-cubuklu-su-aritma-cihazi-filtresi-90","21":"product_tag-ustten-giris-ve-cikisli-cift-cubuklu-su-aritma-cihazi-filtresi-90-5li","22":"product_tag-ustten-giris-ve-cikisli-cift-cubuklu-su-aritma-cihazi-filtresi-90-5li-set","23":"product_tag-ustten-giris-ve-cikisli-cift-cubuklu-su-aritma-cihazi-filtresi-90-gpd","24":"product_tag-ustten-giris-ve-cikisli-cift-cubuklu-su-aritma-cihazi-filtresi-90-gpd-5li","25":"product_tag-ustten-giris-ve-cikisli-cift-cubuklu-su-aritma-cihazi-filtresi-90-gpd-5li-set","26":"product_tag-ustten-giris-ve-cikisli-cift-cubuklu-su-aritma-cihazi-filtresi-90-gpd-h-max","27":"product_tag-ustten-giris-ve-cikisli-cift-cubuklu-su-aritma-cihazi-filtresi-90-gpd-h-max-5li","28":"product_tag-ustten-giris-ve-cikisli-cift-cubuklu-su-aritma-cihazi-filtresi-90-gpd-h-max-5li-set","29":"product_tag-ustten-giris-ve-cikisli-cift-cubuklu-su-aritma-cihazi-filtresi-90-gpd-h-max-membranli","30":"product_tag-ustten-giris-ve-cikisli-cift-cubuklu-su-aritma-cihazi-filtresi-90-gpd-h-max-membranli-5li","31":"product_tag-ustten-giris-ve-cikisli-cift-cubuklu-su-aritma-cihazi-filtresi-90-gpd-h-max-membranli-5li-set","32":"product_tag-ustten-giris-ve-cikisli-cift-cubuklu-su-aritma-cihazi-filtresi-90-gpd-h-max-membranli-set","33":"product_tag-ustten-giris-ve-cikisli-cift-cubuklu-su-aritma-cihazi-filtresi-90-gpd-h-max-set","34":"product_tag-ustten-giris-ve-cikisli-cift-cubuklu-su-aritma-cihazi-filtresi-90-gpd-membranli","35":"product_tag-ustten-giris-ve-cikisli-cift-cubuklu-su-aritma-cihazi-filtresi-90-gpd-membranli-5li","36":"product_tag-ustten-giris-ve-cikisli-cift-cubuklu-su-aritma-cihazi-filtresi-90-gpd-membranli-5li-set","37":"product_tag-ustten-giris-ve-cikisli-cift-cubuklu-su-aritma-cihazi-filtresi-90-gpd-membranli-set","38":"product_tag-ustten-giris-ve-cikisli-cift-cubuklu-su-aritma-cihazi-filtresi-90-gpd-set","39":"product_tag-ustten-giris-ve-cikisli-cift-cubuklu-su-aritma-cihazi-filtresi-90-h-max","40":"product_tag-ustten-giris-ve-cikisli-cift-cubuklu-su-aritma-cihazi-filtresi-90-h-max-5li","41":"product_tag-ustten-giris-ve-cikisli-cift-cubuklu-su-aritma-cihazi-filtresi-90-h-max-5li-set","42":"product_tag-ustten-giris-ve-cikisli-cift-cubuklu-su-aritma-cihazi-filtresi-90-h-max-membranli","43":"product_tag-ustten-giris-ve-cikisli-cift-cubuklu-su-aritma-cihazi-filtresi-90-h-max-membranli-5li","44":"product_tag-ustten-giris-ve-cikisli-cift-cubuklu-su-aritma-cihazi-filtresi-90-h-max-membranli-5li-set","45":"product_tag-ustten-giris-ve-cikisli-cift-cubuklu-su-aritma-cihazi-filtresi-90-h-max-membranli-set","46":"product_tag-ustten-giris-ve-cikisli-cift-cubuklu-su-aritma-cihazi-filtresi-90-h-max-set","47":"product_tag-ustten-giris-ve-cikisli-cift-cubuklu-su-aritma-cihazi-filtresi-90-membranli","48":"product_tag-ustten-giris-ve-cikisli-cift-cubuklu-su-aritma-cihazi-filtresi-90-membranli-5li","49":"product_tag-ustten-giris-ve-cikisli-cift-cubuklu-su-aritma-cihazi-filtresi-90-membranli-5li-set","50":"product_tag-ustten-giris-ve-cikisli-cift-cubuklu-su-aritma-cihazi-filtresi-90-membranli-set","51":"product_tag-ustten-giris-ve-cikisli-cift-cubuklu-su-aritma-cihazi-filtresi-90-set","52":"product_tag-ustten-giris-ve-cikisli-cift-cubuklu-su-aritma-cihazi-filtresi-gpd","54":"first","55":"instock","56":"sale","57":"shipping-taxable","58":"purchasable","59":"product-type-simple"},"_links":{"self":[{"href":"https:\/\/anilcanbay.com\/hanedan\/wp-json\/wp\/v2\/product\/29105","targetHints":{"allow":["GET"]}}],"collection":[{"href":"https:\/\/anilcanbay.com\/hanedan\/wp-json\/wp\/v2\/product"}],"about":[{"href":"https:\/\/anilcanbay.com\/hanedan\/wp-json\/wp\/v2\/types\/product"}],"replies":[{"embeddable":true,"href":"https:\/\/anilcanbay.com\/hanedan\/wp-json\/wp\/v2\/comments?post=29105"}],"version-history":[{"count":1,"href":"https:\/\/anilcanbay.com\/hanedan\/wp-json\/wp\/v2\/product\/29105\/revisions"}],"predecessor-version":[{"id":29135,"href":"https:\/\/anilcanbay.com\/hanedan\/wp-json\/wp\/v2\/product\/29105\/revisions\/29135"}],"wp:featuredmedia":[{"embeddable":true,"href":"https:\/\/anilcanbay.com\/hanedan\/wp-json\/wp\/v2\/media\/29466"}],"wp:attachment":[{"href":"https:\/\/anilcanbay.com\/hanedan\/wp-json\/wp\/v2\/media?parent=29105"}],"wp:term":[{"taxonomy":"product_brand","embeddable":true,"href":"https:\/\/anilcanbay.com\/hanedan\/wp-json\/wp\/v2\/product_brand?post=29105"},{"taxonomy":"product_cat","embeddable":true,"href":"https:\/\/anilcanbay.com\/hanedan\/wp-json\/wp\/v2\/product_cat?post=29105"},{"taxonomy":"product_tag","embeddable":true,"href":"https:\/\/anilcanbay.com\/hanedan\/wp-json\/wp\/v2\/product_tag?post=29105"}],"curies":[{"name":"wp","href":"https:\/\/api.w.org\/{rel}","templated":true}]}}