{"id":29106,"date":"2026-04-01T19:58:11","date_gmt":"2026-04-01T16:58:11","guid":{"rendered":"https:\/\/anilcanbay.com\/hanedan\/?post_type=product&#038;p=29106"},"modified":"2026-04-06T22:40:50","modified_gmt":"2026-04-06T19:40:50","slug":"ustten-giris-ve-cikisli-cift-cubuklu-su-aritma-cihazi-filtresi-75-gpd-membranli-6li-filtre-seti","status":"publish","type":"product","link":"https:\/\/anilcanbay.com\/hanedan\/product\/ustten-giris-ve-cikisli-cift-cubuklu-su-aritma-cihazi-filtresi-75-gpd-membranli-6li-filtre-seti\/","title":{"rendered":"\u00dcstten Giri\u015f ve \u00c7\u0131k\u0131\u015fl\u0131, \u00c7ift \u00c7ubuklu Su Ar\u0131tma Cihaz\u0131 Filtresi 75 Gpd Membranl\u0131 6&#8217;l\u0131 Filtre Seti"},"content":{"rendered":"<p>\u00dcstten Giri\u015f ve \u00c7\u0131k\u0131\u015fl\u0131, \u00c7ift \u00c7ubuklu Su Ar\u0131tma Cihaz\u0131 Filtresi 75 Gpd Membranl\u0131 6&#8217;l\u0131 Set<\/p>\n<p>&nbsp;<\/p>\n<h2>\u00d6nemli Uyar\u0131! \u00dcr\u00fcn\u00fcn montaj\u0131 s\u0131ras\u0131nda en \u00f6nemli nokta filtre y\u0131kama a\u015famas\u0131d\u0131r.<\/h2>\n<p>2. ve 3. filtrede bulunan carbonlar\u0131n di\u011fer filtrelere gitmemesi ve filtre ve di\u011fer aksanlar\u0131 t\u0131kamamas\u0131 i\u00e7in yap\u0131lmas\u0131 gereken en \u00f6nemli i\u015flem ilk 3 filtrenin y\u0131kamas\u0131d\u0131r. ; \u0130lk 3 filtrenin y\u0131kamas\u0131n\u0131 do\u011fru bir \u015fekilde yapt\u0131ktan sonra cihaz doldur bo\u015falt yap\u0131lmal\u0131d\u0131r.<\/p>\n<p>D\u00fczg\u00fcn bir \u015fekilde montaj\u0131 yap\u0131lmayan \u00fcr\u00fcn cihaz\u0131n\u0131z\u0131 bozacakt\u0131r.<\/p>\n<p>Daha Kaliteli bir su t\u00fcketimi i\u00e7in S\u00fcper membran\u0131 \u00f6neriyoruz!<\/p>\n<h1><u><strong>\u00dcr\u00fcn \u0130\u00e7eri\u011fi<\/strong><\/u><\/h1>\n<p>&nbsp;<\/p>\n<ul>\n<li>1 Adet Hanedan 5 Micron Sediment Filtre&nbsp;<\/li>\n<li>1 Adet Hanedan CTO Blok Carbon Filtre&nbsp;<\/li>\n<li>1 Adet Hanedan GAC Carbon Filtre&nbsp;<\/li>\n<li>1 Adet H-MAX Post Carbon (tatland\u0131r\u0131c\u0131) Filtre<\/li>\n<li>1 Adet 75&nbsp;GPD H-Max Membran Filtre<\/li>\n<li>1 Adet 7 in 1 Mineral Filtre<\/li>\n<li>9 adet L + 1 Adet T Dirsek<\/li>\n<\/ul>\n<p>&nbsp;<\/p>\n<p>\u00dcretim ve da\u011f\u0131t\u0131mlar\u0131 Hanedan Su Ar\u0131tma ve Hmax Ar\u0131t\u0131m taraf\u0131ndan yap\u0131lmaktad\u0131r. \u00fcr\u00fcnler taraf\u0131m\u0131zca sa\u011flanmaktad\u0131r.<\/p>\n<p>&nbsp;<\/p>\n","protected":false},"excerpt":{"rendered":"<p>\u00dcstten Giri\u015f ve \u00c7\u0131k\u0131\u015fl\u0131, \u00c7ift \u00c7ubuklu Kapal\u0131 Kasa Filtre<\/p>\n","protected":false},"featured_media":29472,"comment_status":"open","ping_status":"closed","template":"","meta":{"inline_featured_image":false},"product_brand":[2850],"product_cat":[2841,2840],"product_tag":[1967,2115,1968,1969,1970,1971,1972,1973,1974,1975,1976,1977,2108,2109,2110,2111,2112,2113,1978,2094,2095,2096,2097,2098,2099,1979,2087,2088,2089,2090,2091,2092,2093,2100,1986,2101,2102,2103,2104,2105,2106,2107,2114,1993],"class_list":{"0":"post-29106","1":"product","2":"type-product","3":"status-publish","4":"has-post-thumbnail","6":"product_brand-h-max-reverse-osmosis-system","7":"product_cat-kapali-kasa-su-aritma-filtreleri","8":"product_cat-su-aritma-filtreleri","9":"product_tag-ustten","10":"product_tag-ustten-giri","11":"product_tag-ustten-giris","12":"product_tag-ustten-giris-ve","13":"product_tag-ustten-giris-ve-cikisli","14":"product_tag-ustten-giris-ve-cikisli-cift","15":"product_tag-ustten-giris-ve-cikisli-cift-cubuklu","16":"product_tag-ustten-giris-ve-cikisli-cift-cubuklu-su","17":"product_tag-ustten-giris-ve-cikisli-cift-cubuklu-su-aritma","18":"product_tag-ustten-giris-ve-cikisli-cift-cubuklu-su-aritma-cihazi","19":"product_tag-ustten-giris-ve-cikisli-cift-cubuklu-su-aritma-cihazi-filtresi","20":"product_tag-ustten-giris-ve-cikisli-cift-cubuklu-su-aritma-cihazi-filtresi-75","21":"product_tag-ustten-giris-ve-cikisli-cift-cubuklu-su-aritma-cihazi-filtresi-75-6li","22":"product_tag-ustten-giris-ve-cikisli-cift-cubuklu-su-aritma-cihazi-filtresi-75-6li-filtre","23":"product_tag-ustten-giris-ve-cikisli-cift-cubuklu-su-aritma-cihazi-filtresi-75-6li-filtre-seti","24":"product_tag-ustten-giris-ve-cikisli-cift-cubuklu-su-aritma-cihazi-filtresi-75-6li-seti","25":"product_tag-ustten-giris-ve-cikisli-cift-cubuklu-su-aritma-cihazi-filtresi-75-filtre","26":"product_tag-ustten-giris-ve-cikisli-cift-cubuklu-su-aritma-cihazi-filtresi-75-filtre-seti","27":"product_tag-ustten-giris-ve-cikisli-cift-cubuklu-su-aritma-cihazi-filtresi-75-gpd","28":"product_tag-ustten-giris-ve-cikisli-cift-cubuklu-su-aritma-cihazi-filtresi-75-gpd-6li","29":"product_tag-ustten-giris-ve-cikisli-cift-cubuklu-su-aritma-cihazi-filtresi-75-gpd-6li-filtre","30":"product_tag-ustten-giris-ve-cikisli-cift-cubuklu-su-aritma-cihazi-filtresi-75-gpd-6li-filtre-seti","31":"product_tag-ustten-giris-ve-cikisli-cift-cubuklu-su-aritma-cihazi-filtresi-75-gpd-6li-seti","32":"product_tag-ustten-giris-ve-cikisli-cift-cubuklu-su-aritma-cihazi-filtresi-75-gpd-filtre","33":"product_tag-ustten-giris-ve-cikisli-cift-cubuklu-su-aritma-cihazi-filtresi-75-gpd-filtre-seti","34":"product_tag-ustten-giris-ve-cikisli-cift-cubuklu-su-aritma-cihazi-filtresi-75-gpd-membranli","35":"product_tag-ustten-giris-ve-cikisli-cift-cubuklu-su-aritma-cihazi-filtresi-75-gpd-membranli-6li","36":"product_tag-ustten-giris-ve-cikisli-cift-cubuklu-su-aritma-cihazi-filtresi-75-gpd-membranli-6li-filtre","37":"product_tag-ustten-giris-ve-cikisli-cift-cubuklu-su-aritma-cihazi-filtresi-75-gpd-membranli-6li-filtre-seti","38":"product_tag-ustten-giris-ve-cikisli-cift-cubuklu-su-aritma-cihazi-filtresi-75-gpd-membranli-6li-seti","39":"product_tag-ustten-giris-ve-cikisli-cift-cubuklu-su-aritma-cihazi-filtresi-75-gpd-membranli-filtre","40":"product_tag-ustten-giris-ve-cikisli-cift-cubuklu-su-aritma-cihazi-filtresi-75-gpd-membranli-filtre-seti","41":"product_tag-ustten-giris-ve-cikisli-cift-cubuklu-su-aritma-cihazi-filtresi-75-gpd-membranli-seti","42":"product_tag-ustten-giris-ve-cikisli-cift-cubuklu-su-aritma-cihazi-filtresi-75-gpd-seti","43":"product_tag-ustten-giris-ve-cikisli-cift-cubuklu-su-aritma-cihazi-filtresi-75-membranli","44":"product_tag-ustten-giris-ve-cikisli-cift-cubuklu-su-aritma-cihazi-filtresi-75-membranli-6li","45":"product_tag-ustten-giris-ve-cikisli-cift-cubuklu-su-aritma-cihazi-filtresi-75-membranli-6li-filtre","46":"product_tag-ustten-giris-ve-cikisli-cift-cubuklu-su-aritma-cihazi-filtresi-75-membranli-6li-filtre-seti","47":"product_tag-ustten-giris-ve-cikisli-cift-cubuklu-su-aritma-cihazi-filtresi-75-membranli-6li-seti","48":"product_tag-ustten-giris-ve-cikisli-cift-cubuklu-su-aritma-cihazi-filtresi-75-membranli-filtre","49":"product_tag-ustten-giris-ve-cikisli-cift-cubuklu-su-aritma-cihazi-filtresi-75-membranli-filtre-seti","50":"product_tag-ustten-giris-ve-cikisli-cift-cubuklu-su-aritma-cihazi-filtresi-75-membranli-seti","51":"product_tag-ustten-giris-ve-cikisli-cift-cubuklu-su-aritma-cihazi-filtresi-75-seti","52":"product_tag-ustten-giris-ve-cikisli-cift-cubuklu-su-aritma-cihazi-filtresi-gpd","54":"first","55":"instock","56":"sale","57":"shipping-taxable","58":"purchasable","59":"product-type-simple"},"_links":{"self":[{"href":"https:\/\/anilcanbay.com\/hanedan\/wp-json\/wp\/v2\/product\/29106","targetHints":{"allow":["GET"]}}],"collection":[{"href":"https:\/\/anilcanbay.com\/hanedan\/wp-json\/wp\/v2\/product"}],"about":[{"href":"https:\/\/anilcanbay.com\/hanedan\/wp-json\/wp\/v2\/types\/product"}],"replies":[{"embeddable":true,"href":"https:\/\/anilcanbay.com\/hanedan\/wp-json\/wp\/v2\/comments?post=29106"}],"version-history":[{"count":1,"href":"https:\/\/anilcanbay.com\/hanedan\/wp-json\/wp\/v2\/product\/29106\/revisions"}],"predecessor-version":[{"id":29136,"href":"https:\/\/anilcanbay.com\/hanedan\/wp-json\/wp\/v2\/product\/29106\/revisions\/29136"}],"wp:featuredmedia":[{"embeddable":true,"href":"https:\/\/anilcanbay.com\/hanedan\/wp-json\/wp\/v2\/media\/29472"}],"wp:attachment":[{"href":"https:\/\/anilcanbay.com\/hanedan\/wp-json\/wp\/v2\/media?parent=29106"}],"wp:term":[{"taxonomy":"product_brand","embeddable":true,"href":"https:\/\/anilcanbay.com\/hanedan\/wp-json\/wp\/v2\/product_brand?post=29106"},{"taxonomy":"product_cat","embeddable":true,"href":"https:\/\/anilcanbay.com\/hanedan\/wp-json\/wp\/v2\/product_cat?post=29106"},{"taxonomy":"product_tag","embeddable":true,"href":"https:\/\/anilcanbay.com\/hanedan\/wp-json\/wp\/v2\/product_tag?post=29106"}],"curies":[{"name":"wp","href":"https:\/\/api.w.org\/{rel}","templated":true}]}}