{"id":29142,"date":"2026-04-01T19:58:18","date_gmt":"2026-04-01T16:58:18","guid":{"rendered":"https:\/\/anilcanbay.com\/hanedan\/?post_type=product&#038;p=29142"},"modified":"2026-04-06T22:21:51","modified_gmt":"2026-04-06T19:21:51","slug":"craper-tortu-ve-klor-onleyici-10-inc-3lu-daire-girisi-aritma-cihazi-0031","status":"publish","type":"product","link":"https:\/\/anilcanbay.com\/hanedan\/product\/craper-tortu-ve-klor-onleyici-10-inc-3lu-daire-girisi-aritma-cihazi-0031\/","title":{"rendered":"Craper Tortu Ve Klor \u00d6nleyici 10 In\u00e7 3l\u00fc Daire Giri\u015fi Ar\u0131tma Cihaz\u0131 &#8211; 0031"},"content":{"rendered":"<p>Craper Tortu Ve Klor \u00d6nleyici 10 In\u00e7 3l\u00fc Daire &#8211; Bina Giri\u015fi Ar\u0131tma Cihaz\u0131<\/p>\n<p>&nbsp;<\/p>\n<p><img decoding=\"async\" alt=\"\" src=\"https:\/\/cdn.dsmcdn.com\/ty585\/product\/media\/html-images\/20221103\/6\/378055979\/81d8b904-3bcc-4ec6-a642-965ab185da07.jpg\" \/><\/p>\n","protected":false},"excerpt":{"rendered":"<p data-drroot=\"h1\">Craper Tortu Ve Klor \u00d6nleyici 10 In\u00e7 3l\u00fc Daire &#8211; Bina Giri\u015fi Ar\u0131tma Cihaz\u0131<\/p>\n","protected":false},"featured_media":29423,"comment_status":"open","ping_status":"closed","template":"","meta":{"inline_featured_image":false},"product_brand":[2850],"product_cat":[2834,23],"product_tag":[1916,1917,1918,1919,1920,1921,1922,1923,1924,1925,1954,1955,1956,1942,1947,1948,1949,1943,1944,1945,1946,1950,1951,1952,1953,1926,1939,1940,1941,1927,1932,1933,1934,1928,1929,1930,1931,1935,1936,1937,1938,1957,1958,1963,1964,1965,1959,1960,1961,1962],"class_list":{"0":"post-29142","1":"product","2":"type-product","3":"status-publish","4":"has-post-thumbnail","6":"product_brand-h-max-reverse-osmosis-system","7":"product_cat-daire-girisi","8":"product_cat-su-aritma-cihazlari","9":"product_tag-proper","10":"product_tag-proper-tortu","11":"product_tag-proper-tortu-klor","12":"product_tag-proper-tortu-klor-ve","13":"product_tag-proper-tortu-klor-ve-kirec","14":"product_tag-proper-tortu-klor-ve-kirec-onleyici","15":"product_tag-proper-tortu-klor-ve-kirec-onleyici-10","16":"product_tag-proper-tortu-klor-ve-kirec-onleyici-10-inc","17":"product_tag-proper-tortu-klor-ve-kirec-onleyici-10-inc-3lu","18":"product_tag-proper-tortu-klor-ve-kirec-onleyici-10-inc-3lu-daire","19":"product_tag-proper-tortu-klor-ve-kirec-onleyici-10-inc-3lu-daire-2","20":"product_tag-proper-tortu-klor-ve-kirec-onleyici-10-inc-3lu-daire-0032","21":"product_tag-proper-tortu-klor-ve-kirec-onleyici-10-inc-3lu-daire-0032-2","22":"product_tag-proper-tortu-klor-ve-kirec-onleyici-10-inc-3lu-daire-aritma","23":"product_tag-proper-tortu-klor-ve-kirec-onleyici-10-inc-3lu-daire-aritma-2","24":"product_tag-proper-tortu-klor-ve-kirec-onleyici-10-inc-3lu-daire-aritma-0032","25":"product_tag-proper-tortu-klor-ve-kirec-onleyici-10-inc-3lu-daire-aritma-0032-2","26":"product_tag-proper-tortu-klor-ve-kirec-onleyici-10-inc-3lu-daire-aritma-cihazi","27":"product_tag-proper-tortu-klor-ve-kirec-onleyici-10-inc-3lu-daire-aritma-cihazi-2","28":"product_tag-proper-tortu-klor-ve-kirec-onleyici-10-inc-3lu-daire-aritma-cihazi-0032","29":"product_tag-proper-tortu-klor-ve-kirec-onleyici-10-inc-3lu-daire-aritma-cihazi-0032-2","30":"product_tag-proper-tortu-klor-ve-kirec-onleyici-10-inc-3lu-daire-cihazi","31":"product_tag-proper-tortu-klor-ve-kirec-onleyici-10-inc-3lu-daire-cihazi-2","32":"product_tag-proper-tortu-klor-ve-kirec-onleyici-10-inc-3lu-daire-cihazi-0032","33":"product_tag-proper-tortu-klor-ve-kirec-onleyici-10-inc-3lu-daire-cihazi-0032-2","34":"product_tag-proper-tortu-klor-ve-kirec-onleyici-10-inc-3lu-daire-girisi","35":"product_tag-proper-tortu-klor-ve-kirec-onleyici-10-inc-3lu-daire-girisi-2","36":"product_tag-proper-tortu-klor-ve-kirec-onleyici-10-inc-3lu-daire-girisi-0032","37":"product_tag-proper-tortu-klor-ve-kirec-onleyici-10-inc-3lu-daire-girisi-0032-2","38":"product_tag-proper-tortu-klor-ve-kirec-onleyici-10-inc-3lu-daire-girisi-aritma","39":"product_tag-proper-tortu-klor-ve-kirec-onleyici-10-inc-3lu-daire-girisi-aritma-2","40":"product_tag-proper-tortu-klor-ve-kirec-onleyici-10-inc-3lu-daire-girisi-aritma-0032","41":"product_tag-proper-tortu-klor-ve-kirec-onleyici-10-inc-3lu-daire-girisi-aritma-0032-2","42":"product_tag-proper-tortu-klor-ve-kirec-onleyici-10-inc-3lu-daire-girisi-aritma-cihazi","43":"product_tag-proper-tortu-klor-ve-kirec-onleyici-10-inc-3lu-daire-girisi-aritma-cihazi-2","44":"product_tag-proper-tortu-klor-ve-kirec-onleyici-10-inc-3lu-daire-girisi-aritma-cihazi-0032","45":"product_tag-proper-tortu-klor-ve-kirec-onleyici-10-inc-3lu-daire-girisi-aritma-cihazi-0032-2","46":"product_tag-proper-tortu-klor-ve-kirec-onleyici-10-inc-3lu-daire-girisi-cihazi","47":"product_tag-proper-tortu-klor-ve-kirec-onleyici-10-inc-3lu-daire-girisi-cihazi-2","48":"product_tag-proper-tortu-klor-ve-kirec-onleyici-10-inc-3lu-daire-girisi-cihazi-0032","49":"product_tag-proper-tortu-klor-ve-kirec-onleyici-10-inc-3lu-daire-girisi-cihazi-0032-2","50":"product_tag-proper-tortu-klor-ve-kirec-onleyici-10-inc-3lu-girisi","51":"product_tag-proper-tortu-klor-ve-kirec-onleyici-10-inc-3lu-girisi-aritma","52":"product_tag-proper-tortu-klor-ve-kirec-onleyici-10-inc-3lu-girisi-aritma-2","53":"product_tag-proper-tortu-klor-ve-kirec-onleyici-10-inc-3lu-girisi-aritma-0032","54":"product_tag-proper-tortu-klor-ve-kirec-onleyici-10-inc-3lu-girisi-aritma-0032-2","55":"product_tag-proper-tortu-klor-ve-kirec-onleyici-10-inc-3lu-girisi-aritma-cihazi","56":"product_tag-proper-tortu-klor-ve-kirec-onleyici-10-inc-3lu-girisi-aritma-cihazi-2","57":"product_tag-proper-tortu-klor-ve-kirec-onleyici-10-inc-3lu-girisi-aritma-cihazi-0032","58":"product_tag-proper-tortu-klor-ve-kirec-onleyici-10-inc-3lu-girisi-aritma-cihazi-0032-2","60":"first","61":"instock","62":"sale","63":"shipping-taxable","64":"purchasable","65":"product-type-simple"},"_links":{"self":[{"href":"https:\/\/anilcanbay.com\/hanedan\/wp-json\/wp\/v2\/product\/29142","targetHints":{"allow":["GET"]}}],"collection":[{"href":"https:\/\/anilcanbay.com\/hanedan\/wp-json\/wp\/v2\/product"}],"about":[{"href":"https:\/\/anilcanbay.com\/hanedan\/wp-json\/wp\/v2\/types\/product"}],"replies":[{"embeddable":true,"href":"https:\/\/anilcanbay.com\/hanedan\/wp-json\/wp\/v2\/comments?post=29142"}],"version-history":[{"count":1,"href":"https:\/\/anilcanbay.com\/hanedan\/wp-json\/wp\/v2\/product\/29142\/revisions"}],"predecessor-version":[{"id":29172,"href":"https:\/\/anilcanbay.com\/hanedan\/wp-json\/wp\/v2\/product\/29142\/revisions\/29172"}],"wp:featuredmedia":[{"embeddable":true,"href":"https:\/\/anilcanbay.com\/hanedan\/wp-json\/wp\/v2\/media\/29423"}],"wp:attachment":[{"href":"https:\/\/anilcanbay.com\/hanedan\/wp-json\/wp\/v2\/media?parent=29142"}],"wp:term":[{"taxonomy":"product_brand","embeddable":true,"href":"https:\/\/anilcanbay.com\/hanedan\/wp-json\/wp\/v2\/product_brand?post=29142"},{"taxonomy":"product_cat","embeddable":true,"href":"https:\/\/anilcanbay.com\/hanedan\/wp-json\/wp\/v2\/product_cat?post=29142"},{"taxonomy":"product_tag","embeddable":true,"href":"https:\/\/anilcanbay.com\/hanedan\/wp-json\/wp\/v2\/product_tag?post=29142"}],"curies":[{"name":"wp","href":"https:\/\/api.w.org\/{rel}","templated":true}]}}