{"id":29143,"date":"2026-04-01T19:58:18","date_gmt":"2026-04-01T16:58:18","guid":{"rendered":"https:\/\/anilcanbay.com\/hanedan\/?post_type=product&#038;p=29143"},"modified":"2026-04-06T22:23:27","modified_gmt":"2026-04-06T19:23:27","slug":"daire-girisi-ve-bina-girisi-su-aritma-cihazlarina-ozel-3-asamali-filtre-seti-silifozlu-0145","status":"publish","type":"product","link":"https:\/\/anilcanbay.com\/hanedan\/product\/daire-girisi-ve-bina-girisi-su-aritma-cihazlarina-ozel-3-asamali-filtre-seti-silifozlu-0145\/","title":{"rendered":"Daire Giri\u015fi ve Bina Giri\u015fi Su Ar\u0131tma Cihazlar\u0131na \u00d6zel 3 A\u015famal\u0131 Filtre Seti Silifozlu &#8211; 0145"},"content":{"rendered":"<p>10 inc boyutundad\u0131r. Standart housing kaplara uyumludur.&nbsp;<\/p>\n<p>1 Adet Y\u0131kanabilir filtre seti<\/p>\n<p>1 Adet CTO Blok Carbon Filtre<\/p>\n<p>1 Adet 600 gr Slifoz Filtre<\/p>\n","protected":false},"excerpt":{"rendered":"<p>10 inc Proper Yedek Filtre Seti<\/p>\n<p>&nbsp;<\/p>\n<p>&nbsp;<\/p>\n<p>&nbsp;<\/p>\n","protected":false},"featured_media":29428,"comment_status":"open","ping_status":"closed","template":"","meta":{"inline_featured_image":false},"product_brand":[2850],"product_cat":[2834,23],"product_tag":[1245,2270,1246,2228,2229,2230,2231,2232,2233,2234,2235,2236,2265,2266,2267,2237,2250,2251,2252,2238,2243,2244,2245,2239,2240,2241,2242,2246,2247,2248,2249,2253,2258,2259,2260,2254,2255,2256,2257,2261,2262,2263,2264,2268,2269],"class_list":{"0":"post-29143","1":"product","2":"type-product","3":"status-publish","4":"has-post-thumbnail","6":"product_brand-h-max-reverse-osmosis-system","7":"product_cat-daire-girisi","8":"product_cat-su-aritma-cihazlari","9":"product_tag-daire","10":"product_tag-daire-gi","11":"product_tag-daire-girisi","12":"product_tag-daire-girisi-ve","13":"product_tag-daire-girisi-ve-bina","14":"product_tag-daire-girisi-ve-bina-girisi","15":"product_tag-daire-girisi-ve-bina-girisi-su","16":"product_tag-daire-girisi-ve-bina-girisi-su-aritma","17":"product_tag-daire-girisi-ve-bina-girisi-su-aritma-cihazlarina","18":"product_tag-daire-girisi-ve-bina-girisi-su-aritma-cihazlarina-ozel","19":"product_tag-daire-girisi-ve-bina-girisi-su-aritma-cihazlarina-ozel-3","20":"product_tag-daire-girisi-ve-bina-girisi-su-aritma-cihazlarina-ozel-3-asamali","21":"product_tag-daire-girisi-ve-bina-girisi-su-aritma-cihazlarina-ozel-3-asamali-2","22":"product_tag-daire-girisi-ve-bina-girisi-su-aritma-cihazlarina-ozel-3-asamali-0145","23":"product_tag-daire-girisi-ve-bina-girisi-su-aritma-cihazlarina-ozel-3-asamali-0145-2","24":"product_tag-daire-girisi-ve-bina-girisi-su-aritma-cihazlarina-ozel-3-asamali-filtre","25":"product_tag-daire-girisi-ve-bina-girisi-su-aritma-cihazlarina-ozel-3-asamali-filtre-2","26":"product_tag-daire-girisi-ve-bina-girisi-su-aritma-cihazlarina-ozel-3-asamali-filtre-0145","27":"product_tag-daire-girisi-ve-bina-girisi-su-aritma-cihazlarina-ozel-3-asamali-filtre-0145-2","28":"product_tag-daire-girisi-ve-bina-girisi-su-aritma-cihazlarina-ozel-3-asamali-filtre-seti","29":"product_tag-daire-girisi-ve-bina-girisi-su-aritma-cihazlarina-ozel-3-asamali-filtre-seti-2","30":"product_tag-daire-girisi-ve-bina-girisi-su-aritma-cihazlarina-ozel-3-asamali-filtre-seti-0145","31":"product_tag-daire-girisi-ve-bina-girisi-su-aritma-cihazlarina-ozel-3-asamali-filtre-seti-0145-2","32":"product_tag-daire-girisi-ve-bina-girisi-su-aritma-cihazlarina-ozel-3-asamali-filtre-seti-silifozlu","33":"product_tag-daire-girisi-ve-bina-girisi-su-aritma-cihazlarina-ozel-3-asamali-filtre-seti-silifozlu-2","34":"product_tag-daire-girisi-ve-bina-girisi-su-aritma-cihazlarina-ozel-3-asamali-filtre-seti-silifozlu-0145","35":"product_tag-daire-girisi-ve-bina-girisi-su-aritma-cihazlarina-ozel-3-asamali-filtre-seti-silifozlu-0145-2","36":"product_tag-daire-girisi-ve-bina-girisi-su-aritma-cihazlarina-ozel-3-asamali-filtre-silifozlu","37":"product_tag-daire-girisi-ve-bina-girisi-su-aritma-cihazlarina-ozel-3-asamali-filtre-silifozlu-2","38":"product_tag-daire-girisi-ve-bina-girisi-su-aritma-cihazlarina-ozel-3-asamali-filtre-silifozlu-0145","39":"product_tag-daire-girisi-ve-bina-girisi-su-aritma-cihazlarina-ozel-3-asamali-filtre-silifozlu-0145-2","40":"product_tag-daire-girisi-ve-bina-girisi-su-aritma-cihazlarina-ozel-3-asamali-seti","41":"product_tag-daire-girisi-ve-bina-girisi-su-aritma-cihazlarina-ozel-3-asamali-seti-2","42":"product_tag-daire-girisi-ve-bina-girisi-su-aritma-cihazlarina-ozel-3-asamali-seti-0145","43":"product_tag-daire-girisi-ve-bina-girisi-su-aritma-cihazlarina-ozel-3-asamali-seti-0145-2","44":"product_tag-daire-girisi-ve-bina-girisi-su-aritma-cihazlarina-ozel-3-asamali-seti-silifozlu","45":"product_tag-daire-girisi-ve-bina-girisi-su-aritma-cihazlarina-ozel-3-asamali-seti-silifozlu-2","46":"product_tag-daire-girisi-ve-bina-girisi-su-aritma-cihazlarina-ozel-3-asamali-seti-silifozlu-0145","47":"product_tag-daire-girisi-ve-bina-girisi-su-aritma-cihazlarina-ozel-3-asamali-seti-silifozlu-0145-2","48":"product_tag-daire-girisi-ve-bina-girisi-su-aritma-cihazlarina-ozel-3-asamali-silifozlu","49":"product_tag-daire-girisi-ve-bina-girisi-su-aritma-cihazlarina-ozel-3-asamali-silifozlu-2","50":"product_tag-daire-girisi-ve-bina-girisi-su-aritma-cihazlarina-ozel-3-asamali-silifozlu-0145","51":"product_tag-daire-girisi-ve-bina-girisi-su-aritma-cihazlarina-ozel-3-asamali-silifozlu-0145-2","52":"product_tag-daire-girisi-ve-bina-girisi-su-aritma-cihazlarina-ozel-3-filtre","53":"product_tag-daire-girisi-ve-bina-girisi-su-aritma-cihazlarina-ozel-3-filtre-seti","55":"first","56":"instock","57":"sale","58":"shipping-taxable","59":"purchasable","60":"product-type-simple"},"_links":{"self":[{"href":"https:\/\/anilcanbay.com\/hanedan\/wp-json\/wp\/v2\/product\/29143","targetHints":{"allow":["GET"]}}],"collection":[{"href":"https:\/\/anilcanbay.com\/hanedan\/wp-json\/wp\/v2\/product"}],"about":[{"href":"https:\/\/anilcanbay.com\/hanedan\/wp-json\/wp\/v2\/types\/product"}],"replies":[{"embeddable":true,"href":"https:\/\/anilcanbay.com\/hanedan\/wp-json\/wp\/v2\/comments?post=29143"}],"version-history":[{"count":1,"href":"https:\/\/anilcanbay.com\/hanedan\/wp-json\/wp\/v2\/product\/29143\/revisions"}],"predecessor-version":[{"id":29173,"href":"https:\/\/anilcanbay.com\/hanedan\/wp-json\/wp\/v2\/product\/29143\/revisions\/29173"}],"wp:featuredmedia":[{"embeddable":true,"href":"https:\/\/anilcanbay.com\/hanedan\/wp-json\/wp\/v2\/media\/29428"}],"wp:attachment":[{"href":"https:\/\/anilcanbay.com\/hanedan\/wp-json\/wp\/v2\/media?parent=29143"}],"wp:term":[{"taxonomy":"product_brand","embeddable":true,"href":"https:\/\/anilcanbay.com\/hanedan\/wp-json\/wp\/v2\/product_brand?post=29143"},{"taxonomy":"product_cat","embeddable":true,"href":"https:\/\/anilcanbay.com\/hanedan\/wp-json\/wp\/v2\/product_cat?post=29143"},{"taxonomy":"product_tag","embeddable":true,"href":"https:\/\/anilcanbay.com\/hanedan\/wp-json\/wp\/v2\/product_tag?post=29143"}],"curies":[{"name":"wp","href":"https:\/\/api.w.org\/{rel}","templated":true}]}}