{"id":29145,"date":"2026-04-01T19:58:19","date_gmt":"2026-04-01T16:58:19","guid":{"rendered":"https:\/\/anilcanbay.com\/hanedan\/?post_type=product&#038;p=29145"},"modified":"2026-04-06T22:05:41","modified_gmt":"2026-04-06T19:05:41","slug":"lg-so-good-80-gpd-membranli-kapali-kasa-su-aritma-cihazi-6li-12-filtre-seti","status":"publish","type":"product","link":"https:\/\/anilcanbay.com\/hanedan\/product\/lg-so-good-80-gpd-membranli-kapali-kasa-su-aritma-cihazi-6li-12-filtre-seti\/","title":{"rendered":"Lg So Good 80 GPD Membranl\u0131 Kapal\u0131 Kasa Su Ar\u0131tma Cihaz\u0131 6&#8217;l\u0131  12&#8243; Filtre Seti"},"content":{"rendered":"<ul>\n<li>\u00d6nemli Uyar\u0131! \u00dcr\u00fcn\u00fcn montaj\u0131 s\u0131ras\u0131nda en \u00f6nemli nokta filtre y\u0131kama a\u015famas\u0131d\u0131r. 2. filtrede bulunan carbonlar\u0131n di\u011fer filtrelere gitmemesi ve filtre ve di\u011fer aksanlar\u0131 t\u0131kamamas\u0131 i\u00e7in yap\u0131lmas\u0131 gereken en \u00f6nemli i\u015flem ilk 3 filtrenin y\u0131kamas\u0131d\u0131r. \u0130lk 3 filtrenin y\u0131kamas\u0131n\u0131 do\u011fru bir \u015fekilde yapt\u0131ktan sonra cihaz doldur bo\u015falt yap\u0131lmal\u0131d\u0131r. D\u00fczg\u00fcn bir \u015fekilde montaj\u0131 yap\u0131lmayan \u00fcr\u00fcn cihaz\u0131n\u0131z\u0131 bozacakt\u0131r. \u00dcr\u00fcn \u0130\u00e7eri\u011fi 1 Adet 1 Micron Sediment Filtre 1 Adet 5 Micron Sediment Filtre 1 Adet GAC Karbon Filtre 1 Adet Tatland\u0131r\u0131c\u0131 Filtre 1 Adet LG Membran Filtre 1 Adet Multi Mineral Filtre 9 Adet L, 1 Adet T Dirsek Kutu i\u00e7erisinde bulunmaktad\u0131r. \u0130nline Filtrelerimiz 12 inc dir. 27 cm y\u00fcksekli\u011fi, 6,5 cm \u00e7ap\u0131 bulunmaktad\u0131r. Mineral, tatland\u0131r\u0131c\u0131 ve alkali filtrelerimiz 26 cm y\u00fcksekli\u011fe ve 5 cm \u00e7apa sahiptir. Orijinal \u00fcr\u00fcnler PLUSKIT taraf\u0131ndan sa\u011flanmaktad\u0131r.<\/li>\n<\/ul>\n","protected":false},"excerpt":{"rendered":"<p>LG So Good 80 GPD Membranl\u0131 6&#8217;li Filtre Seti<\/p>\n","protected":false},"featured_media":29372,"comment_status":"open","ping_status":"closed","template":"","meta":{"inline_featured_image":false},"product_brand":[2853],"product_cat":[2841,2840],"product_tag":[2276,2277,2278,2279,2280,2281,2282,2283,2284,2309,2310,2311,2312,2301,2302,2303,2304,2305,2306,2307,2308,2285,2294,2295,2296,2297,2286,2287,2288,2289,2290,2291,2292,2293,2298,2299,2300,2313,2314,2315,2316,2325,2317,2318,2319,2320,2321,2322,2323,2324],"class_list":{"0":"post-29145","1":"product","2":"type-product","3":"status-publish","4":"has-post-thumbnail","6":"product_brand-lg-so-good","7":"product_cat-kapali-kasa-su-aritma-filtreleri","8":"product_cat-su-aritma-filtreleri","9":"product_tag-lg-so","10":"product_tag-lg-so-good","11":"product_tag-lg-so-good-80","12":"product_tag-lg-so-good-80-gpd","13":"product_tag-lg-so-good-80-gpd-membranli","14":"product_tag-lg-so-good-80-gpd-membranli-kapali","15":"product_tag-lg-so-good-80-gpd-membranli-kapali-kasa","16":"product_tag-lg-so-good-80-gpd-membranli-kapali-kasa-su","17":"product_tag-lg-so-good-80-gpd-membranli-kapali-kasa-su-aritma","18":"product_tag-lg-so-good-80-gpd-membranli-kapali-kasa-su-aritma-12","19":"product_tag-lg-so-good-80-gpd-membranli-kapali-kasa-su-aritma-12-filtre","20":"product_tag-lg-so-good-80-gpd-membranli-kapali-kasa-su-aritma-12-filtre-seti","21":"product_tag-lg-so-good-80-gpd-membranli-kapali-kasa-su-aritma-12-seti","22":"product_tag-lg-so-good-80-gpd-membranli-kapali-kasa-su-aritma-6li","23":"product_tag-lg-so-good-80-gpd-membranli-kapali-kasa-su-aritma-6li-12","24":"product_tag-lg-so-good-80-gpd-membranli-kapali-kasa-su-aritma-6li-12-filtre","25":"product_tag-lg-so-good-80-gpd-membranli-kapali-kasa-su-aritma-6li-12-filtre-seti","26":"product_tag-lg-so-good-80-gpd-membranli-kapali-kasa-su-aritma-6li-12-seti","27":"product_tag-lg-so-good-80-gpd-membranli-kapali-kasa-su-aritma-6li-filtre","28":"product_tag-lg-so-good-80-gpd-membranli-kapali-kasa-su-aritma-6li-filtre-seti","29":"product_tag-lg-so-good-80-gpd-membranli-kapali-kasa-su-aritma-6li-seti","30":"product_tag-lg-so-good-80-gpd-membranli-kapali-kasa-su-aritma-cihazi","31":"product_tag-lg-so-good-80-gpd-membranli-kapali-kasa-su-aritma-cihazi-12","32":"product_tag-lg-so-good-80-gpd-membranli-kapali-kasa-su-aritma-cihazi-12-filtre","33":"product_tag-lg-so-good-80-gpd-membranli-kapali-kasa-su-aritma-cihazi-12-filtre-seti","34":"product_tag-lg-so-good-80-gpd-membranli-kapali-kasa-su-aritma-cihazi-12-seti","35":"product_tag-lg-so-good-80-gpd-membranli-kapali-kasa-su-aritma-cihazi-6li","36":"product_tag-lg-so-good-80-gpd-membranli-kapali-kasa-su-aritma-cihazi-6li-12","37":"product_tag-lg-so-good-80-gpd-membranli-kapali-kasa-su-aritma-cihazi-6li-12-filtre","38":"product_tag-lg-so-good-80-gpd-membranli-kapali-kasa-su-aritma-cihazi-6li-12-filtre-seti","39":"product_tag-lg-so-good-80-gpd-membranli-kapali-kasa-su-aritma-cihazi-6li-12-seti","40":"product_tag-lg-so-good-80-gpd-membranli-kapali-kasa-su-aritma-cihazi-6li-filtre","41":"product_tag-lg-so-good-80-gpd-membranli-kapali-kasa-su-aritma-cihazi-6li-filtre-seti","42":"product_tag-lg-so-good-80-gpd-membranli-kapali-kasa-su-aritma-cihazi-6li-seti","43":"product_tag-lg-so-good-80-gpd-membranli-kapali-kasa-su-aritma-cihazi-filtre","44":"product_tag-lg-so-good-80-gpd-membranli-kapali-kasa-su-aritma-cihazi-filtre-seti","45":"product_tag-lg-so-good-80-gpd-membranli-kapali-kasa-su-aritma-cihazi-seti","46":"product_tag-lg-so-good-80-gpd-membranli-kapali-kasa-su-aritma-filtre","47":"product_tag-lg-so-good-80-gpd-membranli-kapali-kasa-su-aritma-filtre-seti","48":"product_tag-lg-so-good-80-gpd-membranli-kapali-kasa-su-aritma-seti","49":"product_tag-lg-so-good-80-gpd-membranli-kapali-kasa-su-cihazi","50":"product_tag-lg-so-good-80-gpd-membranli-kapali-kasa-su-cihazi-12","51":"product_tag-lg-so-good-80-gpd-membranli-kapali-kasa-su-cihazi-6li","52":"product_tag-lg-so-good-80-gpd-membranli-kapali-kasa-su-cihazi-6li-12","53":"product_tag-lg-so-good-80-gpd-membranli-kapali-kasa-su-cihazi-6li-12-filtre","54":"product_tag-lg-so-good-80-gpd-membranli-kapali-kasa-su-cihazi-6li-12-filtre-seti","55":"product_tag-lg-so-good-80-gpd-membranli-kapali-kasa-su-cihazi-6li-12-seti","56":"product_tag-lg-so-good-80-gpd-membranli-kapali-kasa-su-cihazi-6li-filtre","57":"product_tag-lg-so-good-80-gpd-membranli-kapali-kasa-su-cihazi-6li-filtre-seti","58":"product_tag-lg-so-good-80-gpd-membranli-kapali-kasa-su-cihazi-6li-seti","60":"first","61":"instock","62":"sale","63":"shipping-taxable","64":"purchasable","65":"product-type-simple"},"_links":{"self":[{"href":"https:\/\/anilcanbay.com\/hanedan\/wp-json\/wp\/v2\/product\/29145","targetHints":{"allow":["GET"]}}],"collection":[{"href":"https:\/\/anilcanbay.com\/hanedan\/wp-json\/wp\/v2\/product"}],"about":[{"href":"https:\/\/anilcanbay.com\/hanedan\/wp-json\/wp\/v2\/types\/product"}],"replies":[{"embeddable":true,"href":"https:\/\/anilcanbay.com\/hanedan\/wp-json\/wp\/v2\/comments?post=29145"}],"version-history":[{"count":1,"href":"https:\/\/anilcanbay.com\/hanedan\/wp-json\/wp\/v2\/product\/29145\/revisions"}],"predecessor-version":[{"id":29175,"href":"https:\/\/anilcanbay.com\/hanedan\/wp-json\/wp\/v2\/product\/29145\/revisions\/29175"}],"wp:featuredmedia":[{"embeddable":true,"href":"https:\/\/anilcanbay.com\/hanedan\/wp-json\/wp\/v2\/media\/29372"}],"wp:attachment":[{"href":"https:\/\/anilcanbay.com\/hanedan\/wp-json\/wp\/v2\/media?parent=29145"}],"wp:term":[{"taxonomy":"product_brand","embeddable":true,"href":"https:\/\/anilcanbay.com\/hanedan\/wp-json\/wp\/v2\/product_brand?post=29145"},{"taxonomy":"product_cat","embeddable":true,"href":"https:\/\/anilcanbay.com\/hanedan\/wp-json\/wp\/v2\/product_cat?post=29145"},{"taxonomy":"product_tag","embeddable":true,"href":"https:\/\/anilcanbay.com\/hanedan\/wp-json\/wp\/v2\/product_tag?post=29145"}],"curies":[{"name":"wp","href":"https:\/\/api.w.org\/{rel}","templated":true}]}}