{"id":29146,"date":"2026-04-01T19:58:19","date_gmt":"2026-04-01T16:58:19","guid":{"rendered":"https:\/\/anilcanbay.com\/hanedan\/?post_type=product&#038;p=29146"},"modified":"2026-04-07T14:59:57","modified_gmt":"2026-04-07T11:59:57","slug":"so-good-lg-80-gpd-membranli-8-l-celik-tankli-montaj-dahil-su-aritma-cihazi","status":"publish","type":"product","link":"https:\/\/anilcanbay.com\/hanedan\/product\/so-good-lg-80-gpd-membranli-8-l-celik-tankli-montaj-dahil-su-aritma-cihazi\/","title":{"rendered":"So Good LG 80 GPD Membranl\u0131 8 L \u00c7elik Tankl\u0131 Montaj Dahil Su Ar\u0131tma Cihaz\u0131"},"content":{"rendered":"<p>&nbsp;<\/p>\n<p>LG So Good, belediye ar\u0131tma proseslerinden ge\u00e7mi\u015f \u015febeke sular\u0131n\u0131 evinizde i\u00e7ilebilir suya d\u00f6n\u00fc\u015ft\u00fcrmek i\u00e7in geli\u015ftirilmi\u015f bir su ar\u0131tma sistemidir. Mikrobiyolojik olarak g\u00fcvenli ve gerekli dezenfeksiyon i\u015flemlerine tabi tutulmu\u015f su, Lg So Good&#8217;un\u00a0etkin ve verimli \u00e7al\u0131\u015fmas\u0131 i\u00e7in \u00f6nemlidir. Ayr\u0131ca, suyun belirli parametreler i\u00e7inde olmas\u0131, cihaz\u0131n performans\u0131n\u0131 en \u00fcst d\u00fczeye \u00e7\u0131kar\u0131r.<\/p>\n<p>LG So Good, \u015funlar\u0131 i\u00e7eren kapsaml\u0131 bir filtreleme sistemine sahiptir:<\/p>\n<ul>\n<li>12 inch Inline 5 Mikron Sediment Filtre: Kum, kil ve di\u011fer partik\u00fcllerin suyu temizler.<\/li>\n<li>12 inch Inline GAC Filtre: Serbest klor ve organik kimyasallar\u0131 filtreler.<\/li>\n<li>12 inch Inline CTO Filtre:\u00a0Serbest klor ve organik kimyasallar\u0131 filtreler.<\/li>\n<li>\u00a080 GPD LG So Good Membran: T\u00fcm olumsuz unsurlar\u0131 %99 oran\u0131nda ar\u0131t\u0131r.<\/li>\n<li>10 Inch Inline 1200 iodine\u00a0Mineralli Son Karbon Filtre: Ar\u0131t\u0131lm\u0131\u015f suya mineraller ekler ve suyun tad\u0131n\u0131 ve kalitesini iyile\u015ftirir.<\/li>\n<\/ul>\n<p>LG So Good, musluklu bir cihazd\u0131r ve pompas\u0131z bir modeldir. \u015eebeke suyu bas\u0131nc\u0131yla \u00e7al\u0131\u015f\u0131r ve kolay kurulum sa\u011flar.<\/p>\n<p>Evde sa\u011fl\u0131kl\u0131 i\u00e7me suyu elde etmek hi\u00e7 bu kadar kolay olmam\u0131\u015ft\u0131! LG So Good ile her zaman temiz ve sa\u011fl\u0131kl\u0131 i\u00e7me suyuna eri\u015febilirsiniz. Sa\u011fl\u0131\u011f\u0131n\u0131z\u0131 riske atmay\u0131n,LG So Good&#8217;un\u00a0g\u00fcvenilir ve etkili su ar\u0131tma \u00e7\u00f6z\u00fcmlerini ke\u015ffedin. \u015eimdi LG So Good ile ya\u015fam\u0131n\u0131z\u0131 de\u011fi\u015ftirin ve sa\u011fl\u0131kl\u0131 bir ya\u015fam\u0131n keyfini \u00e7\u0131kar\u0131n!<\/p>\n<p>&nbsp;<\/p>\n","protected":false},"excerpt":{"rendered":"<p>80 GPD LG So Good Membranl\u0131, 8 Litre Paslanmaz \u00c7elik Tankl\u0131. MONTAJ DAH\u0130L!!!<\/p>\n","protected":false},"featured_media":29389,"comment_status":"open","ping_status":"closed","template":"","meta":{"inline_featured_image":false},"product_brand":[2852],"product_cat":[2830,2828,23],"product_tag":[2276,2277,2278,2279,2280,2326,2327,2328,2361,2362,2367,2368,2369,2363,2364,2365,2366,2370,2329,2358,2359,2360,2346,2351,2352,2353,2347,2348,2349,2350,2330,2343,2344,2345,2331,2336,2337,2338,2332,2333,2334,2335,2339,2340,2341,2342,2354,2355,2356,2357],"class_list":{"0":"post-29146","1":"product","2":"type-product","3":"status-publish","4":"has-post-thumbnail","6":"product_brand-so-good-lg","7":"product_cat-8-litre-pompasiz","8":"product_cat-kapali-kasa","9":"product_cat-su-aritma-cihazlari","10":"product_tag-lg-so","11":"product_tag-lg-so-good","12":"product_tag-lg-so-good-80","13":"product_tag-lg-so-good-80-gpd","14":"product_tag-lg-so-good-80-gpd-membranli","15":"product_tag-lg-so-good-80-gpd-membranli-8","16":"product_tag-lg-so-good-80-gpd-membranli-8-l","17":"product_tag-lg-so-good-80-gpd-membranli-8-l-celik","18":"product_tag-lg-so-good-80-gpd-membranli-8-l-celik-montaj","19":"product_tag-lg-so-good-80-gpd-membranli-8-l-celik-montaj-dahil","20":"product_tag-lg-so-good-80-gpd-membranli-8-l-celik-montaj-dahil-aritma","21":"product_tag-lg-so-good-80-gpd-membranli-8-l-celik-montaj-dahil-aritma-cihazi","22":"product_tag-lg-so-good-80-gpd-membranli-8-l-celik-montaj-dahil-cihazi","23":"product_tag-lg-so-good-80-gpd-membranli-8-l-celik-montaj-dahil-su","24":"product_tag-lg-so-good-80-gpd-membranli-8-l-celik-montaj-dahil-su-aritma","25":"product_tag-lg-so-good-80-gpd-membranli-8-l-celik-montaj-dahil-su-aritma-cihazi","26":"product_tag-lg-so-good-80-gpd-membranli-8-l-celik-montaj-dahil-su-cihazi","27":"product_tag-lg-so-good-80-gpd-membranli-8-l-celik-montaj-su","28":"product_tag-lg-so-good-80-gpd-membranli-8-l-celik-tankli","29":"product_tag-lg-so-good-80-gpd-membranli-8-l-celik-tankli-aritma","30":"product_tag-lg-so-good-80-gpd-membranli-8-l-celik-tankli-aritma-cihazi","31":"product_tag-lg-so-good-80-gpd-membranli-8-l-celik-tankli-cihazi","32":"product_tag-lg-so-good-80-gpd-membranli-8-l-celik-tankli-dahil","33":"product_tag-lg-so-good-80-gpd-membranli-8-l-celik-tankli-dahil-aritma","34":"product_tag-lg-so-good-80-gpd-membranli-8-l-celik-tankli-dahil-aritma-cihazi","35":"product_tag-lg-so-good-80-gpd-membranli-8-l-celik-tankli-dahil-cihazi","36":"product_tag-lg-so-good-80-gpd-membranli-8-l-celik-tankli-dahil-su","37":"product_tag-lg-so-good-80-gpd-membranli-8-l-celik-tankli-dahil-su-aritma","38":"product_tag-lg-so-good-80-gpd-membranli-8-l-celik-tankli-dahil-su-aritma-cihazi","39":"product_tag-lg-so-good-80-gpd-membranli-8-l-celik-tankli-dahil-su-cihazi","40":"product_tag-lg-so-good-80-gpd-membranli-8-l-celik-tankli-montaj","41":"product_tag-lg-so-good-80-gpd-membranli-8-l-celik-tankli-montaj-aritma","42":"product_tag-lg-so-good-80-gpd-membranli-8-l-celik-tankli-montaj-aritma-cihazi","43":"product_tag-lg-so-good-80-gpd-membranli-8-l-celik-tankli-montaj-cihazi","44":"product_tag-lg-so-good-80-gpd-membranli-8-l-celik-tankli-montaj-dahil","45":"product_tag-lg-so-good-80-gpd-membranli-8-l-celik-tankli-montaj-dahil-aritma","46":"product_tag-lg-so-good-80-gpd-membranli-8-l-celik-tankli-montaj-dahil-aritma-cihazi","47":"product_tag-lg-so-good-80-gpd-membranli-8-l-celik-tankli-montaj-dahil-cihazi","48":"product_tag-lg-so-good-80-gpd-membranli-8-l-celik-tankli-montaj-dahil-su","49":"product_tag-lg-so-good-80-gpd-membranli-8-l-celik-tankli-montaj-dahil-su-aritma","50":"product_tag-lg-so-good-80-gpd-membranli-8-l-celik-tankli-montaj-dahil-su-aritma-cihazi","51":"product_tag-lg-so-good-80-gpd-membranli-8-l-celik-tankli-montaj-dahil-su-cihazi","52":"product_tag-lg-so-good-80-gpd-membranli-8-l-celik-tankli-montaj-su","53":"product_tag-lg-so-good-80-gpd-membranli-8-l-celik-tankli-montaj-su-aritma","54":"product_tag-lg-so-good-80-gpd-membranli-8-l-celik-tankli-montaj-su-aritma-cihazi","55":"product_tag-lg-so-good-80-gpd-membranli-8-l-celik-tankli-montaj-su-cihazi","56":"product_tag-lg-so-good-80-gpd-membranli-8-l-celik-tankli-su","57":"product_tag-lg-so-good-80-gpd-membranli-8-l-celik-tankli-su-aritma","58":"product_tag-lg-so-good-80-gpd-membranli-8-l-celik-tankli-su-aritma-cihazi","59":"product_tag-lg-so-good-80-gpd-membranli-8-l-celik-tankli-su-cihazi","61":"first","62":"instock","63":"sale","64":"shipping-taxable","65":"purchasable","66":"product-type-simple"},"_links":{"self":[{"href":"https:\/\/anilcanbay.com\/hanedan\/wp-json\/wp\/v2\/product\/29146","targetHints":{"allow":["GET"]}}],"collection":[{"href":"https:\/\/anilcanbay.com\/hanedan\/wp-json\/wp\/v2\/product"}],"about":[{"href":"https:\/\/anilcanbay.com\/hanedan\/wp-json\/wp\/v2\/types\/product"}],"replies":[{"embeddable":true,"href":"https:\/\/anilcanbay.com\/hanedan\/wp-json\/wp\/v2\/comments?post=29146"}],"version-history":[{"count":2,"href":"https:\/\/anilcanbay.com\/hanedan\/wp-json\/wp\/v2\/product\/29146\/revisions"}],"predecessor-version":[{"id":29825,"href":"https:\/\/anilcanbay.com\/hanedan\/wp-json\/wp\/v2\/product\/29146\/revisions\/29825"}],"wp:featuredmedia":[{"embeddable":true,"href":"https:\/\/anilcanbay.com\/hanedan\/wp-json\/wp\/v2\/media\/29389"}],"wp:attachment":[{"href":"https:\/\/anilcanbay.com\/hanedan\/wp-json\/wp\/v2\/media?parent=29146"}],"wp:term":[{"taxonomy":"product_brand","embeddable":true,"href":"https:\/\/anilcanbay.com\/hanedan\/wp-json\/wp\/v2\/product_brand?post=29146"},{"taxonomy":"product_cat","embeddable":true,"href":"https:\/\/anilcanbay.com\/hanedan\/wp-json\/wp\/v2\/product_cat?post=29146"},{"taxonomy":"product_tag","embeddable":true,"href":"https:\/\/anilcanbay.com\/hanedan\/wp-json\/wp\/v2\/product_tag?post=29146"}],"curies":[{"name":"wp","href":"https:\/\/api.w.org\/{rel}","templated":true}]}}