{"id":29147,"date":"2026-04-01T19:58:20","date_gmt":"2026-04-01T16:58:20","guid":{"rendered":"https:\/\/anilcanbay.com\/hanedan\/?post_type=product&#038;p=29147"},"modified":"2026-04-06T21:57:06","modified_gmt":"2026-04-06T18:57:06","slug":"noaka-tortu-klor-ve-kirec-onleyici-10-inc-3lu-daire-ve-bina-girisi-aritma-cihazi-japon-teknolojisi-0032","status":"publish","type":"product","link":"https:\/\/anilcanbay.com\/hanedan\/product\/noaka-tortu-klor-ve-kirec-onleyici-10-inc-3lu-daire-ve-bina-girisi-aritma-cihazi-japon-teknolojisi-0032\/","title":{"rendered":"Noaka Tortu, Klor Ve Kire\u00e7 \u00d6nleyici 10 In\u00e7 3l\u00fc Daire Ve Bina Giri\u015fi Ar\u0131tma Cihaz\u0131 Japon Teknolojisi &#8211; 0032"},"content":{"rendered":"<p>Noaka Tortu, Klor Ve Kire\u00e7 \u00d6nleyici 10 In\u00e7 3l\u00fc Daire Ve Bina Giri\u015fi Ar\u0131tma Cihaz\u0131 Japon Teknolojisi &#8211; 0032<\/p>\n<p>&nbsp;<\/p>\n<p>&nbsp;<\/p>\n<ul>\n<li>NOAKA DA\u0130RE VE B\u0130NA G\u0130R\u0130\u015e\u0130 ARITMA S\u0130STEMLER\u0130 JAPON TEKNOLOJ\u0130S\u0130 Noaka Teknolojisi su ar\u0131tma cihazlar\u0131nda kullan\u0131lan geli\u015ftirilmi\u015f yeni bir sistemdir. Su temizlemek i\u00e7in bir\u00e7ok yol vard\u0131r genel olarak neredeyse t\u00fcm sistemlerin sonu\u00e7lar\u0131 birbirine benzer fakat Noaka filtrelerinin en b\u00fcy\u00fck \u00f6zellik suyu ar\u0131tma i\u015flemi s\u0131ras\u0131nda suda bulunan oksijen ve mineral i\u00e7eri\u011fini de\u011fi\u015ftirmeden ar\u0131tma i\u015flemini ger\u00e7ekle\u015ftirir. Bu durum da su taze kalarak do\u011fal su i\u00e7menizi sa\u011flar. Noasand \u00e7ok ama\u00e7l\u0131 tortu tutan filtrasyondur. Uzun \u00f6m\u00fcrl\u00fcd\u00fcr kullan at filtre de\u011fildir. Tortular\u0131 filesinde hapsederek dairenize girmesini engeller ortalama 6 sonra filtreyi s\u00f6k\u00fcp y\u0131kay\u0131p tekrardan kullanabilirsiniz. Bu sayede hem maddi olarak tasarruf edilir. Hemde diledi\u011finiz zaman bak\u0131m\u0131n\u0131 rahatl\u0131kla yapabilirsiniz. Noargy filtresi suda bulunan klor ve klor bile\u015fiklerini ar\u0131t\u0131r ve kimyasal maddelerden suya k\u00f6t\u00fc tat ve koku veren kirleticilerden ar\u0131nd\u0131rarak suyu yumu\u015fatmak i\u00e7in kullan\u0131l\u0131r. Dairenizde ki t\u00fcm su tesisat\u0131n\u0131n borular\u0131, vanalar\u0131, ba\u011flant\u0131 par\u00e7alar\u0131n\u0131, musluk ve armat\u00fcrleri, kalorifer peteklerini, suyla \u00e7al\u0131\u015fan beyaz e\u015fyalar\u0131 korur. Noamass filtresi suda olu\u015fabilecek korozyonu \u00f6nleyerek daha uzun \u00f6m\u00fcrl\u00fc olmalar\u0131n\u0131 sa\u011flar. Suyun sertli\u011fi giderildi\u011finden du\u015f ald\u0131\u011f\u0131n\u0131zda sa\u00e7lar\u0131n\u0131z\u0131 ve cildinizi kire\u00e7li ve klorlu suyun olu\u015fturabilece\u011fi zararlardan korur. Is\u0131tma sisteminde kullan\u0131lan suyun sertli\u011fi azald\u0131\u011f\u0131ndan \u0131s\u0131nma giderlerini d\u00fc\u015f\u00fcrerek ekonomik kazan\u00e7 sa\u011flar. Kulland\u0131\u011f\u0131n\u0131z sabun ve deterjanlar\u0131n \u00e7\u00f6z\u00fcc\u00fc etkilerini art\u0131rarak temizlik giderlerinizi d\u00fc\u015f\u00fcr\u00fcr.<\/li>\n<\/ul>\n<p>&nbsp;<\/p>\n<p>&nbsp;<\/p>\n<p>&nbsp;<\/p>\n","protected":false},"excerpt":{"rendered":"<p data-drroot=\"h1\">Klor Ve Kire\u00e7 \u00d6nleyici 10 In\u00e7 3l\u00fc Daire Giri\u015fi Ar\u0131tma Cihaz\u0131<\/p>\n","protected":false},"featured_media":29353,"comment_status":"open","ping_status":"closed","template":"","meta":{"inline_featured_image":false},"product_brand":[2851],"product_cat":[2834,23],"product_tag":[2374,2375,2376,2377,2378,2379,2380,2381,2382,2383,2384,2385,2414,2386,2387,2388,2401,2402,2403,2389,2394,2395,2396,2390,2391,2392,2393,2397,2398,2399,2400,2404,2409,2410,2411,2405,2406,2407,2408,2412,2413],"class_list":{"0":"post-29147","1":"product","2":"type-product","3":"status-publish","4":"has-post-thumbnail","6":"product_brand-noaka","7":"product_cat-daire-girisi","8":"product_cat-su-aritma-cihazlari","9":"product_tag-noaka","10":"product_tag-noaka-tortu","11":"product_tag-noaka-tortu-klor","12":"product_tag-noaka-tortu-klor-ve","13":"product_tag-noaka-tortu-klor-ve-kirec","14":"product_tag-noaka-tortu-klor-ve-kirec-onleyici","15":"product_tag-noaka-tortu-klor-ve-kirec-onleyici-10","16":"product_tag-noaka-tortu-klor-ve-kirec-onleyici-10-inc","17":"product_tag-noaka-tortu-klor-ve-kirec-onleyici-10-inc-3lu","18":"product_tag-noaka-tortu-klor-ve-kirec-onleyici-10-inc-3lu-daire","19":"product_tag-noaka-tortu-klor-ve-kirec-onleyici-10-inc-3lu-daire-ve","20":"product_tag-noaka-tortu-klor-ve-kirec-onleyici-10-inc-3lu-daire-ve-bina","21":"product_tag-noaka-tortu-klor-ve-kirec-onleyici-10-inc-3lu-daire-ve-bina-giri","22":"product_tag-noaka-tortu-klor-ve-kirec-onleyici-10-inc-3lu-daire-ve-bina-girisi","23":"product_tag-noaka-tortu-klor-ve-kirec-onleyici-10-inc-3lu-daire-ve-bina-girisi-aritma","24":"product_tag-noaka-tortu-klor-ve-kirec-onleyici-10-inc-3lu-daire-ve-bina-girisi-aritma-cihazi","25":"product_tag-noaka-tortu-klor-ve-kirec-onleyici-10-inc-3lu-daire-ve-bina-girisi-aritma-cihazi-2","26":"product_tag-noaka-tortu-klor-ve-kirec-onleyici-10-inc-3lu-daire-ve-bina-girisi-aritma-cihazi-0032","27":"product_tag-noaka-tortu-klor-ve-kirec-onleyici-10-inc-3lu-daire-ve-bina-girisi-aritma-cihazi-0032-2","28":"product_tag-noaka-tortu-klor-ve-kirec-onleyici-10-inc-3lu-daire-ve-bina-girisi-aritma-cihazi-japon","29":"product_tag-noaka-tortu-klor-ve-kirec-onleyici-10-inc-3lu-daire-ve-bina-girisi-aritma-cihazi-japon-2","30":"product_tag-noaka-tortu-klor-ve-kirec-onleyici-10-inc-3lu-daire-ve-bina-girisi-aritma-cihazi-japon-0032","31":"product_tag-noaka-tortu-klor-ve-kirec-onleyici-10-inc-3lu-daire-ve-bina-girisi-aritma-cihazi-japon-0032-2","32":"product_tag-noaka-tortu-klor-ve-kirec-onleyici-10-inc-3lu-daire-ve-bina-girisi-aritma-cihazi-japon-teknolojisi","33":"product_tag-noaka-tortu-klor-ve-kirec-onleyici-10-inc-3lu-daire-ve-bina-girisi-aritma-cihazi-japon-teknolojisi-2","34":"product_tag-noaka-tortu-klor-ve-kirec-onleyici-10-inc-3lu-daire-ve-bina-girisi-aritma-cihazi-japon-teknolojisi-0032","35":"product_tag-noaka-tortu-klor-ve-kirec-onleyici-10-inc-3lu-daire-ve-bina-girisi-aritma-cihazi-japon-teknolojisi-0032-2","36":"product_tag-noaka-tortu-klor-ve-kirec-onleyici-10-inc-3lu-daire-ve-bina-girisi-aritma-cihazi-teknolojisi","37":"product_tag-noaka-tortu-klor-ve-kirec-onleyici-10-inc-3lu-daire-ve-bina-girisi-aritma-cihazi-teknolojisi-2","38":"product_tag-noaka-tortu-klor-ve-kirec-onleyici-10-inc-3lu-daire-ve-bina-girisi-aritma-cihazi-teknolojisi-0032","39":"product_tag-noaka-tortu-klor-ve-kirec-onleyici-10-inc-3lu-daire-ve-bina-girisi-aritma-cihazi-teknolojisi-0032-2","40":"product_tag-noaka-tortu-klor-ve-kirec-onleyici-10-inc-3lu-daire-ve-bina-girisi-aritma-japon","41":"product_tag-noaka-tortu-klor-ve-kirec-onleyici-10-inc-3lu-daire-ve-bina-girisi-aritma-japon-2","42":"product_tag-noaka-tortu-klor-ve-kirec-onleyici-10-inc-3lu-daire-ve-bina-girisi-aritma-japon-0032","43":"product_tag-noaka-tortu-klor-ve-kirec-onleyici-10-inc-3lu-daire-ve-bina-girisi-aritma-japon-0032-2","44":"product_tag-noaka-tortu-klor-ve-kirec-onleyici-10-inc-3lu-daire-ve-bina-girisi-aritma-japon-teknolojisi","45":"product_tag-noaka-tortu-klor-ve-kirec-onleyici-10-inc-3lu-daire-ve-bina-girisi-aritma-japon-teknolojisi-2","46":"product_tag-noaka-tortu-klor-ve-kirec-onleyici-10-inc-3lu-daire-ve-bina-girisi-aritma-japon-teknolojisi-0032","47":"product_tag-noaka-tortu-klor-ve-kirec-onleyici-10-inc-3lu-daire-ve-bina-girisi-aritma-japon-teknolojisi-0032-2","48":"product_tag-noaka-tortu-klor-ve-kirec-onleyici-10-inc-3lu-daire-ve-bina-girisi-aritma-teknolojisi","49":"product_tag-noaka-tortu-klor-ve-kirec-onleyici-10-inc-3lu-daire-ve-bina-girisi-aritma-teknolojisi-2","51":"first","52":"instock","53":"sale","54":"shipping-taxable","55":"purchasable","56":"product-type-simple"},"_links":{"self":[{"href":"https:\/\/anilcanbay.com\/hanedan\/wp-json\/wp\/v2\/product\/29147","targetHints":{"allow":["GET"]}}],"collection":[{"href":"https:\/\/anilcanbay.com\/hanedan\/wp-json\/wp\/v2\/product"}],"about":[{"href":"https:\/\/anilcanbay.com\/hanedan\/wp-json\/wp\/v2\/types\/product"}],"replies":[{"embeddable":true,"href":"https:\/\/anilcanbay.com\/hanedan\/wp-json\/wp\/v2\/comments?post=29147"}],"version-history":[{"count":1,"href":"https:\/\/anilcanbay.com\/hanedan\/wp-json\/wp\/v2\/product\/29147\/revisions"}],"predecessor-version":[{"id":29177,"href":"https:\/\/anilcanbay.com\/hanedan\/wp-json\/wp\/v2\/product\/29147\/revisions\/29177"}],"wp:featuredmedia":[{"embeddable":true,"href":"https:\/\/anilcanbay.com\/hanedan\/wp-json\/wp\/v2\/media\/29353"}],"wp:attachment":[{"href":"https:\/\/anilcanbay.com\/hanedan\/wp-json\/wp\/v2\/media?parent=29147"}],"wp:term":[{"taxonomy":"product_brand","embeddable":true,"href":"https:\/\/anilcanbay.com\/hanedan\/wp-json\/wp\/v2\/product_brand?post=29147"},{"taxonomy":"product_cat","embeddable":true,"href":"https:\/\/anilcanbay.com\/hanedan\/wp-json\/wp\/v2\/product_cat?post=29147"},{"taxonomy":"product_tag","embeddable":true,"href":"https:\/\/anilcanbay.com\/hanedan\/wp-json\/wp\/v2\/product_tag?post=29147"}],"curies":[{"name":"wp","href":"https:\/\/api.w.org\/{rel}","templated":true}]}}