{"id":29149,"date":"2026-04-01T19:58:21","date_gmt":"2026-04-01T16:58:21","guid":{"rendered":"https:\/\/anilcanbay.com\/hanedan\/?post_type=product&#038;p=29149"},"modified":"2026-04-06T21:52:57","modified_gmt":"2026-04-06T18:52:57","slug":"tekli-daire-bina-girisi-su-aritma-sistemi-tekli-housing","status":"publish","type":"product","link":"https:\/\/anilcanbay.com\/hanedan\/product\/tekli-daire-bina-girisi-su-aritma-sistemi-tekli-housing\/","title":{"rendered":"Tekli Daire Bina Giri\u015fi Su Ar\u0131tma Sistemi Tekli Housing"},"content":{"rendered":"","protected":false},"excerpt":{"rendered":"<p>Tekli Daire Giri\u015fi Bo\u015f Housing ve Kapak<\/p>\n","protected":false},"featured_media":29348,"comment_status":"open","ping_status":"closed","template":"","meta":{"inline_featured_image":false},"product_brand":[2850],"product_cat":[2834,23],"product_tag":[641,2448,2449,2450,2467,2474,2468,2471,2469,2470,2472,2473,2481,2475,2478,2476,2477,2451,2452,2459,2453,2456,2454,2455,2457,2458,2466,2460,2463,2461,2462,2464,2465,2479,2480,2482,2483,2490,2484,2487,2485,2486,2488,2489,2491,2494,2492,2493,2495,2496],"class_list":{"0":"post-29149","1":"product","2":"type-product","3":"status-publish","4":"has-post-thumbnail","6":"product_brand-h-max-reverse-osmosis-system","7":"product_cat-daire-girisi","8":"product_cat-su-aritma-cihazlari","9":"product_tag-tekli","10":"product_tag-tekli-daire","11":"product_tag-tekli-daire-bina","12":"product_tag-tekli-daire-bina-girisi","13":"product_tag-tekli-daire-bina-girisi-aritma","14":"product_tag-tekli-daire-bina-girisi-aritma-housing","15":"product_tag-tekli-daire-bina-girisi-aritma-sistemi","16":"product_tag-tekli-daire-bina-girisi-aritma-sistemi-housing","17":"product_tag-tekli-daire-bina-girisi-aritma-sistemi-tekli","18":"product_tag-tekli-daire-bina-girisi-aritma-sistemi-tekli-housing","19":"product_tag-tekli-daire-bina-girisi-aritma-tekli","20":"product_tag-tekli-daire-bina-girisi-aritma-tekli-housing","21":"product_tag-tekli-daire-bina-girisi-housing","22":"product_tag-tekli-daire-bina-girisi-sistemi","23":"product_tag-tekli-daire-bina-girisi-sistemi-housing","24":"product_tag-tekli-daire-bina-girisi-sistemi-tekli","25":"product_tag-tekli-daire-bina-girisi-sistemi-tekli-housing","26":"product_tag-tekli-daire-bina-girisi-su","27":"product_tag-tekli-daire-bina-girisi-su-aritma","28":"product_tag-tekli-daire-bina-girisi-su-aritma-housing","29":"product_tag-tekli-daire-bina-girisi-su-aritma-sistemi","30":"product_tag-tekli-daire-bina-girisi-su-aritma-sistemi-housing","31":"product_tag-tekli-daire-bina-girisi-su-aritma-sistemi-tekli","32":"product_tag-tekli-daire-bina-girisi-su-aritma-sistemi-tekli-housing","33":"product_tag-tekli-daire-bina-girisi-su-aritma-tekli","34":"product_tag-tekli-daire-bina-girisi-su-aritma-tekli-housing","35":"product_tag-tekli-daire-bina-girisi-su-housing","36":"product_tag-tekli-daire-bina-girisi-su-sistemi","37":"product_tag-tekli-daire-bina-girisi-su-sistemi-housing","38":"product_tag-tekli-daire-bina-girisi-su-sistemi-tekli","39":"product_tag-tekli-daire-bina-girisi-su-sistemi-tekli-housing","40":"product_tag-tekli-daire-bina-girisi-su-tekli","41":"product_tag-tekli-daire-bina-girisi-su-tekli-housing","42":"product_tag-tekli-daire-bina-girisi-tekli","43":"product_tag-tekli-daire-bina-girisi-tekli-housing","44":"product_tag-tekli-daire-bina-su","45":"product_tag-tekli-daire-bina-su-aritma","46":"product_tag-tekli-daire-bina-su-aritma-housing","47":"product_tag-tekli-daire-bina-su-aritma-sistemi","48":"product_tag-tekli-daire-bina-su-aritma-sistemi-housing","49":"product_tag-tekli-daire-bina-su-aritma-sistemi-tekli","50":"product_tag-tekli-daire-bina-su-aritma-sistemi-tekli-housing","51":"product_tag-tekli-daire-bina-su-aritma-tekli","52":"product_tag-tekli-daire-bina-su-aritma-tekli-housing","53":"product_tag-tekli-daire-bina-su-sistemi","54":"product_tag-tekli-daire-bina-su-sistemi-housing","55":"product_tag-tekli-daire-bina-su-sistemi-tekli","56":"product_tag-tekli-daire-bina-su-sistemi-tekli-housing","57":"product_tag-tekli-daire-bina-su-tekli","58":"product_tag-tekli-daire-bina-su-tekli-housing","60":"first","61":"instock","62":"sale","63":"shipping-taxable","64":"purchasable","65":"product-type-simple"},"_links":{"self":[{"href":"https:\/\/anilcanbay.com\/hanedan\/wp-json\/wp\/v2\/product\/29149","targetHints":{"allow":["GET"]}}],"collection":[{"href":"https:\/\/anilcanbay.com\/hanedan\/wp-json\/wp\/v2\/product"}],"about":[{"href":"https:\/\/anilcanbay.com\/hanedan\/wp-json\/wp\/v2\/types\/product"}],"replies":[{"embeddable":true,"href":"https:\/\/anilcanbay.com\/hanedan\/wp-json\/wp\/v2\/comments?post=29149"}],"version-history":[{"count":1,"href":"https:\/\/anilcanbay.com\/hanedan\/wp-json\/wp\/v2\/product\/29149\/revisions"}],"predecessor-version":[{"id":29179,"href":"https:\/\/anilcanbay.com\/hanedan\/wp-json\/wp\/v2\/product\/29149\/revisions\/29179"}],"wp:featuredmedia":[{"embeddable":true,"href":"https:\/\/anilcanbay.com\/hanedan\/wp-json\/wp\/v2\/media\/29348"}],"wp:attachment":[{"href":"https:\/\/anilcanbay.com\/hanedan\/wp-json\/wp\/v2\/media?parent=29149"}],"wp:term":[{"taxonomy":"product_brand","embeddable":true,"href":"https:\/\/anilcanbay.com\/hanedan\/wp-json\/wp\/v2\/product_brand?post=29149"},{"taxonomy":"product_cat","embeddable":true,"href":"https:\/\/anilcanbay.com\/hanedan\/wp-json\/wp\/v2\/product_cat?post=29149"},{"taxonomy":"product_tag","embeddable":true,"href":"https:\/\/anilcanbay.com\/hanedan\/wp-json\/wp\/v2\/product_tag?post=29149"}],"curies":[{"name":"wp","href":"https:\/\/api.w.org\/{rel}","templated":true}]}}