{"id":29150,"date":"2026-04-01T19:58:21","date_gmt":"2026-04-01T16:58:21","guid":{"rendered":"https:\/\/anilcanbay.com\/hanedan\/?post_type=product&#038;p=29150"},"modified":"2026-04-06T21:55:25","modified_gmt":"2026-04-06T18:55:25","slug":"noaka-300-gpd-1-ton-kapasiteli-10-filtreli-reverse-osmosis-su-aritma-cihazi","status":"publish","type":"product","link":"https:\/\/anilcanbay.com\/hanedan\/product\/noaka-300-gpd-1-ton-kapasiteli-10-filtreli-reverse-osmosis-su-aritma-cihazi\/","title":{"rendered":"Noaka 300 Gpd 1 Ton Kapasiteli 10&#8243; Filtreli Reverse Osmosis Su Ar\u0131tma Cihaz\u0131"},"content":{"rendered":"<p>&nbsp;<\/p>\n<p>&nbsp;<\/p>\n<p>Evde veya ofiste m\u00fckemmel i\u00e7me suyu deneyimi i\u00e7in tasarlanm\u0131\u015f olan 300 GPD A\u00e7\u0131k Kasa Su Ar\u0131tma Cihaz\u0131, 300 galon\/g\u00fcn kapasitesiyle y\u00fcksek performans sunar. Modern ve \u015f\u0131k tasar\u0131m\u0131yla her t\u00fcrl\u00fc mutfak veya ofis dekoruna uyum sa\u011flar.<\/p>\n<p>Bu g\u00fc\u00e7l\u00fc su ar\u0131tma cihaz\u0131, \u00e7ok a\u015famal\u0131 filtreleme sistemi sayesinde suyunuzu temizler. \u00d6ncelikle, sediment ve tortu gibi b\u00fcy\u00fck partik\u00fclleri filtreleyen \u00f6n filtre gelir. Ard\u0131ndan, aktif karbon filtre klor ve k\u00f6t\u00fc tatlar\u0131 giderirken, ters ozmoz membran\u0131 kirleticileri uzakla\u015ft\u0131r\u0131r ve berrak i\u00e7me suyu sa\u011flar. Son olarak, mineral filtre mineral dengesini yeniden kazand\u0131rarak sa\u011fl\u0131kl\u0131 i\u00e7me suyu elde etmenize yard\u0131mc\u0131 olur.<\/p>\n<p>300 GPD A\u00e7\u0131k Kasa Su Ar\u0131tma Cihaz\u0131&#8217;n\u0131n ana \u00f6zellikleri:<\/p>\n<ul>\n<li>300 galon\/g\u00fcn y\u00fcksek kapasite<\/li>\n<li>\u00c7ok a\u015famal\u0131 filtreleme sistemi<\/li>\n<li>Modern ve \u015f\u0131k tasar\u0131m<\/li>\n<li>Kolay bak\u0131m ve temizlik<\/li>\n<li>Ev ve ofisler i\u00e7in ideal<\/li>\n<\/ul>\n<p>&nbsp;<\/p>\n<p>&nbsp;<\/p>\n<p>\u2022 5 A\u015famal\u0131 sistem<br \/>\n\u2022 Pompal\u0131 model<br \/>\n\u2022 Quick ba\u011flant\u0131l\u0131 RO \u00fcnitesi<br \/>\n\u2022 10\u201d \u015eeffaf Housing (\u00c7ift O-Ring, CCK , NSF)<br \/>\n\u2022 10\u201d Beyaz Mat Housing (\u00c7ift O-Ring, CCK , NSF)<br \/>\n\u2022 10\u201d Kal\u0131n 5 Mikron Spun (Sediment) Filtre<br \/>\n\u2022 10\u201d Stout GAC Karbon Kartu\u015f Filtre (UDF)<br \/>\n\u2022 10\u201d Stout Blok Karbon Kartu\u015f Filtre (CTO)<br \/>\n\u2022 12\u201d Inline Coconut Post Karbon Filtre<br \/>\n\u2022 L\u00fcks Musluk<\/p>\n<p>&nbsp;<\/p>\n<p>Sa\u011fl\u0131\u011f\u0131n\u0131z ve mutlulu\u011funuz i\u00e7in saf ve temiz suya eri\u015fim sa\u011flayan 300 GPD A\u00e7\u0131k Kasa Su Ar\u0131tma Cihaz\u0131, kalite ve performansta \u00fcst\u00fcnl\u00fck arayanlar i\u00e7in m\u00fckemmel bir se\u00e7imdir.<\/p>\n<p>&nbsp;<\/p>\n","protected":false},"excerpt":{"rendered":"<p data-drroot=\"h1\">Noaka 300 Gpd 1 Ton Kapasiteli 10&#8243; Filtreli&nbsp;<\/p>\n","protected":false},"featured_media":29351,"comment_status":"open","ping_status":"closed","template":"","meta":{"inline_featured_image":false},"product_brand":[2851],"product_cat":[2829,2833,23],"product_tag":[2374,2497,2498,2499,2500,2501,2502,2503,2532,2533,2534,2520,2525,2526,2527,2521,2522,2523,2524,2504,2517,2518,2519,2505,2510,2511,2512,2506,2507,2508,2509,2513,2514,2515,2516,2528,2529,2530,2531,2535,2536,2541,2542,2543,2537,2538,2539,2540,2544,2545],"class_list":{"0":"post-29150","1":"product","2":"type-product","3":"status-publish","4":"has-post-thumbnail","6":"product_brand-noaka","7":"product_cat-8-litre-pompali","8":"product_cat-acik-kasa","9":"product_cat-su-aritma-cihazlari","10":"product_tag-noaka","11":"product_tag-noaka-300","12":"product_tag-noaka-300-gpd","13":"product_tag-noaka-300-gpd-1","14":"product_tag-noaka-300-gpd-1-ton","15":"product_tag-noaka-300-gpd-1-ton-kapasiteli","16":"product_tag-noaka-300-gpd-1-ton-kapasiteli-10","17":"product_tag-noaka-300-gpd-1-ton-kapasiteli-10-filtreli","18":"product_tag-noaka-300-gpd-1-ton-kapasiteli-10-filtreli-aritma","19":"product_tag-noaka-300-gpd-1-ton-kapasiteli-10-filtreli-aritma-cihazi","20":"product_tag-noaka-300-gpd-1-ton-kapasiteli-10-filtreli-cihazi","21":"product_tag-noaka-300-gpd-1-ton-kapasiteli-10-filtreli-osmosis","22":"product_tag-noaka-300-gpd-1-ton-kapasiteli-10-filtreli-osmosis-aritma","23":"product_tag-noaka-300-gpd-1-ton-kapasiteli-10-filtreli-osmosis-aritma-cihazi","24":"product_tag-noaka-300-gpd-1-ton-kapasiteli-10-filtreli-osmosis-cihazi","25":"product_tag-noaka-300-gpd-1-ton-kapasiteli-10-filtreli-osmosis-su","26":"product_tag-noaka-300-gpd-1-ton-kapasiteli-10-filtreli-osmosis-su-aritma","27":"product_tag-noaka-300-gpd-1-ton-kapasiteli-10-filtreli-osmosis-su-aritma-cihazi","28":"product_tag-noaka-300-gpd-1-ton-kapasiteli-10-filtreli-osmosis-su-cihazi","29":"product_tag-noaka-300-gpd-1-ton-kapasiteli-10-filtreli-reverse","30":"product_tag-noaka-300-gpd-1-ton-kapasiteli-10-filtreli-reverse-aritma","31":"product_tag-noaka-300-gpd-1-ton-kapasiteli-10-filtreli-reverse-aritma-cihazi","32":"product_tag-noaka-300-gpd-1-ton-kapasiteli-10-filtreli-reverse-cihazi","33":"product_tag-noaka-300-gpd-1-ton-kapasiteli-10-filtreli-reverse-osmosis","34":"product_tag-noaka-300-gpd-1-ton-kapasiteli-10-filtreli-reverse-osmosis-aritma","35":"product_tag-noaka-300-gpd-1-ton-kapasiteli-10-filtreli-reverse-osmosis-aritma-cihazi","36":"product_tag-noaka-300-gpd-1-ton-kapasiteli-10-filtreli-reverse-osmosis-cihazi","37":"product_tag-noaka-300-gpd-1-ton-kapasiteli-10-filtreli-reverse-osmosis-su","38":"product_tag-noaka-300-gpd-1-ton-kapasiteli-10-filtreli-reverse-osmosis-su-aritma","39":"product_tag-noaka-300-gpd-1-ton-kapasiteli-10-filtreli-reverse-osmosis-su-aritma-cihazi","40":"product_tag-noaka-300-gpd-1-ton-kapasiteli-10-filtreli-reverse-osmosis-su-cihazi","41":"product_tag-noaka-300-gpd-1-ton-kapasiteli-10-filtreli-reverse-su","42":"product_tag-noaka-300-gpd-1-ton-kapasiteli-10-filtreli-reverse-su-aritma","43":"product_tag-noaka-300-gpd-1-ton-kapasiteli-10-filtreli-reverse-su-aritma-cihazi","44":"product_tag-noaka-300-gpd-1-ton-kapasiteli-10-filtreli-reverse-su-cihazi","45":"product_tag-noaka-300-gpd-1-ton-kapasiteli-10-filtreli-su","46":"product_tag-noaka-300-gpd-1-ton-kapasiteli-10-filtreli-su-aritma","47":"product_tag-noaka-300-gpd-1-ton-kapasiteli-10-filtreli-su-aritma-cihazi","48":"product_tag-noaka-300-gpd-1-ton-kapasiteli-10-filtreli-su-cihazi","49":"product_tag-noaka-300-gpd-1-ton-kapasiteli-10-reverse","50":"product_tag-noaka-300-gpd-1-ton-kapasiteli-10-reverse-osmosis","51":"product_tag-noaka-300-gpd-1-ton-kapasiteli-10-reverse-osmosis-aritma","52":"product_tag-noaka-300-gpd-1-ton-kapasiteli-10-reverse-osmosis-aritma-cihazi","53":"product_tag-noaka-300-gpd-1-ton-kapasiteli-10-reverse-osmosis-cihazi","54":"product_tag-noaka-300-gpd-1-ton-kapasiteli-10-reverse-osmosis-su","55":"product_tag-noaka-300-gpd-1-ton-kapasiteli-10-reverse-osmosis-su-aritma","56":"product_tag-noaka-300-gpd-1-ton-kapasiteli-10-reverse-osmosis-su-aritma-cihazi","57":"product_tag-noaka-300-gpd-1-ton-kapasiteli-10-reverse-osmosis-su-cihazi","58":"product_tag-noaka-300-gpd-1-ton-kapasiteli-10-reverse-su","59":"product_tag-noaka-300-gpd-1-ton-kapasiteli-10-reverse-su-aritma","61":"first","62":"instock","63":"sale","64":"shipping-taxable","65":"purchasable","66":"product-type-simple"},"_links":{"self":[{"href":"https:\/\/anilcanbay.com\/hanedan\/wp-json\/wp\/v2\/product\/29150","targetHints":{"allow":["GET"]}}],"collection":[{"href":"https:\/\/anilcanbay.com\/hanedan\/wp-json\/wp\/v2\/product"}],"about":[{"href":"https:\/\/anilcanbay.com\/hanedan\/wp-json\/wp\/v2\/types\/product"}],"replies":[{"embeddable":true,"href":"https:\/\/anilcanbay.com\/hanedan\/wp-json\/wp\/v2\/comments?post=29150"}],"version-history":[{"count":1,"href":"https:\/\/anilcanbay.com\/hanedan\/wp-json\/wp\/v2\/product\/29150\/revisions"}],"predecessor-version":[{"id":29180,"href":"https:\/\/anilcanbay.com\/hanedan\/wp-json\/wp\/v2\/product\/29150\/revisions\/29180"}],"wp:featuredmedia":[{"embeddable":true,"href":"https:\/\/anilcanbay.com\/hanedan\/wp-json\/wp\/v2\/media\/29351"}],"wp:attachment":[{"href":"https:\/\/anilcanbay.com\/hanedan\/wp-json\/wp\/v2\/media?parent=29150"}],"wp:term":[{"taxonomy":"product_brand","embeddable":true,"href":"https:\/\/anilcanbay.com\/hanedan\/wp-json\/wp\/v2\/product_brand?post=29150"},{"taxonomy":"product_cat","embeddable":true,"href":"https:\/\/anilcanbay.com\/hanedan\/wp-json\/wp\/v2\/product_cat?post=29150"},{"taxonomy":"product_tag","embeddable":true,"href":"https:\/\/anilcanbay.com\/hanedan\/wp-json\/wp\/v2\/product_tag?post=29150"}],"curies":[{"name":"wp","href":"https:\/\/api.w.org\/{rel}","templated":true}]}}