{"id":29152,"date":"2026-04-01T19:58:22","date_gmt":"2026-04-01T16:58:22","guid":{"rendered":"https:\/\/anilcanbay.com\/hanedan\/?post_type=product&#038;p=29152"},"modified":"2026-04-06T21:50:21","modified_gmt":"2026-04-06T18:50:21","slug":"daire-girisi-yikanabilir-filtreli-su-aritma-filtre-kabi-tekli","status":"publish","type":"product","link":"https:\/\/anilcanbay.com\/hanedan\/product\/daire-girisi-yikanabilir-filtreli-su-aritma-filtre-kabi-tekli\/","title":{"rendered":"Daire Giri\u015fi Y\u0131kanabilir Filtreli Su Ar\u0131tma Filtre Kab\u0131 Tekli"},"content":{"rendered":"<p>\u00dcr\u00fcn \u0130smi: 3PSX Senior Filtre kab\u0131 T\u00fcr\u00fc: Su ar\u0131tma Renk: \u015eeffaf Filtre Kartu\u015f Boyu: 10 \u0130n\u00e7 ( 25,4 cm. ) \u00dcr\u00fcn Malzemesi: Ba\u015f ve halka somun: takviyeli Polipropilen. O-ring: EPDM (Etil Propilen Dien Monomer) Su ve nem ge\u00e7irmeyen, -40 ile +140 derece s\u0131cakl\u0131\u011fa kadar dayan\u0131kl\u0131, Antibakteriyel conta Giri\u015f-\u00c7\u0131k\u0131\u015f ba\u011flant\u0131 \u00f6l\u00e7\u00fcleri: 3\/4\u2033 ( 1,90cm.) ( SENIOR PLUS 3P AFO SX TS),BRASS-BSP A\u011f\u0131rl\u0131k: 946 Gr. Max. \u00c7al\u0131\u015fma s\u0131cakl\u0131\u011f\u0131: 45 Derece Max. Patlama bas\u0131nc\u0131: 8 Bar (116 PS\u0130) Kullan\u0131ld\u0131\u011f\u0131 alanlar: Reverse Osmosis ar\u0131tma sistemleri ve daire giri\u015fine tesisata monte edilerek \u00f6n filtreleme yap\u0131l\u0131rken 10 in\u00e7 ( 25,4 cm. ) Kartu\u015f tipi filtrelerin konuldu\u011fu kap olarak kullan\u0131l\u0131r. MEN\u015eE\u0130:\u0130TALYA<\/p>\n","protected":false},"excerpt":{"rendered":"<p>Y\u0131kanabilir Tekli Daire Giri\u015fi<\/p>\n","protected":false},"featured_media":29345,"comment_status":"open","ping_status":"closed","template":"","meta":{"inline_featured_image":false},"product_brand":[2850],"product_cat":[2834,23],"product_tag":[1245,1246,2598,2599,2616,2617,2618,2619,2620,2621,2622,2623,2624,2625,2626,2627,2628,2629,2600,2601,2602,2603,2604,2605,2606,2607,2608,2609,2610,2611,2612,2613,2614,2615,2630,2631,2632,2633,2634,2635,2636,2637,2638,2639,2640,2641,2642,2643,2644,2645],"class_list":{"0":"post-29152","1":"product","2":"type-product","3":"status-publish","4":"has-post-thumbnail","6":"product_brand-h-max-reverse-osmosis-system","7":"product_cat-daire-girisi","8":"product_cat-su-aritma-cihazlari","9":"product_tag-daire","10":"product_tag-daire-girisi","11":"product_tag-daire-girisi-yikanabilir","12":"product_tag-daire-girisi-yikanabilir-filtreli","13":"product_tag-daire-girisi-yikanabilir-filtreli-aritma","14":"product_tag-daire-girisi-yikanabilir-filtreli-aritma-filtre","15":"product_tag-daire-girisi-yikanabilir-filtreli-aritma-filtre-kabi","16":"product_tag-daire-girisi-yikanabilir-filtreli-aritma-filtre-kabi-tekli","17":"product_tag-daire-girisi-yikanabilir-filtreli-aritma-filtre-tekli","18":"product_tag-daire-girisi-yikanabilir-filtreli-aritma-kabi","19":"product_tag-daire-girisi-yikanabilir-filtreli-aritma-kabi-tekli","20":"product_tag-daire-girisi-yikanabilir-filtreli-aritma-tekli","21":"product_tag-daire-girisi-yikanabilir-filtreli-filtre","22":"product_tag-daire-girisi-yikanabilir-filtreli-filtre-kabi","23":"product_tag-daire-girisi-yikanabilir-filtreli-filtre-kabi-tekli","24":"product_tag-daire-girisi-yikanabilir-filtreli-filtre-tekli","25":"product_tag-daire-girisi-yikanabilir-filtreli-kabi","26":"product_tag-daire-girisi-yikanabilir-filtreli-kabi-tekli","27":"product_tag-daire-girisi-yikanabilir-filtreli-su","28":"product_tag-daire-girisi-yikanabilir-filtreli-su-aritma","29":"product_tag-daire-girisi-yikanabilir-filtreli-su-aritma-filtre","30":"product_tag-daire-girisi-yikanabilir-filtreli-su-aritma-filtre-kabi","31":"product_tag-daire-girisi-yikanabilir-filtreli-su-aritma-filtre-kabi-tekli","32":"product_tag-daire-girisi-yikanabilir-filtreli-su-aritma-filtre-tekli","33":"product_tag-daire-girisi-yikanabilir-filtreli-su-aritma-kabi","34":"product_tag-daire-girisi-yikanabilir-filtreli-su-aritma-kabi-tekli","35":"product_tag-daire-girisi-yikanabilir-filtreli-su-aritma-tekli","36":"product_tag-daire-girisi-yikanabilir-filtreli-su-filtre","37":"product_tag-daire-girisi-yikanabilir-filtreli-su-filtre-kabi","38":"product_tag-daire-girisi-yikanabilir-filtreli-su-filtre-kabi-tekli","39":"product_tag-daire-girisi-yikanabilir-filtreli-su-filtre-tekli","40":"product_tag-daire-girisi-yikanabilir-filtreli-su-kabi","41":"product_tag-daire-girisi-yikanabilir-filtreli-su-kabi-tekli","42":"product_tag-daire-girisi-yikanabilir-filtreli-su-tekli","43":"product_tag-daire-girisi-yikanabilir-filtreli-tekli","44":"product_tag-daire-girisi-yikanabilir-su","45":"product_tag-daire-girisi-yikanabilir-su-aritma","46":"product_tag-daire-girisi-yikanabilir-su-aritma-filtre","47":"product_tag-daire-girisi-yikanabilir-su-aritma-filtre-kabi","48":"product_tag-daire-girisi-yikanabilir-su-aritma-filtre-kabi-tekli","49":"product_tag-daire-girisi-yikanabilir-su-aritma-filtre-tekli","50":"product_tag-daire-girisi-yikanabilir-su-aritma-kabi","51":"product_tag-daire-girisi-yikanabilir-su-aritma-kabi-tekli","52":"product_tag-daire-girisi-yikanabilir-su-aritma-tekli","53":"product_tag-daire-girisi-yikanabilir-su-filtre","54":"product_tag-daire-girisi-yikanabilir-su-filtre-kabi","55":"product_tag-daire-girisi-yikanabilir-su-filtre-kabi-tekli","56":"product_tag-daire-girisi-yikanabilir-su-filtre-tekli","57":"product_tag-daire-girisi-yikanabilir-su-kabi","58":"product_tag-daire-girisi-yikanabilir-su-kabi-tekli","60":"first","61":"instock","62":"sale","63":"shipping-taxable","64":"purchasable","65":"product-type-simple"},"_links":{"self":[{"href":"https:\/\/anilcanbay.com\/hanedan\/wp-json\/wp\/v2\/product\/29152","targetHints":{"allow":["GET"]}}],"collection":[{"href":"https:\/\/anilcanbay.com\/hanedan\/wp-json\/wp\/v2\/product"}],"about":[{"href":"https:\/\/anilcanbay.com\/hanedan\/wp-json\/wp\/v2\/types\/product"}],"replies":[{"embeddable":true,"href":"https:\/\/anilcanbay.com\/hanedan\/wp-json\/wp\/v2\/comments?post=29152"}],"version-history":[{"count":1,"href":"https:\/\/anilcanbay.com\/hanedan\/wp-json\/wp\/v2\/product\/29152\/revisions"}],"predecessor-version":[{"id":29182,"href":"https:\/\/anilcanbay.com\/hanedan\/wp-json\/wp\/v2\/product\/29152\/revisions\/29182"}],"wp:featuredmedia":[{"embeddable":true,"href":"https:\/\/anilcanbay.com\/hanedan\/wp-json\/wp\/v2\/media\/29345"}],"wp:attachment":[{"href":"https:\/\/anilcanbay.com\/hanedan\/wp-json\/wp\/v2\/media?parent=29152"}],"wp:term":[{"taxonomy":"product_brand","embeddable":true,"href":"https:\/\/anilcanbay.com\/hanedan\/wp-json\/wp\/v2\/product_brand?post=29152"},{"taxonomy":"product_cat","embeddable":true,"href":"https:\/\/anilcanbay.com\/hanedan\/wp-json\/wp\/v2\/product_cat?post=29152"},{"taxonomy":"product_tag","embeddable":true,"href":"https:\/\/anilcanbay.com\/hanedan\/wp-json\/wp\/v2\/product_tag?post=29152"}],"curies":[{"name":"wp","href":"https:\/\/api.w.org\/{rel}","templated":true}]}}