{"id":29153,"date":"2026-04-01T19:58:23","date_gmt":"2026-04-01T16:58:23","guid":{"rendered":"https:\/\/anilcanbay.com\/hanedan\/?post_type=product&#038;p=29153"},"modified":"2026-04-06T21:43:07","modified_gmt":"2026-04-06T18:43:07","slug":"su-aritma-cihazlari-icin-montaj-kiti-tezgah-delme-ucu-aparati-hat-alma-anahtari-granit-delme","status":"publish","type":"product","link":"https:\/\/anilcanbay.com\/hanedan\/product\/su-aritma-cihazlari-icin-montaj-kiti-tezgah-delme-ucu-aparati-hat-alma-anahtari-granit-delme\/","title":{"rendered":"Su Ar\u0131tma Cihazlar\u0131 \u0130\u00e7in Montaj Kiti &#8211; Tezgah Delme Ucu Aparat\u0131, Hat Alma Anahtar\u0131- Granit delme"},"content":{"rendered":"<p>Su Ar\u0131tma Cihaz\u0131n\u0131z\u0131n Montaj\u0131n\u0131 Art\u0131k Kendiniz YAPAB\u0130L\u0130RS\u0130N\u0130Z!!! Su Ar\u0131tma cihaz\u0131 ald\u0131\u011f\u0131n\u0131zda mutfak tezgah\u0131n\u0131z granit, mermer, \u00e7imstone olsa dahi \u015farjl\u0131 matkap ile kendiniz montaj\u0131n\u0131 yapabilirsiniz. Videolar\u0131m\u0131z\u0131 izleyerek delme i\u015flemini nas\u0131l yapaca\u011f\u0131n\u0131z\u0131 \u00f6\u011frenebilirsiniz. Tezgah\u0131n\u0131z\u0131 delerken videoda oldu\u011fu gibi su tutarak delmelisiniz. Hat alma a\u00e7ma aparat\u0131 ise tezgah alt\u0131nda ba\u011flant\u0131 yaparken sizin i\u015finizi kolayla\u015ft\u0131rmak i\u00e7in \u00f6zel olarak \u00fcretilmi\u015ftir.<\/p>\n","protected":false},"excerpt":{"rendered":"<p>Su Ar\u0131tma Cihazlar\u0131 \u0130\u00e7in Montaj Kiti<\/p>\n","protected":false},"featured_media":29329,"comment_status":"open","ping_status":"closed","template":"","meta":{"inline_featured_image":false},"product_brand":[2850],"product_cat":[2846,2849],"product_tag":[2646,2661,2655,2658,2656,2657,2659,2660,2647,2654,2648,2651,2649,2650,2652,2653,2676,2670,2673,2671,2672,2674,2675,2662,2669,2663,2666,2664,2665,2667,2668],"class_list":{"0":"post-29153","1":"product","2":"type-product","3":"status-publish","4":"has-post-thumbnail","6":"product_brand-h-max-reverse-osmosis-system","7":"product_cat-su-aritma-yedek-parcalari","8":"product_cat-yedek-parca","9":"product_tag-camasir","10":"product_tag-camasir-filtre","11":"product_tag-camasir-kirec","12":"product_tag-camasir-kirec-filtre","13":"product_tag-camasir-kirec-kirici","14":"product_tag-camasir-kirec-kirici-filtre","15":"product_tag-camasir-kirici","16":"product_tag-camasir-kirici-filtre","17":"product_tag-camasir-makinesi","18":"product_tag-camasir-makinesi-filtre","19":"product_tag-camasir-makinesi-kirec","20":"product_tag-camasir-makinesi-kirec-filtre","21":"product_tag-camasir-makinesi-kirec-kirici","22":"product_tag-camasir-makinesi-kirec-kirici-filtre","23":"product_tag-camasir-makinesi-kirici","24":"product_tag-camasir-makinesi-kirici-filtre","25":"product_tag-filtre","26":"product_tag-kirec","27":"product_tag-kirec-filtre","28":"product_tag-kirec-kirici","29":"product_tag-kirec-kirici-filtre","30":"product_tag-kirici","31":"product_tag-kirici-filtre","32":"product_tag-makinesi","33":"product_tag-makinesi-filtre","34":"product_tag-makinesi-kirec","35":"product_tag-makinesi-kirec-filtre","36":"product_tag-makinesi-kirec-kirici","37":"product_tag-makinesi-kirec-kirici-filtre","38":"product_tag-makinesi-kirici","39":"product_tag-makinesi-kirici-filtre","41":"first","42":"instock","43":"sale","44":"shipping-taxable","45":"purchasable","46":"product-type-simple"},"_links":{"self":[{"href":"https:\/\/anilcanbay.com\/hanedan\/wp-json\/wp\/v2\/product\/29153","targetHints":{"allow":["GET"]}}],"collection":[{"href":"https:\/\/anilcanbay.com\/hanedan\/wp-json\/wp\/v2\/product"}],"about":[{"href":"https:\/\/anilcanbay.com\/hanedan\/wp-json\/wp\/v2\/types\/product"}],"replies":[{"embeddable":true,"href":"https:\/\/anilcanbay.com\/hanedan\/wp-json\/wp\/v2\/comments?post=29153"}],"version-history":[{"count":1,"href":"https:\/\/anilcanbay.com\/hanedan\/wp-json\/wp\/v2\/product\/29153\/revisions"}],"predecessor-version":[{"id":29183,"href":"https:\/\/anilcanbay.com\/hanedan\/wp-json\/wp\/v2\/product\/29153\/revisions\/29183"}],"wp:featuredmedia":[{"embeddable":true,"href":"https:\/\/anilcanbay.com\/hanedan\/wp-json\/wp\/v2\/media\/29329"}],"wp:attachment":[{"href":"https:\/\/anilcanbay.com\/hanedan\/wp-json\/wp\/v2\/media?parent=29153"}],"wp:term":[{"taxonomy":"product_brand","embeddable":true,"href":"https:\/\/anilcanbay.com\/hanedan\/wp-json\/wp\/v2\/product_brand?post=29153"},{"taxonomy":"product_cat","embeddable":true,"href":"https:\/\/anilcanbay.com\/hanedan\/wp-json\/wp\/v2\/product_cat?post=29153"},{"taxonomy":"product_tag","embeddable":true,"href":"https:\/\/anilcanbay.com\/hanedan\/wp-json\/wp\/v2\/product_tag?post=29153"}],"curies":[{"name":"wp","href":"https:\/\/api.w.org\/{rel}","templated":true}]}}