{"id":29156,"date":"2026-04-01T19:58:24","date_gmt":"2026-04-01T16:58:24","guid":{"rendered":"https:\/\/anilcanbay.com\/hanedan\/?post_type=product&#038;p=29156"},"modified":"2026-04-06T21:29:23","modified_gmt":"2026-04-06T18:29:23","slug":"alkali-filtre-su-aritma-cihazi-filtresi-tum-cihazlarla-uyumludur","status":"publish","type":"product","link":"https:\/\/anilcanbay.com\/hanedan\/product\/alkali-filtre-su-aritma-cihazi-filtresi-tum-cihazlarla-uyumludur\/","title":{"rendered":"Alkali Filtre Su Ar\u0131tma Cihaz\u0131 Filtresi (T\u00fcm Cihazlarla Uyumludur)"},"content":{"rendered":"<p>Su ar\u0131tma cihazlar\u0131n\u0131n baz\u0131lar\u0131 &#8220;detoks filtresi&#8221; olarak adland\u0131r\u0131lan \u00f6zelliklere sahip olabilir. Detoks filtresi, suyu ar\u0131tma s\u00fcrecinde ekstra kirleticileri ve zararl\u0131 maddeleri filtreleyen veya n\u00f6tralize eden bir \u00f6zellik olabilir. Bu filtreler genellikle karbon filtreler veya \u00f6zel mineral kar\u0131\u015f\u0131mlar\u0131 kullan\u0131larak yap\u0131l\u0131r.<\/p>\n<p>Detoks filtreleri, suyun i\u00e7erisinde bulunan klor, a\u011f\u0131r metaller, pestisitler ve di\u011fer kimyasallar gibi zararl\u0131 maddeleri gidermeye yard\u0131mc\u0131 olabilir. Ayr\u0131ca, baz\u0131lar\u0131 suya mineral ekleyerek, suyun daha sa\u011fl\u0131kl\u0131 ve dengeli mineral i\u00e7eri\u011fine sahip olmas\u0131n\u0131 sa\u011flar.<\/p>\n<p>Ancak, &#8220;detoks filtresi&#8221; terimi bazen pazarlama ama\u00e7l\u0131 olarak kullan\u0131labilir ve filtrelerin ger\u00e7ek etkinli\u011fi hakk\u0131nda dikkatli olunmas\u0131 gerekebilir. Su ar\u0131tma cihaz\u0131 se\u00e7erken, \u00fcr\u00fcn\u00fcn \u00f6zelliklerini ve filtrelerin ne t\u00fcr kirleticileri giderdi\u011fini dikkate almak \u00f6nemlidir.<\/p>\n","protected":false},"excerpt":{"rendered":"<p>Alkali 8,5 ph filtre<\/p>\n","protected":false},"featured_media":29321,"comment_status":"open","ping_status":"closed","template":"","meta":{"inline_featured_image":false},"product_brand":[2850],"product_cat":[2840,2844],"product_tag":[86,891,2749,2761,2762,2757,2758,2759,2760,2750,2755,2756,2751,2752,2753,2754,892,2747,2748,2722,2734,2735,2730,2731,2732,2733,2723,2728,2729,2724,2725,2726,2727,2743,2744,2745,2746,2736,2741,2742,2737,2738,2739,2740],"class_list":{"0":"post-29156","1":"product","2":"type-product","3":"status-publish","4":"has-post-thumbnail","6":"product_brand-h-max-reverse-osmosis-system","7":"product_cat-su-aritma-filtreleri","8":"product_cat-yedek-filtreler","9":"product_tag-su-aritma","10":"product_tag-su-aritma-cihazlari","11":"product_tag-su-aritma-cihazlari-detox","12":"product_tag-su-aritma-cihazlari-detox-detoks","13":"product_tag-su-aritma-cihazlari-detox-detoks-filtre","14":"product_tag-su-aritma-cihazlari-detox-filtre","15":"product_tag-su-aritma-cihazlari-detox-filtre-detoks","16":"product_tag-su-aritma-cihazlari-detox-filtre-detoks-filtre","17":"product_tag-su-aritma-cihazlari-detox-filtre-filtre","18":"product_tag-su-aritma-cihazlari-detox-mineral","19":"product_tag-su-aritma-cihazlari-detox-mineral-detoks","20":"product_tag-su-aritma-cihazlari-detox-mineral-detoks-filtre","21":"product_tag-su-aritma-cihazlari-detox-mineral-filtre","22":"product_tag-su-aritma-cihazlari-detox-mineral-filtre-detoks","23":"product_tag-su-aritma-cihazlari-detox-mineral-filtre-detoks-filtre","24":"product_tag-su-aritma-cihazlari-detox-mineral-filtre-filtre","25":"product_tag-su-aritma-cihazlari-icin","26":"product_tag-su-aritma-cihazlari-icin-detoks","27":"product_tag-su-aritma-cihazlari-icin-detoks-filtre","28":"product_tag-su-aritma-cihazlari-icin-detox","29":"product_tag-su-aritma-cihazlari-icin-detox-detoks","30":"product_tag-su-aritma-cihazlari-icin-detox-detoks-filtre","31":"product_tag-su-aritma-cihazlari-icin-detox-filtre","32":"product_tag-su-aritma-cihazlari-icin-detox-filtre-detoks","33":"product_tag-su-aritma-cihazlari-icin-detox-filtre-detoks-filtre","34":"product_tag-su-aritma-cihazlari-icin-detox-filtre-filtre","35":"product_tag-su-aritma-cihazlari-icin-detox-mineral","36":"product_tag-su-aritma-cihazlari-icin-detox-mineral-detoks","37":"product_tag-su-aritma-cihazlari-icin-detox-mineral-detoks-filtre","38":"product_tag-su-aritma-cihazlari-icin-detox-mineral-filtre","39":"product_tag-su-aritma-cihazlari-icin-detox-mineral-filtre-detoks","40":"product_tag-su-aritma-cihazlari-icin-detox-mineral-filtre-detoks-filtre","41":"product_tag-su-aritma-cihazlari-icin-detox-mineral-filtre-filtre","42":"product_tag-su-aritma-cihazlari-icin-filtre","43":"product_tag-su-aritma-cihazlari-icin-filtre-detoks","44":"product_tag-su-aritma-cihazlari-icin-filtre-detoks-filtre","45":"product_tag-su-aritma-cihazlari-icin-filtre-filtre","46":"product_tag-su-aritma-cihazlari-icin-mineral","47":"product_tag-su-aritma-cihazlari-icin-mineral-detoks","48":"product_tag-su-aritma-cihazlari-icin-mineral-detoks-filtre","49":"product_tag-su-aritma-cihazlari-icin-mineral-filtre","50":"product_tag-su-aritma-cihazlari-icin-mineral-filtre-detoks","51":"product_tag-su-aritma-cihazlari-icin-mineral-filtre-detoks-filtre","52":"product_tag-su-aritma-cihazlari-icin-mineral-filtre-filtre","54":"first","55":"instock","56":"sale","57":"shipping-taxable","58":"purchasable","59":"product-type-simple"},"_links":{"self":[{"href":"https:\/\/anilcanbay.com\/hanedan\/wp-json\/wp\/v2\/product\/29156","targetHints":{"allow":["GET"]}}],"collection":[{"href":"https:\/\/anilcanbay.com\/hanedan\/wp-json\/wp\/v2\/product"}],"about":[{"href":"https:\/\/anilcanbay.com\/hanedan\/wp-json\/wp\/v2\/types\/product"}],"replies":[{"embeddable":true,"href":"https:\/\/anilcanbay.com\/hanedan\/wp-json\/wp\/v2\/comments?post=29156"}],"version-history":[{"count":3,"href":"https:\/\/anilcanbay.com\/hanedan\/wp-json\/wp\/v2\/product\/29156\/revisions"}],"predecessor-version":[{"id":29324,"href":"https:\/\/anilcanbay.com\/hanedan\/wp-json\/wp\/v2\/product\/29156\/revisions\/29324"}],"wp:featuredmedia":[{"embeddable":true,"href":"https:\/\/anilcanbay.com\/hanedan\/wp-json\/wp\/v2\/media\/29321"}],"wp:attachment":[{"href":"https:\/\/anilcanbay.com\/hanedan\/wp-json\/wp\/v2\/media?parent=29156"}],"wp:term":[{"taxonomy":"product_brand","embeddable":true,"href":"https:\/\/anilcanbay.com\/hanedan\/wp-json\/wp\/v2\/product_brand?post=29156"},{"taxonomy":"product_cat","embeddable":true,"href":"https:\/\/anilcanbay.com\/hanedan\/wp-json\/wp\/v2\/product_cat?post=29156"},{"taxonomy":"product_tag","embeddable":true,"href":"https:\/\/anilcanbay.com\/hanedan\/wp-json\/wp\/v2\/product_tag?post=29156"}],"curies":[{"name":"wp","href":"https:\/\/api.w.org\/{rel}","templated":true}]}}