{"id":29158,"date":"2026-04-01T19:58:24","date_gmt":"2026-04-01T16:58:24","guid":{"rendered":"https:\/\/anilcanbay.com\/hanedan\/?post_type=product&#038;p=29158"},"modified":"2026-04-06T21:39:11","modified_gmt":"2026-04-06T18:39:11","slug":"10-silifoz-filtre-daire-girisi-cihazlar-icin-shellkapli","status":"publish","type":"product","link":"https:\/\/anilcanbay.com\/hanedan\/product\/10-silifoz-filtre-daire-girisi-cihazlar-icin-shellkapli\/","title":{"rendered":"10&#8243; Silifoz Filtre Daire Giri\u015fi Cihazlar \u0130\u00e7in Shellkapl\u0131"},"content":{"rendered":"<p>&nbsp;<\/p>\n<table>\n<tbody>\n<tr>\n<td>\n<p>&nbsp;<\/p>\n<p>Sert sular\u0131n yol a\u00e7t\u0131\u011f\u0131 kire\u00e7 ve korozyon problemlerini gidermede kullan\u0131l\u0131r. Eski borulardaki mevcut kire\u00e7 birikintilerini, pas ve kire\u00e7 tabakalar\u0131n\u0131 yava\u015f yava\u015f \u00e7\u00f6zer. Silifoz i\u00e7me suyu ve end\u00fcstriyel su tesisatlar\u0131n\u0131z i\u00e7in ekonomik ve g\u00fcvenilir bir su \u015fartland\u0131rma sistemidir. Son derece y\u00fcksek safl\u0131kta ve olduk\u00e7a zay\u0131f bir \u00e7\u00f6z\u00fcn\u00fcrl\u00fc\u011fe sahip cams\u0131 polifosfat silikat bile\u015fiminden olu\u015fmaktad\u0131r. \u00c7e\u015fitli kapasitelerdeki da\u011f\u0131t\u0131c\u0131 filtre kaplar\u0131 arac\u0131l\u0131\u011f\u0131yla uygulama yap\u0131l\u0131r. Calgon ve benzeri kire\u00e7 \u00f6nleyici \u00fcr\u00fcnlerin yerine kullan\u0131labilecek etkili ve daha hesapl\u0131 bir kire\u00e7 \u00f6nleme filtresidir.&nbsp;Filtre kab\u0131 i\u00e7erisinde bulunan Silifoz (Polifosfat) kristalleri su i\u00e7erisinde bulunan kire\u00e7 yap\u0131c\u0131 Ca ve Mg iyonlar\u0131n\u0131n y\u00fczeyler \u00fczerinde tutunmas\u0131 ve birikmesini engeller. Silifoz suyu kayganla\u015ft\u0131rd\u0131\u011f\u0131ndan, kire\u00e7 hi\u00e7bir y\u00fczeye tutunamaz ve kire\u00e7ten kaynaklanan sorunlar \u00f6nlenmi\u015f olur. Su sayac\u0131n\u0131n oldu\u011fu hatta ba\u011flanabilir. Bula\u015f\u0131k makinalar\u0131n da deterjanla birlikte kullan\u0131lan di\u011fer kire\u00e7 \u00f6nleyicileri kullanmaya gerek yoktur. Filtre kab\u0131 i\u00e7erisine etkin madde Silifoz bitti\u011finde defalarca doldurulabilir. Kullan\u0131lan Silifoz hijyen ve sa\u011fl\u0131\u011fa uygundur. \u0130\u00e7me suyuna zarar\u0131 yoktur. Filtrelerimiz Amerikan g\u0131da ve ila\u00e7 bakanl\u0131\u011f\u0131 FDA Onayl\u0131d\u0131r &nbsp;ve i\u00e7me suyunda g\u00fcvenle kullan\u0131labilir. Filtrelerimiz 45 derece su s\u0131cakl\u0131\u011f\u0131na kadar kullan\u0131labilmekte ve d\u00fc\u015f\u00fck bas\u0131n\u00e7 kayb\u0131yla y\u00fcksek ak\u0131\u015f sa\u011flayabilmektedir.&nbsp; Kullan\u0131m Y\u00f6ntemi: Silifoz \u00e7e\u015fitli kapasitelerdeki filtre kaplar\u0131 arac\u0131l\u0131\u011f\u0131yla uygulama yap\u0131l\u0131r. Filtre kaplar\u0131, hemen hemen t\u00fcm su tesisatlar\u0131na ve sistemlerine tak\u0131labilir. Ayr\u0131 bir elektrik tesisat\u0131na ihtiya\u00e7 yoktur, ayr\u0131ca neredeyse hi\u00e7bir bak\u0131m gerektirmez. Silifoz filtre kab\u0131n\u0131n i\u00e7indeki k\u00fcrelerin \u00fc\u00e7te birlik k\u0131sm\u0131 t\u00fcketildik\u00e7e ilave yap\u0131lmal\u0131d\u0131r. Normal \u015fartlarda bu t\u00fcketim i\u00e7in gerekli s\u00fcre yakla\u015f\u0131k 6 ay kadard\u0131r. Ancak, cihaz\u0131n kurulmu\u015f oldu\u011fu sistemin kendine \u00f6zg\u00fc t\u00fcketim miktarlar\u0131na g\u00f6re bu s\u00fcre art\u0131p azalabilir. Bu tip filtre kartu\u015flar\u0131 evsel ya da i\u015f yerlerinde, boyca uygun bo\u015f filtre kab\u0131 sat\u0131n al\u0131narak, filtre kab\u0131yla birlikte tesisata tak\u0131l\u0131p kullan\u0131labilir. Ev ya da i\u015f yerlerinde 1-2 ya da 3 filtreli su ar\u0131tma sistemi olu\u015fturmak m\u00fcmk\u00fcnd\u00fcr.<\/p>\n<p>Teknik \u00d6zellikleri : Filtre Cinsi:&nbsp;Silifoz Filtre Shell Kabl\u0131Filtre Boyu:&nbsp;250 mm.Filtre \u00c7ap\u0131&nbsp;&nbsp;:&nbsp;73 mm.Filtre G\u00f6vde Malzemesi&nbsp;:&nbsp;PolipropilenFiltre Malzemesi:&nbsp;Slifoz&nbsp;Conta Malzemesi&nbsp;:&nbsp;NBR, Silikon, EPDM, VitonMax. \u00c7al\u0131\u015fma Bas\u0131nc\u0131:&nbsp;8 BarMax. \u00c7al\u0131\u015fma S\u0131cakl\u0131\u011f\u0131:&nbsp;45 DereceOrtalama \u00d6mr\u00fc:&nbsp;Suyun sertli\u011fine ve kullan\u0131m miktar\u0131na g\u00f6re de\u011fi\u015fiklik g\u00f6sterir.Bak\u0131m\u0131:&nbsp;Yoktur. Etkin madde azald\u0131k\u00e7a ilave edilir.<\/p>\n<p>&nbsp;<\/p>\n<\/td>\n<\/tr>\n<\/tbody>\n<\/table>\n<p>&nbsp;<\/p>\n","protected":false},"excerpt":{"rendered":"<h1 data-bind=\"markupText: 'productName', event: {mouseup: handleMouseUpForProductName}\" id=\"product-name\">10&#8243; Silifoz Filtre<\/h1>\n","protected":false},"featured_media":29327,"comment_status":"open","ping_status":"closed","template":"","meta":{"inline_featured_image":false},"product_brand":[2850],"product_cat":[2843,2840],"product_tag":[86,891,2749,2761,2762,2757,2758,2759,2760,2750,2755,2756,2751,2752,2753,2754,892,2747,2748,2722,2734,2735,2730,2731,2732,2733,2723,2728,2729,2724,2725,2726,2727,2743,2744,2745,2746,2736,2741,2742,2737,2738,2739,2740],"class_list":{"0":"post-29158","1":"product","2":"type-product","3":"status-publish","4":"has-post-thumbnail","6":"product_brand-h-max-reverse-osmosis-system","7":"product_cat-daire-girisi-filtreler","8":"product_cat-su-aritma-filtreleri","9":"product_tag-su-aritma","10":"product_tag-su-aritma-cihazlari","11":"product_tag-su-aritma-cihazlari-detox","12":"product_tag-su-aritma-cihazlari-detox-detoks","13":"product_tag-su-aritma-cihazlari-detox-detoks-filtre","14":"product_tag-su-aritma-cihazlari-detox-filtre","15":"product_tag-su-aritma-cihazlari-detox-filtre-detoks","16":"product_tag-su-aritma-cihazlari-detox-filtre-detoks-filtre","17":"product_tag-su-aritma-cihazlari-detox-filtre-filtre","18":"product_tag-su-aritma-cihazlari-detox-mineral","19":"product_tag-su-aritma-cihazlari-detox-mineral-detoks","20":"product_tag-su-aritma-cihazlari-detox-mineral-detoks-filtre","21":"product_tag-su-aritma-cihazlari-detox-mineral-filtre","22":"product_tag-su-aritma-cihazlari-detox-mineral-filtre-detoks","23":"product_tag-su-aritma-cihazlari-detox-mineral-filtre-detoks-filtre","24":"product_tag-su-aritma-cihazlari-detox-mineral-filtre-filtre","25":"product_tag-su-aritma-cihazlari-icin","26":"product_tag-su-aritma-cihazlari-icin-detoks","27":"product_tag-su-aritma-cihazlari-icin-detoks-filtre","28":"product_tag-su-aritma-cihazlari-icin-detox","29":"product_tag-su-aritma-cihazlari-icin-detox-detoks","30":"product_tag-su-aritma-cihazlari-icin-detox-detoks-filtre","31":"product_tag-su-aritma-cihazlari-icin-detox-filtre","32":"product_tag-su-aritma-cihazlari-icin-detox-filtre-detoks","33":"product_tag-su-aritma-cihazlari-icin-detox-filtre-detoks-filtre","34":"product_tag-su-aritma-cihazlari-icin-detox-filtre-filtre","35":"product_tag-su-aritma-cihazlari-icin-detox-mineral","36":"product_tag-su-aritma-cihazlari-icin-detox-mineral-detoks","37":"product_tag-su-aritma-cihazlari-icin-detox-mineral-detoks-filtre","38":"product_tag-su-aritma-cihazlari-icin-detox-mineral-filtre","39":"product_tag-su-aritma-cihazlari-icin-detox-mineral-filtre-detoks","40":"product_tag-su-aritma-cihazlari-icin-detox-mineral-filtre-detoks-filtre","41":"product_tag-su-aritma-cihazlari-icin-detox-mineral-filtre-filtre","42":"product_tag-su-aritma-cihazlari-icin-filtre","43":"product_tag-su-aritma-cihazlari-icin-filtre-detoks","44":"product_tag-su-aritma-cihazlari-icin-filtre-detoks-filtre","45":"product_tag-su-aritma-cihazlari-icin-filtre-filtre","46":"product_tag-su-aritma-cihazlari-icin-mineral","47":"product_tag-su-aritma-cihazlari-icin-mineral-detoks","48":"product_tag-su-aritma-cihazlari-icin-mineral-detoks-filtre","49":"product_tag-su-aritma-cihazlari-icin-mineral-filtre","50":"product_tag-su-aritma-cihazlari-icin-mineral-filtre-detoks","51":"product_tag-su-aritma-cihazlari-icin-mineral-filtre-detoks-filtre","52":"product_tag-su-aritma-cihazlari-icin-mineral-filtre-filtre","54":"first","55":"instock","56":"sale","57":"shipping-taxable","58":"purchasable","59":"product-type-simple"},"_links":{"self":[{"href":"https:\/\/anilcanbay.com\/hanedan\/wp-json\/wp\/v2\/product\/29158","targetHints":{"allow":["GET"]}}],"collection":[{"href":"https:\/\/anilcanbay.com\/hanedan\/wp-json\/wp\/v2\/product"}],"about":[{"href":"https:\/\/anilcanbay.com\/hanedan\/wp-json\/wp\/v2\/types\/product"}],"replies":[{"embeddable":true,"href":"https:\/\/anilcanbay.com\/hanedan\/wp-json\/wp\/v2\/comments?post=29158"}],"version-history":[{"count":1,"href":"https:\/\/anilcanbay.com\/hanedan\/wp-json\/wp\/v2\/product\/29158\/revisions"}],"predecessor-version":[{"id":29188,"href":"https:\/\/anilcanbay.com\/hanedan\/wp-json\/wp\/v2\/product\/29158\/revisions\/29188"}],"wp:featuredmedia":[{"embeddable":true,"href":"https:\/\/anilcanbay.com\/hanedan\/wp-json\/wp\/v2\/media\/29327"}],"wp:attachment":[{"href":"https:\/\/anilcanbay.com\/hanedan\/wp-json\/wp\/v2\/media?parent=29158"}],"wp:term":[{"taxonomy":"product_brand","embeddable":true,"href":"https:\/\/anilcanbay.com\/hanedan\/wp-json\/wp\/v2\/product_brand?post=29158"},{"taxonomy":"product_cat","embeddable":true,"href":"https:\/\/anilcanbay.com\/hanedan\/wp-json\/wp\/v2\/product_cat?post=29158"},{"taxonomy":"product_tag","embeddable":true,"href":"https:\/\/anilcanbay.com\/hanedan\/wp-json\/wp\/v2\/product_tag?post=29158"}],"curies":[{"name":"wp","href":"https:\/\/api.w.org\/{rel}","templated":true}]}}