{"id":29159,"date":"2026-04-01T19:58:24","date_gmt":"2026-04-01T16:58:24","guid":{"rendered":"https:\/\/anilcanbay.com\/hanedan\/?post_type=product&#038;p=29159"},"modified":"2026-04-06T21:41:24","modified_gmt":"2026-04-06T18:41:24","slug":"hmax-ihlas-aura-cebilon-unique-dijital-uyumlu-su-aritma-cihazi-5li-filtre-seti","status":"publish","type":"product","link":"https:\/\/anilcanbay.com\/hanedan\/product\/hmax-ihlas-aura-cebilon-unique-dijital-uyumlu-su-aritma-cihazi-5li-filtre-seti\/","title":{"rendered":"Hmax \u0130hlas Aura Cebilon Unique \/ dijital Uyumlu Su Ar\u0131tma Cihaz\u0131 5&#8217;li Filtre Seti"},"content":{"rendered":"<ul>\n<li>\u0130hlas Aura Cebilon Unique (Dijital Ekranl\u0131) cihazlar\u0131na uyumludur. Filtre uyumlulu\u011fu ve filtre i\u00e7eri\u011fi olarak ayn\u0131d\u0131r.&nbsp;<\/li>\n<li>Di\u011fer modelleri i\u00e7in l\u00fctfen ilan ba\u015fl\u0131\u0131nda \u0130NL\u0130NE veya HOUS\u0130NGL\u0130 yazan setlerimize bak\u0131n\u0131z. Tercih edilen \u00fcr\u00fcn g\u00f6rselinde bulunan \u00fcr\u00fcnler ve aksesuarlar tak\u0131m olarak g\u00f6nderilir. Fok shop olarak eski dirsekleri kullanmaman\u0131z\u0131 ve \u00fcr\u00fcnle birlikte g\u00f6nderilen tatland\u0131r\u0131c\u0131 dirseklerini kullanman\u0131z\u0131 \u00f6neririz. Mondaj\u0131 daha kolay olan \u00e7ubuklu tatland\u0131r\u0131c\u0131 ve buna uyumlu dirsek g\u00f6nderilebilir. L\u00fc<\/li>\n<li>\u00dcR\u00dcN \u00d6ZELL\u0130KLER\u0130:<\/li>\n<li>1. 5 Mikron Tortu Filtresi: Sularda bulunan \u00e7\u00f6z\u00fcnmemi\u015f ask\u0131da kat\u0131 maddelerin (tortu, kum, \u00e7amur v.s.) olu\u015fturdu\u011fu kirlili\u011fe bulan\u0131kl\u0131k denir. Ask\u0131da kat\u0131 maddelerin olu\u015fturdu\u011fu kirlili\u011fi giderme, filtrasyon i\u015flemi ile yap\u0131lmaktad\u0131r. Bu filtre suyunuzda bulunabilecek Partik\u00fcller, Kir, Tortu, Kum ar\u0131t\u0131m\u0131 i\u00e7in kullan\u0131l\u0131r. Kullan\u0131m \u00f6mr\u00fc en fazla 12 ayd\u0131r.<\/li>\n<li>2. Gran\u00fcl Aktif Karbon Filtre: Suda bulunan k\u00f6t\u00fc tat ve kokuyu giderir. Kullan\u0131m \u00f6mr\u00fc, su kullan\u0131m\u0131na ve gelen suyun kalitesine g\u00f6re de\u011fi\u015fmekle beraber, ortalama 12 ayd\u0131r.<\/li>\n<li>3. Blok Karbon Filtre: Klor ve organik kimyasallar\u0131n y\u00fczde 99 unu tutar. Suyun tad\u0131n\u0131, kokusunu ve rengini iyile\u015ftirir. Kullan\u0131m \u00f6mr\u00fc, su kullan\u0131m\u0131na ve gelen suyun kalitesine g\u00f6re de\u011fi\u015fmekle beraber, ortalama 12 ayd\u0131r.<\/li>\n<li>4. Ters Ozmoz (Reverse Osmosis) Membran: <strong><em>S\u00fcper Water<\/em><\/strong>&nbsp;taraf\u0131ndan ba\u011f\u0131ms\u0131z olarak geli\u015ftirilmi\u015f, musluk suyu, kuyu suyu vb. gibi 4000 ppm\u2019e kadar y\u00fcksek TDS\u2019 li su kaynaklar\u0131n\u0131n ar\u0131t\u0131m\u0131 ve kullan\u0131m\u0131 i\u00e7in tasarlanm\u0131\u015ft\u0131r. Konut, hastane ve laboratuvar i\u00e7in su ar\u0131tma cihazlar\u0131nda uygulanabilir.<\/li>\n<li>5. Post Carbon Tatland\u0131r\u0131c\u0131: Suda bulunan klor,renk,tat ve koku veren eriyik gazlar,art\u0131klar ve organik maddelerin ar\u0131t\u0131m\u0131 i\u00e7in kullan\u0131l\u0131r. Bu aktif gran\u00fcl karbon filtre y\u00fcksek performans\u0131 aktive edilmi\u015f karbondan olu\u015fmaktad\u0131r ve klorun, koku,organik kirleticiler,b\u00f6cek ila\u00e7lar\u0131 ve koku ile tad\u0131 etkileyen kimyasallardan ar\u0131nd\u0131r\u0131r.<\/li>\n<\/ul>\n<p>&nbsp;<\/p>\n","protected":false},"excerpt":{"rendered":"<p data-drroot=\"h1\">ihlas Aura Cebilon Unique Cihazlara Uyumlu<\/p>\n","protected":false},"featured_media":29328,"comment_status":"open","ping_status":"closed","template":"","meta":{"inline_featured_image":false},"product_brand":[2850],"product_cat":[2841,2840],"product_tag":[2767,2768,2769,2770,2771,2772,2805,2806,2807,2808,2809,2810,2811,2812,2813,2814,2815,2816,2773,2790,2791,2792,2793,2794,2795,2796,2797,2798,2799,2800,2801,2802,2803,2804,2774,2775,2776,2777,2778,2779,2780,2781,2782,2783,2784,2785,2786,2787,2788,2789],"class_list":{"0":"post-29159","1":"product","2":"type-product","3":"status-publish","4":"has-post-thumbnail","6":"product_brand-h-max-reverse-osmosis-system","7":"product_cat-kapali-kasa-su-aritma-filtreleri","8":"product_cat-su-aritma-filtreleri","9":"product_tag-hmax","10":"product_tag-hmax-ihlas","11":"product_tag-hmax-ihlas-aura","12":"product_tag-hmax-ihlas-aura-cebilon","13":"product_tag-hmax-ihlas-aura-cebilon-unique","14":"product_tag-hmax-ihlas-aura-cebilon-unique-dijital","15":"product_tag-hmax-ihlas-aura-cebilon-unique-dijital-su","16":"product_tag-hmax-ihlas-aura-cebilon-unique-dijital-su-aritma","17":"product_tag-hmax-ihlas-aura-cebilon-unique-dijital-su-aritma-cihazi","18":"product_tag-hmax-ihlas-aura-cebilon-unique-dijital-su-aritma-cihazi-filtre","19":"product_tag-hmax-ihlas-aura-cebilon-unique-dijital-su-aritma-cihazi-filtre-seti","20":"product_tag-hmax-ihlas-aura-cebilon-unique-dijital-su-aritma-cihazi-seti","21":"product_tag-hmax-ihlas-aura-cebilon-unique-dijital-su-aritma-filtre","22":"product_tag-hmax-ihlas-aura-cebilon-unique-dijital-su-aritma-filtre-seti","23":"product_tag-hmax-ihlas-aura-cebilon-unique-dijital-su-aritma-seti","24":"product_tag-hmax-ihlas-aura-cebilon-unique-dijital-su-cihazi","25":"product_tag-hmax-ihlas-aura-cebilon-unique-dijital-su-cihazi-filtre","26":"product_tag-hmax-ihlas-aura-cebilon-unique-dijital-su-cihazi-filtre-seti","27":"product_tag-hmax-ihlas-aura-cebilon-unique-dijital-uyumlu","28":"product_tag-hmax-ihlas-aura-cebilon-unique-dijital-uyumlu-aritma","29":"product_tag-hmax-ihlas-aura-cebilon-unique-dijital-uyumlu-aritma-cihazi","30":"product_tag-hmax-ihlas-aura-cebilon-unique-dijital-uyumlu-aritma-cihazi-filtre","31":"product_tag-hmax-ihlas-aura-cebilon-unique-dijital-uyumlu-aritma-cihazi-filtre-seti","32":"product_tag-hmax-ihlas-aura-cebilon-unique-dijital-uyumlu-aritma-cihazi-seti","33":"product_tag-hmax-ihlas-aura-cebilon-unique-dijital-uyumlu-aritma-filtre","34":"product_tag-hmax-ihlas-aura-cebilon-unique-dijital-uyumlu-aritma-filtre-seti","35":"product_tag-hmax-ihlas-aura-cebilon-unique-dijital-uyumlu-aritma-seti","36":"product_tag-hmax-ihlas-aura-cebilon-unique-dijital-uyumlu-cihazi","37":"product_tag-hmax-ihlas-aura-cebilon-unique-dijital-uyumlu-cihazi-filtre","38":"product_tag-hmax-ihlas-aura-cebilon-unique-dijital-uyumlu-cihazi-filtre-seti","39":"product_tag-hmax-ihlas-aura-cebilon-unique-dijital-uyumlu-cihazi-seti","40":"product_tag-hmax-ihlas-aura-cebilon-unique-dijital-uyumlu-filtre","41":"product_tag-hmax-ihlas-aura-cebilon-unique-dijital-uyumlu-filtre-seti","42":"product_tag-hmax-ihlas-aura-cebilon-unique-dijital-uyumlu-seti","43":"product_tag-hmax-ihlas-aura-cebilon-unique-dijital-uyumlu-su","44":"product_tag-hmax-ihlas-aura-cebilon-unique-dijital-uyumlu-su-aritma","45":"product_tag-hmax-ihlas-aura-cebilon-unique-dijital-uyumlu-su-aritma-cihazi","46":"product_tag-hmax-ihlas-aura-cebilon-unique-dijital-uyumlu-su-aritma-cihazi-filtre","47":"product_tag-hmax-ihlas-aura-cebilon-unique-dijital-uyumlu-su-aritma-cihazi-filtre-seti","48":"product_tag-hmax-ihlas-aura-cebilon-unique-dijital-uyumlu-su-aritma-cihazi-seti","49":"product_tag-hmax-ihlas-aura-cebilon-unique-dijital-uyumlu-su-aritma-filtre","50":"product_tag-hmax-ihlas-aura-cebilon-unique-dijital-uyumlu-su-aritma-filtre-seti","51":"product_tag-hmax-ihlas-aura-cebilon-unique-dijital-uyumlu-su-aritma-seti","52":"product_tag-hmax-ihlas-aura-cebilon-unique-dijital-uyumlu-su-cihazi","53":"product_tag-hmax-ihlas-aura-cebilon-unique-dijital-uyumlu-su-cihazi-filtre","54":"product_tag-hmax-ihlas-aura-cebilon-unique-dijital-uyumlu-su-cihazi-filtre-seti","55":"product_tag-hmax-ihlas-aura-cebilon-unique-dijital-uyumlu-su-cihazi-seti","56":"product_tag-hmax-ihlas-aura-cebilon-unique-dijital-uyumlu-su-filtre","57":"product_tag-hmax-ihlas-aura-cebilon-unique-dijital-uyumlu-su-filtre-seti","58":"product_tag-hmax-ihlas-aura-cebilon-unique-dijital-uyumlu-su-seti","60":"first","61":"instock","62":"sale","63":"shipping-taxable","64":"purchasable","65":"product-type-simple"},"_links":{"self":[{"href":"https:\/\/anilcanbay.com\/hanedan\/wp-json\/wp\/v2\/product\/29159","targetHints":{"allow":["GET"]}}],"collection":[{"href":"https:\/\/anilcanbay.com\/hanedan\/wp-json\/wp\/v2\/product"}],"about":[{"href":"https:\/\/anilcanbay.com\/hanedan\/wp-json\/wp\/v2\/types\/product"}],"replies":[{"embeddable":true,"href":"https:\/\/anilcanbay.com\/hanedan\/wp-json\/wp\/v2\/comments?post=29159"}],"version-history":[{"count":1,"href":"https:\/\/anilcanbay.com\/hanedan\/wp-json\/wp\/v2\/product\/29159\/revisions"}],"predecessor-version":[{"id":29189,"href":"https:\/\/anilcanbay.com\/hanedan\/wp-json\/wp\/v2\/product\/29159\/revisions\/29189"}],"wp:featuredmedia":[{"embeddable":true,"href":"https:\/\/anilcanbay.com\/hanedan\/wp-json\/wp\/v2\/media\/29328"}],"wp:attachment":[{"href":"https:\/\/anilcanbay.com\/hanedan\/wp-json\/wp\/v2\/media?parent=29159"}],"wp:term":[{"taxonomy":"product_brand","embeddable":true,"href":"https:\/\/anilcanbay.com\/hanedan\/wp-json\/wp\/v2\/product_brand?post=29159"},{"taxonomy":"product_cat","embeddable":true,"href":"https:\/\/anilcanbay.com\/hanedan\/wp-json\/wp\/v2\/product_cat?post=29159"},{"taxonomy":"product_tag","embeddable":true,"href":"https:\/\/anilcanbay.com\/hanedan\/wp-json\/wp\/v2\/product_tag?post=29159"}],"curies":[{"name":"wp","href":"https:\/\/api.w.org\/{rel}","templated":true}]}}