{"id":29161,"date":"2026-04-01T19:58:25","date_gmt":"2026-04-01T16:58:25","guid":{"rendered":"https:\/\/anilcanbay.com\/hanedan\/?post_type=product&#038;p=29161"},"modified":"2026-04-06T21:13:30","modified_gmt":"2026-04-06T18:13:30","slug":"8-litre-celik-tankli-15-asama-multi-mineralli-80-gpd-su-aritma-cihazi-hmaxb3512","status":"publish","type":"product","link":"https:\/\/anilcanbay.com\/hanedan\/product\/8-litre-celik-tankli-15-asama-multi-mineralli-80-gpd-su-aritma-cihazi-hmaxb3512\/","title":{"rendered":"8 Litre \u00c7elik Tankl\u0131 15 A\u015fama Multi Mineralli 80 GPD Su Ar\u0131tma Cihaz\u0131 HMAXB3512"},"content":{"rendered":"","protected":false},"excerpt":{"rendered":"","protected":false},"featured_media":29283,"comment_status":"open","ping_status":"closed","template":"","meta":{"inline_featured_image":false},"product_brand":[2850],"product_cat":[2830,2828,23],"product_tag":[],"class_list":{"0":"post-29161","1":"product","2":"type-product","3":"status-publish","4":"has-post-thumbnail","6":"product_brand-h-max-reverse-osmosis-system","7":"product_cat-8-litre-pompasiz","8":"product_cat-kapali-kasa","9":"product_cat-su-aritma-cihazlari","11":"first","12":"instock","13":"sale","14":"shipping-taxable","15":"purchasable","16":"product-type-simple"},"_links":{"self":[{"href":"https:\/\/anilcanbay.com\/hanedan\/wp-json\/wp\/v2\/product\/29161","targetHints":{"allow":["GET"]}}],"collection":[{"href":"https:\/\/anilcanbay.com\/hanedan\/wp-json\/wp\/v2\/product"}],"about":[{"href":"https:\/\/anilcanbay.com\/hanedan\/wp-json\/wp\/v2\/types\/product"}],"replies":[{"embeddable":true,"href":"https:\/\/anilcanbay.com\/hanedan\/wp-json\/wp\/v2\/comments?post=29161"}],"version-history":[{"count":1,"href":"https:\/\/anilcanbay.com\/hanedan\/wp-json\/wp\/v2\/product\/29161\/revisions"}],"predecessor-version":[{"id":29191,"href":"https:\/\/anilcanbay.com\/hanedan\/wp-json\/wp\/v2\/product\/29161\/revisions\/29191"}],"wp:featuredmedia":[{"embeddable":true,"href":"https:\/\/anilcanbay.com\/hanedan\/wp-json\/wp\/v2\/media\/29283"}],"wp:attachment":[{"href":"https:\/\/anilcanbay.com\/hanedan\/wp-json\/wp\/v2\/media?parent=29161"}],"wp:term":[{"taxonomy":"product_brand","embeddable":true,"href":"https:\/\/anilcanbay.com\/hanedan\/wp-json\/wp\/v2\/product_brand?post=29161"},{"taxonomy":"product_cat","embeddable":true,"href":"https:\/\/anilcanbay.com\/hanedan\/wp-json\/wp\/v2\/product_cat?post=29161"},{"taxonomy":"product_tag","embeddable":true,"href":"https:\/\/anilcanbay.com\/hanedan\/wp-json\/wp\/v2\/product_tag?post=29161"}],"curies":[{"name":"wp","href":"https:\/\/api.w.org\/{rel}","templated":true}]}}