{"id":29163,"date":"2026-04-01T19:58:25","date_gmt":"2026-04-01T16:58:25","guid":{"rendered":"https:\/\/anilcanbay.com\/hanedan\/?post_type=product&#038;p=29163"},"modified":"2026-04-06T21:18:11","modified_gmt":"2026-04-06T18:18:11","slug":"endustriyel-kum-filtrasyon-sistemi","status":"publish","type":"product","link":"https:\/\/anilcanbay.com\/hanedan\/product\/endustriyel-kum-filtrasyon-sistemi\/","title":{"rendered":"End\u00fcstriyel Kum Filtrasyon Sistemi"},"content":{"rendered":"<p>So Good LG Purifier Sand Filter, suyun i\u00e7inde bulunan kum, \u00e7amur, pas, tortu ve ask\u0131da duran g\u00f6zle g\u00f6r\u00fcl\u00fcr kirleri etkili \u015fekilde temizlemek i\u00e7in geli\u015ftirilmi\u015f otomatik kum filtrasyon sistemidir. Musluktan gelen suyun bulan\u0131k olmas\u0131, tesisatta tortu birikmesi veya cihazlar\u0131n zamanla t\u0131kanmas\u0131 gibi sorunlar\u0131n temel sebebi, sudaki \u00e7\u00f6z\u00fcnmeyen partik\u00fcllerdir. \u0130\u015fte bu sistem tam olarak bu problemi \u00e7\u00f6zer.<\/p>\n","protected":false},"excerpt":{"rendered":"<p>So Good LG Purifier Sand Filter, suyun i\u00e7inde bulunan kum, \u00e7amur, pas, tortu ve ask\u0131da duran g\u00f6zle g\u00f6r\u00fcl\u00fcr kirleri etkili \u015fekilde temizlemek i\u00e7in geli\u015ftirilmi\u015f otomatik kum filtrasyon sistemidir. Musluktan gelen suyun bulan\u0131k olmas\u0131, tesisatta tortu birikmesi veya cihazlar\u0131n zamanla t\u0131kanmas\u0131 gibi sorunlar\u0131n temel sebebi, sudaki \u00e7\u00f6z\u00fcnmeyen partik\u00fcllerdir. \u0130\u015fte bu sistem tam olarak bu problemi \u00e7\u00f6zer.<\/p>\n","protected":false},"featured_media":29289,"comment_status":"open","ping_status":"closed","template":"","meta":{"inline_featured_image":false},"product_brand":[2853],"product_cat":[2835,2836],"product_tag":[],"class_list":{"0":"post-29163","1":"product","2":"type-product","3":"status-publish","4":"has-post-thumbnail","6":"product_brand-lg-so-good","7":"product_cat-endustriye-aritma","8":"product_cat-endustriyel-su-aritma","10":"first","11":"instock","12":"shipping-taxable","13":"purchasable","14":"product-type-simple"},"_links":{"self":[{"href":"https:\/\/anilcanbay.com\/hanedan\/wp-json\/wp\/v2\/product\/29163","targetHints":{"allow":["GET"]}}],"collection":[{"href":"https:\/\/anilcanbay.com\/hanedan\/wp-json\/wp\/v2\/product"}],"about":[{"href":"https:\/\/anilcanbay.com\/hanedan\/wp-json\/wp\/v2\/types\/product"}],"replies":[{"embeddable":true,"href":"https:\/\/anilcanbay.com\/hanedan\/wp-json\/wp\/v2\/comments?post=29163"}],"version-history":[{"count":1,"href":"https:\/\/anilcanbay.com\/hanedan\/wp-json\/wp\/v2\/product\/29163\/revisions"}],"predecessor-version":[{"id":29193,"href":"https:\/\/anilcanbay.com\/hanedan\/wp-json\/wp\/v2\/product\/29163\/revisions\/29193"}],"wp:featuredmedia":[{"embeddable":true,"href":"https:\/\/anilcanbay.com\/hanedan\/wp-json\/wp\/v2\/media\/29289"}],"wp:attachment":[{"href":"https:\/\/anilcanbay.com\/hanedan\/wp-json\/wp\/v2\/media?parent=29163"}],"wp:term":[{"taxonomy":"product_brand","embeddable":true,"href":"https:\/\/anilcanbay.com\/hanedan\/wp-json\/wp\/v2\/product_brand?post=29163"},{"taxonomy":"product_cat","embeddable":true,"href":"https:\/\/anilcanbay.com\/hanedan\/wp-json\/wp\/v2\/product_cat?post=29163"},{"taxonomy":"product_tag","embeddable":true,"href":"https:\/\/anilcanbay.com\/hanedan\/wp-json\/wp\/v2\/product_tag?post=29163"}],"curies":[{"name":"wp","href":"https:\/\/api.w.org\/{rel}","templated":true}]}}