{"id":29197,"date":"2026-04-01T19:58:29","date_gmt":"2026-04-01T16:58:29","guid":{"rendered":"https:\/\/anilcanbay.com\/hanedan\/?post_type=product&#038;p=29197"},"modified":"2026-04-06T17:02:53","modified_gmt":"2026-04-06T14:02:53","slug":"hmax-s4512-modeli-12-litre-15-asama-su-aritma-cihazi-80-gpd-membran","status":"publish","type":"product","link":"https:\/\/anilcanbay.com\/hanedan\/product\/hmax-s4512-modeli-12-litre-15-asama-su-aritma-cihazi-80-gpd-membran\/","title":{"rendered":"HMAX S4512 Modeli 12 Litre 15 A\u015fama Su Ar\u0131tma Cihaz\u0131 80 Gpd Membran"},"content":{"rendered":"<p>&nbsp;<\/p>\n<p>HMAXS4512 Model 15 A\u015fama Mineralli Su Ar\u0131tma Cihaz\u0131 ile suyunuzdak\u0131 k\u00f6t\u00fc koku, kat\u0131 maddeler , kloru giderilip lezzetli ,berrak , kaliteli ve i\u00e7imi ho\u015f do\u011fal s\u00fcrece benzer \u00f6l\u00e7eklerde ar\u0131t\u0131lm\u0131\u015f su \u00fcretir.<\/p>\n<p>Sa\u011fl\u0131k i\u00e7in en g\u00fcvenli su ar\u0131tma Sistemi olan ters ozmoz teknolojisini kullanan Hmax Su Ar\u0131tma Cihazlar\u0131n\u0131 tercih edebilirsiniz.<\/p>\n<p>15 A\u015fama 6 Filtreli 10&#8217;lu Multi Mineral Filtreli 80 Gpd Membran 12 Litre \u00c7elik Tank Su Ar\u0131tma Cihaz\u0131 300 Flow At\u0131k K\u0131s\u0131c\u0131 sayesinde daha az at\u0131k su atma \u00f6zelli\u011fi ile gelmektedir.<\/p>\n<p>HMAX S4512 Modeli 12 Litre Su Ar\u0131tma Cihaz\u0131 80 Gpd Membran<\/p>\n<p>&nbsp;<\/p>\n","protected":false},"excerpt":{"rendered":"<p>&nbsp;<\/p>\n<p>HMAXS4512 Model 15 A\u015fama Mineralli Su Ar\u0131tma Cihaz\u0131 ile suyunuzdak\u0131 k\u00f6t\u00fc koku, kat\u0131 maddeler , kloru giderilip lezzetli ,berrak , kaliteli ve i\u00e7imi ho\u015f do\u011fal s\u00fcrece benzer \u00f6l\u00e7eklerde ar\u0131t\u0131lm\u0131\u015f su \u00fcretir.<\/p>\n<p>Sa\u011fl\u0131k i\u00e7in en g\u00fcvenli su ar\u0131tma Sistemi olan ters ozmoz teknolojisini kullanan Hmax Su Ar\u0131tma Cihazlar\u0131n\u0131 tercih edebilirsiniz.<\/p>\n<p>15 A\u015fama 6 Filtreli 10&#8217;lu Multi Mineral Filtreli 80 Gpd Membran 12 Litre \u00c7elik Tank Su Ar\u0131tma Cihaz\u0131 300 Flow At\u0131k K\u0131s\u0131c\u0131 sayesinde daha az at\u0131k su atma \u00f6zelli\u011fi ile gelmektedir.<\/p>\n<p>HMAX S4512 Modeli 12 Litre Su Ar\u0131tma Cihaz\u0131 80 Gpd Membran<\/p>\n<p>&nbsp;<\/p>\n","protected":false},"featured_media":29256,"comment_status":"open","ping_status":"closed","template":"","meta":{"inline_featured_image":false},"product_brand":[2850],"product_cat":[2832,2828,23],"product_tag":[],"class_list":{"0":"post-29197","1":"product","2":"type-product","3":"status-publish","4":"has-post-thumbnail","6":"product_brand-h-max-reverse-osmosis-system","7":"product_cat-12-litre-pompasiz","8":"product_cat-kapali-kasa","9":"product_cat-su-aritma-cihazlari","11":"first","12":"instock","13":"sale","14":"shipping-taxable","15":"purchasable","16":"product-type-simple"},"_links":{"self":[{"href":"https:\/\/anilcanbay.com\/hanedan\/wp-json\/wp\/v2\/product\/29197","targetHints":{"allow":["GET"]}}],"collection":[{"href":"https:\/\/anilcanbay.com\/hanedan\/wp-json\/wp\/v2\/product"}],"about":[{"href":"https:\/\/anilcanbay.com\/hanedan\/wp-json\/wp\/v2\/types\/product"}],"replies":[{"embeddable":true,"href":"https:\/\/anilcanbay.com\/hanedan\/wp-json\/wp\/v2\/comments?post=29197"}],"version-history":[{"count":2,"href":"https:\/\/anilcanbay.com\/hanedan\/wp-json\/wp\/v2\/product\/29197\/revisions"}],"predecessor-version":[{"id":29255,"href":"https:\/\/anilcanbay.com\/hanedan\/wp-json\/wp\/v2\/product\/29197\/revisions\/29255"}],"wp:featuredmedia":[{"embeddable":true,"href":"https:\/\/anilcanbay.com\/hanedan\/wp-json\/wp\/v2\/media\/29256"}],"wp:attachment":[{"href":"https:\/\/anilcanbay.com\/hanedan\/wp-json\/wp\/v2\/media?parent=29197"}],"wp:term":[{"taxonomy":"product_brand","embeddable":true,"href":"https:\/\/anilcanbay.com\/hanedan\/wp-json\/wp\/v2\/product_brand?post=29197"},{"taxonomy":"product_cat","embeddable":true,"href":"https:\/\/anilcanbay.com\/hanedan\/wp-json\/wp\/v2\/product_cat?post=29197"},{"taxonomy":"product_tag","embeddable":true,"href":"https:\/\/anilcanbay.com\/hanedan\/wp-json\/wp\/v2\/product_tag?post=29197"}],"curies":[{"name":"wp","href":"https:\/\/api.w.org\/{rel}","templated":true}]}}