{"id":29199,"date":"2026-04-01T19:58:29","date_gmt":"2026-04-01T16:58:29","guid":{"rendered":"https:\/\/anilcanbay.com\/hanedan\/?post_type=product&#038;p=29199"},"modified":"2026-04-06T21:06:47","modified_gmt":"2026-04-06T18:06:47","slug":"12-litre-pompali-15-asama-multi-mineralli-80-gpd-su-aritma-cihazi-hmaxs4512p","status":"publish","type":"product","link":"https:\/\/anilcanbay.com\/hanedan\/product\/12-litre-pompali-15-asama-multi-mineralli-80-gpd-su-aritma-cihazi-hmaxs4512p\/","title":{"rendered":"12 Litre Pompal\u0131 15 A\u015fama Multi Mineralli 80 GPD Su Ar\u0131tma Cihaz\u0131 HMAXS4512P"},"content":{"rendered":"<p>&nbsp;<\/p>\n<ul>\n<li>S\u0130YAH S\u0130YAH<\/li>\n<li>12 L\u0130TRE \u00c7EL\u0130K TANK<\/li>\n<li>10\u2019LU M\u0130NERAL F\u0130LTRE<\/li>\n<li>80 GPD HMAX MEMBRANLI<\/li>\n<li>6 F\u0130LTREL\u0130<\/li>\n<li>L\u00dcKS MUSLUK<\/li>\n<li>POMPA<\/li>\n<li>Y\u00dcKSEK BASIN\u00c7 S\u0130V\u0130C\u0130<\/li>\n<li>D\u00dc\u015e\u00dcK BASIN\u00c7 S\u0130V\u0130C\u0130<\/li>\n<li>ADAPT\u00d6R<\/li>\n<\/ul>\n<p>&nbsp;<\/p>\n","protected":false},"excerpt":{"rendered":"<p>&nbsp;<\/p>\n<ul>\n<li>S\u0130YAH S\u0130YAH<\/li>\n<li>12 L\u0130TRE \u00c7EL\u0130K TANK<\/li>\n<li>10\u2019LU M\u0130NERAL F\u0130LTRE<\/li>\n<li>80 GPD HMAX MEMBRANLI<\/li>\n<li>6 F\u0130LTREL\u0130<\/li>\n<li>L\u00dcKS MUSLUK<\/li>\n<li>POMPA<\/li>\n<li>Y\u00dcKSEK BASIN\u00c7 S\u0130V\u0130C\u0130<\/li>\n<li>D\u00dc\u015e\u00dcK BASIN\u00c7 S\u0130V\u0130C\u0130<\/li>\n<li>ADAPT\u00d6R<\/li>\n<\/ul>\n<p>&nbsp;<\/p>\n","protected":false},"featured_media":29270,"comment_status":"open","ping_status":"closed","template":"","meta":{"inline_featured_image":false},"product_brand":[2850],"product_cat":[2831,2828,23],"product_tag":[],"class_list":{"0":"post-29199","1":"product","2":"type-product","3":"status-publish","4":"has-post-thumbnail","6":"product_brand-h-max-reverse-osmosis-system","7":"product_cat-12-litre-pompali","8":"product_cat-kapali-kasa","9":"product_cat-su-aritma-cihazlari","11":"first","12":"instock","13":"sale","14":"shipping-taxable","15":"purchasable","16":"product-type-simple"},"_links":{"self":[{"href":"https:\/\/anilcanbay.com\/hanedan\/wp-json\/wp\/v2\/product\/29199","targetHints":{"allow":["GET"]}}],"collection":[{"href":"https:\/\/anilcanbay.com\/hanedan\/wp-json\/wp\/v2\/product"}],"about":[{"href":"https:\/\/anilcanbay.com\/hanedan\/wp-json\/wp\/v2\/types\/product"}],"replies":[{"embeddable":true,"href":"https:\/\/anilcanbay.com\/hanedan\/wp-json\/wp\/v2\/comments?post=29199"}],"version-history":[{"count":1,"href":"https:\/\/anilcanbay.com\/hanedan\/wp-json\/wp\/v2\/product\/29199\/revisions"}],"predecessor-version":[{"id":29202,"href":"https:\/\/anilcanbay.com\/hanedan\/wp-json\/wp\/v2\/product\/29199\/revisions\/29202"}],"wp:featuredmedia":[{"embeddable":true,"href":"https:\/\/anilcanbay.com\/hanedan\/wp-json\/wp\/v2\/media\/29270"}],"wp:attachment":[{"href":"https:\/\/anilcanbay.com\/hanedan\/wp-json\/wp\/v2\/media?parent=29199"}],"wp:term":[{"taxonomy":"product_brand","embeddable":true,"href":"https:\/\/anilcanbay.com\/hanedan\/wp-json\/wp\/v2\/product_brand?post=29199"},{"taxonomy":"product_cat","embeddable":true,"href":"https:\/\/anilcanbay.com\/hanedan\/wp-json\/wp\/v2\/product_cat?post=29199"},{"taxonomy":"product_tag","embeddable":true,"href":"https:\/\/anilcanbay.com\/hanedan\/wp-json\/wp\/v2\/product_tag?post=29199"}],"curies":[{"name":"wp","href":"https:\/\/api.w.org\/{rel}","templated":true}]}}